{"id":9298,"date":"2023-04-18T12:24:01","date_gmt":"2023-04-18T12:24:01","guid":{"rendered":"https:\/\/ascendleadership.ca\/student-internships\/"},"modified":"2023-05-25T05:45:23","modified_gmt":"2023-05-25T05:45:23","slug":"stages-pour-etudiants","status":"publish","type":"page","link":"https:\/\/ascendleadership.web3.anasource.com\/fr\/page\/stages-pour-etudiants\/","title":{"rendered":"Stages pour \u00e9tudiants"},"content":{"rendered":"\t\t<div data-elementor-type=\"wp-page\" data-elementor-id=\"9298\" class=\"elementor elementor-9298 elementor-5483\">\n\t\t\t\t\t\t<section class=\"elementor-section elementor-top-section elementor-element elementor-element-785c3250 ascend-cms-section elementor-section-boxed elementor-section-height-default elementor-section-height-default\" data-id=\"785c3250\" data-element_type=\"section\">\n\t\t\t\t\t\t<div class=\"elementor-container elementor-column-gap-default\">\n\t\t\t\t\t<div class=\"elementor-column elementor-col-100 elementor-top-column elementor-element elementor-element-320ac820\" data-id=\"320ac820\" data-element_type=\"column\">\n\t\t\t<div class=\"elementor-widget-wrap elementor-element-populated\">\n\t\t\t\t\t\t<div class=\"elementor-element elementor-element-4ba9e9a3 elementor-widget elementor-widget-text-editor\" data-id=\"4ba9e9a3\" data-element_type=\"widget\" data-widget_type=\"text-editor.default\">\n\t\t\t\t<div class=\"elementor-widget-container\">\n\t\t\t\t\t\t\t\t\t<p><span data-contrast=\"auto\">Le programme de stages \u00e9tudiants d\u2019Ascend offre aux \u00e9tudiants activement des universit\u00e9s affili\u00e9es partout au Canada l\u2019occasion d\u2019acqu\u00e9rir une exp\u00e9rience de cr\u00e9ation de CV tout en \u00e9tablissant des liens authentiques au sein du r\u00e9seau d\u2019Ascend Canada.<\/span><span data-ccp-props=\"{&quot;201341983&quot;:0,&quot;335559739&quot;:0,&quot;335559740&quot;:276}\">\u00a0<\/span><\/p><p><span data-contrast=\"auto\">Pour soutenir la vision d\u2019Ascend visant \u00e0 d\u00e9velopper et \u00e0 faire progresser les talents d\u2019origine panasiatique d\u00e8s le d\u00e9but de l\u2019\u00e9tape de pr\u00e9paration de carri\u00e8re, ce programme offre\u202f :<\/span><\/p><ul><li>des postes de stagiaire au sein des champs de travail d\u2019Ascend Canada par rotations d\u2019un semestre, de projet ou d\u2019une ann\u00e9e afin soutenir des domaines de travail avec des responsabilit\u00e9s courantes ou des projets sp\u00e9ciaux;<\/li><\/ul><ul><li>des occasions pour les \u00e9tudiants de d\u00e9velopper des comp\u00e9tences, de l\u2019exp\u00e9rience technique et de leadership pertinente, ainsi que des liens dans la vaste communaut\u00e9 d\u2019Ascend Canada pour r\u00e9seauter de fa\u00e7on organique;<\/li><\/ul><ul><li>l\u2019\u00e9tablissement d\u2019un pipeline de meilleurs talents \u00e9tudiants test\u00e9s approuv\u00e9s par les professionnels d\u2019Ascend afin de soutenir les objectifs d\u2019acquisition de talents de tous les partenaires d\u2019Ascend.\u00a0<em>\u00a0<\/em><\/li><\/ul><p><em>\u00ab\u00a0Continuez de v\u00e9rifier cet espace qui \u00e9num\u00e9rera les occasions de r\u00f4le de stagiaire existantes et \u00e0 venir, ce qui implique les exigences d\u2019admissibilit\u00e9, les \u00e9tapes \u00e0 suivre et les \u00e9ch\u00e9anciers.\u00a0\u00bb<\/em><\/p>\t\t\t\t\t\t\t\t<\/div>\n\t\t\t\t<\/div>\n\t\t\t\t<div class=\"elementor-element elementor-element-13f2c04d elementor-widget elementor-widget-heading\" data-id=\"13f2c04d\" data-element_type=\"widget\" data-widget_type=\"heading.default\">\n\t\t\t\t<div class=\"elementor-widget-container\">\n\t\t\t\t\t<h4 class=\"elementor-heading-title elementor-size-default\"><div class=\"xs-heading heading-v2 v4\">\n<h4 class=\"xs-title\" data-title=\"\">Avantages du programme de stages\n<\/h4>\n<span class=\"xs-separetor\"><\/span>\n<\/div>\n<\/h4>\t\t\t\t<\/div>\n\t\t\t\t<\/div>\n\t\t\t\t<div class=\"elementor-element elementor-element-31dc77da elementor-widget elementor-widget-text-editor\" data-id=\"31dc77da\" data-element_type=\"widget\" data-widget_type=\"text-editor.default\">\n\t\t\t\t<div class=\"elementor-widget-container\">\n\t\t\t\t\t\t\t\t\t<ul><li><span class=\"TextRun SCXW160310542 BCX0\" lang=\"FR-CA\" xml:lang=\"FR-CA\" data-contrast=\"auto\"><span class=\"NormalTextRun ContextualSpellingAndGrammarErrorV2 SCXW160310542 BCX0 DefaultHighlightTransition\">des<\/span><span class=\"NormalTextRun SCXW160310542 BCX0\">\u00a0possibilit\u00e9s de mentorat;<\/span><\/span><\/li><li><span class=\"NormalTextRun ContextualSpellingAndGrammarErrorV2 SCXW91256798 BCX0 DefaultHighlightTransition\">du<\/span><span class=\"NormalTextRun SCXW91256798 BCX0\">\u00a0clavardage personnalis\u00e9 avec un membre du conseil;<\/span><\/li><li><span class=\"NormalTextRun ContextualSpellingAndGrammarErrorV2 BCX0 DefaultHighlightTransition SCXW100379713\">un<\/span><span class=\"NormalTextRun BCX0 SCXW100379713\">\u00a0acc\u00e8s au r\u00e9seau d\u2019<\/span><span class=\"NormalTextRun SpellingErrorV2 BCX0 DefaultHighlightTransition SCXW100379713\">Ascend<\/span><span class=\"NormalTextRun BCX0 SCXW100379713\">\u00a0Canada;<\/span><\/li><li><span class=\"TextRun SCXW57595507 BCX0\" lang=\"FR-CA\" xml:lang=\"FR-CA\" data-contrast=\"auto\"><span class=\"NormalTextRun ContextualSpellingAndGrammarErrorV2 SCXW57595507 BCX0 DefaultHighlightTransition\">des<\/span><span class=\"NormalTextRun SCXW57595507 BCX0\">\u00a0r\u00e9f\u00e9rences (p. ex., recommandation LinkedIn, lettre de recommandation).<\/span><\/span><span class=\"EOP SCXW57595507 BCX0\" data-ccp-props=\"{&quot;201341983&quot;:0,&quot;335559739&quot;:0,&quot;335559740&quot;:276}\">\u00a0<\/span><\/li><\/ul>\t\t\t\t\t\t\t\t<\/div>\n\t\t\t\t<\/div>\n\t\t\t\t<div class=\"elementor-element elementor-element-bf61a1b elementor-widget elementor-widget-heading\" data-id=\"bf61a1b\" data-element_type=\"widget\" data-widget_type=\"heading.default\">\n\t\t\t\t<div class=\"elementor-widget-container\">\n\t\t\t\t\t<h4 class=\"elementor-heading-title elementor-size-default\"><div class=\"xs-heading heading-v2 v4\">\n<h4 class=\"xs-title\" data-title=\"\">Postes actuels\n<\/h4>\n<span class=\"xs-separetor\"><\/span>\n<\/div><\/h4>\t\t\t\t<\/div>\n\t\t\t\t<\/div>\n\t\t\t\t<div class=\"elementor-element elementor-element-3857be38 elementor-widget elementor-widget-text-editor\" data-id=\"3857be38\" data-element_type=\"widget\" data-widget_type=\"text-editor.default\">\n\t\t\t\t<div class=\"elementor-widget-container\">\n\t\t\t\t\t\t\t\t\t<div class=\"wpb_column vc_column_container vc_col-sm-8\"><div class=\"vc_column-inner \"><div class=\"wpb_wrapper\"><div class=\"wpb_text_column wpb_content_element \"><div class=\"wpb_wrapper\"><p><span class=\"TextRun SCXW235012279 BCX0\" lang=\"FR-CA\" xml:lang=\"FR-CA\" data-contrast=\"auto\"><span class=\"NormalTextRun SCXW235012279 BCX0\">Nous n\u2019acceptons plus les demandes pour le moment. Veuillez revenir l\u2019ann\u00e9e prochaine lorsque les demandes seront ouvertes.<\/span><\/span><span class=\"EOP SCXW235012279 BCX0\" data-ccp-props=\"{&quot;201341983&quot;:0,&quot;335559739&quot;:0,&quot;335559740&quot;:276}\">\u00a0<\/span><\/p><\/div><\/div><\/div><\/div><\/div>\t\t\t\t\t\t\t\t<\/div>\n\t\t\t\t<\/div>\n\t\t\t\t<div class=\"elementor-element elementor-element-1f0f58ed elementor-widget elementor-widget-shortcode\" data-id=\"1f0f58ed\" data-element_type=\"widget\" data-widget_type=\"shortcode.default\">\n\t\t\t\t<div class=\"elementor-widget-container\">\n\t\t\t\t\t\t\t<div class=\"elementor-shortcode\"><\/div>\n\t\t\t\t\t\t<\/div>\n\t\t\t\t<\/div>\n\t\t\t\t\t<\/div>\n\t\t<\/div>\n\t\t\t\t\t<\/div>\n\t\t<\/section>\n\t\t\t\t<\/div>\n\t\t","protected":false},"excerpt":{"rendered":"<p>Le programme de stages \u00e9tudiants d\u2019Ascend offre aux \u00e9tudiants activement des universit\u00e9s affili\u00e9es partout au Canada l\u2019occasion d\u2019acqu\u00e9rir une exp\u00e9rience de cr\u00e9ation de CV tout en \u00e9tablissant des liens authentiques au sein du r\u00e9seau d\u2019Ascend Canada.&nbsp; Pour soutenir la vision d\u2019Ascend visant \u00e0 d\u00e9velopper et \u00e0 faire progresser les talents d\u2019origine panasiatique d\u00e8s le d\u00e9but [&hellip;]<\/p>\n","protected":false},"author":1,"featured_media":0,"parent":9980,"menu_order":0,"comment_status":"closed","ping_status":"closed","template":"template\/template-full-width.php","meta":{"footnotes":""},"class_list":["post-9298","page","type-page","status-publish","hentry"],"_links":{"self":[{"href":"https:\/\/ascendleadership.web3.anasource.com\/fr\/wp-json\/wp\/v2\/pages\/9298","targetHints":{"allow":["GET"]}}],"collection":[{"href":"https:\/\/ascendleadership.web3.anasource.com\/fr\/wp-json\/wp\/v2\/pages"}],"about":[{"href":"https:\/\/ascendleadership.web3.anasource.com\/fr\/wp-json\/wp\/v2\/types\/page"}],"author":[{"embeddable":true,"href":"https:\/\/ascendleadership.web3.anasource.com\/fr\/wp-json\/wp\/v2\/users\/1"}],"replies":[{"embeddable":true,"href":"https:\/\/ascendleadership.web3.anasource.com\/fr\/wp-json\/wp\/v2\/comments?post=9298"}],"version-history":[{"count":0,"href":"https:\/\/ascendleadership.web3.anasource.com\/fr\/wp-json\/wp\/v2\/pages\/9298\/revisions"}],"up":[{"embeddable":true,"href":"https:\/\/ascendleadership.web3.anasource.com\/fr\/wp-json\/wp\/v2\/pages\/9980"}],"wp:attachment":[{"href":"https:\/\/ascendleadership.web3.anasource.com\/fr\/wp-json\/wp\/v2\/media?parent=9298"}],"curies":[{"name":"wp","href":"https:\/\/api.w.org\/{rel}","templated":true}]}}