{"id":9238,"date":"2023-04-14T13:16:54","date_gmt":"2023-04-14T13:16:54","guid":{"rendered":"https:\/\/ascendleadership.ca\/karthik-kannan\/"},"modified":"2023-05-29T07:14:19","modified_gmt":"2023-05-29T07:14:19","slug":"karthik-kannan","status":"publish","type":"page","link":"https:\/\/ascendleadership.web3.anasource.com\/fr\/people\/karthik-kannan\/","title":{"rendered":"Karthik Kannan"},"content":{"rendered":"\t\t<div data-elementor-type=\"wp-page\" data-elementor-id=\"9238\" class=\"elementor elementor-9238 elementor-5040\">\n\t\t\t\t\t\t<section class=\"elementor-section elementor-top-section elementor-element elementor-element-1eb42d2 elementor-section-boxed elementor-section-height-default elementor-section-height-default\" data-id=\"1eb42d2\" data-element_type=\"section\">\n\t\t\t\t\t\t<div class=\"elementor-container elementor-column-gap-default\">\n\t\t\t\t\t<div class=\"elementor-column elementor-col-100 elementor-top-column elementor-element elementor-element-1cb3e33\" data-id=\"1cb3e33\" data-element_type=\"column\">\n\t\t\t<div class=\"elementor-widget-wrap elementor-element-populated\">\n\t\t\t\t\t\t<section class=\"elementor-section elementor-inner-section elementor-element elementor-element-e26ab28 elementor-section-boxed elementor-section-height-default elementor-section-height-default\" data-id=\"e26ab28\" data-element_type=\"section\">\n\t\t\t\t\t\t<div class=\"elementor-container elementor-column-gap-default\">\n\t\t\t\t\t<div class=\"elementor-column elementor-col-50 elementor-inner-column elementor-element elementor-element-e3ed1b2\" data-id=\"e3ed1b2\" data-element_type=\"column\">\n\t\t\t<div class=\"elementor-widget-wrap elementor-element-populated\">\n\t\t\t\t\t\t<div class=\"elementor-element elementor-element-b6f5dd6 elementor-widget elementor-widget-image\" data-id=\"b6f5dd6\" data-element_type=\"widget\" data-widget_type=\"image.default\">\n\t\t\t\t<div class=\"elementor-widget-container\">\n\t\t\t\t\t\t\t\t\t\t\t\t\t\t\t<img fetchpriority=\"high\" decoding=\"async\" width=\"250\" height=\"250\" src=\"https:\/\/ascendleadership.web3.anasource.com\/wp-content\/uploads\/2023\/04\/Karthik-profileshot.jpg\" class=\"attachment-full size-full wp-image-7774\" alt=\"\" srcset=\"https:\/\/ascendleadership.web3.anasource.com\/wp-content\/uploads\/2023\/04\/Karthik-profileshot.jpg 250w, https:\/\/ascendleadership.web3.anasource.com\/wp-content\/uploads\/2023\/04\/Karthik-profileshot-150x150.jpg 150w, https:\/\/ascendleadership.web3.anasource.com\/wp-content\/uploads\/2023\/04\/Karthik-profileshot-100x100.jpg 100w\" sizes=\"(max-width: 250px) 100vw, 250px\" \/>\t\t\t\t\t\t\t\t\t\t\t\t\t\t\t<\/div>\n\t\t\t\t<\/div>\n\t\t\t\t\t<\/div>\n\t\t<\/div>\n\t\t\t\t<div class=\"elementor-column elementor-col-50 elementor-inner-column elementor-element elementor-element-8473b9a\" data-id=\"8473b9a\" data-element_type=\"column\">\n\t\t\t<div class=\"elementor-widget-wrap elementor-element-populated\">\n\t\t\t\t\t\t<div class=\"elementor-element elementor-element-55be7da elementor-widget elementor-widget-heading\" data-id=\"55be7da\" data-element_type=\"widget\" data-widget_type=\"heading.default\">\n\t\t\t\t<div class=\"elementor-widget-container\">\n\t\t\t\t\t<h5 class=\"elementor-heading-title elementor-size-default\">Vice-pr\u00e9sident adjoint du marketing et des TI<\/h5>\t\t\t\t<\/div>\n\t\t\t\t<\/div>\n\t\t\t\t<div class=\"elementor-element elementor-element-d0e3210 elementor-widget elementor-widget-text-editor\" data-id=\"d0e3210\" data-element_type=\"widget\" data-widget_type=\"text-editor.default\">\n\t\t\t\t<div class=\"elementor-widget-container\">\n\t\t\t\t\t\t\t\t\t<p><span data-contrast=\"auto\">Karthik poss\u00e8de plus de dix ans d\u2019exp\u00e9rience en marketing, en gestion de produits et en strat\u00e9gie au Canada et \u00e0 l\u2019\u00e9tranger. En tant que chef principal du marketing \u00e0 Syngenta, il est responsable de diriger l\u2019administration, l\u2019optimisation et l\u2019expansion de l\u2019automatisation du marketing et du d\u00e9veloppement des processus.<\/span><span data-ccp-props=\"{&quot;201341983&quot;:0,&quot;335559739&quot;:0,&quot;335559740&quot;:276}\">\u00a0<\/span><\/p><p><span data-contrast=\"auto\">Karthik est b\u00e9n\u00e9vole chez Ascend Canada depuis 2019. Il soutient les efforts de marketing num\u00e9rique d\u2019Ascend Canada, de l\u2019inscription des membres \u00e0 la communication de masse. Il soutient \u00e9galement des initiatives communautaires \u00e0 Toronto en tant que membre de la commission consultative de\u202f: la soci\u00e9t\u00e9 de logements \u00e0 but non lucratif Victoria Shuter qui soutient la r\u00e9duction de la pauvret\u00e9 gr\u00e2ce \u00e0 des logements abordables et au Centre de la petite enfance First Stage qui soutient le d\u00e9veloppement de la petite enfance par l\u2019entremise de quatre centres de la petite enfance agr\u00e9\u00e9s.<\/span><span data-ccp-props=\"{&quot;201341983&quot;:0,&quot;335559739&quot;:0,&quot;335559740&quot;:276}\">\u00a0<\/span><\/p><p><span class=\"NormalTextRun BCX0 SCXW79741427\">Communiquez avec\u00a0<\/span><span class=\"NormalTextRun SpellingErrorV2 BCX0 DefaultHighlightTransition SCXW79741427\">Karthik\u00a0<\/span>:\u00a0<a href=\"https:\/\/www.linkedin.com\/in\/karthikkannan-ca\/\" target=\"_blank\" rel=\"noopener\">linkedin.com\/in\/karthikkannan-ca\/<\/a><\/p>\t\t\t\t\t\t\t\t<\/div>\n\t\t\t\t<\/div>\n\t\t\t\t\t<\/div>\n\t\t<\/div>\n\t\t\t\t\t<\/div>\n\t\t<\/section>\n\t\t\t\t\t<\/div>\n\t\t<\/div>\n\t\t\t\t\t<\/div>\n\t\t<\/section>\n\t\t\t\t<\/div>\n\t\t","protected":false},"excerpt":{"rendered":"<p>Vice-pr\u00e9sident adjoint du marketing et des TI Karthik poss\u00e8de plus de dix ans d\u2019exp\u00e9rience en marketing, en gestion de produits et en strat\u00e9gie au Canada et \u00e0 l\u2019\u00e9tranger. En tant que chef principal du marketing \u00e0 Syngenta, il est responsable de diriger l\u2019administration, l\u2019optimisation et l\u2019expansion de l\u2019automatisation du marketing et du d\u00e9veloppement des processus.\u00a0 [&hellip;]<\/p>\n","protected":false},"author":1,"featured_media":0,"parent":9967,"menu_order":0,"comment_status":"closed","ping_status":"closed","template":"template\/template-full-width.php","meta":{"footnotes":""},"class_list":["post-9238","page","type-page","status-publish","hentry"],"_links":{"self":[{"href":"https:\/\/ascendleadership.web3.anasource.com\/fr\/wp-json\/wp\/v2\/pages\/9238","targetHints":{"allow":["GET"]}}],"collection":[{"href":"https:\/\/ascendleadership.web3.anasource.com\/fr\/wp-json\/wp\/v2\/pages"}],"about":[{"href":"https:\/\/ascendleadership.web3.anasource.com\/fr\/wp-json\/wp\/v2\/types\/page"}],"author":[{"embeddable":true,"href":"https:\/\/ascendleadership.web3.anasource.com\/fr\/wp-json\/wp\/v2\/users\/1"}],"replies":[{"embeddable":true,"href":"https:\/\/ascendleadership.web3.anasource.com\/fr\/wp-json\/wp\/v2\/comments?post=9238"}],"version-history":[{"count":0,"href":"https:\/\/ascendleadership.web3.anasource.com\/fr\/wp-json\/wp\/v2\/pages\/9238\/revisions"}],"up":[{"embeddable":true,"href":"https:\/\/ascendleadership.web3.anasource.com\/fr\/wp-json\/wp\/v2\/pages\/9967"}],"wp:attachment":[{"href":"https:\/\/ascendleadership.web3.anasource.com\/fr\/wp-json\/wp\/v2\/media?parent=9238"}],"curies":[{"name":"wp","href":"https:\/\/api.w.org\/{rel}","templated":true}]}}