{"id":9224,"date":"2023-04-14T13:09:42","date_gmt":"2023-04-14T13:09:42","guid":{"rendered":"https:\/\/ascendleadership.ca\/dominique-villanueva\/"},"modified":"2023-05-29T07:09:45","modified_gmt":"2023-05-29T07:09:45","slug":"dominique-villanueva","status":"publish","type":"page","link":"https:\/\/ascendleadership.web3.anasource.com\/fr\/people\/dominique-villanueva\/","title":{"rendered":"Dominique Villanueva"},"content":{"rendered":"\t\t<div data-elementor-type=\"wp-page\" data-elementor-id=\"9224\" class=\"elementor elementor-9224 elementor-5027\">\n\t\t\t\t\t\t<section class=\"elementor-section elementor-top-section elementor-element elementor-element-b85e236 elementor-section-boxed elementor-section-height-default elementor-section-height-default\" data-id=\"b85e236\" data-element_type=\"section\">\n\t\t\t\t\t\t<div class=\"elementor-container elementor-column-gap-default\">\n\t\t\t\t\t<div class=\"elementor-column elementor-col-100 elementor-top-column elementor-element elementor-element-93104d3\" data-id=\"93104d3\" data-element_type=\"column\">\n\t\t\t<div class=\"elementor-widget-wrap elementor-element-populated\">\n\t\t\t\t\t\t<section class=\"elementor-section elementor-inner-section elementor-element elementor-element-f29165e elementor-section-boxed elementor-section-height-default elementor-section-height-default\" data-id=\"f29165e\" data-element_type=\"section\">\n\t\t\t\t\t\t<div class=\"elementor-container elementor-column-gap-default\">\n\t\t\t\t\t<div class=\"elementor-column elementor-col-50 elementor-inner-column elementor-element elementor-element-dd46b92\" data-id=\"dd46b92\" data-element_type=\"column\">\n\t\t\t<div class=\"elementor-widget-wrap elementor-element-populated\">\n\t\t\t\t\t\t<div class=\"elementor-element elementor-element-5fdc94e elementor-widget elementor-widget-image\" data-id=\"5fdc94e\" data-element_type=\"widget\" data-widget_type=\"image.default\">\n\t\t\t\t<div class=\"elementor-widget-container\">\n\t\t\t\t\t\t\t\t\t\t\t\t\t\t\t<img fetchpriority=\"high\" decoding=\"async\" width=\"250\" height=\"250\" src=\"https:\/\/ascendleadership.web3.anasource.com\/wp-content\/uploads\/2023\/04\/ascend-canada-dominique-villanueva2.jpeg\" class=\"attachment-full size-full wp-image-7776\" alt=\"\" srcset=\"https:\/\/ascendleadership.web3.anasource.com\/wp-content\/uploads\/2023\/04\/ascend-canada-dominique-villanueva2.jpeg 250w, https:\/\/ascendleadership.web3.anasource.com\/wp-content\/uploads\/2023\/04\/ascend-canada-dominique-villanueva2-150x150.jpeg 150w, https:\/\/ascendleadership.web3.anasource.com\/wp-content\/uploads\/2023\/04\/ascend-canada-dominique-villanueva2-100x100.jpeg 100w\" sizes=\"(max-width: 250px) 100vw, 250px\" \/>\t\t\t\t\t\t\t\t\t\t\t\t\t\t\t<\/div>\n\t\t\t\t<\/div>\n\t\t\t\t\t<\/div>\n\t\t<\/div>\n\t\t\t\t<div class=\"elementor-column elementor-col-50 elementor-inner-column elementor-element elementor-element-9a79d23\" data-id=\"9a79d23\" data-element_type=\"column\">\n\t\t\t<div class=\"elementor-widget-wrap elementor-element-populated\">\n\t\t\t\t\t\t<div class=\"elementor-element elementor-element-5d75a04 elementor-widget elementor-widget-heading\" data-id=\"5d75a04\" data-element_type=\"widget\" data-widget_type=\"heading.default\">\n\t\t\t\t<div class=\"elementor-widget-container\">\n\t\t\t\t\t<h5 class=\"elementor-heading-title elementor-size-default\">Vice-pr\u00e9sidente des affaires \u00e9tudiantes<\/h5>\t\t\t\t<\/div>\n\t\t\t\t<\/div>\n\t\t\t\t<div class=\"elementor-element elementor-element-27c4013 elementor-widget elementor-widget-text-editor\" data-id=\"27c4013\" data-element_type=\"widget\" data-widget_type=\"text-editor.default\">\n\t\t\t\t<div class=\"elementor-widget-container\">\n\t\t\t\t\t\t\t\t\t<div><p><span data-contrast=\"auto\">Dans ce r\u00f4le, Dominique a d\u00e9velopp\u00e9, lanc\u00e9 et dirig\u00e9 le programme national pour les \u00e9tudiants d\u2019origine panasiatique.<\/span><span data-ccp-props=\"{&quot;201341983&quot;:0,&quot;335559739&quot;:0,&quot;335559740&quot;:276}\">\u00a0<\/span><\/p><p><span data-contrast=\"auto\">Dominique est une strat\u00e8ge commerciale avec un esprit d\u2019entreprise. Elle poss\u00e8de de l\u2019exp\u00e9rience dans l\u2019\u00e9laboration de strat\u00e9gies, la gestion de produits et l\u2019ex\u00e9cution de plusieurs produits et segments. Dominique poss\u00e8de une vaste exp\u00e9rience dans l\u2019ensemble des services financiers et des services-conseils en marque; elle a fait la transition vers l\u2019espace de la cha\u00eene de blocs afin de participer \u00e0 l\u2019\u00e9cosyst\u00e8me des entreprises en d\u00e9marrage.<\/span><span data-ccp-props=\"{&quot;201341983&quot;:0,&quot;335559739&quot;:0,&quot;335559740&quot;:276}\">\u00a0<\/span><\/p><p><span data-contrast=\"auto\">Dominique d\u00e9fend la diversit\u00e9 et l\u2019inclusion; elle a servi de mod\u00e8le pour les minorit\u00e9s visibles, les femmes et les initiatives pour les jeunes. Elle est b\u00e9n\u00e9vole chez Ascend depuis sa cr\u00e9ation en 2012.<\/span><span data-ccp-props=\"{&quot;201341983&quot;:0,&quot;335559739&quot;:0,&quot;335559740&quot;:276}\">\u00a0<\/span><\/p><\/div><div>\u00a0<\/div><div><span class=\"TextRun SCXW13133958 BCX0\" lang=\"FR-CA\" xml:lang=\"FR-CA\" data-contrast=\"auto\"><span class=\"NormalTextRun SCXW13133958 BCX0\">Communiquez avec Dominique\u00a0<\/span><\/span>:\u00a0<a href=\"https:\/\/www.linkedin.com\/in\/dominiquecv\/\" target=\"_blank\" rel=\"noreferrer nofollow noopener\">linkedin.com\/in\/dominiquecv\/<\/a><\/div>\t\t\t\t\t\t\t\t<\/div>\n\t\t\t\t<\/div>\n\t\t\t\t\t<\/div>\n\t\t<\/div>\n\t\t\t\t\t<\/div>\n\t\t<\/section>\n\t\t\t\t\t<\/div>\n\t\t<\/div>\n\t\t\t\t\t<\/div>\n\t\t<\/section>\n\t\t\t\t<\/div>\n\t\t","protected":false},"excerpt":{"rendered":"<p>Vice-pr\u00e9sidente des affaires \u00e9tudiantes Dans ce r\u00f4le, Dominique a d\u00e9velopp\u00e9, lanc\u00e9 et dirig\u00e9 le programme national pour les \u00e9tudiants d\u2019origine panasiatique.\u00a0 Dominique est une strat\u00e8ge commerciale avec un esprit d\u2019entreprise. Elle poss\u00e8de de l\u2019exp\u00e9rience dans l\u2019\u00e9laboration de strat\u00e9gies, la gestion de produits et l\u2019ex\u00e9cution de plusieurs produits et segments. Dominique poss\u00e8de une vaste exp\u00e9rience dans [&hellip;]<\/p>\n","protected":false},"author":1,"featured_media":0,"parent":9967,"menu_order":0,"comment_status":"closed","ping_status":"closed","template":"template\/template-full-width.php","meta":{"footnotes":""},"class_list":["post-9224","page","type-page","status-publish","hentry"],"_links":{"self":[{"href":"https:\/\/ascendleadership.web3.anasource.com\/fr\/wp-json\/wp\/v2\/pages\/9224","targetHints":{"allow":["GET"]}}],"collection":[{"href":"https:\/\/ascendleadership.web3.anasource.com\/fr\/wp-json\/wp\/v2\/pages"}],"about":[{"href":"https:\/\/ascendleadership.web3.anasource.com\/fr\/wp-json\/wp\/v2\/types\/page"}],"author":[{"embeddable":true,"href":"https:\/\/ascendleadership.web3.anasource.com\/fr\/wp-json\/wp\/v2\/users\/1"}],"replies":[{"embeddable":true,"href":"https:\/\/ascendleadership.web3.anasource.com\/fr\/wp-json\/wp\/v2\/comments?post=9224"}],"version-history":[{"count":0,"href":"https:\/\/ascendleadership.web3.anasource.com\/fr\/wp-json\/wp\/v2\/pages\/9224\/revisions"}],"up":[{"embeddable":true,"href":"https:\/\/ascendleadership.web3.anasource.com\/fr\/wp-json\/wp\/v2\/pages\/9967"}],"wp:attachment":[{"href":"https:\/\/ascendleadership.web3.anasource.com\/fr\/wp-json\/wp\/v2\/media?parent=9224"}],"curies":[{"name":"wp","href":"https:\/\/api.w.org\/{rel}","templated":true}]}}