{"id":9212,"date":"2023-04-14T13:02:42","date_gmt":"2023-04-14T13:02:42","guid":{"rendered":"https:\/\/ascendleadership.ca\/ashish-shah\/"},"modified":"2023-05-29T07:06:57","modified_gmt":"2023-05-29T07:06:57","slug":"ashish-shah","status":"publish","type":"page","link":"https:\/\/ascendleadership.web3.anasource.com\/fr\/people\/ashish-shah\/","title":{"rendered":"Ashish Shah"},"content":{"rendered":"\t\t<div data-elementor-type=\"wp-page\" data-elementor-id=\"9212\" class=\"elementor elementor-9212 elementor-5013\">\n\t\t\t\t\t\t<section class=\"elementor-section elementor-top-section elementor-element elementor-element-2b64f88 elementor-section-boxed elementor-section-height-default elementor-section-height-default\" data-id=\"2b64f88\" data-element_type=\"section\">\n\t\t\t\t\t\t<div class=\"elementor-container elementor-column-gap-default\">\n\t\t\t\t\t<div class=\"elementor-column elementor-col-100 elementor-top-column elementor-element elementor-element-16f3e9d\" data-id=\"16f3e9d\" data-element_type=\"column\">\n\t\t\t<div class=\"elementor-widget-wrap elementor-element-populated\">\n\t\t\t\t\t\t<section class=\"elementor-section elementor-inner-section elementor-element elementor-element-5c79c93 elementor-section-boxed elementor-section-height-default elementor-section-height-default\" data-id=\"5c79c93\" data-element_type=\"section\">\n\t\t\t\t\t\t<div class=\"elementor-container elementor-column-gap-default\">\n\t\t\t\t\t<div class=\"elementor-column elementor-col-50 elementor-inner-column elementor-element elementor-element-dd6d961\" data-id=\"dd6d961\" data-element_type=\"column\">\n\t\t\t<div class=\"elementor-widget-wrap elementor-element-populated\">\n\t\t\t\t\t\t<div class=\"elementor-element elementor-element-a3f3f64 elementor-widget elementor-widget-image\" data-id=\"a3f3f64\" data-element_type=\"widget\" data-widget_type=\"image.default\">\n\t\t\t\t<div class=\"elementor-widget-container\">\n\t\t\t\t\t\t\t\t\t\t\t\t\t\t\t<img fetchpriority=\"high\" decoding=\"async\" width=\"250\" height=\"250\" src=\"https:\/\/ascendleadership.web3.anasource.com\/wp-content\/uploads\/2023\/04\/ashish-shah.jpg\" class=\"attachment-full size-full wp-image-7766\" alt=\"\" srcset=\"https:\/\/ascendleadership.web3.anasource.com\/wp-content\/uploads\/2023\/04\/ashish-shah.jpg 250w, https:\/\/ascendleadership.web3.anasource.com\/wp-content\/uploads\/2023\/04\/ashish-shah-150x150.jpg 150w, https:\/\/ascendleadership.web3.anasource.com\/wp-content\/uploads\/2023\/04\/ashish-shah-100x100.jpg 100w\" sizes=\"(max-width: 250px) 100vw, 250px\" \/>\t\t\t\t\t\t\t\t\t\t\t\t\t\t\t<\/div>\n\t\t\t\t<\/div>\n\t\t\t\t\t<\/div>\n\t\t<\/div>\n\t\t\t\t<div class=\"elementor-column elementor-col-50 elementor-inner-column elementor-element elementor-element-38b44c8\" data-id=\"38b44c8\" data-element_type=\"column\">\n\t\t\t<div class=\"elementor-widget-wrap elementor-element-populated\">\n\t\t\t\t\t\t<div class=\"elementor-element elementor-element-8cef7dd elementor-widget elementor-widget-heading\" data-id=\"8cef7dd\" data-element_type=\"widget\" data-widget_type=\"heading.default\">\n\t\t\t\t<div class=\"elementor-widget-container\">\n\t\t\t\t\t<h5 class=\"elementor-heading-title elementor-size-default\">Vice-pr\u00e9sident adjoint de la strat\u00e9gie<\/h5>\t\t\t\t<\/div>\n\t\t\t\t<\/div>\n\t\t\t\t<div class=\"elementor-element elementor-element-aaa7b6f elementor-widget elementor-widget-text-editor\" data-id=\"aaa7b6f\" data-element_type=\"widget\" data-widget_type=\"text-editor.default\">\n\t\t\t\t<div class=\"elementor-widget-container\">\n\t\t\t\t\t\t\t\t\t<p><span data-contrast=\"auto\">Ashish Shah est actuellement gestionnaire principal, Strat\u00e9gie et exploitation nationales pour une nouvelle gamme de services (\u00ab\u202fServices g\u00e9r\u00e9s\u202f\u00bb) dans le cadre de la pratique Conseils en gestion de KPMG. Dans le cadre de ses fonctions, il concentre ses efforts sur l\u2019\u00e9tablissement d\u2019une suite croissante de solutions technologiques \u00e9volutives pour les clients qui n\u00e9cessitent une compr\u00e9hension approfondie des connaissances strat\u00e9giques, financi\u00e8res, marketing et du cycle de vie des produits.<\/span><span data-ccp-props=\"{&quot;201341983&quot;:0,&quot;335559739&quot;:0,&quot;335559740&quot;:276}\">\u00a0<\/span><\/p><p><span data-contrast=\"auto\">Avec plus de huit ans d\u2019exp\u00e9rience chez KPMG, il a occup\u00e9 des postes de direction de plus en plus importants dans le domaine des services-conseils et de l\u2019audit. Ashish offre une perspective multidimensionnelle, ax\u00e9e sur le client et enracin\u00e9e financi\u00e8rement en fonction de son exp\u00e9rience dans l\u2019ex\u00e9cution de strat\u00e9gies, la planification strat\u00e9gique, la mod\u00e9lisation financi\u00e8re, les dossiers commerciaux, la recherche d\u2019acquisition, les int\u00e9grations, l\u2019assurance et la gestion de projet. Dans son r\u00f4le d\u2019assurance du service \u00e0 la client\u00e8le, Ashish a servi des clients dans des secteurs allant du secteur juridique \u00e0 la construction en passant par les organismes sans but lucratif, l\u2019enseignement sup\u00e9rieur et les entreprises en d\u00e9marrage.<\/span><span data-ccp-props=\"{&quot;201341983&quot;:0,&quot;335559739&quot;:0,&quot;335559740&quot;:276}\">\u00a0<\/span><\/p><p><span data-contrast=\"auto\">Ashish d\u00e9tient le titre de comptable professionnel agr\u00e9\u00e9 (CPA, CA), un certificat en ex\u00e9cution de la strat\u00e9gie de la Harvard Business School Online, une certification ceinture verte Lean Six Sigma et un baccalaur\u00e9at sp\u00e9cialis\u00e9 en administration des affaires de la Schulich School of Business de l\u2019Universit\u00e9 York. Laur\u00e9at \u00e0 deux reprises du prix Spotlight de KPMG, class\u00e9 parmi les meilleurs d\u00e9ciles des examens de l\u2019CPA (anciennement connu sous le nom de CKE et SOA) et ayant pr\u00e9c\u00e9demment obtenu la meilleure note de rendement pendant deux ann\u00e9es cons\u00e9cutives, Ashish s\u2019engage \u00e0 offrir l\u2019excellence dans tout ce qu\u2019il fait.<\/span><span data-ccp-props=\"{&quot;201341983&quot;:0,&quot;335559739&quot;:0,&quot;335559740&quot;:276}\">\u00a0<\/span><\/p><p><span data-contrast=\"auto\">Ashish a commenc\u00e9 \u00e0 faire du b\u00e9n\u00e9volat avec Ascend Canada en 2016 au sein de l\u2019\u00e9quipe de marketing, puis s\u2019est joint \u00e0 l\u2019\u00e9quipe Strat\u00e9gie en 2018. Il a apport\u00e9 d\u2019importantes contributions, notamment la direction et la mise en \u0153uvre de diverses initiatives strat\u00e9giques, dont l\u2019expansion \u00e0 Montr\u00e9al et la strat\u00e9gie de communication, pour n\u2019en nommer que quelques-unes. \u00c0 l\u2019ext\u00e9rieur d\u2019Ascend, Ashish appuie \u00e9galement diverses initiatives communautaires qui comprennent son r\u00f4le de directeur du conseil d\u2019administration et tr\u00e9sorier de Scarborough Arts, un organisme vou\u00e9 \u00e0 offrir des programmes et des services novateurs qui am\u00e9liorent la vie culturelle de Scarborough.<\/span><\/p>\t\t\t\t\t\t\t\t<\/div>\n\t\t\t\t<\/div>\n\t\t\t\t\t<\/div>\n\t\t<\/div>\n\t\t\t\t\t<\/div>\n\t\t<\/section>\n\t\t\t\t\t<\/div>\n\t\t<\/div>\n\t\t\t\t\t<\/div>\n\t\t<\/section>\n\t\t\t\t<\/div>\n\t\t","protected":false},"excerpt":{"rendered":"<p>Vice-pr\u00e9sident adjoint de la strat\u00e9gie Ashish Shah est actuellement gestionnaire principal, Strat\u00e9gie et exploitation nationales pour une nouvelle gamme de services (\u00ab\u202fServices g\u00e9r\u00e9s\u202f\u00bb) dans le cadre de la pratique Conseils en gestion de KPMG. Dans le cadre de ses fonctions, il concentre ses efforts sur l\u2019\u00e9tablissement d\u2019une suite croissante de solutions technologiques \u00e9volutives pour les [&hellip;]<\/p>\n","protected":false},"author":1,"featured_media":0,"parent":9967,"menu_order":0,"comment_status":"closed","ping_status":"closed","template":"template\/template-full-width.php","meta":{"footnotes":""},"class_list":["post-9212","page","type-page","status-publish","hentry"],"_links":{"self":[{"href":"https:\/\/ascendleadership.web3.anasource.com\/fr\/wp-json\/wp\/v2\/pages\/9212","targetHints":{"allow":["GET"]}}],"collection":[{"href":"https:\/\/ascendleadership.web3.anasource.com\/fr\/wp-json\/wp\/v2\/pages"}],"about":[{"href":"https:\/\/ascendleadership.web3.anasource.com\/fr\/wp-json\/wp\/v2\/types\/page"}],"author":[{"embeddable":true,"href":"https:\/\/ascendleadership.web3.anasource.com\/fr\/wp-json\/wp\/v2\/users\/1"}],"replies":[{"embeddable":true,"href":"https:\/\/ascendleadership.web3.anasource.com\/fr\/wp-json\/wp\/v2\/comments?post=9212"}],"version-history":[{"count":0,"href":"https:\/\/ascendleadership.web3.anasource.com\/fr\/wp-json\/wp\/v2\/pages\/9212\/revisions"}],"up":[{"embeddable":true,"href":"https:\/\/ascendleadership.web3.anasource.com\/fr\/wp-json\/wp\/v2\/pages\/9967"}],"wp:attachment":[{"href":"https:\/\/ascendleadership.web3.anasource.com\/fr\/wp-json\/wp\/v2\/media?parent=9212"}],"curies":[{"name":"wp","href":"https:\/\/api.w.org\/{rel}","templated":true}]}}