{"id":9211,"date":"2023-04-18T12:37:15","date_gmt":"2023-04-18T12:37:15","guid":{"rendered":"https:\/\/ascendleadership.ca\/ascend-cafe\/"},"modified":"2023-05-29T09:10:35","modified_gmt":"2023-05-29T09:10:35","slug":"ascend-cafe","status":"publish","type":"page","link":"https:\/\/ascendleadership.web3.anasource.com\/fr\/page\/ascend-cafe\/","title":{"rendered":"Ascend Cafe"},"content":{"rendered":"\t\t<div data-elementor-type=\"wp-page\" data-elementor-id=\"9211\" class=\"elementor elementor-9211 elementor-5507\">\n\t\t\t\t\t\t<section class=\"elementor-section elementor-top-section elementor-element elementor-element-183685af ascend-cms-section elementor-section-boxed elementor-section-height-default elementor-section-height-default\" data-id=\"183685af\" data-element_type=\"section\">\n\t\t\t\t\t\t<div class=\"elementor-container elementor-column-gap-default\">\n\t\t\t\t\t<div class=\"elementor-column elementor-col-100 elementor-top-column elementor-element elementor-element-42ea3ee6\" data-id=\"42ea3ee6\" data-element_type=\"column\">\n\t\t\t<div class=\"elementor-widget-wrap elementor-element-populated\">\n\t\t\t\t\t\t<div class=\"elementor-element elementor-element-2280825e elementor-widget elementor-widget-text-editor\" data-id=\"2280825e\" data-element_type=\"widget\" data-widget_type=\"text-editor.default\">\n\t\t\t\t<div class=\"elementor-widget-container\">\n\t\t\t\t\t\t\t\t\t<p><span data-contrast=\"auto\">Pour soutenir l\u2019avancement des chefs d\u2019entreprise d\u2019origine panasiatique actuels et futurs, Ascend Canada et Ten Thousand Coffees coop\u00e8rent afin d\u2019aider des milliers de membres d\u2019Ascend \u00e0 acc\u00e9der \u00e0 du r\u00e9seautage et \u00e0 du mentorat en lien avec leur carri\u00e8re.<\/span><span data-ccp-props=\"{&quot;201341983&quot;:0,&quot;335559739&quot;:0,&quot;335559740&quot;:276}\">\u00a0<\/span><\/p><p><span data-contrast=\"auto\">En buvant un caf\u00e9, les membres peuvent d\u00e9velopper des comp\u00e9tences non techniques, explorer des possibilit\u00e9s de carri\u00e8re, en apprendre davantage sur d\u2019autres industries et d\u00e9velopper ces liens en un r\u00e9seau de connaissances diversifi\u00e9 et percutant. Les dirigeants et les membres d\u2019Ascend Canada interrog\u00e9s estiment que le fait de partager et d\u2019obtenir des conseils professionnels est un avantage cl\u00e9 d\u2019un programme de r\u00e9seautage. Nous nous sommes associ\u00e9s \u00e0 Ten Thousand Coffees afin d\u2019offrir \u00e0 chaque membre de notre communaut\u00e9 de professionnels d\u2019origine panasiatique l\u2019occasion de se connecter avec l\u2019objectif, de d\u00e9velopper des comp\u00e9tences et de fa\u00e7onner un puissant r\u00e9seau de carri\u00e8re.<\/span><span data-ccp-props=\"{&quot;201341983&quot;:0,&quot;335559739&quot;:0,&quot;335559740&quot;:276}\">\u00a0<\/span><\/p><p><span data-contrast=\"auto\">Tirant parti de la plateforme d\u2019apprentissage et de perfectionnement de Ten Thousand Coffees, les membres d\u2019Ascend Canada se verront r\u00e9guli\u00e8rement offrir d\u2019\u00eatre pr\u00e9sent\u00e9s sur la base de donn\u00e9es \u00e0 d\u2019autres membres, en fonction de leurs objectifs et int\u00e9r\u00eats uniques en mati\u00e8re de carri\u00e8re. Les membres peuvent \u00e9galement s\u2019inscrire aux s\u00e9ances \u00ab\u00a0\u202fOffice Hour\u202f\u00a0\u00bb, un programme unique o\u00f9 les cadres organisent des groupes de dix \u00e0 quinze membres de divers horizons et comp\u00e9tences afin de partager des id\u00e9es et des perspectives.<\/span><\/p>\t\t\t\t\t\t\t\t<\/div>\n\t\t\t\t<\/div>\n\t\t\t\t<div class=\"elementor-element elementor-element-49dfad88 elementor-align-center elementor-widget elementor-widget-xs-button\" data-id=\"49dfad88\" data-element_type=\"widget\" data-widget_type=\"xs-button.default\">\n\t\t\t\t<div class=\"elementor-widget-container\">\n\t\t\t\t\t        \n        <a href=\"https:\/\/ascend.tenthousandcoffees.com\" target=\"_blank\" class=\"xs-cp-btn btn btn-primary\">\n            <span class=\"badge\"><i class=\"\"><\/i><\/span> Connectez-vous \u00e0 Ascend Caf\u00e9        <\/a>\n\n        \t\t\t\t<\/div>\n\t\t\t\t<\/div>\n\t\t\t\t<div class=\"elementor-element elementor-element-1eaec6a2 elementor-widget elementor-widget-text-editor\" data-id=\"1eaec6a2\" data-element_type=\"widget\" data-widget_type=\"text-editor.default\">\n\t\t\t\t<div class=\"elementor-widget-container\">\n\t\t\t\t\t\t\t\t\t<p>Des probl\u00e8mes de connexion? Communiquez avec <b><a title=\"ascendcafe-team@ascendleadership.ca\" role=\"button\" href=\"mailto:ascendcafe-team@ascendleadership.ca\" aria-label=\"ascendcafe-team@ascendleadership.ca\">ascendcafe-team@ascendleadership.ca<\/a><\/b><\/p>\t\t\t\t\t\t\t\t<\/div>\n\t\t\t\t<\/div>\n\t\t\t\t\t<\/div>\n\t\t<\/div>\n\t\t\t\t\t<\/div>\n\t\t<\/section>\n\t\t\t\t<\/div>\n\t\t","protected":false},"excerpt":{"rendered":"<p>Pour soutenir l\u2019avancement des chefs d\u2019entreprise d\u2019origine panasiatique actuels et futurs, Ascend Canada et Ten Thousand Coffees coop\u00e8rent afin d\u2019aider des milliers de membres d\u2019Ascend \u00e0 acc\u00e9der \u00e0 du r\u00e9seautage et \u00e0 du mentorat en lien avec leur carri\u00e8re.\u00a0 En buvant un caf\u00e9, les membres peuvent d\u00e9velopper des comp\u00e9tences non techniques, explorer des possibilit\u00e9s de [&hellip;]<\/p>\n","protected":false},"author":1,"featured_media":0,"parent":9980,"menu_order":0,"comment_status":"closed","ping_status":"closed","template":"template\/template-full-width.php","meta":{"footnotes":""},"class_list":["post-9211","page","type-page","status-publish","hentry"],"_links":{"self":[{"href":"https:\/\/ascendleadership.web3.anasource.com\/fr\/wp-json\/wp\/v2\/pages\/9211","targetHints":{"allow":["GET"]}}],"collection":[{"href":"https:\/\/ascendleadership.web3.anasource.com\/fr\/wp-json\/wp\/v2\/pages"}],"about":[{"href":"https:\/\/ascendleadership.web3.anasource.com\/fr\/wp-json\/wp\/v2\/types\/page"}],"author":[{"embeddable":true,"href":"https:\/\/ascendleadership.web3.anasource.com\/fr\/wp-json\/wp\/v2\/users\/1"}],"replies":[{"embeddable":true,"href":"https:\/\/ascendleadership.web3.anasource.com\/fr\/wp-json\/wp\/v2\/comments?post=9211"}],"version-history":[{"count":0,"href":"https:\/\/ascendleadership.web3.anasource.com\/fr\/wp-json\/wp\/v2\/pages\/9211\/revisions"}],"up":[{"embeddable":true,"href":"https:\/\/ascendleadership.web3.anasource.com\/fr\/wp-json\/wp\/v2\/pages\/9980"}],"wp:attachment":[{"href":"https:\/\/ascendleadership.web3.anasource.com\/fr\/wp-json\/wp\/v2\/media?parent=9211"}],"curies":[{"name":"wp","href":"https:\/\/api.w.org\/{rel}","templated":true}]}}