{"id":9201,"date":"2023-04-14T12:54:03","date_gmt":"2023-04-14T12:54:03","guid":{"rendered":"https:\/\/ascendleadership.ca\/ali-najafi\/"},"modified":"2025-07-01T16:59:40","modified_gmt":"2025-07-01T16:59:40","slug":"ali-najafi","status":"publish","type":"page","link":"https:\/\/ascendleadership.web3.anasource.com\/fr\/people\/ali-najafi\/","title":{"rendered":"Ali Najafi"},"content":{"rendered":"\t\t<div data-elementor-type=\"wp-page\" data-elementor-id=\"9201\" class=\"elementor elementor-9201 elementor-5007\">\n\t\t\t\t\t\t<section class=\"elementor-section elementor-top-section elementor-element elementor-element-b0fc59f elementor-section-boxed elementor-section-height-default elementor-section-height-default\" data-id=\"b0fc59f\" data-element_type=\"section\">\n\t\t\t\t\t\t<div class=\"elementor-container elementor-column-gap-default\">\n\t\t\t\t\t<div class=\"elementor-column elementor-col-100 elementor-top-column elementor-element elementor-element-4e183ac\" data-id=\"4e183ac\" data-element_type=\"column\">\n\t\t\t<div class=\"elementor-widget-wrap elementor-element-populated\">\n\t\t\t\t\t\t<section class=\"elementor-section elementor-inner-section elementor-element elementor-element-2c33274 elementor-section-boxed elementor-section-height-default elementor-section-height-default\" data-id=\"2c33274\" data-element_type=\"section\">\n\t\t\t\t\t\t<div class=\"elementor-container elementor-column-gap-default\">\n\t\t\t\t\t<div class=\"elementor-column elementor-col-50 elementor-inner-column elementor-element elementor-element-205c8f4\" data-id=\"205c8f4\" data-element_type=\"column\">\n\t\t\t<div class=\"elementor-widget-wrap elementor-element-populated\">\n\t\t\t\t\t\t<div class=\"elementor-element elementor-element-6eed08c elementor-widget elementor-widget-image\" data-id=\"6eed08c\" data-element_type=\"widget\" data-widget_type=\"image.default\">\n\t\t\t\t<div class=\"elementor-widget-container\">\n\t\t\t\t\t\t\t\t\t\t\t\t\t\t\t<img fetchpriority=\"high\" decoding=\"async\" width=\"2560\" height=\"2560\" src=\"https:\/\/ascendleadership.web3.anasource.com\/wp-content\/uploads\/2025\/06\/Ali-Najafi-scaled.jpg\" class=\"attachment-full size-full wp-image-15608\" alt=\"Ali Najafi\" srcset=\"https:\/\/ascendleadership.web3.anasource.com\/wp-content\/uploads\/2025\/06\/Ali-Najafi-scaled.jpg 2560w, https:\/\/ascendleadership.web3.anasource.com\/wp-content\/uploads\/2025\/06\/Ali-Najafi-300x300.jpg 300w, https:\/\/ascendleadership.web3.anasource.com\/wp-content\/uploads\/2025\/06\/Ali-Najafi-1024x1024.jpg 1024w, https:\/\/ascendleadership.web3.anasource.com\/wp-content\/uploads\/2025\/06\/Ali-Najafi-150x150.jpg 150w, https:\/\/ascendleadership.web3.anasource.com\/wp-content\/uploads\/2025\/06\/Ali-Najafi-768x768.jpg 768w, https:\/\/ascendleadership.web3.anasource.com\/wp-content\/uploads\/2025\/06\/Ali-Najafi-1536x1536.jpg 1536w, https:\/\/ascendleadership.web3.anasource.com\/wp-content\/uploads\/2025\/06\/Ali-Najafi-2048x2048.jpg 2048w, https:\/\/ascendleadership.web3.anasource.com\/wp-content\/uploads\/2025\/06\/Ali-Najafi-400x400.jpg 400w\" sizes=\"(max-width: 2560px) 100vw, 2560px\" \/>\t\t\t\t\t\t\t\t\t\t\t\t\t\t\t<\/div>\n\t\t\t\t<\/div>\n\t\t\t\t\t<\/div>\n\t\t<\/div>\n\t\t\t\t<div class=\"elementor-column elementor-col-50 elementor-inner-column elementor-element elementor-element-c48a611\" data-id=\"c48a611\" data-element_type=\"column\">\n\t\t\t<div class=\"elementor-widget-wrap elementor-element-populated\">\n\t\t\t\t\t\t<div class=\"elementor-element elementor-element-5e368d4 elementor-widget elementor-widget-heading\" data-id=\"5e368d4\" data-element_type=\"widget\" data-widget_type=\"heading.default\">\n\t\t\t\t<div class=\"elementor-widget-container\">\n\t\t\t\t\t<h5 class=\"elementor-heading-title elementor-size-default\">Vice-pr\u00e9sident de l\u2019exploitation<\/h5>\t\t\t\t<\/div>\n\t\t\t\t<\/div>\n\t\t\t\t<div class=\"elementor-element elementor-element-368cfca elementor-widget elementor-widget-text-editor\" data-id=\"368cfca\" data-element_type=\"widget\" data-widget_type=\"text-editor.default\">\n\t\t\t\t<div class=\"elementor-widget-container\">\n\t\t\t\t\t\t\t\t\t<p style=\"margin-right: 0px; margin-bottom: 15px; margin-left: 0px; line-height: 28px; color: #000000; font-family: 'Fira Sans';\">Ali est un leader strat\u00e9gique et innovant avec plus de 25 ans d\u2019exp\u00e9rience en leadership dans les domaines de la banque, de la diversit\u00e9 et de l\u2019inclusion, ainsi que de la transformation des entreprises. Il a une capacit\u00e9 \u00e9prouv\u00e9e \u00e0 concevoir et \u00e0 mettre en \u0153uvre des strat\u00e9gies \u00e0 l\u2019\u00e9chelle de l\u2019entreprise qui stimulent la croissance, optimisent les op\u00e9rations et favorisent des cultures inclusives. Reconnu pour \u00e9tablir des relations de confiance avec les dirigeants, les leaders communautaires et les partenaires mondiaux ainsi que pour \u00eatre habile \u00e0 diriger des \u00e9quipes interfonctionnelles, \u00e0 susciter un changement culturel et \u00e0 influencer les parties prenantes \u00e0 tous les niveaux. Ali est un membre fondateur d\u2019Ascend Canada et a fait partie de l\u2019\u00e9quipe de direction depuis la cr\u00e9ation de l\u2019organisation.<\/p>\n<span style=\"color: #333333;\"><strong>LinkedIn<\/strong>:\u00a0<a title=\"linkedin.com\/in\/ali-najafi-54302b43\" role=\"button\" href=\"https:\/\/www.linkedin.com\/in\/ali-najafi-54302b43\" target=\"_blank\" rel=\"noopener\" aria-label=\"linkedin.com\/in\/ali-najafi-54302b43\">linkedin.com\/in\/ali-najafi-54302b43<\/a>\n<\/span>\t\t\t\t\t\t\t\t<\/div>\n\t\t\t\t<\/div>\n\t\t\t\t\t<\/div>\n\t\t<\/div>\n\t\t\t\t\t<\/div>\n\t\t<\/section>\n\t\t\t\t\t<\/div>\n\t\t<\/div>\n\t\t\t\t\t<\/div>\n\t\t<\/section>\n\t\t\t\t<\/div>\n\t\t","protected":false},"excerpt":{"rendered":"<p>Vice-pr\u00e9sident de l\u2019exploitation Ali est un leader strat\u00e9gique et innovant avec plus de 25 ans d\u2019exp\u00e9rience en leadership dans les domaines de la banque, de la diversit\u00e9 et de l\u2019inclusion, ainsi que de la transformation des entreprises. Il a une capacit\u00e9 \u00e9prouv\u00e9e \u00e0 concevoir et \u00e0 mettre en \u0153uvre des strat\u00e9gies \u00e0 l\u2019\u00e9chelle de l\u2019entreprise [&hellip;]<\/p>\n","protected":false},"author":1,"featured_media":0,"parent":9967,"menu_order":0,"comment_status":"closed","ping_status":"closed","template":"template\/template-full-width.php","meta":{"footnotes":""},"class_list":["post-9201","page","type-page","status-publish","hentry"],"_links":{"self":[{"href":"https:\/\/ascendleadership.web3.anasource.com\/fr\/wp-json\/wp\/v2\/pages\/9201","targetHints":{"allow":["GET"]}}],"collection":[{"href":"https:\/\/ascendleadership.web3.anasource.com\/fr\/wp-json\/wp\/v2\/pages"}],"about":[{"href":"https:\/\/ascendleadership.web3.anasource.com\/fr\/wp-json\/wp\/v2\/types\/page"}],"author":[{"embeddable":true,"href":"https:\/\/ascendleadership.web3.anasource.com\/fr\/wp-json\/wp\/v2\/users\/1"}],"replies":[{"embeddable":true,"href":"https:\/\/ascendleadership.web3.anasource.com\/fr\/wp-json\/wp\/v2\/comments?post=9201"}],"version-history":[{"count":12,"href":"https:\/\/ascendleadership.web3.anasource.com\/fr\/wp-json\/wp\/v2\/pages\/9201\/revisions"}],"predecessor-version":[{"id":15722,"href":"https:\/\/ascendleadership.web3.anasource.com\/fr\/wp-json\/wp\/v2\/pages\/9201\/revisions\/15722"}],"up":[{"embeddable":true,"href":"https:\/\/ascendleadership.web3.anasource.com\/fr\/wp-json\/wp\/v2\/pages\/9967"}],"wp:attachment":[{"href":"https:\/\/ascendleadership.web3.anasource.com\/fr\/wp-json\/wp\/v2\/media?parent=9201"}],"curies":[{"name":"wp","href":"https:\/\/api.w.org\/{rel}","templated":true}]}}