{"id":9184,"date":"2023-04-14T12:40:14","date_gmt":"2023-04-14T12:40:14","guid":{"rendered":"https:\/\/ascendleadership.ca\/alexandra-ali-gabura\/"},"modified":"2023-05-29T07:03:22","modified_gmt":"2023-05-29T07:03:22","slug":"alexandra-ali-gabura","status":"publish","type":"page","link":"https:\/\/ascendleadership.web3.anasource.com\/fr\/people\/alexandra-ali-gabura\/","title":{"rendered":"Alexandra (Ali) Gabura"},"content":{"rendered":"\t\t<div data-elementor-type=\"wp-page\" data-elementor-id=\"9184\" class=\"elementor elementor-9184 elementor-4982\">\n\t\t\t\t\t\t<section class=\"elementor-section elementor-top-section elementor-element elementor-element-0a54430 elementor-section-boxed elementor-section-height-default elementor-section-height-default\" data-id=\"0a54430\" data-element_type=\"section\">\n\t\t\t\t\t\t<div class=\"elementor-container elementor-column-gap-default\">\n\t\t\t\t\t<div class=\"elementor-column elementor-col-100 elementor-top-column elementor-element elementor-element-b6e9e69\" data-id=\"b6e9e69\" data-element_type=\"column\">\n\t\t\t<div class=\"elementor-widget-wrap elementor-element-populated\">\n\t\t\t\t\t\t<section class=\"elementor-section elementor-inner-section elementor-element elementor-element-81ef6ff elementor-section-boxed elementor-section-height-default elementor-section-height-default\" data-id=\"81ef6ff\" data-element_type=\"section\">\n\t\t\t\t\t\t<div class=\"elementor-container elementor-column-gap-default\">\n\t\t\t\t\t<div class=\"elementor-column elementor-col-50 elementor-inner-column elementor-element elementor-element-eb7544a\" data-id=\"eb7544a\" data-element_type=\"column\">\n\t\t\t<div class=\"elementor-widget-wrap elementor-element-populated\">\n\t\t\t\t\t\t<div class=\"elementor-element elementor-element-d1d1fb7 elementor-widget elementor-widget-image\" data-id=\"d1d1fb7\" data-element_type=\"widget\" data-widget_type=\"image.default\">\n\t\t\t\t<div class=\"elementor-widget-container\">\n\t\t\t\t\t\t\t\t\t\t\t\t\t\t\t<img fetchpriority=\"high\" decoding=\"async\" width=\"250\" height=\"250\" src=\"https:\/\/ascendleadership.web3.anasource.com\/wp-content\/uploads\/2023\/04\/alig-250x250-1.jpg\" class=\"attachment-full size-full wp-image-7765\" alt=\"\" srcset=\"https:\/\/ascendleadership.web3.anasource.com\/wp-content\/uploads\/2023\/04\/alig-250x250-1.jpg 250w, https:\/\/ascendleadership.web3.anasource.com\/wp-content\/uploads\/2023\/04\/alig-250x250-1-150x150.jpg 150w, https:\/\/ascendleadership.web3.anasource.com\/wp-content\/uploads\/2023\/04\/alig-250x250-1-100x100.jpg 100w\" sizes=\"(max-width: 250px) 100vw, 250px\" \/>\t\t\t\t\t\t\t\t\t\t\t\t\t\t\t<\/div>\n\t\t\t\t<\/div>\n\t\t\t\t\t<\/div>\n\t\t<\/div>\n\t\t\t\t<div class=\"elementor-column elementor-col-50 elementor-inner-column elementor-element elementor-element-c6ee93f\" data-id=\"c6ee93f\" data-element_type=\"column\">\n\t\t\t<div class=\"elementor-widget-wrap elementor-element-populated\">\n\t\t\t\t\t\t<div class=\"elementor-element elementor-element-c8c6777 elementor-widget elementor-widget-heading\" data-id=\"c8c6777\" data-element_type=\"widget\" data-widget_type=\"heading.default\">\n\t\t\t\t<div class=\"elementor-widget-container\">\n\t\t\t\t\t<h5 class=\"elementor-heading-title elementor-size-default\">Vice-pr\u00e9sidente adjointe de l\u2019exploitation<\/h5>\t\t\t\t<\/div>\n\t\t\t\t<\/div>\n\t\t\t\t<div class=\"elementor-element elementor-element-bcc80f8 elementor-widget elementor-widget-text-editor\" data-id=\"bcc80f8\" data-element_type=\"widget\" data-widget_type=\"text-editor.default\">\n\t\t\t\t<div class=\"elementor-widget-container\">\n\t\t\t\t\t\t\t\t\t<p><span data-contrast=\"auto\">Alexandra (Ali) Gabura est gestionnaire principale des services bancaires aux entreprises de la Banque TD, o\u00f9 elle s\u2019associe \u00e0 des partenaires d\u2019affaires, de gestion des risques et de contr\u00f4le pour les petites entreprises et les services bancaires commerciaux afin de s\u2019assurer que le risque est correctement identifi\u00e9, \u00e9valu\u00e9, et que des strat\u00e9gies d\u2019att\u00e9nuation appropri\u00e9es sont en place pour g\u00e9rer les risques actuels et \u00e9mergents pour l\u2019entreprise. Alexandra a occup\u00e9 plusieurs postes au sein de la division des services bancaires personnels canadiens et de l\u2019audit interne de TD.<\/span><span data-ccp-props=\"{&quot;201341983&quot;:0,&quot;335559739&quot;:0,&quot;335559740&quot;:276}\">\u00a0<\/span><\/p><p><span data-contrast=\"auto\">Avant de se joindre \u00e0 TD, Alexandra a \u0153uvr\u00e9 chez Pricewaterhouse Coopers (PwC), o\u00f9 elle a travaill\u00e9 dans la pratique d\u2019audit et d\u2019assurance de la soci\u00e9t\u00e9 lui permettant d\u2019obtenir son titre de comptable professionnelle agr\u00e9\u00e9e (CPA, CA). Alexandra est titulaire d\u2019un dipl\u00f4me en administration des affaires (HBA) de la Richard Ivey School of Business de l\u2019Universit\u00e9 Western Ontario.<\/span><span data-ccp-props=\"{&quot;201341983&quot;:0,&quot;335559739&quot;:0,&quot;335559740&quot;:276}\">\u00a0<\/span><\/p><p><span data-contrast=\"auto\">Alexandra a \u00e9t\u00e9 reconnue comme meilleure joueuse de l\u2019exploitation et b\u00e9n\u00e9vole de l\u2019ann\u00e9e pour son implication dans le lancement et l\u2019exploitation de Ten Thousand Coffees \u00e0 Ascend.<\/span><\/p>\t\t\t\t\t\t\t\t<\/div>\n\t\t\t\t<\/div>\n\t\t\t\t\t<\/div>\n\t\t<\/div>\n\t\t\t\t\t<\/div>\n\t\t<\/section>\n\t\t\t\t\t<\/div>\n\t\t<\/div>\n\t\t\t\t\t<\/div>\n\t\t<\/section>\n\t\t\t\t<\/div>\n\t\t","protected":false},"excerpt":{"rendered":"<p>Vice-pr\u00e9sidente adjointe de l\u2019exploitation Alexandra (Ali) Gabura est gestionnaire principale des services bancaires aux entreprises de la Banque TD, o\u00f9 elle s\u2019associe \u00e0 des partenaires d\u2019affaires, de gestion des risques et de contr\u00f4le pour les petites entreprises et les services bancaires commerciaux afin de s\u2019assurer que le risque est correctement identifi\u00e9, \u00e9valu\u00e9, et que des [&hellip;]<\/p>\n","protected":false},"author":1,"featured_media":0,"parent":9967,"menu_order":0,"comment_status":"closed","ping_status":"closed","template":"template\/template-full-width.php","meta":{"footnotes":""},"class_list":["post-9184","page","type-page","status-publish","hentry"],"_links":{"self":[{"href":"https:\/\/ascendleadership.web3.anasource.com\/fr\/wp-json\/wp\/v2\/pages\/9184","targetHints":{"allow":["GET"]}}],"collection":[{"href":"https:\/\/ascendleadership.web3.anasource.com\/fr\/wp-json\/wp\/v2\/pages"}],"about":[{"href":"https:\/\/ascendleadership.web3.anasource.com\/fr\/wp-json\/wp\/v2\/types\/page"}],"author":[{"embeddable":true,"href":"https:\/\/ascendleadership.web3.anasource.com\/fr\/wp-json\/wp\/v2\/users\/1"}],"replies":[{"embeddable":true,"href":"https:\/\/ascendleadership.web3.anasource.com\/fr\/wp-json\/wp\/v2\/comments?post=9184"}],"version-history":[{"count":0,"href":"https:\/\/ascendleadership.web3.anasource.com\/fr\/wp-json\/wp\/v2\/pages\/9184\/revisions"}],"up":[{"embeddable":true,"href":"https:\/\/ascendleadership.web3.anasource.com\/fr\/wp-json\/wp\/v2\/pages\/9967"}],"wp:attachment":[{"href":"https:\/\/ascendleadership.web3.anasource.com\/fr\/wp-json\/wp\/v2\/media?parent=9184"}],"curies":[{"name":"wp","href":"https:\/\/api.w.org\/{rel}","templated":true}]}}