{"id":9177,"date":"2023-04-14T12:17:24","date_gmt":"2023-04-14T12:17:24","guid":{"rendered":"https:\/\/ascendleadership.ca\/vincent-lee\/"},"modified":"2024-02-24T19:29:20","modified_gmt":"2024-02-24T19:29:20","slug":"vincent-lee","status":"publish","type":"page","link":"https:\/\/ascendleadership.web3.anasource.com\/fr\/people\/vincent-lee\/","title":{"rendered":"Vincent Lee"},"content":{"rendered":"\t\t<div data-elementor-type=\"wp-page\" data-elementor-id=\"9177\" class=\"elementor elementor-9177 elementor-4951\">\n\t\t\t\t\t\t<section class=\"elementor-section elementor-top-section elementor-element elementor-element-32e897f elementor-section-boxed elementor-section-height-default elementor-section-height-default\" data-id=\"32e897f\" data-element_type=\"section\">\n\t\t\t\t\t\t<div class=\"elementor-container elementor-column-gap-default\">\n\t\t\t\t\t<div class=\"elementor-column elementor-col-100 elementor-top-column elementor-element elementor-element-14e59c4\" data-id=\"14e59c4\" data-element_type=\"column\">\n\t\t\t<div class=\"elementor-widget-wrap elementor-element-populated\">\n\t\t\t\t\t\t<section class=\"elementor-section elementor-inner-section elementor-element elementor-element-a3a5ce7 elementor-section-boxed elementor-section-height-default elementor-section-height-default\" data-id=\"a3a5ce7\" data-element_type=\"section\">\n\t\t\t\t\t\t<div class=\"elementor-container elementor-column-gap-default\">\n\t\t\t\t\t<div class=\"elementor-column elementor-col-50 elementor-inner-column elementor-element elementor-element-7e409a8\" data-id=\"7e409a8\" data-element_type=\"column\">\n\t\t\t<div class=\"elementor-widget-wrap elementor-element-populated\">\n\t\t\t\t\t\t<div class=\"elementor-element elementor-element-c7c7363 elementor-widget elementor-widget-image\" data-id=\"c7c7363\" data-element_type=\"widget\" data-widget_type=\"image.default\">\n\t\t\t\t<div class=\"elementor-widget-container\">\n\t\t\t\t\t\t\t\t\t\t\t\t\t\t\t<img fetchpriority=\"high\" decoding=\"async\" width=\"250\" height=\"250\" src=\"https:\/\/ascendleadership.web3.anasource.com\/wp-content\/uploads\/2023\/06\/vince-250-250.jpg\" class=\"attachment-full size-full wp-image-10716\" alt=\"Vincent Lee 2023\" srcset=\"https:\/\/ascendleadership.web3.anasource.com\/wp-content\/uploads\/2023\/06\/vince-250-250.jpg 250w, https:\/\/ascendleadership.web3.anasource.com\/wp-content\/uploads\/2023\/06\/vince-250-250-150x150.jpg 150w, https:\/\/ascendleadership.web3.anasource.com\/wp-content\/uploads\/2023\/06\/vince-250-250-100x100.jpg 100w\" sizes=\"(max-width: 250px) 100vw, 250px\" \/>\t\t\t\t\t\t\t\t\t\t\t\t\t\t\t<\/div>\n\t\t\t\t<\/div>\n\t\t\t\t\t<\/div>\n\t\t<\/div>\n\t\t\t\t<div class=\"elementor-column elementor-col-50 elementor-inner-column elementor-element elementor-element-515e47d\" data-id=\"515e47d\" data-element_type=\"column\">\n\t\t\t<div class=\"elementor-widget-wrap elementor-element-populated\">\n\t\t\t\t\t\t<div class=\"elementor-element elementor-element-dc993c8 elementor-widget elementor-widget-heading\" data-id=\"dc993c8\" data-element_type=\"widget\" data-widget_type=\"heading.default\">\n\t\t\t\t<div class=\"elementor-widget-container\">\n\t\t\t\t\t<h5 class=\"elementor-heading-title elementor-size-default\">Membre du conseil d\u2019administration\/Directeur g\u00e9n\u00e9ral et chef des ventes de devises institutionnelles en Am\u00e9rique du Nord, March\u00e9s mondiaux CIBC<\/h5>\t\t\t\t<\/div>\n\t\t\t\t<\/div>\n\t\t\t\t<div class=\"elementor-element elementor-element-cde93bb elementor-widget elementor-widget-text-editor\" data-id=\"cde93bb\" data-element_type=\"widget\" data-widget_type=\"text-editor.default\">\n\t\t\t\t<div class=\"elementor-widget-container\">\n\t\t\t\t\t\t\t\t\t<p><span data-contrast=\"auto\">Avec plus de deux d\u00e9cennies d\u2019exp\u00e9rience, il dirige des \u00e9quipes \u00e0 Toronto et \u00e0 New York desservant les plus importants clients de devises de CIBC. Vincent a commenc\u00e9 sa carri\u00e8re en tant que stagiaire \u00e0 la Banque TD en 1994 et s\u2019est rapidement impos\u00e9 comme b\u00e2tisseur de relations et fournisseur de solutions novatrices. Il a gravi les \u00e9chelons pour devenir le chef canadien des ventes de devises institutionnelles \u00e0 la TD avant de rejoindre la CIBC. Vincent Lee est analyste financier agr\u00e9\u00e9 et d\u00e9tient un baccalaur\u00e9at en commerce de l\u2019Universit\u00e9 de la Colombie-Britannique.<\/span><span data-ccp-props=\"{&quot;201341983&quot;:0,&quot;335559739&quot;:0,&quot;335559740&quot;:276}\">\u00a0<\/span><\/p><p><span data-contrast=\"auto\">Il participe activement aux initiatives en lien avec les minorit\u00e9s visibles, le mentorat et les initiatives de bienfaisance. Vincent est mari\u00e9 et fier p\u00e8re de deux filles. Dans ses temps libres, il est un passionn\u00e9 de tennis, de ski et de golf.<\/span><span data-ccp-props=\"{&quot;201341983&quot;:0,&quot;335559739&quot;:0,&quot;335559740&quot;:276}\">\u00a0<\/span><\/p>\t\t\t\t\t\t\t\t<\/div>\n\t\t\t\t<\/div>\n\t\t\t\t\t<\/div>\n\t\t<\/div>\n\t\t\t\t\t<\/div>\n\t\t<\/section>\n\t\t\t\t\t<\/div>\n\t\t<\/div>\n\t\t\t\t\t<\/div>\n\t\t<\/section>\n\t\t\t\t<\/div>\n\t\t","protected":false},"excerpt":{"rendered":"<p>Membre du conseil d\u2019administration\/Directeur g\u00e9n\u00e9ral et chef des ventes de devises institutionnelles en Am\u00e9rique du Nord, March\u00e9s mondiaux CIBC Avec plus de deux d\u00e9cennies d\u2019exp\u00e9rience, il dirige des \u00e9quipes \u00e0 Toronto et \u00e0 New York desservant les plus importants clients de devises de CIBC. Vincent a commenc\u00e9 sa carri\u00e8re en tant que stagiaire \u00e0 la [&hellip;]<\/p>\n","protected":false},"author":1,"featured_media":0,"parent":9967,"menu_order":0,"comment_status":"closed","ping_status":"closed","template":"template\/template-full-width.php","meta":{"footnotes":""},"class_list":["post-9177","page","type-page","status-publish","hentry"],"_links":{"self":[{"href":"https:\/\/ascendleadership.web3.anasource.com\/fr\/wp-json\/wp\/v2\/pages\/9177","targetHints":{"allow":["GET"]}}],"collection":[{"href":"https:\/\/ascendleadership.web3.anasource.com\/fr\/wp-json\/wp\/v2\/pages"}],"about":[{"href":"https:\/\/ascendleadership.web3.anasource.com\/fr\/wp-json\/wp\/v2\/types\/page"}],"author":[{"embeddable":true,"href":"https:\/\/ascendleadership.web3.anasource.com\/fr\/wp-json\/wp\/v2\/users\/1"}],"replies":[{"embeddable":true,"href":"https:\/\/ascendleadership.web3.anasource.com\/fr\/wp-json\/wp\/v2\/comments?post=9177"}],"version-history":[{"count":3,"href":"https:\/\/ascendleadership.web3.anasource.com\/fr\/wp-json\/wp\/v2\/pages\/9177\/revisions"}],"predecessor-version":[{"id":12118,"href":"https:\/\/ascendleadership.web3.anasource.com\/fr\/wp-json\/wp\/v2\/pages\/9177\/revisions\/12118"}],"up":[{"embeddable":true,"href":"https:\/\/ascendleadership.web3.anasource.com\/fr\/wp-json\/wp\/v2\/pages\/9967"}],"wp:attachment":[{"href":"https:\/\/ascendleadership.web3.anasource.com\/fr\/wp-json\/wp\/v2\/media?parent=9177"}],"curies":[{"name":"wp","href":"https:\/\/api.w.org\/{rel}","templated":true}]}}