{"id":9136,"date":"2023-04-14T11:43:51","date_gmt":"2023-04-14T15:43:51","guid":{"rendered":"https:\/\/ascendleadership.ca\/kathleen-e-butterfield-%e5%a7%9a%e5%98%89%e6%95%8f\/"},"modified":"2026-01-05T18:33:26","modified_gmt":"2026-01-05T23:33:26","slug":"kathleen-e-butterfield","status":"publish","type":"page","link":"https:\/\/ascendleadership.web3.anasource.com\/fr\/people\/kathleen-e-butterfield\/","title":{"rendered":"Kathleen E. Butterfield (\u59da\u5609\u654f)"},"content":{"rendered":"\t\t<div data-elementor-type=\"wp-page\" data-elementor-id=\"9136\" class=\"elementor elementor-9136 elementor-4887\">\n\t\t\t\t\t\t<section class=\"elementor-section elementor-top-section elementor-element elementor-element-490de77 elementor-section-boxed elementor-section-height-default elementor-section-height-default\" data-id=\"490de77\" data-element_type=\"section\">\n\t\t\t\t\t\t<div class=\"elementor-container elementor-column-gap-default\">\n\t\t\t\t\t<div class=\"elementor-column elementor-col-100 elementor-top-column elementor-element elementor-element-b58d294\" data-id=\"b58d294\" data-element_type=\"column\">\n\t\t\t<div class=\"elementor-widget-wrap elementor-element-populated\">\n\t\t\t\t\t\t<section class=\"elementor-section elementor-inner-section elementor-element elementor-element-0358b27 elementor-section-boxed elementor-section-height-default elementor-section-height-default\" data-id=\"0358b27\" data-element_type=\"section\">\n\t\t\t\t\t\t<div class=\"elementor-container elementor-column-gap-default\">\n\t\t\t\t\t<div class=\"elementor-column elementor-col-50 elementor-inner-column elementor-element elementor-element-17168ba\" data-id=\"17168ba\" data-element_type=\"column\">\n\t\t\t<div class=\"elementor-widget-wrap elementor-element-populated\">\n\t\t\t\t\t\t<div class=\"elementor-element elementor-element-d12be38 elementor-widget elementor-widget-image\" data-id=\"d12be38\" data-element_type=\"widget\" data-widget_type=\"image.default\">\n\t\t\t\t<div class=\"elementor-widget-container\">\n\t\t\t\t\t\t\t\t\t\t\t\t\t\t\t<img fetchpriority=\"high\" decoding=\"async\" width=\"250\" height=\"250\" src=\"https:\/\/ascendleadership.web3.anasource.com\/wp-content\/uploads\/2023\/04\/Kathleen-butterfield-toronto-lawyer-3_Option-1.jpg\" class=\"attachment-full size-full wp-image-7757\" alt=\"\" srcset=\"https:\/\/ascendleadership.web3.anasource.com\/wp-content\/uploads\/2023\/04\/Kathleen-butterfield-toronto-lawyer-3_Option-1.jpg 250w, https:\/\/ascendleadership.web3.anasource.com\/wp-content\/uploads\/2023\/04\/Kathleen-butterfield-toronto-lawyer-3_Option-1-150x150.jpg 150w, https:\/\/ascendleadership.web3.anasource.com\/wp-content\/uploads\/2023\/04\/Kathleen-butterfield-toronto-lawyer-3_Option-1-100x100.jpg 100w\" sizes=\"(max-width: 250px) 100vw, 250px\" \/>\t\t\t\t\t\t\t\t\t\t\t\t\t\t\t<\/div>\n\t\t\t\t<\/div>\n\t\t\t\t\t<\/div>\n\t\t<\/div>\n\t\t\t\t<div class=\"elementor-column elementor-col-50 elementor-inner-column elementor-element elementor-element-e50d444\" data-id=\"e50d444\" data-element_type=\"column\">\n\t\t\t<div class=\"elementor-widget-wrap elementor-element-populated\">\n\t\t\t\t\t\t<div class=\"elementor-element elementor-element-ee186f8 elementor-widget elementor-widget-heading\" data-id=\"ee186f8\" data-element_type=\"widget\" data-widget_type=\"heading.default\">\n\t\t\t\t<div class=\"elementor-widget-container\">\n\t\t\t\t\t<h5 class=\"elementor-heading-title elementor-size-default\">Avocat G\u00e9n\u00e9ral \u2013 Loyaut\u00e9, Air Canada<\/h5>\t\t\t\t<\/div>\n\t\t\t\t<\/div>\n\t\t\t\t<div class=\"elementor-element elementor-element-9774a36 elementor-widget elementor-widget-text-editor\" data-id=\"9774a36\" data-element_type=\"widget\" data-widget_type=\"text-editor.default\">\n\t\t\t\t<div class=\"elementor-widget-container\">\n\t\t\t\t\t\t\t\t\t<p><span style=\"color: #000000;\">Kathleen Butterfield est avocate g\u00e9n\u00e9rale &#8211; Loyaut\u00e9 pour Air Canada. \u00c0 ce titre, elle est responsable de fournir des conseils strat\u00e9giques en mati\u00e8re d\u2019affaires et juridiques aux fonctions de fid\u00e9lisation au sein d\u2019Air Canada, y compris A\u00e9roplan.\u00a0\u00a0<\/span><\/p><p><span style=\"font-family: var(--primary-fonts); color: #000000; font-weight: var( --e-global-typography-text-font-weight );\">Avant de se joindre \u00e0 Air Canada en septembre 2023, Kathleen \u00e9tait associ\u00e9e au sein du groupe des services financiers de Fasken.\u00a0 Elle a conseill\u00e9 des assureurs, des banques, des soci\u00e9t\u00e9s de paiement et d\u2019autres entreprises sur un large \u00e9ventail de questions de gouvernance, commerciales, transactionnelles et r\u00e9glementaires, y compris les programmes de fid\u00e9lisation et de cartes de cr\u00e9dit. De plus, Kathleen a dirig\u00e9 le cabinet Asia de Fasken.\u00a0<\/span><\/p><p><span style=\"font-family: var(--primary-fonts); color: #000000; font-weight: var( --e-global-typography-text-font-weight );\">Kathleen est reconnue \u00e0 l\u2019\u00e9chelle nationale par les annuaires juridiques, y compris IFLR 1000, comme tr\u00e8s r\u00e9put\u00e9e dans le domaine de la r\u00e9glementation des services financiers et comme avocate hors pair par Thomson Reuters.<\/span><\/p>\t\t\t\t\t\t\t\t<\/div>\n\t\t\t\t<\/div>\n\t\t\t\t\t<\/div>\n\t\t<\/div>\n\t\t\t\t\t<\/div>\n\t\t<\/section>\n\t\t\t\t\t<\/div>\n\t\t<\/div>\n\t\t\t\t\t<\/div>\n\t\t<\/section>\n\t\t\t\t<\/div>\n\t\t","protected":false},"excerpt":{"rendered":"<p>Avocat G\u00e9n\u00e9ral \u2013 Loyaut\u00e9, Air Canada Kathleen Butterfield est avocate g\u00e9n\u00e9rale &#8211; Loyaut\u00e9 pour Air Canada. \u00c0 ce titre, elle est responsable de fournir des conseils strat\u00e9giques en mati\u00e8re d\u2019affaires et juridiques aux fonctions de fid\u00e9lisation au sein d\u2019Air Canada, y compris A\u00e9roplan.\u00a0\u00a0 Avant de se joindre \u00e0 Air Canada en septembre 2023, Kathleen \u00e9tait [&hellip;]<\/p>\n","protected":false},"author":1,"featured_media":0,"parent":9967,"menu_order":0,"comment_status":"closed","ping_status":"closed","template":"template\/template-full-width.php","meta":{"footnotes":""},"class_list":["post-9136","page","type-page","status-publish","hentry"],"_links":{"self":[{"href":"https:\/\/ascendleadership.web3.anasource.com\/fr\/wp-json\/wp\/v2\/pages\/9136","targetHints":{"allow":["GET"]}}],"collection":[{"href":"https:\/\/ascendleadership.web3.anasource.com\/fr\/wp-json\/wp\/v2\/pages"}],"about":[{"href":"https:\/\/ascendleadership.web3.anasource.com\/fr\/wp-json\/wp\/v2\/types\/page"}],"author":[{"embeddable":true,"href":"https:\/\/ascendleadership.web3.anasource.com\/fr\/wp-json\/wp\/v2\/users\/1"}],"replies":[{"embeddable":true,"href":"https:\/\/ascendleadership.web3.anasource.com\/fr\/wp-json\/wp\/v2\/comments?post=9136"}],"version-history":[{"count":18,"href":"https:\/\/ascendleadership.web3.anasource.com\/fr\/wp-json\/wp\/v2\/pages\/9136\/revisions"}],"predecessor-version":[{"id":17763,"href":"https:\/\/ascendleadership.web3.anasource.com\/fr\/wp-json\/wp\/v2\/pages\/9136\/revisions\/17763"}],"up":[{"embeddable":true,"href":"https:\/\/ascendleadership.web3.anasource.com\/fr\/wp-json\/wp\/v2\/pages\/9967"}],"wp:attachment":[{"href":"https:\/\/ascendleadership.web3.anasource.com\/fr\/wp-json\/wp\/v2\/media?parent=9136"}],"curies":[{"name":"wp","href":"https:\/\/api.w.org\/{rel}","templated":true}]}}