{"id":9115,"date":"2023-04-14T11:00:45","date_gmt":"2023-04-14T11:00:45","guid":{"rendered":"https:\/\/ascendleadership.ca\/farah-qasemi\/"},"modified":"2023-05-29T06:33:58","modified_gmt":"2023-05-29T06:33:58","slug":"farah-qasemi","status":"publish","type":"page","link":"https:\/\/ascendleadership.web3.anasource.com\/fr\/people\/farah-qasemi\/","title":{"rendered":"Farah Qasemi"},"content":{"rendered":"\t\t<div data-elementor-type=\"wp-page\" data-elementor-id=\"9115\" class=\"elementor elementor-9115 elementor-4826\">\n\t\t\t\t\t\t<section class=\"elementor-section elementor-top-section elementor-element elementor-element-b756755 elementor-section-boxed elementor-section-height-default elementor-section-height-default\" data-id=\"b756755\" data-element_type=\"section\">\n\t\t\t\t\t\t<div class=\"elementor-container elementor-column-gap-default\">\n\t\t\t\t\t<div class=\"elementor-column elementor-col-100 elementor-top-column elementor-element elementor-element-be82b95\" data-id=\"be82b95\" data-element_type=\"column\">\n\t\t\t<div class=\"elementor-widget-wrap elementor-element-populated\">\n\t\t\t\t\t\t<section class=\"elementor-section elementor-inner-section elementor-element elementor-element-4e31994 elementor-section-boxed elementor-section-height-default elementor-section-height-default\" data-id=\"4e31994\" data-element_type=\"section\">\n\t\t\t\t\t\t<div class=\"elementor-container elementor-column-gap-default\">\n\t\t\t\t\t<div class=\"elementor-column elementor-col-50 elementor-inner-column elementor-element elementor-element-e712a8d\" data-id=\"e712a8d\" data-element_type=\"column\">\n\t\t\t<div class=\"elementor-widget-wrap elementor-element-populated\">\n\t\t\t\t\t\t<div class=\"elementor-element elementor-element-a402761 elementor-widget elementor-widget-image\" data-id=\"a402761\" data-element_type=\"widget\" data-widget_type=\"image.default\">\n\t\t\t\t<div class=\"elementor-widget-container\">\n\t\t\t\t\t\t\t\t\t\t\t\t\t\t\t<img fetchpriority=\"high\" decoding=\"async\" width=\"250\" height=\"250\" src=\"https:\/\/ascendleadership.web3.anasource.com\/wp-content\/uploads\/2023\/04\/Farah-Qasemi.jpg\" class=\"attachment-full size-full wp-image-7754\" alt=\"\" srcset=\"https:\/\/ascendleadership.web3.anasource.com\/wp-content\/uploads\/2023\/04\/Farah-Qasemi.jpg 250w, https:\/\/ascendleadership.web3.anasource.com\/wp-content\/uploads\/2023\/04\/Farah-Qasemi-150x150.jpg 150w, https:\/\/ascendleadership.web3.anasource.com\/wp-content\/uploads\/2023\/04\/Farah-Qasemi-100x100.jpg 100w\" sizes=\"(max-width: 250px) 100vw, 250px\" \/>\t\t\t\t\t\t\t\t\t\t\t\t\t\t\t<\/div>\n\t\t\t\t<\/div>\n\t\t\t\t\t<\/div>\n\t\t<\/div>\n\t\t\t\t<div class=\"elementor-column elementor-col-50 elementor-inner-column elementor-element elementor-element-3769ace\" data-id=\"3769ace\" data-element_type=\"column\">\n\t\t\t<div class=\"elementor-widget-wrap elementor-element-populated\">\n\t\t\t\t\t\t<div class=\"elementor-element elementor-element-fe76ae6 elementor-widget elementor-widget-heading\" data-id=\"fe76ae6\" data-element_type=\"widget\" data-widget_type=\"heading.default\">\n\t\t\t\t<div class=\"elementor-widget-container\">\n\t\t\t\t\t<h5 class=\"elementor-heading-title elementor-size-default\">Membre du conseil d\u2019administration\/Associ\u00e9e \u00e0 IBM<\/h5>\t\t\t\t<\/div>\n\t\t\t\t<\/div>\n\t\t\t\t<div class=\"elementor-element elementor-element-3e03507 elementor-widget elementor-widget-text-editor\" data-id=\"3e03507\" data-element_type=\"widget\" data-widget_type=\"text-editor.default\">\n\t\t\t\t<div class=\"elementor-widget-container\">\n\t\t\t\t\t\t\t\t\t<p><span data-contrast=\"auto\">Farah est associ\u00e9e des services financiers du groupe Services commerciaux mondiaux (consultation) d\u2019IBM. Cette responsable du service \u00e0 la client\u00e8le et des march\u00e9s a consacr\u00e9 les quinze\u202fderni\u00e8res ann\u00e9es \u00e0 tenter de surpasser les objectifs de croissance de l\u2019industrie et des comptes pour certains des principaux services professionnels et centres technologiques au Canada, aux \u00c9tats-Unis, au Royaume-Uni et en Europe continentale. Avant de se joindre \u00e0 IBM, Farah a occup\u00e9 des postes de direction des services financiers chez KPMG Canada, CSC UK (maintenant DXC Technology suivant la fusion avec HP), PwC Royaume-Uni et PwC Canada.<\/span><span data-ccp-props=\"{&quot;201341983&quot;:0,&quot;335559739&quot;:0,&quot;335559740&quot;:276}\">\u00a0<\/span><\/p><p><span data-contrast=\"auto\">Farah a concentr\u00e9 les derni\u00e8res ann\u00e9es de sa carri\u00e8re sur les technologies et la cognition (intelligence artificielle, automatisation, etc.) permettant aux plus grandes banques du monde de r\u00e9pondre aux demandes r\u00e9glementaires mondiales, de rationaliser leurs op\u00e9rations, de d\u00e9passer les objectifs de croissance et de servir les employ\u00e9s et les clients au mieux de leurs capacit\u00e9s. En plus d\u2019Ascend Canada, Farah est \u00e9galement membre du conseil d\u2019administration de The Empire Club of Canada, le forum des conf\u00e9renciers de premier plan et l\u2019un des plus anciens du Canada. Farah a par ailleurs \u00e9t\u00e9 membre du conseil d\u2019administration de GenNext et du cabinet de la campagne d\u2019United Way de Toronto pendant deux ans; elle se passionne pour l\u2019inclusion, particuli\u00e8rement en ce qui concerne les femmes et les minorit\u00e9s visibles, ayant abondamment parl\u00e9 sur les deux sujets lors d\u2019\u00e9v\u00e9nements du secteur. Avant de se joindre aux services financiers, Farah a d\u00e9velopp\u00e9 le programme de commandite d\u2019entreprise \u00e0 l\u2019Universit\u00e9 McGill, son alma mater. Farah est une entrepreneure en s\u00e9rie depuis l\u2019\u00e2ge de 17\u202fans\u202f: alors qu\u2019elle \u00e9tudiait encore \u00e0 l\u2019universit\u00e9, elle a \u00e9tabli sa premi\u00e8re entreprise dans le secteur du p\u00e9trole et du gaz, afin de soutenir les programmes extrac\u00f4tiers d\u2019acteurs mondiaux comme BP et Shell.<\/span><span data-ccp-props=\"{&quot;201341983&quot;:0,&quot;335559739&quot;:0,&quot;335559740&quot;:276}\">\u00a0<\/span><\/p><p><span data-contrast=\"auto\">Dans ses temps libres, Farah se pr\u00e9cipite vers un cours d\u2019\u00e9ducation physique, poursuit sa fille de trois ans ou planifie des aventures de voyage. Farah, Jahan et Ari se sont \u00e9tablis \u00e0 Leslieville, \u00e0 Toronto, \u00e0 la suite de leur d\u00e9m\u00e9nagement de Londres, au Royaume-Uni, en 2015. Elle parle couramment l\u2019anglais, le persan et l\u2019hindi\/l\u2019urdu.<\/span><span data-ccp-props=\"{&quot;201341983&quot;:0,&quot;335559739&quot;:0,&quot;335559740&quot;:276}\">\u00a0<\/span><\/p>\t\t\t\t\t\t\t\t<\/div>\n\t\t\t\t<\/div>\n\t\t\t\t\t<\/div>\n\t\t<\/div>\n\t\t\t\t\t<\/div>\n\t\t<\/section>\n\t\t\t\t\t<\/div>\n\t\t<\/div>\n\t\t\t\t\t<\/div>\n\t\t<\/section>\n\t\t\t\t<\/div>\n\t\t","protected":false},"excerpt":{"rendered":"<p>Membre du conseil d\u2019administration\/Associ\u00e9e \u00e0 IBM Farah est associ\u00e9e des services financiers du groupe Services commerciaux mondiaux (consultation) d\u2019IBM. Cette responsable du service \u00e0 la client\u00e8le et des march\u00e9s a consacr\u00e9 les quinze\u202fderni\u00e8res ann\u00e9es \u00e0 tenter de surpasser les objectifs de croissance de l\u2019industrie et des comptes pour certains des principaux services professionnels et centres [&hellip;]<\/p>\n","protected":false},"author":1,"featured_media":0,"parent":9967,"menu_order":0,"comment_status":"closed","ping_status":"closed","template":"template\/template-full-width.php","meta":{"footnotes":""},"class_list":["post-9115","page","type-page","status-publish","hentry"],"_links":{"self":[{"href":"https:\/\/ascendleadership.web3.anasource.com\/fr\/wp-json\/wp\/v2\/pages\/9115","targetHints":{"allow":["GET"]}}],"collection":[{"href":"https:\/\/ascendleadership.web3.anasource.com\/fr\/wp-json\/wp\/v2\/pages"}],"about":[{"href":"https:\/\/ascendleadership.web3.anasource.com\/fr\/wp-json\/wp\/v2\/types\/page"}],"author":[{"embeddable":true,"href":"https:\/\/ascendleadership.web3.anasource.com\/fr\/wp-json\/wp\/v2\/users\/1"}],"replies":[{"embeddable":true,"href":"https:\/\/ascendleadership.web3.anasource.com\/fr\/wp-json\/wp\/v2\/comments?post=9115"}],"version-history":[{"count":0,"href":"https:\/\/ascendleadership.web3.anasource.com\/fr\/wp-json\/wp\/v2\/pages\/9115\/revisions"}],"up":[{"embeddable":true,"href":"https:\/\/ascendleadership.web3.anasource.com\/fr\/wp-json\/wp\/v2\/pages\/9967"}],"wp:attachment":[{"href":"https:\/\/ascendleadership.web3.anasource.com\/fr\/wp-json\/wp\/v2\/media?parent=9115"}],"curies":[{"name":"wp","href":"https:\/\/api.w.org\/{rel}","templated":true}]}}