{"id":9040,"date":"2023-04-14T09:54:27","date_gmt":"2023-04-14T13:54:27","guid":{"rendered":"https:\/\/ascendleadership.ca\/andrew-kwong\/"},"modified":"2026-01-05T18:33:54","modified_gmt":"2026-01-05T23:33:54","slug":"andrew-kwong","status":"publish","type":"page","link":"https:\/\/ascendleadership.web3.anasource.com\/fr\/people\/andrew-kwong\/","title":{"rendered":"Andrew Kwong"},"content":{"rendered":"\t\t<div data-elementor-type=\"wp-page\" data-elementor-id=\"9040\" class=\"elementor elementor-9040 elementor-4811\">\n\t\t\t\t\t\t<section class=\"elementor-section elementor-top-section elementor-element elementor-element-a2ecbdc elementor-section-boxed elementor-section-height-default elementor-section-height-default\" data-id=\"a2ecbdc\" data-element_type=\"section\">\n\t\t\t\t\t\t<div class=\"elementor-container elementor-column-gap-default\">\n\t\t\t\t\t<div class=\"elementor-column elementor-col-100 elementor-top-column elementor-element elementor-element-93e095a\" data-id=\"93e095a\" data-element_type=\"column\">\n\t\t\t<div class=\"elementor-widget-wrap elementor-element-populated\">\n\t\t\t\t\t\t<section class=\"elementor-section elementor-inner-section elementor-element elementor-element-6e70175 elementor-section-boxed elementor-section-height-default elementor-section-height-default\" data-id=\"6e70175\" data-element_type=\"section\">\n\t\t\t\t\t\t<div class=\"elementor-container elementor-column-gap-default\">\n\t\t\t\t\t<div class=\"elementor-column elementor-col-50 elementor-inner-column elementor-element elementor-element-9ac2f0a\" data-id=\"9ac2f0a\" data-element_type=\"column\">\n\t\t\t<div class=\"elementor-widget-wrap elementor-element-populated\">\n\t\t\t\t\t\t<div class=\"elementor-element elementor-element-f3936e0 elementor-widget elementor-widget-image\" data-id=\"f3936e0\" data-element_type=\"widget\" data-widget_type=\"image.default\">\n\t\t\t\t<div class=\"elementor-widget-container\">\n\t\t\t\t\t\t\t\t\t\t\t\t\t\t\t<img fetchpriority=\"high\" decoding=\"async\" width=\"250\" height=\"250\" src=\"https:\/\/ascendleadership.web3.anasource.com\/wp-content\/uploads\/2023\/04\/Andrew-Kwong-ascend-canada.jpg\" class=\"attachment-full size-full wp-image-7752\" alt=\"Andrew Kwong\" srcset=\"https:\/\/ascendleadership.web3.anasource.com\/wp-content\/uploads\/2023\/04\/Andrew-Kwong-ascend-canada.jpg 250w, https:\/\/ascendleadership.web3.anasource.com\/wp-content\/uploads\/2023\/04\/Andrew-Kwong-ascend-canada-150x150.jpg 150w, https:\/\/ascendleadership.web3.anasource.com\/wp-content\/uploads\/2023\/04\/Andrew-Kwong-ascend-canada-100x100.jpg 100w\" sizes=\"(max-width: 250px) 100vw, 250px\" \/>\t\t\t\t\t\t\t\t\t\t\t\t\t\t\t<\/div>\n\t\t\t\t<\/div>\n\t\t\t\t\t<\/div>\n\t\t<\/div>\n\t\t\t\t<div class=\"elementor-column elementor-col-50 elementor-inner-column elementor-element elementor-element-096626c\" data-id=\"096626c\" data-element_type=\"column\">\n\t\t\t<div class=\"elementor-widget-wrap elementor-element-populated\">\n\t\t\t\t\t\t<div class=\"elementor-element elementor-element-e27c658 elementor-widget elementor-widget-heading\" data-id=\"e27c658\" data-element_type=\"widget\" data-widget_type=\"heading.default\">\n\t\t\t\t<div class=\"elementor-widget-container\">\n\t\t\t\t\t<h5 class=\"elementor-heading-title elementor-size-default\">Membre du Conseil d\u2019Administration \/ Associ\u00e9 \u00e0 Deloitte \u2013 Leader du March\u00e9 de l\u2019Ontario en Conseil en Gestion des Risques<\/h5>\t\t\t\t<\/div>\n\t\t\t\t<\/div>\n\t\t\t\t<div class=\"elementor-element elementor-element-5248213 elementor-widget elementor-widget-text-editor\" data-id=\"5248213\" data-element_type=\"widget\" data-widget_type=\"text-editor.default\">\n\t\t\t\t<div class=\"elementor-widget-container\">\n\t\t\t\t\t\t\t\t\t<p style=\"margin-right: 0px; margin-bottom: 15px; margin-left: 0px; line-height: 28px; color: #000000; font-family: 'Fira Sans';\">En tant que cadre sup\u00e9rieur chevronn\u00e9 comptant 30 ans d\u2019exp\u00e9rience dans le domaine des services professionnels, j\u2019ai eu le privil\u00e8ge de servir des clients et d\u2019occuper divers postes de gestion \u00e0 la t\u00eate de lignes de service nationales, de r\u00e9gions, d\u2019industries et d\u2019op\u00e9rations.<\/p>\n<p style=\"margin-right: 0px; margin-bottom: 15px; margin-left: 0px; line-height: 28px; color: #000000; font-family: 'Fira Sans';\">Je suis passionn\u00e9 par la collaboration avec les autres pour r\u00e9soudre les principaux d\u00e9fis de l\u2019industrie et aider mes clients \u00e0 atteindre leurs objectifs strat\u00e9giques et leurs priorit\u00e9s. J\u2019ai travaill\u00e9 aux c\u00f4t\u00e9s de clients internationaux et locaux des secteurs public et priv\u00e9 dans de nombreux secteurs, notamment la consommation, la banque, l\u2019\u00e9nergie et les ressources.<\/p>\n<p style=\"margin-right: 0px; margin-bottom: 15px; margin-left: 0px; line-height: 28px; color: #000000; font-family: 'Fira Sans';\">Ma principale comp\u00e9tence consiste \u00e0 aider mes clients \u00e0 g\u00e9rer leurs risques, leur gouvernance et leurs programmes de conformit\u00e9 en mettant l\u2019accent sur la modernisation de leur environnement de contr\u00f4le et de leurs initiatives de conformit\u00e9 au moyen de technologies \u00e9mergentes.  Dans le cadre de mes fonctions actuelles, je dirige une \u00e9quipe de professionnels de la v\u00e9rification et de la certification \u00e0 l\u2019\u00e9chelle du Canada afin de servir et de soutenir les organisations dans des domaines comme la comptabilit\u00e9 complexe, les appels publics \u00e0 l\u2019\u00e9pargne initiaux, les fusions et acquisitions, les rapports d\u2019entreprise, les risques et les contr\u00f4les, la v\u00e9rification interne et la troisi\u00e8me&#8230;assurance des parties.<\/p>\n<p style=\"margin-right: 0px; margin-bottom: 15px; margin-left: 0px; line-height: 28px; color: #000000; font-family: 'Fira Sans';\">En tant que partenaire commanditaire du R\u00e9seau asiatique canadien (RCA) de notre cabinet et en tant que vice-pr\u00e9sident ex\u00e9cutif et membre du conseil d\u2019administration d\u2019Ascend Canada, je m\u2019engage \u00e0 soutenir la diversit\u00e9, l\u2019\u00e9quit\u00e9 et l\u2019inclusion au sein de notre cabinet et de notre communaut\u00e9.  Je crois aussi qu\u2019il faut redonner \u00e0 notre profession et \u00e0 nos communaut\u00e9s. Je suis b\u00e9n\u00e9vole \u00e0 CPA Canada au sein du Comit\u00e9 de la technologie de la v\u00e9rification et de la certification, je suis pr\u00e9sident honoraire de la Marche pour vaincre le cancer et je codirige des \u00e9quipes m\u00e9dicales pour la famille Mully Children au Kenya, en Afrique.<\/p>\t\t\t\t\t\t\t\t<\/div>\n\t\t\t\t<\/div>\n\t\t\t\t\t<\/div>\n\t\t<\/div>\n\t\t\t\t\t<\/div>\n\t\t<\/section>\n\t\t\t\t\t<\/div>\n\t\t<\/div>\n\t\t\t\t\t<\/div>\n\t\t<\/section>\n\t\t\t\t<\/div>\n\t\t","protected":false},"excerpt":{"rendered":"<p>Membre du Conseil d\u2019Administration \/ Associ\u00e9 \u00e0 Deloitte \u2013 Leader du March\u00e9 de l\u2019Ontario en Conseil en Gestion des Risques En tant que cadre sup\u00e9rieur chevronn\u00e9 comptant 30 ans d\u2019exp\u00e9rience dans le domaine des services professionnels, j\u2019ai eu le privil\u00e8ge de servir des clients et d\u2019occuper divers postes de gestion \u00e0 la t\u00eate de lignes [&hellip;]<\/p>\n","protected":false},"author":1,"featured_media":0,"parent":9967,"menu_order":0,"comment_status":"closed","ping_status":"closed","template":"template\/template-full-width.php","meta":{"footnotes":""},"class_list":["post-9040","page","type-page","status-publish","hentry"],"_links":{"self":[{"href":"https:\/\/ascendleadership.web3.anasource.com\/fr\/wp-json\/wp\/v2\/pages\/9040","targetHints":{"allow":["GET"]}}],"collection":[{"href":"https:\/\/ascendleadership.web3.anasource.com\/fr\/wp-json\/wp\/v2\/pages"}],"about":[{"href":"https:\/\/ascendleadership.web3.anasource.com\/fr\/wp-json\/wp\/v2\/types\/page"}],"author":[{"embeddable":true,"href":"https:\/\/ascendleadership.web3.anasource.com\/fr\/wp-json\/wp\/v2\/users\/1"}],"replies":[{"embeddable":true,"href":"https:\/\/ascendleadership.web3.anasource.com\/fr\/wp-json\/wp\/v2\/comments?post=9040"}],"version-history":[{"count":27,"href":"https:\/\/ascendleadership.web3.anasource.com\/fr\/wp-json\/wp\/v2\/pages\/9040\/revisions"}],"predecessor-version":[{"id":17767,"href":"https:\/\/ascendleadership.web3.anasource.com\/fr\/wp-json\/wp\/v2\/pages\/9040\/revisions\/17767"}],"up":[{"embeddable":true,"href":"https:\/\/ascendleadership.web3.anasource.com\/fr\/wp-json\/wp\/v2\/pages\/9967"}],"wp:attachment":[{"href":"https:\/\/ascendleadership.web3.anasource.com\/fr\/wp-json\/wp\/v2\/media?parent=9040"}],"curies":[{"name":"wp","href":"https:\/\/api.w.org\/{rel}","templated":true}]}}