{"id":9024,"date":"2023-04-10T05:12:08","date_gmt":"2023-04-10T09:12:08","guid":{"rendered":"https:\/\/ascendleadership.ca\/alexander-peh\/"},"modified":"2026-01-05T18:25:17","modified_gmt":"2026-01-05T23:25:17","slug":"alexander-peh","status":"publish","type":"page","link":"https:\/\/ascendleadership.web3.anasource.com\/fr\/people\/alexander-peh\/","title":{"rendered":"Alexander Peh"},"content":{"rendered":"\t\t<div data-elementor-type=\"wp-page\" data-elementor-id=\"9024\" class=\"elementor elementor-9024 elementor-4098\">\n\t\t\t\t\t\t<section class=\"elementor-section elementor-top-section elementor-element elementor-element-6bca336 ascend-detail-page-section ascend-cms-section elementor-section-boxed elementor-section-height-default elementor-section-height-default\" data-id=\"6bca336\" data-element_type=\"section\">\n\t\t\t\t\t\t<div class=\"elementor-container elementor-column-gap-default\">\n\t\t\t\t\t<div class=\"elementor-column elementor-col-100 elementor-top-column elementor-element elementor-element-3d3fdef\" data-id=\"3d3fdef\" data-element_type=\"column\">\n\t\t\t<div class=\"elementor-widget-wrap elementor-element-populated\">\n\t\t\t\t\t\t<section class=\"elementor-section elementor-inner-section elementor-element elementor-element-98a4c4d elementor-section-boxed elementor-section-height-default elementor-section-height-default\" data-id=\"98a4c4d\" data-element_type=\"section\">\n\t\t\t\t\t\t<div class=\"elementor-container elementor-column-gap-default\">\n\t\t\t\t\t<div class=\"elementor-column elementor-col-50 elementor-inner-column elementor-element elementor-element-8b9e607\" data-id=\"8b9e607\" data-element_type=\"column\">\n\t\t\t<div class=\"elementor-widget-wrap elementor-element-populated\">\n\t\t\t\t\t\t<div class=\"elementor-element elementor-element-85185b2 elementor-widget elementor-widget-image\" data-id=\"85185b2\" data-element_type=\"widget\" data-widget_type=\"image.default\">\n\t\t\t\t<div class=\"elementor-widget-container\">\n\t\t\t\t\t\t\t\t\t\t\t\t\t\t\t<img fetchpriority=\"high\" decoding=\"async\" width=\"250\" height=\"250\" src=\"https:\/\/ascendleadership.web3.anasource.com\/wp-content\/uploads\/2023\/04\/Alex-Peh.jpg\" class=\"attachment-full size-full wp-image-7751\" alt=\"Alexander Peh\" srcset=\"https:\/\/ascendleadership.web3.anasource.com\/wp-content\/uploads\/2023\/04\/Alex-Peh.jpg 250w, https:\/\/ascendleadership.web3.anasource.com\/wp-content\/uploads\/2023\/04\/Alex-Peh-150x150.jpg 150w, https:\/\/ascendleadership.web3.anasource.com\/wp-content\/uploads\/2023\/04\/Alex-Peh-100x100.jpg 100w\" sizes=\"(max-width: 250px) 100vw, 250px\" \/>\t\t\t\t\t\t\t\t\t\t\t\t\t\t\t<\/div>\n\t\t\t\t<\/div>\n\t\t\t\t\t<\/div>\n\t\t<\/div>\n\t\t\t\t<div class=\"elementor-column elementor-col-50 elementor-inner-column elementor-element elementor-element-c90ca28\" data-id=\"c90ca28\" data-element_type=\"column\">\n\t\t\t<div class=\"elementor-widget-wrap elementor-element-populated\">\n\t\t\t\t\t\t<div class=\"elementor-element elementor-element-1eafafc elementor-widget elementor-widget-heading\" data-id=\"1eafafc\" data-element_type=\"widget\" data-widget_type=\"heading.default\">\n\t\t\t\t<div class=\"elementor-widget-container\">\n\t\t\t\t\t<h5 class=\"elementor-heading-title elementor-size-default\">Pr\u00e9sident du conseil, Ascend Canada<\/h5>\t\t\t\t<\/div>\n\t\t\t\t<\/div>\n\t\t\t\t<div class=\"elementor-element elementor-element-357fa4a elementor-widget elementor-widget-text-editor\" data-id=\"357fa4a\" data-element_type=\"widget\" data-widget_type=\"text-editor.default\">\n\t\t\t\t<div class=\"elementor-widget-container\">\n\t\t\t\t\t\t\t\t\t<p><span data-contrast=\"auto\">Alex est vice-pr\u00e9sident de l\u2019innovation, de la technologie et de l\u2019exploitation chez RBC. C\u2019est un leader passionn\u00e9 et ax\u00e9 sur la technologie poss\u00e9dant une exp\u00e9rience internationale dans les secteurs des paiements, du commerce num\u00e9rique, du d\u00e9veloppement de logiciels et des m\u00e9dias. N\u00e9 et \u00e9lev\u00e9 \u00e0 Kuala Lumpur, en Malaisie, il a \u00e9tudi\u00e9 \u00e0 Melbourne, en Australie, avec des p\u00e9riodes en Afrique, en Asie du Sud-Est et en Europe, Alexander est actuellement vice-pr\u00e9sident de l\u2019innovation et de l\u2019architecture d\u2019entreprise chez RBC. Avant de se joindre \u00e0 RBC, il a dirig\u00e9 le service D\u00e9veloppement du march\u00e9 et du mobile pour PayPal inc. depuis l\u2019Am\u00e9rique du Nord et l\u2019EMOA.<\/span><span data-ccp-props=\"{&quot;201341983&quot;:0,&quot;335559739&quot;:0,&quot;335559740&quot;:276}\">&nbsp;<\/span><\/p>\n<p><span data-contrast=\"auto\">Conseiller en d\u00e9marrage actif, investisseur en technologie financi\u00e8re et mentor-entrepreneur, il est membre d\u2019un \u00e9ventail de conseils consultatifs, dont TechToronto, Symend Inc., One More Story Games, Singularity University Canada et Canadian FinTech &amp; AI Awards.<\/span><span data-ccp-props=\"{&quot;201341983&quot;:0,&quot;335559739&quot;:0,&quot;335559740&quot;:276}\"><br><\/span><\/p>\n<p><span data-contrast=\"auto\">Relevant du vice-pr\u00e9sident directeur de l\u2019innovation et de la technologie, le mandat de son groupe consiste \u00e0 \u00eatre un p\u00f4le au sein de RBC qui s\u2019associe \u00e0 l\u2019ensemble de l\u2019entreprise et des secteurs d\u2019activit\u00e9s, exp\u00e9rimente, b\u00e2tit et fournit des solutions technologiques de prochaine g\u00e9n\u00e9ration.<\/span><span data-ccp-props=\"{&quot;201341983&quot;:0,&quot;335559739&quot;:0,&quot;335559740&quot;:276}\">&nbsp;<\/span><\/p>\n<p><strong>LinkedIn<\/strong>:&nbsp;<a title=\"linkedin.com\/in\/alexanderpeh\" role=\"button\" href=\"https:\/\/www.linkedin.com\/in\/alexanderpeh\" target=\"_blank\" rel=\"noopener\" aria-label=\"linkedin.com\/in\/alexanderpeh\">linkedin.com\/in\/alexanderpeh<\/a>&nbsp;| <strong>Website<\/strong>:&nbsp;<a title=\"www.alexanderpeh.com\" role=\"button\" href=\"http:\/\/www.alexanderpeh.com\/\" target=\"_blank\" rel=\"noopener\" aria-label=\"www.alexanderpeh.com\">www.alexanderpeh.com<\/a>&nbsp;| <strong>Twitter<\/strong>:&nbsp;<a title=\"@alexanderpeh\" role=\"button\" href=\"https:\/\/twitter.com\/alexanderpeh\" target=\"_blank\" rel=\"noopener\" aria-label=\"@alexanderpeh\">@alexanderpeh<\/a><\/p>\n<p class=\"vc_custom_heading text-left\"><strong>&nbsp;<\/strong><\/p>\t\t\t\t\t\t\t\t<\/div>\n\t\t\t\t<\/div>\n\t\t\t\t\t<\/div>\n\t\t<\/div>\n\t\t\t\t\t<\/div>\n\t\t<\/section>\n\t\t\t\t\t<\/div>\n\t\t<\/div>\n\t\t\t\t\t<\/div>\n\t\t<\/section>\n\t\t\t\t<\/div>\n\t\t","protected":false},"excerpt":{"rendered":"<p>Pr\u00e9sident du conseil, Ascend Canada Alex est vice-pr\u00e9sident de l\u2019innovation, de la technologie et de l\u2019exploitation chez RBC. C\u2019est un leader passionn\u00e9 et ax\u00e9 sur la technologie poss\u00e9dant une exp\u00e9rience internationale dans les secteurs des paiements, du commerce num\u00e9rique, du d\u00e9veloppement de logiciels et des m\u00e9dias. N\u00e9 et \u00e9lev\u00e9 \u00e0 Kuala Lumpur, en Malaisie, il [&hellip;]<\/p>\n","protected":false},"author":1,"featured_media":0,"parent":9967,"menu_order":0,"comment_status":"closed","ping_status":"closed","template":"template\/template-full-width.php","meta":{"footnotes":""},"class_list":["post-9024","page","type-page","status-publish","hentry"],"_links":{"self":[{"href":"https:\/\/ascendleadership.web3.anasource.com\/fr\/wp-json\/wp\/v2\/pages\/9024","targetHints":{"allow":["GET"]}}],"collection":[{"href":"https:\/\/ascendleadership.web3.anasource.com\/fr\/wp-json\/wp\/v2\/pages"}],"about":[{"href":"https:\/\/ascendleadership.web3.anasource.com\/fr\/wp-json\/wp\/v2\/types\/page"}],"author":[{"embeddable":true,"href":"https:\/\/ascendleadership.web3.anasource.com\/fr\/wp-json\/wp\/v2\/users\/1"}],"replies":[{"embeddable":true,"href":"https:\/\/ascendleadership.web3.anasource.com\/fr\/wp-json\/wp\/v2\/comments?post=9024"}],"version-history":[{"count":6,"href":"https:\/\/ascendleadership.web3.anasource.com\/fr\/wp-json\/wp\/v2\/pages\/9024\/revisions"}],"predecessor-version":[{"id":15562,"href":"https:\/\/ascendleadership.web3.anasource.com\/fr\/wp-json\/wp\/v2\/pages\/9024\/revisions\/15562"}],"up":[{"embeddable":true,"href":"https:\/\/ascendleadership.web3.anasource.com\/fr\/wp-json\/wp\/v2\/pages\/9967"}],"wp:attachment":[{"href":"https:\/\/ascendleadership.web3.anasource.com\/fr\/wp-json\/wp\/v2\/media?parent=9024"}],"curies":[{"name":"wp","href":"https:\/\/api.w.org\/{rel}","templated":true}]}}