{"id":8989,"date":"2023-04-19T07:01:38","date_gmt":"2023-04-19T07:01:38","guid":{"rendered":"https:\/\/ascendleadership.ca\/joanne-sun\/"},"modified":"2023-05-29T07:49:01","modified_gmt":"2023-05-29T07:49:01","slug":"joanne-sun","status":"publish","type":"page","link":"https:\/\/ascendleadership.web3.anasource.com\/fr\/people\/joanne-sun\/","title":{"rendered":"Joanne Sun"},"content":{"rendered":"\t\t<div data-elementor-type=\"wp-page\" data-elementor-id=\"8989\" class=\"elementor elementor-8989 elementor-5719\">\n\t\t\t\t\t\t<section class=\"elementor-section elementor-top-section elementor-element elementor-element-38ff0b7 elementor-section-boxed elementor-section-height-default elementor-section-height-default\" data-id=\"38ff0b7\" data-element_type=\"section\">\n\t\t\t\t\t\t<div class=\"elementor-container elementor-column-gap-default\">\n\t\t\t\t\t<div class=\"elementor-column elementor-col-100 elementor-top-column elementor-element elementor-element-643655e\" data-id=\"643655e\" data-element_type=\"column\">\n\t\t\t<div class=\"elementor-widget-wrap elementor-element-populated\">\n\t\t\t\t\t\t<section class=\"elementor-section elementor-inner-section elementor-element elementor-element-0b94a3e elementor-section-boxed elementor-section-height-default elementor-section-height-default\" data-id=\"0b94a3e\" data-element_type=\"section\">\n\t\t\t\t\t\t<div class=\"elementor-container elementor-column-gap-default\">\n\t\t\t\t\t<div class=\"elementor-column elementor-col-50 elementor-inner-column elementor-element elementor-element-672ac8f\" data-id=\"672ac8f\" data-element_type=\"column\">\n\t\t\t<div class=\"elementor-widget-wrap elementor-element-populated\">\n\t\t\t\t\t\t<div class=\"elementor-element elementor-element-744f4a3 elementor-widget elementor-widget-image\" data-id=\"744f4a3\" data-element_type=\"widget\" data-widget_type=\"image.default\">\n\t\t\t\t<div class=\"elementor-widget-container\">\n\t\t\t\t\t\t\t\t\t\t\t\t\t\t\t<img fetchpriority=\"high\" decoding=\"async\" width=\"250\" height=\"250\" src=\"https:\/\/ascendleadership.web3.anasource.com\/wp-content\/uploads\/2023\/04\/Joanne-Sun-250-250.jpg\" class=\"attachment-full size-full wp-image-7791\" alt=\"\" srcset=\"https:\/\/ascendleadership.web3.anasource.com\/wp-content\/uploads\/2023\/04\/Joanne-Sun-250-250.jpg 250w, https:\/\/ascendleadership.web3.anasource.com\/wp-content\/uploads\/2023\/04\/Joanne-Sun-250-250-150x150.jpg 150w, https:\/\/ascendleadership.web3.anasource.com\/wp-content\/uploads\/2023\/04\/Joanne-Sun-250-250-100x100.jpg 100w\" sizes=\"(max-width: 250px) 100vw, 250px\" \/>\t\t\t\t\t\t\t\t\t\t\t\t\t\t\t<\/div>\n\t\t\t\t<\/div>\n\t\t\t\t\t<\/div>\n\t\t<\/div>\n\t\t\t\t<div class=\"elementor-column elementor-col-50 elementor-inner-column elementor-element elementor-element-ae59d57\" data-id=\"ae59d57\" data-element_type=\"column\">\n\t\t\t<div class=\"elementor-widget-wrap elementor-element-populated\">\n\t\t\t\t\t\t<div class=\"elementor-element elementor-element-68d85b6 elementor-widget elementor-widget-heading\" data-id=\"68d85b6\" data-element_type=\"widget\" data-widget_type=\"heading.default\">\n\t\t\t\t<div class=\"elementor-widget-container\">\n\t\t\t\t\t<h5 class=\"elementor-heading-title elementor-size-default\">Membre du conseil strat\u00e9gique de Vancouver<\/h5>\t\t\t\t<\/div>\n\t\t\t\t<\/div>\n\t\t\t\t<div class=\"elementor-element elementor-element-fc2f807 elementor-widget elementor-widget-text-editor\" data-id=\"fc2f807\" data-element_type=\"widget\" data-widget_type=\"text-editor.default\">\n\t\t\t\t<div class=\"elementor-widget-container\">\n\t\t\t\t\t\t\t\t\t<p><span data-contrast=\"auto\">Joanne Sun est associ\u00e9e en fiscalit\u00e9 \u00e0 BDO et dirige actuellement le groupe des services mondiaux aux employeurs de BDO dans la r\u00e9gion de l\u2019Ouest. Elle est chef de la pratique Services d\u2019immigration de BDO au Canada. Elle poss\u00e8de plus de vingt ans d\u2019exp\u00e9rience professionnelle en aidant les employeurs \u00e0 g\u00e9rer les questions fiscales canadiennes et am\u00e9ricaines d\u00e9coulant du mouvement transfrontalier de ses employ\u00e9s, consultants, directeurs et cadres. Elle travaille en partenariat avec les \u00e9quipes de mobilit\u00e9 mondiale, des RH, des services juridiques, de la fiscalit\u00e9 et des finances dans un large \u00e9ventail d\u2019industries, y compris les services financiers, les ressources mini\u00e8res et naturelles, l\u2019ing\u00e9nierie et la construction, ainsi que les secteurs de la technologie et des sciences de la vie. Joanne poss\u00e8de \u00e9galement une vaste exp\u00e9rience en mati\u00e8re de r\u00e9mun\u00e9ration des cadres sup\u00e9rieurs (r\u00e9mun\u00e9ration \u00e0 base de titres de participation) et de conception et de mise en \u0153uvre de politiques d\u2019expatri\u00e9s.<\/span><span data-ccp-props=\"{&quot;201341983&quot;:0,&quot;335559739&quot;:0,&quot;335559740&quot;:276}\">\u00a0<\/span><\/p><p><span data-contrast=\"auto\">Joanne s\u2019est jointe \u00e0 Ascend en 2013 et a \u00e9t\u00e9 l\u2019une des membres fondateurs de la section Vancouver d\u2019Ascend Canada. Elle est passionn\u00e9e par le perfectionnement du personnel et l\u2019\u00e9laboration de nouvelles id\u00e9es avec la diversit\u00e9. Elle a particip\u00e9 \u00e0 un certain nombre de programmes de leadership de premier plan, s\u2019est jointe \u00e0 divers groupes communautaires d\u2019employ\u00e9s en mati\u00e8re de diversit\u00e9 et d\u2019inclusion et a activement encadr\u00e9 de nombreux employ\u00e9s dans les organisations pour lesquelles elle a travaill\u00e9 au fil des ans. En 2018, elle a fi\u00e8rement servi de mentore aux leaders \u00e9mergents du programme de mentorat d\u2019Ascend Canada pour partager ses exp\u00e9riences personnelles et aider ses prot\u00e9g\u00e9s \u00e0 se perfectionner professionnellement \u00e0 leurs pleines capacit\u00e9s. Aujourd\u2019hui, elle continue de si\u00e9ger au Conseil consultatif strat\u00e9gique d\u2019Ascend (section de Vancouver) avec notre pr\u00e9sidente de la section de Vancouver et plusieurs membres fondateurs de la section.<\/span><span data-ccp-props=\"{&quot;201341983&quot;:0,&quot;335559739&quot;:0,&quot;335559740&quot;:276}\">\u00a0<\/span><\/p><p><span data-contrast=\"auto\">Joanne est dipl\u00f4m\u00e9e de l\u2019Universit\u00e9 de la Colombie-Britannique. Elle a obtenu ses titres de CPA et de CA en Colombie-Britannique et au Qu\u00e9bec, et a \u00e9galement \u00e9t\u00e9 admise pour pratiquer avant l\u2019IRS des \u00c9tats-Unis. Dans ses temps libres, on peut la d\u00e9couvrir dans son gymnase \u00e0 domicile en pleine pand\u00e9mie, explorer de nouvelles recettes de fusion asiatique et s\u2019occuper du temps avec sa famille mixte.<\/span><span data-ccp-props=\"{&quot;201341983&quot;:0,&quot;335559739&quot;:0,&quot;335559740&quot;:276}\">\u00a0<\/span><\/p><p><span class=\"TextRun BCX0 SCXW87241716\" lang=\"FR-CA\" xml:lang=\"FR-CA\" data-contrast=\"auto\"><span class=\"NormalTextRun BCX0 SCXW87241716\">Communiquez avec Joanne\u00a0<\/span><\/span>:\u00a0<a href=\"https:\/\/www.linkedin.com\/in\/joannesun\/\" target=\"_blank\" rel=\"noopener\">linkedin.com\/in\/joannesun\/<\/a><\/p>\t\t\t\t\t\t\t\t<\/div>\n\t\t\t\t<\/div>\n\t\t\t\t\t<\/div>\n\t\t<\/div>\n\t\t\t\t\t<\/div>\n\t\t<\/section>\n\t\t\t\t\t<\/div>\n\t\t<\/div>\n\t\t\t\t\t<\/div>\n\t\t<\/section>\n\t\t\t\t<\/div>\n\t\t","protected":false},"excerpt":{"rendered":"<p>Membre du conseil strat\u00e9gique de Vancouver Joanne Sun est associ\u00e9e en fiscalit\u00e9 \u00e0 BDO et dirige actuellement le groupe des services mondiaux aux employeurs de BDO dans la r\u00e9gion de l\u2019Ouest. Elle est chef de la pratique Services d\u2019immigration de BDO au Canada. Elle poss\u00e8de plus de vingt ans d\u2019exp\u00e9rience professionnelle en aidant les employeurs [&hellip;]<\/p>\n","protected":false},"author":1,"featured_media":0,"parent":9967,"menu_order":0,"comment_status":"closed","ping_status":"closed","template":"template\/template-full-width.php","meta":{"footnotes":""},"class_list":["post-8989","page","type-page","status-publish","hentry"],"_links":{"self":[{"href":"https:\/\/ascendleadership.web3.anasource.com\/fr\/wp-json\/wp\/v2\/pages\/8989","targetHints":{"allow":["GET"]}}],"collection":[{"href":"https:\/\/ascendleadership.web3.anasource.com\/fr\/wp-json\/wp\/v2\/pages"}],"about":[{"href":"https:\/\/ascendleadership.web3.anasource.com\/fr\/wp-json\/wp\/v2\/types\/page"}],"author":[{"embeddable":true,"href":"https:\/\/ascendleadership.web3.anasource.com\/fr\/wp-json\/wp\/v2\/users\/1"}],"replies":[{"embeddable":true,"href":"https:\/\/ascendleadership.web3.anasource.com\/fr\/wp-json\/wp\/v2\/comments?post=8989"}],"version-history":[{"count":0,"href":"https:\/\/ascendleadership.web3.anasource.com\/fr\/wp-json\/wp\/v2\/pages\/8989\/revisions"}],"up":[{"embeddable":true,"href":"https:\/\/ascendleadership.web3.anasource.com\/fr\/wp-json\/wp\/v2\/pages\/9967"}],"wp:attachment":[{"href":"https:\/\/ascendleadership.web3.anasource.com\/fr\/wp-json\/wp\/v2\/media?parent=8989"}],"curies":[{"name":"wp","href":"https:\/\/api.w.org\/{rel}","templated":true}]}}