{"id":8988,"date":"2023-04-19T07:05:45","date_gmt":"2023-04-19T07:05:45","guid":{"rendered":"https:\/\/ascendleadership.ca\/jerry-wei\/"},"modified":"2023-05-29T07:47:51","modified_gmt":"2023-05-29T07:47:51","slug":"jerry-wei","status":"publish","type":"page","link":"https:\/\/ascendleadership.web3.anasource.com\/fr\/people\/jerry-wei\/","title":{"rendered":"Jerry Wei"},"content":{"rendered":"\t\t<div data-elementor-type=\"wp-page\" data-elementor-id=\"8988\" class=\"elementor elementor-8988 elementor-5724\">\n\t\t\t\t\t\t<section class=\"elementor-section elementor-top-section elementor-element elementor-element-63b0021 elementor-section-boxed elementor-section-height-default elementor-section-height-default\" data-id=\"63b0021\" data-element_type=\"section\">\n\t\t\t\t\t\t<div class=\"elementor-container elementor-column-gap-default\">\n\t\t\t\t\t<div class=\"elementor-column elementor-col-100 elementor-top-column elementor-element elementor-element-4d27e0f\" data-id=\"4d27e0f\" data-element_type=\"column\">\n\t\t\t<div class=\"elementor-widget-wrap elementor-element-populated\">\n\t\t\t\t\t\t<section class=\"elementor-section elementor-inner-section elementor-element elementor-element-7a5de46 elementor-section-boxed elementor-section-height-default elementor-section-height-default\" data-id=\"7a5de46\" data-element_type=\"section\">\n\t\t\t\t\t\t<div class=\"elementor-container elementor-column-gap-default\">\n\t\t\t\t\t<div class=\"elementor-column elementor-col-50 elementor-inner-column elementor-element elementor-element-af9fabd\" data-id=\"af9fabd\" data-element_type=\"column\">\n\t\t\t<div class=\"elementor-widget-wrap elementor-element-populated\">\n\t\t\t\t\t\t<div class=\"elementor-element elementor-element-44f5932 elementor-widget elementor-widget-image\" data-id=\"44f5932\" data-element_type=\"widget\" data-widget_type=\"image.default\">\n\t\t\t\t<div class=\"elementor-widget-container\">\n\t\t\t\t\t\t\t\t\t\t\t\t\t\t\t<img fetchpriority=\"high\" decoding=\"async\" width=\"250\" height=\"250\" src=\"https:\/\/ascendleadership.web3.anasource.com\/wp-content\/uploads\/2023\/04\/jerrywei.png\" class=\"attachment-full size-full wp-image-7790\" alt=\"\" srcset=\"https:\/\/ascendleadership.web3.anasource.com\/wp-content\/uploads\/2023\/04\/jerrywei.png 250w, https:\/\/ascendleadership.web3.anasource.com\/wp-content\/uploads\/2023\/04\/jerrywei-150x150.png 150w, https:\/\/ascendleadership.web3.anasource.com\/wp-content\/uploads\/2023\/04\/jerrywei-100x100.png 100w\" sizes=\"(max-width: 250px) 100vw, 250px\" \/>\t\t\t\t\t\t\t\t\t\t\t\t\t\t\t<\/div>\n\t\t\t\t<\/div>\n\t\t\t\t\t<\/div>\n\t\t<\/div>\n\t\t\t\t<div class=\"elementor-column elementor-col-50 elementor-inner-column elementor-element elementor-element-a49fa29\" data-id=\"a49fa29\" data-element_type=\"column\">\n\t\t\t<div class=\"elementor-widget-wrap elementor-element-populated\">\n\t\t\t\t\t\t<div class=\"elementor-element elementor-element-e4c2840 elementor-widget elementor-widget-heading\" data-id=\"e4c2840\" data-element_type=\"widget\" data-widget_type=\"heading.default\">\n\t\t\t\t<div class=\"elementor-widget-container\">\n\t\t\t\t\t<h5 class=\"elementor-heading-title elementor-size-default\">AVP, Sponsorship &amp; Membership<\/h5>\t\t\t\t<\/div>\n\t\t\t\t<\/div>\n\t\t\t\t<div class=\"elementor-element elementor-element-57531c2 elementor-widget elementor-widget-text-editor\" data-id=\"57531c2\" data-element_type=\"widget\" data-widget_type=\"text-editor.default\">\n\t\t\t\t<div class=\"elementor-widget-container\">\n\t\t\t\t\t\t\t\t\t<p><span class=\"TextRun SCXW183045021 BCX0\" lang=\"FR-CA\" xml:lang=\"FR-CA\" data-contrast=\"auto\"><span class=\"NormalTextRun SCXW183045021 BCX0\">Jerry est directeur r\u00e9gional des ventes pour les conseillers en investissements mobiles de la CIBC. Il dirige une \u00e9quipe de conseillers en investissement qui aident les Canadiens \u00e0 atteindre ce qui est important pour eux gr\u00e2ce \u00e0 un processus de d\u00e9couverte approfondi et une approche holistique du bien-\u00eatre financier. Jerry et son \u00e9quipe travaillent en \u00e9troite collaboration avec l\u2019\u00e9quipe bancaire de la succursale pour offrir le meilleur de la CIBC \u00e0 tous les clients. Jerry poss\u00e8de plus de douze ans d\u2019exp\u00e9rience dans divers r\u00f4les de direction et de conseil. Avant de se joindre \u00e0 la CIBC, Jerry travaillait pour la Banque TD o\u00f9 il a occup\u00e9 des postes progressifs au sein du canal de vente au d\u00e9tail. Parmi ses r\u00e9alisations, mentionnons le lancement de la premi\u00e8re \u00e9quipe de conseillers en investissement mobile en Colombie-Britannique et plusieurs prix de leadership en mati\u00e8re de rendement. Jerry est fier de diriger le comit\u00e9 de mentorat avec la section de Vancouver d\u2019<\/span><span class=\"NormalTextRun SpellingErrorV2 SCXW183045021 BCX0\">Ascend<\/span><span class=\"NormalTextRun SCXW183045021 BCX0\">. Il a la passion d\u2019aider les gens \u00e0 surmonter les moments difficiles de leur carri\u00e8re en partageant ses exp\u00e9riences personnelles et en offrant des mots de sagesse pour aider les gens \u00e0 d\u00e9couvrir leur propre voie \u00e0 suivre.<\/span><\/span><span class=\"EOP SCXW183045021 BCX0\" data-ccp-props=\"{&quot;201341983&quot;:0,&quot;335559739&quot;:0,&quot;335559740&quot;:276}\">\u00a0<\/span><\/p><p><span class=\"NormalTextRun SpellingErrorV2 SCXW172978432 BCX0\">Communiquez<\/span><span class=\"NormalTextRun SCXW172978432 BCX0\">\u00a0avec\u00a0<\/span><span class=\"NormalTextRun ContextualSpellingAndGrammarErrorV2 SCXW172978432 BCX0 DefaultHighlightTransition\">Jerry\u00a0<\/span>:\u00a0<a href=\"https:\/\/www.linkedin.com\/in\/jerry-wei-267b1493\/\" data-saferedirecturl=\"https:\/\/www.google.com\/url?q=https:\/\/www.linkedin.com\/in\/jerry-wei-267b1493\/&amp;source=gmail&amp;ust=1606923289725000&amp;usg=AFQjCNHBzMGilAxTn3NIvWagvWz-W8aNgw\">linkedin.com\/in\/jerry-wei-267b1493\/<\/a><\/p>\t\t\t\t\t\t\t\t<\/div>\n\t\t\t\t<\/div>\n\t\t\t\t\t<\/div>\n\t\t<\/div>\n\t\t\t\t\t<\/div>\n\t\t<\/section>\n\t\t\t\t\t<\/div>\n\t\t<\/div>\n\t\t\t\t\t<\/div>\n\t\t<\/section>\n\t\t\t\t<\/div>\n\t\t","protected":false},"excerpt":{"rendered":"<p>AVP, Sponsorship &#038; Membership Jerry est directeur r\u00e9gional des ventes pour les conseillers en investissements mobiles de la CIBC. Il dirige une \u00e9quipe de conseillers en investissement qui aident les Canadiens \u00e0 atteindre ce qui est important pour eux gr\u00e2ce \u00e0 un processus de d\u00e9couverte approfondi et une approche holistique du bien-\u00eatre financier. Jerry et [&hellip;]<\/p>\n","protected":false},"author":1,"featured_media":0,"parent":9967,"menu_order":0,"comment_status":"closed","ping_status":"closed","template":"template\/template-full-width.php","meta":{"footnotes":""},"class_list":["post-8988","page","type-page","status-publish","hentry"],"_links":{"self":[{"href":"https:\/\/ascendleadership.web3.anasource.com\/fr\/wp-json\/wp\/v2\/pages\/8988","targetHints":{"allow":["GET"]}}],"collection":[{"href":"https:\/\/ascendleadership.web3.anasource.com\/fr\/wp-json\/wp\/v2\/pages"}],"about":[{"href":"https:\/\/ascendleadership.web3.anasource.com\/fr\/wp-json\/wp\/v2\/types\/page"}],"author":[{"embeddable":true,"href":"https:\/\/ascendleadership.web3.anasource.com\/fr\/wp-json\/wp\/v2\/users\/1"}],"replies":[{"embeddable":true,"href":"https:\/\/ascendleadership.web3.anasource.com\/fr\/wp-json\/wp\/v2\/comments?post=8988"}],"version-history":[{"count":0,"href":"https:\/\/ascendleadership.web3.anasource.com\/fr\/wp-json\/wp\/v2\/pages\/8988\/revisions"}],"up":[{"embeddable":true,"href":"https:\/\/ascendleadership.web3.anasource.com\/fr\/wp-json\/wp\/v2\/pages\/9967"}],"wp:attachment":[{"href":"https:\/\/ascendleadership.web3.anasource.com\/fr\/wp-json\/wp\/v2\/media?parent=8988"}],"curies":[{"name":"wp","href":"https:\/\/api.w.org\/{rel}","templated":true}]}}