{"id":8967,"date":"2023-04-19T06:54:45","date_gmt":"2023-04-19T06:54:45","guid":{"rendered":"https:\/\/ascendleadership.ca\/jeff-cho\/"},"modified":"2023-06-12T04:46:56","modified_gmt":"2023-06-12T04:46:56","slug":"jeff-cho","status":"publish","type":"page","link":"https:\/\/ascendleadership.web3.anasource.com\/fr\/people\/jeff-cho\/","title":{"rendered":"Jeff Cho"},"content":{"rendered":"\t\t<div data-elementor-type=\"wp-page\" data-elementor-id=\"8967\" class=\"elementor elementor-8967 elementor-5709\">\n\t\t\t\t\t\t<section class=\"elementor-section elementor-top-section elementor-element elementor-element-bc8b20c elementor-section-boxed elementor-section-height-default elementor-section-height-default\" data-id=\"bc8b20c\" data-element_type=\"section\">\n\t\t\t\t\t\t<div class=\"elementor-container elementor-column-gap-default\">\n\t\t\t\t\t<div class=\"elementor-column elementor-col-100 elementor-top-column elementor-element elementor-element-189f2d9\" data-id=\"189f2d9\" data-element_type=\"column\">\n\t\t\t<div class=\"elementor-widget-wrap elementor-element-populated\">\n\t\t\t\t\t\t<section class=\"elementor-section elementor-inner-section elementor-element elementor-element-b6af6bb elementor-section-boxed elementor-section-height-default elementor-section-height-default\" data-id=\"b6af6bb\" data-element_type=\"section\">\n\t\t\t\t\t\t<div class=\"elementor-container elementor-column-gap-default\">\n\t\t\t\t\t<div class=\"elementor-column elementor-col-50 elementor-inner-column elementor-element elementor-element-67f2e5f\" data-id=\"67f2e5f\" data-element_type=\"column\">\n\t\t\t<div class=\"elementor-widget-wrap elementor-element-populated\">\n\t\t\t\t\t\t<div class=\"elementor-element elementor-element-4c0e7d3 elementor-widget elementor-widget-image\" data-id=\"4c0e7d3\" data-element_type=\"widget\" data-widget_type=\"image.default\">\n\t\t\t\t<div class=\"elementor-widget-container\">\n\t\t\t\t\t\t\t\t\t\t\t\t\t\t\t<img fetchpriority=\"high\" decoding=\"async\" width=\"250\" height=\"250\" src=\"https:\/\/ascendleadership.web3.anasource.com\/wp-content\/uploads\/2023\/04\/jeffery-cho.jpg\" class=\"attachment-full size-full wp-image-7788\" alt=\"\" srcset=\"https:\/\/ascendleadership.web3.anasource.com\/wp-content\/uploads\/2023\/04\/jeffery-cho.jpg 250w, https:\/\/ascendleadership.web3.anasource.com\/wp-content\/uploads\/2023\/04\/jeffery-cho-150x150.jpg 150w, https:\/\/ascendleadership.web3.anasource.com\/wp-content\/uploads\/2023\/04\/jeffery-cho-100x100.jpg 100w\" sizes=\"(max-width: 250px) 100vw, 250px\" \/>\t\t\t\t\t\t\t\t\t\t\t\t\t\t\t<\/div>\n\t\t\t\t<\/div>\n\t\t\t\t\t<\/div>\n\t\t<\/div>\n\t\t\t\t<div class=\"elementor-column elementor-col-50 elementor-inner-column elementor-element elementor-element-c998ebc\" data-id=\"c998ebc\" data-element_type=\"column\">\n\t\t\t<div class=\"elementor-widget-wrap elementor-element-populated\">\n\t\t\t\t\t\t<div class=\"elementor-element elementor-element-42f5758 elementor-widget elementor-widget-heading\" data-id=\"42f5758\" data-element_type=\"widget\" data-widget_type=\"heading.default\">\n\t\t\t\t<div class=\"elementor-widget-container\">\n\t\t\t\t\t<h5 class=\"elementor-heading-title elementor-size-default\">VP, Sponsorship &amp; Membership<\/h5>\t\t\t\t<\/div>\n\t\t\t\t<\/div>\n\t\t\t\t<div class=\"elementor-element elementor-element-1c5a092 elementor-widget elementor-widget-text-editor\" data-id=\"1c5a092\" data-element_type=\"widget\" data-widget_type=\"text-editor.default\">\n\t\t\t\t<div class=\"elementor-widget-container\">\n\t\t\t\t\t\t\t\t\t<p><span class=\"TextRun SCXW257780358 BCX0\" lang=\"FR-CA\" xml:lang=\"FR-CA\" data-contrast=\"auto\"><span class=\"NormalTextRun SCXW257780358 BCX0\">Jeff est gestionnaire dans la pratique Services aux entreprises priv\u00e9es de PwC Canada. Avec plus de cinq ans d\u2019exp\u00e9rience, travaillant en \u00e9troite collaboration avec diverses entreprises dans le secteur de la technologie et de la soci\u00e9t\u00e9 priv\u00e9e, il a d\u00e9velopp\u00e9 de solides relations\u00a0<\/span><span class=\"NormalTextRun SCXW257780358 BCX0\">professionnelles avec des clients ayant une exp\u00e9rience et une industrie diversifi\u00e9es en tant que conseiller fiscal de confiance. Jeff a particip\u00e9 \u00e0 un large \u00e9ventail d\u2019affectations de consultation et de conformit\u00e9 couvrant les imp\u00f4ts nationaux canadiens et transfrontaliers. Jeff est passionn\u00e9 par les gens et le mentorat. Il continue d\u2019encadrer les membres de l\u2019\u00e9quipe chez PwC et partage son parcours professionnel avec son \u00e9cole secondaire gr\u00e2ce \u00e0 sa s\u00e9rie annuelle de conf\u00e9renciers de carri\u00e8re.<\/span><\/span><span class=\"EOP SCXW257780358 BCX0\" data-ccp-props=\"{&quot;201341983&quot;:0,&quot;335559739&quot;:0,&quot;335559740&quot;:276}\">\u00a0<\/span><\/p><p><span class=\"NormalTextRun SpellingErrorV2 BCX0 DefaultHighlightTransition SCXW63034719\">Communiquez<\/span><span class=\"NormalTextRun BCX0 SCXW63034719\">\u00a0avec\u00a0<\/span><span class=\"NormalTextRun ContextualSpellingAndGrammarErrorV2 BCX0 DefaultHighlightTransition SCXW63034719\">Jeff\u202f\u00a0<\/span>:\u00a0<a href=\"https:\/\/ca.linkedin.com\/in\/jeffreywcho\" target=\"_blank\" rel=\"noopener\">ca.linkedin.com\/in\/jeffreywcho<\/a><\/p>\t\t\t\t\t\t\t\t<\/div>\n\t\t\t\t<\/div>\n\t\t\t\t\t<\/div>\n\t\t<\/div>\n\t\t\t\t\t<\/div>\n\t\t<\/section>\n\t\t\t\t\t<\/div>\n\t\t<\/div>\n\t\t\t\t\t<\/div>\n\t\t<\/section>\n\t\t\t\t<\/div>\n\t\t","protected":false},"excerpt":{"rendered":"<p>VP, Sponsorship &#038; Membership Jeff est gestionnaire dans la pratique Services aux entreprises priv\u00e9es de PwC Canada. Avec plus de cinq ans d\u2019exp\u00e9rience, travaillant en \u00e9troite collaboration avec diverses entreprises dans le secteur de la technologie et de la soci\u00e9t\u00e9 priv\u00e9e, il a d\u00e9velopp\u00e9 de solides relations\u00a0professionnelles avec des clients ayant une exp\u00e9rience et une [&hellip;]<\/p>\n","protected":false},"author":1,"featured_media":0,"parent":9967,"menu_order":0,"comment_status":"closed","ping_status":"closed","template":"template\/template-full-width.php","meta":{"footnotes":""},"class_list":["post-8967","page","type-page","status-publish","hentry"],"_links":{"self":[{"href":"https:\/\/ascendleadership.web3.anasource.com\/fr\/wp-json\/wp\/v2\/pages\/8967","targetHints":{"allow":["GET"]}}],"collection":[{"href":"https:\/\/ascendleadership.web3.anasource.com\/fr\/wp-json\/wp\/v2\/pages"}],"about":[{"href":"https:\/\/ascendleadership.web3.anasource.com\/fr\/wp-json\/wp\/v2\/types\/page"}],"author":[{"embeddable":true,"href":"https:\/\/ascendleadership.web3.anasource.com\/fr\/wp-json\/wp\/v2\/users\/1"}],"replies":[{"embeddable":true,"href":"https:\/\/ascendleadership.web3.anasource.com\/fr\/wp-json\/wp\/v2\/comments?post=8967"}],"version-history":[{"count":0,"href":"https:\/\/ascendleadership.web3.anasource.com\/fr\/wp-json\/wp\/v2\/pages\/8967\/revisions"}],"up":[{"embeddable":true,"href":"https:\/\/ascendleadership.web3.anasource.com\/fr\/wp-json\/wp\/v2\/pages\/9967"}],"wp:attachment":[{"href":"https:\/\/ascendleadership.web3.anasource.com\/fr\/wp-json\/wp\/v2\/media?parent=8967"}],"curies":[{"name":"wp","href":"https:\/\/api.w.org\/{rel}","templated":true}]}}