{"id":8951,"date":"2023-04-19T06:50:47","date_gmt":"2023-04-19T06:50:47","guid":{"rendered":"https:\/\/ascendleadership.ca\/ivy-chen\/"},"modified":"2023-05-29T07:44:15","modified_gmt":"2023-05-29T07:44:15","slug":"ivy-chen","status":"publish","type":"page","link":"https:\/\/ascendleadership.web3.anasource.com\/fr\/people\/ivy-chen\/","title":{"rendered":"Ivy Chen"},"content":{"rendered":"\t\t<div data-elementor-type=\"wp-page\" data-elementor-id=\"8951\" class=\"elementor elementor-8951 elementor-5704\">\n\t\t\t\t\t\t<section class=\"elementor-section elementor-top-section elementor-element elementor-element-7c711fa elementor-section-boxed elementor-section-height-default elementor-section-height-default\" data-id=\"7c711fa\" data-element_type=\"section\">\n\t\t\t\t\t\t<div class=\"elementor-container elementor-column-gap-default\">\n\t\t\t\t\t<div class=\"elementor-column elementor-col-100 elementor-top-column elementor-element elementor-element-22d0385\" data-id=\"22d0385\" data-element_type=\"column\">\n\t\t\t<div class=\"elementor-widget-wrap elementor-element-populated\">\n\t\t\t\t\t\t<section class=\"elementor-section elementor-inner-section elementor-element elementor-element-563e6d2 elementor-section-boxed elementor-section-height-default elementor-section-height-default\" data-id=\"563e6d2\" data-element_type=\"section\">\n\t\t\t\t\t\t<div class=\"elementor-container elementor-column-gap-default\">\n\t\t\t\t\t<div class=\"elementor-column elementor-col-50 elementor-inner-column elementor-element elementor-element-5b2544e\" data-id=\"5b2544e\" data-element_type=\"column\">\n\t\t\t<div class=\"elementor-widget-wrap elementor-element-populated\">\n\t\t\t\t\t\t<div class=\"elementor-element elementor-element-53085eb elementor-widget elementor-widget-image\" data-id=\"53085eb\" data-element_type=\"widget\" data-widget_type=\"image.default\">\n\t\t\t\t<div class=\"elementor-widget-container\">\n\t\t\t\t\t\t\t\t\t\t\t\t\t\t\t<img fetchpriority=\"high\" decoding=\"async\" width=\"250\" height=\"250\" src=\"https:\/\/ascendleadership.web3.anasource.com\/wp-content\/uploads\/2023\/04\/Ivy-Chen.jpg\" class=\"attachment-full size-full wp-image-7787\" alt=\"\" srcset=\"https:\/\/ascendleadership.web3.anasource.com\/wp-content\/uploads\/2023\/04\/Ivy-Chen.jpg 250w, https:\/\/ascendleadership.web3.anasource.com\/wp-content\/uploads\/2023\/04\/Ivy-Chen-150x150.jpg 150w, https:\/\/ascendleadership.web3.anasource.com\/wp-content\/uploads\/2023\/04\/Ivy-Chen-100x100.jpg 100w\" sizes=\"(max-width: 250px) 100vw, 250px\" \/>\t\t\t\t\t\t\t\t\t\t\t\t\t\t\t<\/div>\n\t\t\t\t<\/div>\n\t\t\t\t\t<\/div>\n\t\t<\/div>\n\t\t\t\t<div class=\"elementor-column elementor-col-50 elementor-inner-column elementor-element elementor-element-33ce167\" data-id=\"33ce167\" data-element_type=\"column\">\n\t\t\t<div class=\"elementor-widget-wrap elementor-element-populated\">\n\t\t\t\t\t\t<div class=\"elementor-element elementor-element-31c12aa elementor-widget elementor-widget-heading\" data-id=\"31c12aa\" data-element_type=\"widget\" data-widget_type=\"heading.default\">\n\t\t\t\t<div class=\"elementor-widget-container\">\n\t\t\t\t\t<h5 class=\"elementor-heading-title elementor-size-default\">Co-vice-pr\u00e9sidente du marketing<\/h5>\t\t\t\t<\/div>\n\t\t\t\t<\/div>\n\t\t\t\t<div class=\"elementor-element elementor-element-9471752 elementor-widget elementor-widget-text-editor\" data-id=\"9471752\" data-element_type=\"widget\" data-widget_type=\"text-editor.default\">\n\t\t\t\t<div class=\"elementor-widget-container\">\n\t\t\t\t\t\t\t\t\t<p><span class=\"TextRun SCXW97645722 BCX0\" lang=\"FR-CA\" xml:lang=\"FR-CA\" data-contrast=\"auto\"><span class=\"NormalTextRun SCXW97645722 BCX0\">Ivy Chen est coordonnatrice du marketing, Produits num\u00e9riques et services consultatifs chez KPMG Canada. Gr\u00e2ce \u00e0 son expertise en mati\u00e8re de technologies num\u00e9riques, d\u2019\u00e9v\u00e9nements et de commandites, Ivy aide et soutient l\u2019\u00e9quipe Marketing et divers portefeuilles afin de favoriser le d\u00e9veloppement des affaires. Ivy a obtenu un baccalaur\u00e9at en communication et technologie artistique interactive de l\u2019Universit\u00e9 Simon Fraser et une mineure en publication. Avant de se joindre \u00e0 KPMG, Ivy a travaill\u00e9 chez Progressive\u00a0<\/span><span class=\"NormalTextRun SpellingErrorV2 SCXW97645722 BCX0\">Housing<\/span><span class=\"NormalTextRun SCXW97645722 BCX0\">\u00a0Society, un organisme de bienfaisance sans but lucratif enregistr\u00e9 qui offre des services de soutien aux adultes aux prises avec des probl\u00e8mes de sant\u00e9 mentale ou qui font face \u00e0 l\u2019itin\u00e9rance. Elle s\u2019est concentr\u00e9e sur le marketing et la sensibilisation aux marques.<\/span><\/span><span class=\"EOP SCXW97645722 BCX0\" data-ccp-props=\"{&quot;201341983&quot;:0,&quot;335559739&quot;:0,&quot;335559740&quot;:276}\">\u00a0<\/span><\/p><p><span class=\"TextRun BCX0 SCXW31459557\" lang=\"FR-CA\" xml:lang=\"FR-CA\" data-contrast=\"auto\"><span class=\"NormalTextRun BCX0 SCXW31459557\">Communiquez avec Ivy\u00a0<\/span><\/span>:\u00a0<a href=\"https:\/\/www.linkedin.com\/in\/chen-ivy\/\">https:\/\/www.linkedin.com\/in\/chen-ivy\/<\/a><\/p>\t\t\t\t\t\t\t\t<\/div>\n\t\t\t\t<\/div>\n\t\t\t\t\t<\/div>\n\t\t<\/div>\n\t\t\t\t\t<\/div>\n\t\t<\/section>\n\t\t\t\t\t<\/div>\n\t\t<\/div>\n\t\t\t\t\t<\/div>\n\t\t<\/section>\n\t\t\t\t<\/div>\n\t\t","protected":false},"excerpt":{"rendered":"<p>Co-vice-pr\u00e9sidente du marketing Ivy Chen est coordonnatrice du marketing, Produits num\u00e9riques et services consultatifs chez KPMG Canada. Gr\u00e2ce \u00e0 son expertise en mati\u00e8re de technologies num\u00e9riques, d\u2019\u00e9v\u00e9nements et de commandites, Ivy aide et soutient l\u2019\u00e9quipe Marketing et divers portefeuilles afin de favoriser le d\u00e9veloppement des affaires. Ivy a obtenu un baccalaur\u00e9at en communication et technologie [&hellip;]<\/p>\n","protected":false},"author":1,"featured_media":0,"parent":9967,"menu_order":0,"comment_status":"closed","ping_status":"closed","template":"template\/template-full-width.php","meta":{"footnotes":""},"class_list":["post-8951","page","type-page","status-publish","hentry"],"_links":{"self":[{"href":"https:\/\/ascendleadership.web3.anasource.com\/fr\/wp-json\/wp\/v2\/pages\/8951","targetHints":{"allow":["GET"]}}],"collection":[{"href":"https:\/\/ascendleadership.web3.anasource.com\/fr\/wp-json\/wp\/v2\/pages"}],"about":[{"href":"https:\/\/ascendleadership.web3.anasource.com\/fr\/wp-json\/wp\/v2\/types\/page"}],"author":[{"embeddable":true,"href":"https:\/\/ascendleadership.web3.anasource.com\/fr\/wp-json\/wp\/v2\/users\/1"}],"replies":[{"embeddable":true,"href":"https:\/\/ascendleadership.web3.anasource.com\/fr\/wp-json\/wp\/v2\/comments?post=8951"}],"version-history":[{"count":0,"href":"https:\/\/ascendleadership.web3.anasource.com\/fr\/wp-json\/wp\/v2\/pages\/8951\/revisions"}],"up":[{"embeddable":true,"href":"https:\/\/ascendleadership.web3.anasource.com\/fr\/wp-json\/wp\/v2\/pages\/9967"}],"wp:attachment":[{"href":"https:\/\/ascendleadership.web3.anasource.com\/fr\/wp-json\/wp\/v2\/media?parent=8951"}],"curies":[{"name":"wp","href":"https:\/\/api.w.org\/{rel}","templated":true}]}}