{"id":8925,"date":"2023-04-19T06:44:36","date_gmt":"2023-04-19T06:44:36","guid":{"rendered":"https:\/\/ascendleadership.ca\/grant-damery\/"},"modified":"2023-05-29T07:43:09","modified_gmt":"2023-05-29T07:43:09","slug":"grant-damery","status":"publish","type":"page","link":"https:\/\/ascendleadership.web3.anasource.com\/fr\/people\/grant-damery\/","title":{"rendered":"Grant Damery"},"content":{"rendered":"\t\t<div data-elementor-type=\"wp-page\" data-elementor-id=\"8925\" class=\"elementor elementor-8925 elementor-5698\">\n\t\t\t\t\t\t<section class=\"elementor-section elementor-top-section elementor-element elementor-element-fa6b14c elementor-section-boxed elementor-section-height-default elementor-section-height-default\" data-id=\"fa6b14c\" data-element_type=\"section\">\n\t\t\t\t\t\t<div class=\"elementor-container elementor-column-gap-default\">\n\t\t\t\t\t<div class=\"elementor-column elementor-col-100 elementor-top-column elementor-element elementor-element-160d57c\" data-id=\"160d57c\" data-element_type=\"column\">\n\t\t\t<div class=\"elementor-widget-wrap elementor-element-populated\">\n\t\t\t\t\t\t<section class=\"elementor-section elementor-inner-section elementor-element elementor-element-1d56606 elementor-section-boxed elementor-section-height-default elementor-section-height-default\" data-id=\"1d56606\" data-element_type=\"section\">\n\t\t\t\t\t\t<div class=\"elementor-container elementor-column-gap-default\">\n\t\t\t\t\t<div class=\"elementor-column elementor-col-50 elementor-inner-column elementor-element elementor-element-38cac39\" data-id=\"38cac39\" data-element_type=\"column\">\n\t\t\t<div class=\"elementor-widget-wrap elementor-element-populated\">\n\t\t\t\t\t\t<div class=\"elementor-element elementor-element-1484346 elementor-widget elementor-widget-image\" data-id=\"1484346\" data-element_type=\"widget\" data-widget_type=\"image.default\">\n\t\t\t\t<div class=\"elementor-widget-container\">\n\t\t\t\t\t\t\t\t\t\t\t\t\t\t\t<img fetchpriority=\"high\" decoding=\"async\" width=\"250\" height=\"250\" src=\"https:\/\/ascendleadership.web3.anasource.com\/wp-content\/uploads\/2023\/04\/Grant-Damery.jpg\" class=\"attachment-full size-full wp-image-7786\" alt=\"\" srcset=\"https:\/\/ascendleadership.web3.anasource.com\/wp-content\/uploads\/2023\/04\/Grant-Damery.jpg 250w, https:\/\/ascendleadership.web3.anasource.com\/wp-content\/uploads\/2023\/04\/Grant-Damery-150x150.jpg 150w, https:\/\/ascendleadership.web3.anasource.com\/wp-content\/uploads\/2023\/04\/Grant-Damery-100x100.jpg 100w\" sizes=\"(max-width: 250px) 100vw, 250px\" \/>\t\t\t\t\t\t\t\t\t\t\t\t\t\t\t<\/div>\n\t\t\t\t<\/div>\n\t\t\t\t\t<\/div>\n\t\t<\/div>\n\t\t\t\t<div class=\"elementor-column elementor-col-50 elementor-inner-column elementor-element elementor-element-d320d3f\" data-id=\"d320d3f\" data-element_type=\"column\">\n\t\t\t<div class=\"elementor-widget-wrap elementor-element-populated\">\n\t\t\t\t\t\t<div class=\"elementor-element elementor-element-311cf7e elementor-widget elementor-widget-heading\" data-id=\"311cf7e\" data-element_type=\"widget\" data-widget_type=\"heading.default\">\n\t\t\t\t<div class=\"elementor-widget-container\">\n\t\t\t\t\t<h5 class=\"elementor-heading-title elementor-size-default\">Membre du conseil strat\u00e9gique de Vancouver<\/h5>\t\t\t\t<\/div>\n\t\t\t\t<\/div>\n\t\t\t\t<div class=\"elementor-element elementor-element-f80cca3 elementor-widget elementor-widget-text-editor\" data-id=\"f80cca3\" data-element_type=\"widget\" data-widget_type=\"text-editor.default\">\n\t\t\t\t<div class=\"elementor-widget-container\">\n\t\t\t\t\t\t\t\t\t<p><span data-contrast=\"auto\">En tant que directeur g\u00e9n\u00e9ral des clients priv\u00e9s d\u2019entreprise, Grant travaille avec certains des clients les plus complexes de RBC et leurs familles pour fournir une passerelle unique \u00e0 RBC afin de cr\u00e9er une exp\u00e9rience UHNW transparente, int\u00e9gr\u00e9e et holistique. Il navigue dans les juridictions mondiales et travaille en partenariat avec les professionnels des relations de RBC dans tous les secteurs d\u2019activit\u00e9 afin d\u2019apporter aux clients l\u2019expertise et les solutions de RBC. Grant agit \u00e0 titre de gardien et de d\u00e9fenseur au nom de son client en renfor\u00e7ant les int\u00e9r\u00eats sup\u00e9rieurs du client et une exp\u00e9rience \u00ab\u202fOne RBC\u202f\u00bb transparente.<\/span><span data-ccp-props=\"{&quot;201341983&quot;:0,&quot;335559739&quot;:0,&quot;335559740&quot;:276}\">\u00a0<\/span><\/p><p><span data-contrast=\"auto\">Grant a commenc\u00e9 sa carri\u00e8re dans le domaine des ventes de location d\u2019\u00e9quipement avant de cofonder Qualica Financial Group Inc., en 2000, en tant que pr\u00e9sident et chef de la direction. MCAP Leasing a acquis Qualica en mai 2006 et RBC a par la suite acquis MCAP Leasing en 2010, la renommant RCAP Leasing. En tant que membre de l\u2019\u00e9quipe de direction, Grant a occup\u00e9 le poste de vice-pr\u00e9sident des services financiers aux fournisseurs du Canada, responsable de la strat\u00e9gie de vente globale, de l\u2019ex\u00e9cution et des r\u00e9sultats. Plus r\u00e9cemment, Grant a occup\u00e9 le poste de vice-pr\u00e9sident des services financiers commerciaux, responsable des activit\u00e9s bancaires commerciales \u00e0 Vancouver, se sp\u00e9cialisant dans le service de la cha\u00eene d\u2019approvisionnement, de la vente au d\u00e9tail, de l\u2019h\u00f4tellerie, de l\u2019exploitation mini\u00e8re et de la construction en plus des march\u00e9s du secteur public et des march\u00e9s sans but lucratif en Colombie-Britannique.<\/span><span data-ccp-props=\"{&quot;201341983&quot;:0,&quot;335559739&quot;:0,&quot;335559740&quot;:276}\">\u00a0<\/span><\/p><p><span data-contrast=\"auto\">Grant est actif dans la communaut\u00e9. En plus de son soutien \u00e0 Covenant House Vancouver, au BC Crisis Centre et \u00e0 Coast Mental Health, il est actuellement co-pr\u00e9sident ex\u00e9cutif du Groupe de ressources des employ\u00e9s de Mosaic en Colombie-Britannique et membre du Conseil consultatif pour la section de Vancouver d\u2019Ascend Canada.<\/span><span data-ccp-props=\"{&quot;201341983&quot;:0,&quot;335559739&quot;:0,&quot;335559740&quot;:276}\">\u00a0<\/span><\/p><p><span class=\"NormalTextRun SpellingErrorV2 BCX0 DefaultHighlightTransition SCXW60955540\">Communiquez<\/span><span class=\"NormalTextRun BCX0 SCXW60955540\">\u00a0avec\u00a0<\/span><span class=\"NormalTextRun ContextualSpellingAndGrammarErrorV2 BCX0 DefaultHighlightTransition SCXW60955540\">Grant\u00a0<\/span>:\u00a0<a href=\"http:\/\/linkedin.com\/in\/grant-damery-35b08a1\" target=\"_blank\" rel=\"noopener\">linkedin.com\/in\/grant-damery-35b08a1<\/a><\/p>\t\t\t\t\t\t\t\t<\/div>\n\t\t\t\t<\/div>\n\t\t\t\t\t<\/div>\n\t\t<\/div>\n\t\t\t\t\t<\/div>\n\t\t<\/section>\n\t\t\t\t\t<\/div>\n\t\t<\/div>\n\t\t\t\t\t<\/div>\n\t\t<\/section>\n\t\t\t\t<\/div>\n\t\t","protected":false},"excerpt":{"rendered":"<p>Membre du conseil strat\u00e9gique de Vancouver En tant que directeur g\u00e9n\u00e9ral des clients priv\u00e9s d\u2019entreprise, Grant travaille avec certains des clients les plus complexes de RBC et leurs familles pour fournir une passerelle unique \u00e0 RBC afin de cr\u00e9er une exp\u00e9rience UHNW transparente, int\u00e9gr\u00e9e et holistique. Il navigue dans les juridictions mondiales et travaille en [&hellip;]<\/p>\n","protected":false},"author":1,"featured_media":0,"parent":9967,"menu_order":0,"comment_status":"closed","ping_status":"closed","template":"template\/template-full-width.php","meta":{"footnotes":""},"class_list":["post-8925","page","type-page","status-publish","hentry"],"_links":{"self":[{"href":"https:\/\/ascendleadership.web3.anasource.com\/fr\/wp-json\/wp\/v2\/pages\/8925","targetHints":{"allow":["GET"]}}],"collection":[{"href":"https:\/\/ascendleadership.web3.anasource.com\/fr\/wp-json\/wp\/v2\/pages"}],"about":[{"href":"https:\/\/ascendleadership.web3.anasource.com\/fr\/wp-json\/wp\/v2\/types\/page"}],"author":[{"embeddable":true,"href":"https:\/\/ascendleadership.web3.anasource.com\/fr\/wp-json\/wp\/v2\/users\/1"}],"replies":[{"embeddable":true,"href":"https:\/\/ascendleadership.web3.anasource.com\/fr\/wp-json\/wp\/v2\/comments?post=8925"}],"version-history":[{"count":0,"href":"https:\/\/ascendleadership.web3.anasource.com\/fr\/wp-json\/wp\/v2\/pages\/8925\/revisions"}],"up":[{"embeddable":true,"href":"https:\/\/ascendleadership.web3.anasource.com\/fr\/wp-json\/wp\/v2\/pages\/9967"}],"wp:attachment":[{"href":"https:\/\/ascendleadership.web3.anasource.com\/fr\/wp-json\/wp\/v2\/media?parent=8925"}],"curies":[{"name":"wp","href":"https:\/\/api.w.org\/{rel}","templated":true}]}}