{"id":8916,"date":"2023-04-19T06:38:16","date_gmt":"2023-04-19T06:38:16","guid":{"rendered":"https:\/\/ascendleadership.ca\/fornia-lau\/"},"modified":"2024-07-14T05:51:38","modified_gmt":"2024-07-14T05:51:38","slug":"fornia-lau","status":"publish","type":"page","link":"https:\/\/ascendleadership.web3.anasource.com\/fr\/people\/fornia-lau\/","title":{"rendered":"Fornia Lau"},"content":{"rendered":"\t\t<div data-elementor-type=\"wp-page\" data-elementor-id=\"8916\" class=\"elementor elementor-8916 elementor-5688\">\n\t\t\t\t\t\t<section class=\"elementor-section elementor-top-section elementor-element elementor-element-d2de2f2 elementor-section-boxed elementor-section-height-default elementor-section-height-default\" data-id=\"d2de2f2\" data-element_type=\"section\">\n\t\t\t\t\t\t<div class=\"elementor-container elementor-column-gap-default\">\n\t\t\t\t\t<div class=\"elementor-column elementor-col-100 elementor-top-column elementor-element elementor-element-f082762\" data-id=\"f082762\" data-element_type=\"column\">\n\t\t\t<div class=\"elementor-widget-wrap elementor-element-populated\">\n\t\t\t\t\t\t<section class=\"elementor-section elementor-inner-section elementor-element elementor-element-5b7dcd4 elementor-section-boxed elementor-section-height-default elementor-section-height-default\" data-id=\"5b7dcd4\" data-element_type=\"section\">\n\t\t\t\t\t\t<div class=\"elementor-container elementor-column-gap-default\">\n\t\t\t\t\t<div class=\"elementor-column elementor-col-50 elementor-inner-column elementor-element elementor-element-bf90576\" data-id=\"bf90576\" data-element_type=\"column\">\n\t\t\t<div class=\"elementor-widget-wrap elementor-element-populated\">\n\t\t\t\t\t\t<div class=\"elementor-element elementor-element-8df356d elementor-widget elementor-widget-image\" data-id=\"8df356d\" data-element_type=\"widget\" data-widget_type=\"image.default\">\n\t\t\t\t<div class=\"elementor-widget-container\">\n\t\t\t\t\t\t\t\t\t\t\t\t\t\t\t<img fetchpriority=\"high\" decoding=\"async\" width=\"250\" height=\"250\" src=\"https:\/\/ascendleadership.web3.anasource.com\/wp-content\/uploads\/2023\/04\/Fornia-Lau-Cropped.jpg\" class=\"attachment-full size-full wp-image-7784\" alt=\"\" srcset=\"https:\/\/ascendleadership.web3.anasource.com\/wp-content\/uploads\/2023\/04\/Fornia-Lau-Cropped.jpg 250w, https:\/\/ascendleadership.web3.anasource.com\/wp-content\/uploads\/2023\/04\/Fornia-Lau-Cropped-150x150.jpg 150w, https:\/\/ascendleadership.web3.anasource.com\/wp-content\/uploads\/2023\/04\/Fornia-Lau-Cropped-100x100.jpg 100w\" sizes=\"(max-width: 250px) 100vw, 250px\" \/>\t\t\t\t\t\t\t\t\t\t\t\t\t\t\t<\/div>\n\t\t\t\t<\/div>\n\t\t\t\t\t<\/div>\n\t\t<\/div>\n\t\t\t\t<div class=\"elementor-column elementor-col-50 elementor-inner-column elementor-element elementor-element-b588cf0\" data-id=\"b588cf0\" data-element_type=\"column\">\n\t\t\t<div class=\"elementor-widget-wrap elementor-element-populated\">\n\t\t\t\t\t\t<div class=\"elementor-element elementor-element-01b1867 elementor-widget elementor-widget-heading\" data-id=\"01b1867\" data-element_type=\"widget\" data-widget_type=\"heading.default\">\n\t\t\t\t<div class=\"elementor-widget-container\">\n\t\t\t\t\t<h5 class=\"elementor-heading-title elementor-size-default\">La pr\u00e9sidente<\/h5>\t\t\t\t<\/div>\n\t\t\t\t<\/div>\n\t\t\t\t<div class=\"elementor-element elementor-element-79b56f9 elementor-widget elementor-widget-text-editor\" data-id=\"79b56f9\" data-element_type=\"widget\" data-widget_type=\"text-editor.default\">\n\t\t\t\t<div class=\"elementor-widget-container\">\n\t\t\t\t\t\t\t\t\t<p>N\u00e9e \u00e0 Hong Kong et \u00e9lev\u00e9e \u00e0 Vancouver, Fornia est dipl\u00f4m\u00e9e de la Sauder School of Business de l&rsquo;UBC (majeure en finance), o\u00f9 elle a obtenu un B. Comm et un MBA. Elle est devenue une professionnelle des affaires polyvalente poss\u00e9dant un ensemble diversifi\u00e9 de comp\u00e9tences et d&rsquo;exp\u00e9riences allant du marketing financier, de la planification d&rsquo;\u00e9v\u00e9nements, de la gestion de projet au d\u00e9veloppement commercial. Elle est une leader reconnue dans la planification et l&rsquo;animation de conf\u00e9rences financi\u00e8res \u00e0 grande \u00e9chelle destin\u00e9es tant aux institutions qu&rsquo;aux particuliers. Fornia est directrice r\u00e9gionale, courtage en ligne et patrimoine num\u00e9rique chez Aviso Wealth. Elle a \u00e9galement travaill\u00e9 auparavant au sein d&rsquo;une soci\u00e9t\u00e9 de marketing financier et d&rsquo;une grande banque canadienne dans les divisions de services bancaires personnels et de courtage en ligne. Elle est \u00e9galement passionn\u00e9e par le soutien aux organisations \u00e0 but non lucratif et a men\u00e9 diverses campagnes pour le BC Children&rsquo;s Hospital, Centraide et S.U.C.C.E.S.S au cours de son mandat chez son ancien employeur. Fornia \u00e9tait auparavant vice-pr\u00e9sident des \u00e9v\u00e9nements et pr\u00e9sident par int\u00e9rim d&rsquo;Ascend Vancouver.<\/p><p><span class=\"NormalTextRun BCX0 SCXW16891401\">Communiquez avec\u00a0<\/span><span class=\"NormalTextRun SpellingErrorV2 BCX0 DefaultHighlightTransition SCXW16891401\">Fornia\u00a0<\/span>:\u00a0\u00a0<a href=\"https:\/\/ca.linkedin.com\/in\/fornia-lau-b21bb226\" target=\"_blank\" rel=\"noopener noreferrer\" data-saferedirecturl=\"https:\/\/www.google.com\/url?q=https:\/\/ca.linkedin.com\/in\/fornia-lau-b21bb226&amp;source=gmail&amp;ust=1606923289726000&amp;usg=AFQjCNEECLgybBgecIVC5QttobJ8KUdlkA\">linkedin.com\/in\/fornia-lau-<wbr \/>b21bb226<\/a><\/p>\t\t\t\t\t\t\t\t<\/div>\n\t\t\t\t<\/div>\n\t\t\t\t\t<\/div>\n\t\t<\/div>\n\t\t\t\t\t<\/div>\n\t\t<\/section>\n\t\t\t\t\t<\/div>\n\t\t<\/div>\n\t\t\t\t\t<\/div>\n\t\t<\/section>\n\t\t\t\t<\/div>\n\t\t","protected":false},"excerpt":{"rendered":"<p>La pr\u00e9sidente N\u00e9e \u00e0 Hong Kong et \u00e9lev\u00e9e \u00e0 Vancouver, Fornia est dipl\u00f4m\u00e9e de la Sauder School of Business de l&rsquo;UBC (majeure en finance), o\u00f9 elle a obtenu un B. Comm et un MBA. Elle est devenue une professionnelle des affaires polyvalente poss\u00e9dant un ensemble diversifi\u00e9 de comp\u00e9tences et d&rsquo;exp\u00e9riences allant du marketing financier, de [&hellip;]<\/p>\n","protected":false},"author":1,"featured_media":0,"parent":9967,"menu_order":0,"comment_status":"closed","ping_status":"closed","template":"template\/template-full-width.php","meta":{"footnotes":""},"class_list":["post-8916","page","type-page","status-publish","hentry"],"_links":{"self":[{"href":"https:\/\/ascendleadership.web3.anasource.com\/fr\/wp-json\/wp\/v2\/pages\/8916","targetHints":{"allow":["GET"]}}],"collection":[{"href":"https:\/\/ascendleadership.web3.anasource.com\/fr\/wp-json\/wp\/v2\/pages"}],"about":[{"href":"https:\/\/ascendleadership.web3.anasource.com\/fr\/wp-json\/wp\/v2\/types\/page"}],"author":[{"embeddable":true,"href":"https:\/\/ascendleadership.web3.anasource.com\/fr\/wp-json\/wp\/v2\/users\/1"}],"replies":[{"embeddable":true,"href":"https:\/\/ascendleadership.web3.anasource.com\/fr\/wp-json\/wp\/v2\/comments?post=8916"}],"version-history":[{"count":6,"href":"https:\/\/ascendleadership.web3.anasource.com\/fr\/wp-json\/wp\/v2\/pages\/8916\/revisions"}],"predecessor-version":[{"id":13003,"href":"https:\/\/ascendleadership.web3.anasource.com\/fr\/wp-json\/wp\/v2\/pages\/8916\/revisions\/13003"}],"up":[{"embeddable":true,"href":"https:\/\/ascendleadership.web3.anasource.com\/fr\/wp-json\/wp\/v2\/pages\/9967"}],"wp:attachment":[{"href":"https:\/\/ascendleadership.web3.anasource.com\/fr\/wp-json\/wp\/v2\/media?parent=8916"}],"curies":[{"name":"wp","href":"https:\/\/api.w.org\/{rel}","templated":true}]}}