{"id":8912,"date":"2023-04-19T06:34:50","date_gmt":"2023-04-19T06:34:50","guid":{"rendered":"https:\/\/ascendleadership.ca\/constance-chow\/"},"modified":"2024-07-14T05:38:41","modified_gmt":"2024-07-14T05:38:41","slug":"constance-chow","status":"publish","type":"page","link":"https:\/\/ascendleadership.web3.anasource.com\/fr\/people\/constance-chow\/","title":{"rendered":"Constance Chow"},"content":{"rendered":"\t\t<div data-elementor-type=\"wp-page\" data-elementor-id=\"8912\" class=\"elementor elementor-8912 elementor-5683\">\n\t\t\t\t\t\t<section class=\"elementor-section elementor-top-section elementor-element elementor-element-cfb041e elementor-section-boxed elementor-section-height-default elementor-section-height-default\" data-id=\"cfb041e\" data-element_type=\"section\">\n\t\t\t\t\t\t<div class=\"elementor-container elementor-column-gap-default\">\n\t\t\t\t\t<div class=\"elementor-column elementor-col-100 elementor-top-column elementor-element elementor-element-030869b\" data-id=\"030869b\" data-element_type=\"column\">\n\t\t\t<div class=\"elementor-widget-wrap elementor-element-populated\">\n\t\t\t\t\t\t<section class=\"elementor-section elementor-inner-section elementor-element elementor-element-efa59c0 elementor-section-boxed elementor-section-height-default elementor-section-height-default\" data-id=\"efa59c0\" data-element_type=\"section\">\n\t\t\t\t\t\t<div class=\"elementor-container elementor-column-gap-default\">\n\t\t\t\t\t<div class=\"elementor-column elementor-col-50 elementor-inner-column elementor-element elementor-element-fd11bf6\" data-id=\"fd11bf6\" data-element_type=\"column\">\n\t\t\t<div class=\"elementor-widget-wrap elementor-element-populated\">\n\t\t\t\t\t\t<div class=\"elementor-element elementor-element-dc10579 elementor-widget elementor-widget-image\" data-id=\"dc10579\" data-element_type=\"widget\" data-widget_type=\"image.default\">\n\t\t\t\t<div class=\"elementor-widget-container\">\n\t\t\t\t\t\t\t\t\t\t\t\t\t\t\t<img fetchpriority=\"high\" decoding=\"async\" width=\"269\" height=\"269\" src=\"https:\/\/ascendleadership.web3.anasource.com\/wp-content\/uploads\/2023\/04\/Constance-Chow.jpg\" class=\"attachment-full size-full wp-image-7783\" alt=\"\" srcset=\"https:\/\/ascendleadership.web3.anasource.com\/wp-content\/uploads\/2023\/04\/Constance-Chow.jpg 269w, https:\/\/ascendleadership.web3.anasource.com\/wp-content\/uploads\/2023\/04\/Constance-Chow-150x150.jpg 150w, https:\/\/ascendleadership.web3.anasource.com\/wp-content\/uploads\/2023\/04\/Constance-Chow-100x100.jpg 100w\" sizes=\"(max-width: 269px) 100vw, 269px\" \/>\t\t\t\t\t\t\t\t\t\t\t\t\t\t\t<\/div>\n\t\t\t\t<\/div>\n\t\t\t\t\t<\/div>\n\t\t<\/div>\n\t\t\t\t<div class=\"elementor-column elementor-col-50 elementor-inner-column elementor-element elementor-element-e1d1f58\" data-id=\"e1d1f58\" data-element_type=\"column\">\n\t\t\t<div class=\"elementor-widget-wrap elementor-element-populated\">\n\t\t\t\t\t\t<div class=\"elementor-element elementor-element-a07cc33 elementor-widget elementor-widget-heading\" data-id=\"a07cc33\" data-element_type=\"widget\" data-widget_type=\"heading.default\">\n\t\t\t\t<div class=\"elementor-widget-container\">\n\t\t\t\t\t<h5 class=\"elementor-heading-title elementor-size-default\">Vice-pr\u00e9sident ex\u00e9cutif marketing<\/h5>\t\t\t\t<\/div>\n\t\t\t\t<\/div>\n\t\t\t\t<div class=\"elementor-element elementor-element-c6d52d0 elementor-widget elementor-widget-text-editor\" data-id=\"c6d52d0\" data-element_type=\"widget\" data-widget_type=\"text-editor.default\">\n\t\t\t\t<div class=\"elementor-widget-container\">\n\t\t\t\t\t\t\t\t\t<p><span class=\"TextRun SCXW110860315 BCX0\" lang=\"FR-CA\" xml:lang=\"FR-CA\" data-contrast=\"auto\"><span class=\"NormalTextRun SCXW110860315 BCX0\">Constance Chow est directrice r\u00e9gionale du marketing chez KPMG Canada, o\u00f9 elle dirige des initiatives et des campagnes de marketing pour un certain nombre d\u2019industries et de groupes fonctionnels. Elle poss\u00e8de de l\u2019exp\u00e9rience en marketing de services professionnels couvrant le marketing d\u2019\u00e9v\u00e9nements et de contenu, les communications et la promotion num\u00e9rique. Avant\u00a0<\/span><span class=\"NormalTextRun SCXW110860315 BCX0\">de se joindre \u00e0 KPMG Canada, Constance a pass\u00e9 plusieurs ann\u00e9es chez PwC Canada et Deloitte o\u00f9 elle offrait un soutien marketing \u00e0 divers groupes de pratique, dont les services d\u2019affaires, de conseil et de gestion des risques d\u2019entreprise en Chine. Ayant travaill\u00e9 \u00e0 Hong Kong, Shanghai et Toronto, Constance poss\u00e8de une exp\u00e9rience de travail internationale. Elle d\u00e9tient un baccalaur\u00e9at en commerce de l\u2019Universit\u00e9 de la Colombie-Britannique et une ma\u00eetrise en administration des affaires internationales et en marketing de la\u00a0<\/span><span class=\"NormalTextRun SpellingErrorV2 SCXW110860315 BCX0\">Schulich<\/span>\u00a0<span class=\"NormalTextRun SpellingErrorV2 SCXW110860315 BCX0\">School<\/span><span class=\"NormalTextRun SCXW110860315 BCX0\">\u00a0of Business de l\u2019Universit\u00e9 York.<\/span><\/span><span class=\"EOP SCXW110860315 BCX0\" data-ccp-props=\"{&quot;201341983&quot;:0,&quot;335559739&quot;:0,&quot;335559740&quot;:276}\">\u00a0<\/span><\/p><p><span class=\"TextRun BCX0 SCXW25214626\" lang=\"FR-CA\" xml:lang=\"FR-CA\" data-contrast=\"auto\"><span class=\"NormalTextRun BCX0 SCXW25214626\">Communiquez avec Constance\u00a0<\/span><\/span>:\u00a0<a href=\"https:\/\/ca.linkedin.com\/in\/constancechow\" target=\"_blank\" rel=\"noopener noreferrer\" data-saferedirecturl=\"https:\/\/www.google.com\/url?q=https:\/\/ca.linkedin.com\/in\/constancechow&amp;source=gmail&amp;ust=1606923289725000&amp;usg=AFQjCNFqkqIOZRsD4Vaa8u1MmwRxKZTNAg\">linkedin.com\/in\/constancechow<\/a><\/p>\t\t\t\t\t\t\t\t<\/div>\n\t\t\t\t<\/div>\n\t\t\t\t\t<\/div>\n\t\t<\/div>\n\t\t\t\t\t<\/div>\n\t\t<\/section>\n\t\t\t\t\t<\/div>\n\t\t<\/div>\n\t\t\t\t\t<\/div>\n\t\t<\/section>\n\t\t\t\t<\/div>\n\t\t","protected":false},"excerpt":{"rendered":"<p>Vice-pr\u00e9sident ex\u00e9cutif marketing Constance Chow est directrice r\u00e9gionale du marketing chez KPMG Canada, o\u00f9 elle dirige des initiatives et des campagnes de marketing pour un certain nombre d\u2019industries et de groupes fonctionnels. Elle poss\u00e8de de l\u2019exp\u00e9rience en marketing de services professionnels couvrant le marketing d\u2019\u00e9v\u00e9nements et de contenu, les communications et la promotion num\u00e9rique. Avant\u00a0de [&hellip;]<\/p>\n","protected":false},"author":1,"featured_media":0,"parent":9967,"menu_order":0,"comment_status":"closed","ping_status":"closed","template":"template\/template-full-width.php","meta":{"footnotes":""},"class_list":["post-8912","page","type-page","status-publish","hentry"],"_links":{"self":[{"href":"https:\/\/ascendleadership.web3.anasource.com\/fr\/wp-json\/wp\/v2\/pages\/8912","targetHints":{"allow":["GET"]}}],"collection":[{"href":"https:\/\/ascendleadership.web3.anasource.com\/fr\/wp-json\/wp\/v2\/pages"}],"about":[{"href":"https:\/\/ascendleadership.web3.anasource.com\/fr\/wp-json\/wp\/v2\/types\/page"}],"author":[{"embeddable":true,"href":"https:\/\/ascendleadership.web3.anasource.com\/fr\/wp-json\/wp\/v2\/users\/1"}],"replies":[{"embeddable":true,"href":"https:\/\/ascendleadership.web3.anasource.com\/fr\/wp-json\/wp\/v2\/comments?post=8912"}],"version-history":[{"count":6,"href":"https:\/\/ascendleadership.web3.anasource.com\/fr\/wp-json\/wp\/v2\/pages\/8912\/revisions"}],"predecessor-version":[{"id":12987,"href":"https:\/\/ascendleadership.web3.anasource.com\/fr\/wp-json\/wp\/v2\/pages\/8912\/revisions\/12987"}],"up":[{"embeddable":true,"href":"https:\/\/ascendleadership.web3.anasource.com\/fr\/wp-json\/wp\/v2\/pages\/9967"}],"wp:attachment":[{"href":"https:\/\/ascendleadership.web3.anasource.com\/fr\/wp-json\/wp\/v2\/media?parent=8912"}],"curies":[{"name":"wp","href":"https:\/\/api.w.org\/{rel}","templated":true}]}}