{"id":8900,"date":"2023-04-19T06:30:57","date_gmt":"2023-04-19T06:30:57","guid":{"rendered":"https:\/\/ascendleadership.ca\/conrad-rego\/"},"modified":"2023-05-29T07:38:49","modified_gmt":"2023-05-29T07:38:49","slug":"conrad-rego","status":"publish","type":"page","link":"https:\/\/ascendleadership.web3.anasource.com\/fr\/people\/conrad-rego\/","title":{"rendered":"Conrad Rego"},"content":{"rendered":"\t\t<div data-elementor-type=\"wp-page\" data-elementor-id=\"8900\" class=\"elementor elementor-8900 elementor-5678\">\n\t\t\t\t\t\t<section class=\"elementor-section elementor-top-section elementor-element elementor-element-7414a59 elementor-section-boxed elementor-section-height-default elementor-section-height-default\" data-id=\"7414a59\" data-element_type=\"section\">\n\t\t\t\t\t\t<div class=\"elementor-container elementor-column-gap-default\">\n\t\t\t\t\t<div class=\"elementor-column elementor-col-100 elementor-top-column elementor-element elementor-element-c71c084\" data-id=\"c71c084\" data-element_type=\"column\">\n\t\t\t<div class=\"elementor-widget-wrap elementor-element-populated\">\n\t\t\t\t\t\t<section class=\"elementor-section elementor-inner-section elementor-element elementor-element-b850d55 elementor-section-boxed elementor-section-height-default elementor-section-height-default\" data-id=\"b850d55\" data-element_type=\"section\">\n\t\t\t\t\t\t<div class=\"elementor-container elementor-column-gap-default\">\n\t\t\t\t\t<div class=\"elementor-column elementor-col-50 elementor-inner-column elementor-element elementor-element-c0444e0\" data-id=\"c0444e0\" data-element_type=\"column\">\n\t\t\t<div class=\"elementor-widget-wrap elementor-element-populated\">\n\t\t\t\t\t\t<div class=\"elementor-element elementor-element-a2f009b elementor-widget elementor-widget-image\" data-id=\"a2f009b\" data-element_type=\"widget\" data-widget_type=\"image.default\">\n\t\t\t\t<div class=\"elementor-widget-container\">\n\t\t\t\t\t\t\t\t\t\t\t\t\t\t\t<img fetchpriority=\"high\" decoding=\"async\" width=\"250\" height=\"250\" src=\"https:\/\/ascendleadership.web3.anasource.com\/wp-content\/uploads\/2023\/04\/Conrad-Rego.jpg\" class=\"attachment-full size-full wp-image-7782\" alt=\"\" srcset=\"https:\/\/ascendleadership.web3.anasource.com\/wp-content\/uploads\/2023\/04\/Conrad-Rego.jpg 250w, https:\/\/ascendleadership.web3.anasource.com\/wp-content\/uploads\/2023\/04\/Conrad-Rego-150x150.jpg 150w, https:\/\/ascendleadership.web3.anasource.com\/wp-content\/uploads\/2023\/04\/Conrad-Rego-100x100.jpg 100w\" sizes=\"(max-width: 250px) 100vw, 250px\" \/>\t\t\t\t\t\t\t\t\t\t\t\t\t\t\t<\/div>\n\t\t\t\t<\/div>\n\t\t\t\t\t<\/div>\n\t\t<\/div>\n\t\t\t\t<div class=\"elementor-column elementor-col-50 elementor-inner-column elementor-element elementor-element-627c720\" data-id=\"627c720\" data-element_type=\"column\">\n\t\t\t<div class=\"elementor-widget-wrap elementor-element-populated\">\n\t\t\t\t\t\t<div class=\"elementor-element elementor-element-46ba050 elementor-widget elementor-widget-heading\" data-id=\"46ba050\" data-element_type=\"widget\" data-widget_type=\"heading.default\">\n\t\t\t\t<div class=\"elementor-widget-container\">\n\t\t\t\t\t<h5 class=\"elementor-heading-title elementor-size-default\">Membre du conseil strat\u00e9gique de Vancouver<\/h5>\t\t\t\t<\/div>\n\t\t\t\t<\/div>\n\t\t\t\t<div class=\"elementor-element elementor-element-367e602 elementor-widget elementor-widget-text-editor\" data-id=\"367e602\" data-element_type=\"widget\" data-widget_type=\"text-editor.default\">\n\t\t\t\t<div class=\"elementor-widget-container\">\n\t\t\t\t\t\t\t\t\t<p><span data-contrast=\"auto\">Partenaire du Groupe des biens immobiliers et de la planification \u00e0 Vancouver, Conrad a une pratique ax\u00e9e sur tous les aspects de l\u2019immobilier commercial, mettant un accent particulier sur le financement immobilier. Il est connu pour son approche ax\u00e9e sur les solutions en mati\u00e8re d\u2019acquisition, de disposition et de pr\u00eat complexes. Conrad repr\u00e9sente r\u00e9guli\u00e8rement un large \u00e9ventail de clients, notamment des propri\u00e9taires institutionnels et priv\u00e9s importants, des promoteurs, des investisseurs et des pr\u00eateurs, dans le cadre d\u2019une vari\u00e9t\u00e9 de projets r\u00e9sidentiels, commerciaux, \u00e0 usage mixte et complets. Les clients estiment la valeur de sa r\u00e9activit\u00e9, son exp\u00e9rience et ses solides comp\u00e9tences en leadership, qu\u2019il utilise pour conclure rapidement des ententes sans sacrifier la qualit\u00e9. Conrad a \u00e9t\u00e9 conseiller principal en transactions pour de nombreux financements syndiqu\u00e9s importants et complexes et d\u2019autres transactions immobili\u00e8res pour les principaux clients pr\u00eateurs, investisseurs et d\u00e9veloppeurs.<\/span><span data-ccp-props=\"{&quot;201341983&quot;:0,&quot;335559739&quot;:0,&quot;335559740&quot;:276}\">\u00a0<\/span><\/p><p><span data-contrast=\"auto\">Membre actif de la communaut\u00e9, Conrad si\u00e8ge au conseil d\u2019administration de la NAIOP (section de Vancouver); il est un ancien pr\u00e9sident et membre actuel du Conseil consultatif strat\u00e9gique d\u2019Ascend Canada (section de Vancouver). Il est \u00e9galement membre de la Federation of Asian Canadian Lawyers (C.-B.), des sections Biens immobiliers et bancaires de l\u2019Association du Barreau canadien, de l\u2019Association du Barreau de Vancouver et du Barreau de la Colombie-Britannique. Conrad a obtenu son baccalaur\u00e9at en histoire et \u00e9conomie de l\u2019Universit\u00e9 de la Colombie-Britannique en 2001 et son baccalaur\u00e9at en droit\/JD de l\u2019Universit\u00e9 de la Colombie-Britannique en 2004. Il a \u00e9t\u00e9 re\u00e7u au Barreau de la Colombie-Britannique en 2005.<\/span><span data-ccp-props=\"{&quot;201341983&quot;:0,&quot;335559739&quot;:0,&quot;335559740&quot;:276}\">\u00a0<\/span><\/p><p><span class=\"TextRun BCX0 SCXW147989178\" lang=\"FR-CA\" xml:lang=\"FR-CA\" data-contrast=\"auto\"><span class=\"NormalTextRun BCX0 SCXW147989178\">Communiquez avec Conrad\u00a0<\/span><\/span>:\u00a0<a href=\"http:\/\/linkedin.com\/in\/conrad-rego-8478122\" target=\"_blank\" rel=\"noopener\">linkedin.com\/in\/conrad-rego-8478122<\/a><\/p>\t\t\t\t\t\t\t\t<\/div>\n\t\t\t\t<\/div>\n\t\t\t\t\t<\/div>\n\t\t<\/div>\n\t\t\t\t\t<\/div>\n\t\t<\/section>\n\t\t\t\t\t<\/div>\n\t\t<\/div>\n\t\t\t\t\t<\/div>\n\t\t<\/section>\n\t\t\t\t<\/div>\n\t\t","protected":false},"excerpt":{"rendered":"<p>Membre du conseil strat\u00e9gique de Vancouver Partenaire du Groupe des biens immobiliers et de la planification \u00e0 Vancouver, Conrad a une pratique ax\u00e9e sur tous les aspects de l\u2019immobilier commercial, mettant un accent particulier sur le financement immobilier. Il est connu pour son approche ax\u00e9e sur les solutions en mati\u00e8re d\u2019acquisition, de disposition et de [&hellip;]<\/p>\n","protected":false},"author":1,"featured_media":0,"parent":9967,"menu_order":0,"comment_status":"closed","ping_status":"closed","template":"template\/template-full-width.php","meta":{"footnotes":""},"class_list":["post-8900","page","type-page","status-publish","hentry"],"_links":{"self":[{"href":"https:\/\/ascendleadership.web3.anasource.com\/fr\/wp-json\/wp\/v2\/pages\/8900","targetHints":{"allow":["GET"]}}],"collection":[{"href":"https:\/\/ascendleadership.web3.anasource.com\/fr\/wp-json\/wp\/v2\/pages"}],"about":[{"href":"https:\/\/ascendleadership.web3.anasource.com\/fr\/wp-json\/wp\/v2\/types\/page"}],"author":[{"embeddable":true,"href":"https:\/\/ascendleadership.web3.anasource.com\/fr\/wp-json\/wp\/v2\/users\/1"}],"replies":[{"embeddable":true,"href":"https:\/\/ascendleadership.web3.anasource.com\/fr\/wp-json\/wp\/v2\/comments?post=8900"}],"version-history":[{"count":0,"href":"https:\/\/ascendleadership.web3.anasource.com\/fr\/wp-json\/wp\/v2\/pages\/8900\/revisions"}],"up":[{"embeddable":true,"href":"https:\/\/ascendleadership.web3.anasource.com\/fr\/wp-json\/wp\/v2\/pages\/9967"}],"wp:attachment":[{"href":"https:\/\/ascendleadership.web3.anasource.com\/fr\/wp-json\/wp\/v2\/media?parent=8900"}],"curies":[{"name":"wp","href":"https:\/\/api.w.org\/{rel}","templated":true}]}}