{"id":8870,"date":"2023-04-19T06:19:32","date_gmt":"2023-04-19T06:19:32","guid":{"rendered":"https:\/\/ascendleadership.ca\/bronche-cheng\/"},"modified":"2023-05-29T07:35:44","modified_gmt":"2023-05-29T07:35:44","slug":"bronche-cheng","status":"publish","type":"page","link":"https:\/\/ascendleadership.web3.anasource.com\/fr\/people\/bronche-cheng\/","title":{"rendered":"Bronche Cheng"},"content":{"rendered":"\t\t<div data-elementor-type=\"wp-page\" data-elementor-id=\"8870\" class=\"elementor elementor-8870 elementor-5659\">\n\t\t\t\t\t\t<section class=\"elementor-section elementor-top-section elementor-element elementor-element-a1839be elementor-section-boxed elementor-section-height-default elementor-section-height-default\" data-id=\"a1839be\" data-element_type=\"section\">\n\t\t\t\t\t\t<div class=\"elementor-container elementor-column-gap-default\">\n\t\t\t\t\t<div class=\"elementor-column elementor-col-100 elementor-top-column elementor-element elementor-element-8b65b7c\" data-id=\"8b65b7c\" data-element_type=\"column\">\n\t\t\t<div class=\"elementor-widget-wrap elementor-element-populated\">\n\t\t\t\t\t\t<section class=\"elementor-section elementor-inner-section elementor-element elementor-element-04ad5bf elementor-section-boxed elementor-section-height-default elementor-section-height-default\" data-id=\"04ad5bf\" data-element_type=\"section\">\n\t\t\t\t\t\t<div class=\"elementor-container elementor-column-gap-default\">\n\t\t\t\t\t<div class=\"elementor-column elementor-col-50 elementor-inner-column elementor-element elementor-element-1415667\" data-id=\"1415667\" data-element_type=\"column\">\n\t\t\t<div class=\"elementor-widget-wrap elementor-element-populated\">\n\t\t\t\t\t\t<div class=\"elementor-element elementor-element-51b8da8 elementor-widget elementor-widget-image\" data-id=\"51b8da8\" data-element_type=\"widget\" data-widget_type=\"image.default\">\n\t\t\t\t<div class=\"elementor-widget-container\">\n\t\t\t\t\t\t\t\t\t\t\t\t\t\t\t<img fetchpriority=\"high\" decoding=\"async\" width=\"250\" height=\"251\" src=\"https:\/\/ascendleadership.web3.anasource.com\/wp-content\/uploads\/2023\/04\/Bronche-Cheng.png\" class=\"attachment-full size-full wp-image-7780\" alt=\"\" srcset=\"https:\/\/ascendleadership.web3.anasource.com\/wp-content\/uploads\/2023\/04\/Bronche-Cheng.png 250w, https:\/\/ascendleadership.web3.anasource.com\/wp-content\/uploads\/2023\/04\/Bronche-Cheng-150x150.png 150w, https:\/\/ascendleadership.web3.anasource.com\/wp-content\/uploads\/2023\/04\/Bronche-Cheng-100x100.png 100w\" sizes=\"(max-width: 250px) 100vw, 250px\" \/>\t\t\t\t\t\t\t\t\t\t\t\t\t\t\t<\/div>\n\t\t\t\t<\/div>\n\t\t\t\t\t<\/div>\n\t\t<\/div>\n\t\t\t\t<div class=\"elementor-column elementor-col-50 elementor-inner-column elementor-element elementor-element-f893357\" data-id=\"f893357\" data-element_type=\"column\">\n\t\t\t<div class=\"elementor-widget-wrap elementor-element-populated\">\n\t\t\t\t\t\t<div class=\"elementor-element elementor-element-2dce8d0 elementor-widget elementor-widget-heading\" data-id=\"2dce8d0\" data-element_type=\"widget\" data-widget_type=\"heading.default\">\n\t\t\t\t<div class=\"elementor-widget-container\">\n\t\t\t\t\t<h5 class=\"elementor-heading-title elementor-size-default\">Membre du conseil strat\u00e9gique de Vancouver<\/h5>\t\t\t\t<\/div>\n\t\t\t\t<\/div>\n\t\t\t\t<div class=\"elementor-element elementor-element-27276be elementor-widget elementor-widget-text-editor\" data-id=\"27276be\" data-element_type=\"widget\" data-widget_type=\"text-editor.default\">\n\t\t\t\t<div class=\"elementor-widget-container\">\n\t\t\t\t\t\t\t\t\t<div><p><span data-contrast=\"auto\">Bronche Cheng est associ\u00e9e en fiscalit\u00e9 chez KPMG au Canada. Elle poss\u00e8de plus de vingt ans d\u2019exp\u00e9rience dans la prestation de services fiscaux aux FPI, aux promoteurs, aux investisseurs et aux pr\u00eateurs hypoth\u00e9caires. Bronche a particip\u00e9 \u00e0 la structuration de nombreuses transactions sur le march\u00e9 des capitaux, y compris des PAPE et des transactions de capital-investissement. Elle offre \u00e9galement des conseils fiscaux sur une base quotidienne et du soutien \u00e0 la conformit\u00e9 \u00e0 ses clients.<\/span><span data-ccp-props=\"{&quot;201341983&quot;:0,&quot;335559739&quot;:0,&quot;335559740&quot;:276}\">\u00a0<\/span><\/p><p><span data-contrast=\"auto\">Bronche a \u00e9galement \u00e9t\u00e9 partenaire des RH pour la pratique en fiscalit\u00e9 de KPMG dans la r\u00e9gion du Grand Vancouver. Dans le cadre de ses fonctions aux RH, Bronche a particip\u00e9 au recrutement, \u00e0 l\u2019\u00e9valuation du rendement, au perfectionnement de carri\u00e8re et aux discussions sur la r\u00e9mun\u00e9ration pour son \u00e9quipe de 300\u202fprofessionnels de l\u2019imp\u00f4t chez KPMG \u00e0 Vancouver. Elle appuie fermement les femmes en mati\u00e8re de leadership, d\u2019inclusion et de diversit\u00e9, et elle encourage son \u00e9quipe \u00e0 redonner \u00e0 la communaut\u00e9. Elle est une leader authentique et ouverte \u00e0 partager son exp\u00e9rience en tant qu\u2019immigrante, femme, m\u00e8re de trois jeunes enfants et professionnelle en pratique publique. Elle est passionn\u00e9e par le mentorat, la consolidation d\u2019\u00e9quipe et la pr\u00e9paration de la prochaine g\u00e9n\u00e9ration de leaders.<\/span><span data-ccp-props=\"{&quot;201341983&quot;:0,&quot;335559739&quot;:0,&quot;335559740&quot;:276}\">\u00a0<\/span><\/p><\/div><div>\u00a0<\/div><div><span class=\"TextRun BCX0 SCXW255988869\" lang=\"FR-CA\" xml:lang=\"FR-CA\" data-contrast=\"auto\"><span class=\"NormalTextRun BCX0 SCXW255988869\">Communiquez avec Bronche\u00a0<\/span><\/span>:\u00a0<a href=\"https:\/\/www.linkedin.com\/in\/bronche-cheng-86788913\/\">https:\/\/www.linkedin.com\/in\/bronche-cheng-86788913\/<\/a><\/div>\t\t\t\t\t\t\t\t<\/div>\n\t\t\t\t<\/div>\n\t\t\t\t\t<\/div>\n\t\t<\/div>\n\t\t\t\t\t<\/div>\n\t\t<\/section>\n\t\t\t\t\t<\/div>\n\t\t<\/div>\n\t\t\t\t\t<\/div>\n\t\t<\/section>\n\t\t\t\t<\/div>\n\t\t","protected":false},"excerpt":{"rendered":"<p>Membre du conseil strat\u00e9gique de Vancouver Bronche Cheng est associ\u00e9e en fiscalit\u00e9 chez KPMG au Canada. Elle poss\u00e8de plus de vingt ans d\u2019exp\u00e9rience dans la prestation de services fiscaux aux FPI, aux promoteurs, aux investisseurs et aux pr\u00eateurs hypoth\u00e9caires. Bronche a particip\u00e9 \u00e0 la structuration de nombreuses transactions sur le march\u00e9 des capitaux, y compris [&hellip;]<\/p>\n","protected":false},"author":1,"featured_media":0,"parent":9967,"menu_order":0,"comment_status":"closed","ping_status":"closed","template":"template\/template-full-width.php","meta":{"footnotes":""},"class_list":["post-8870","page","type-page","status-publish","hentry"],"_links":{"self":[{"href":"https:\/\/ascendleadership.web3.anasource.com\/fr\/wp-json\/wp\/v2\/pages\/8870","targetHints":{"allow":["GET"]}}],"collection":[{"href":"https:\/\/ascendleadership.web3.anasource.com\/fr\/wp-json\/wp\/v2\/pages"}],"about":[{"href":"https:\/\/ascendleadership.web3.anasource.com\/fr\/wp-json\/wp\/v2\/types\/page"}],"author":[{"embeddable":true,"href":"https:\/\/ascendleadership.web3.anasource.com\/fr\/wp-json\/wp\/v2\/users\/1"}],"replies":[{"embeddable":true,"href":"https:\/\/ascendleadership.web3.anasource.com\/fr\/wp-json\/wp\/v2\/comments?post=8870"}],"version-history":[{"count":0,"href":"https:\/\/ascendleadership.web3.anasource.com\/fr\/wp-json\/wp\/v2\/pages\/8870\/revisions"}],"up":[{"embeddable":true,"href":"https:\/\/ascendleadership.web3.anasource.com\/fr\/wp-json\/wp\/v2\/pages\/9967"}],"wp:attachment":[{"href":"https:\/\/ascendleadership.web3.anasource.com\/fr\/wp-json\/wp\/v2\/media?parent=8870"}],"curies":[{"name":"wp","href":"https:\/\/api.w.org\/{rel}","templated":true}]}}