{"id":8848,"date":"2023-04-18T06:50:25","date_gmt":"2023-04-18T06:50:25","guid":{"rendered":"https:\/\/ascendleadership.ca\/anthony-wan\/"},"modified":"2024-07-15T02:07:30","modified_gmt":"2024-07-15T02:07:30","slug":"anthony-wan","status":"publish","type":"page","link":"https:\/\/ascendleadership.web3.anasource.com\/fr\/people\/anthony-wan\/","title":{"rendered":"Anthony Wan"},"content":{"rendered":"\t\t<div data-elementor-type=\"wp-page\" data-elementor-id=\"8848\" class=\"elementor elementor-8848 elementor-5259\">\n\t\t\t\t\t\t<section class=\"elementor-section elementor-top-section elementor-element elementor-element-753af5e elementor-section-boxed elementor-section-height-default elementor-section-height-default\" data-id=\"753af5e\" data-element_type=\"section\">\n\t\t\t\t\t\t<div class=\"elementor-container elementor-column-gap-default\">\n\t\t\t\t\t<div class=\"elementor-column elementor-col-100 elementor-top-column elementor-element elementor-element-16b6a49\" data-id=\"16b6a49\" data-element_type=\"column\">\n\t\t\t<div class=\"elementor-widget-wrap elementor-element-populated\">\n\t\t\t\t\t\t<section class=\"elementor-section elementor-inner-section elementor-element elementor-element-b4bf37d elementor-section-boxed elementor-section-height-default elementor-section-height-default\" data-id=\"b4bf37d\" data-element_type=\"section\">\n\t\t\t\t\t\t<div class=\"elementor-container elementor-column-gap-default\">\n\t\t\t\t\t<div class=\"elementor-column elementor-col-50 elementor-inner-column elementor-element elementor-element-7e608e0\" data-id=\"7e608e0\" data-element_type=\"column\">\n\t\t\t<div class=\"elementor-widget-wrap elementor-element-populated\">\n\t\t\t\t\t\t<div class=\"elementor-element elementor-element-381871e elementor-widget elementor-widget-image\" data-id=\"381871e\" data-element_type=\"widget\" data-widget_type=\"image.default\">\n\t\t\t\t<div class=\"elementor-widget-container\">\n\t\t\t\t\t\t\t\t\t\t\t\t\t\t\t<img fetchpriority=\"high\" decoding=\"async\" width=\"250\" height=\"250\" src=\"https:\/\/ascendleadership.web3.anasource.com\/wp-content\/uploads\/2023\/04\/Wan_Anthony_2017-Cropped.jpg\" class=\"attachment-full size-full wp-image-7797\" alt=\"\" srcset=\"https:\/\/ascendleadership.web3.anasource.com\/wp-content\/uploads\/2023\/04\/Wan_Anthony_2017-Cropped.jpg 250w, https:\/\/ascendleadership.web3.anasource.com\/wp-content\/uploads\/2023\/04\/Wan_Anthony_2017-Cropped-150x150.jpg 150w, https:\/\/ascendleadership.web3.anasource.com\/wp-content\/uploads\/2023\/04\/Wan_Anthony_2017-Cropped-100x100.jpg 100w\" sizes=\"(max-width: 250px) 100vw, 250px\" \/>\t\t\t\t\t\t\t\t\t\t\t\t\t\t\t<\/div>\n\t\t\t\t<\/div>\n\t\t\t\t\t<\/div>\n\t\t<\/div>\n\t\t\t\t<div class=\"elementor-column elementor-col-50 elementor-inner-column elementor-element elementor-element-472bf80\" data-id=\"472bf80\" data-element_type=\"column\">\n\t\t\t<div class=\"elementor-widget-wrap elementor-element-populated\">\n\t\t\t\t\t\t<div class=\"elementor-element elementor-element-97ec826 elementor-widget elementor-widget-heading\" data-id=\"97ec826\" data-element_type=\"widget\" data-widget_type=\"heading.default\">\n\t\t\t\t<div class=\"elementor-widget-container\">\n\t\t\t\t\t<h5 class=\"elementor-heading-title elementor-size-default\">Vice-Pr\u00e9sident Ex\u00e9cutif, Ascend Vancouver<\/h5>\t\t\t\t<\/div>\n\t\t\t\t<\/div>\n\t\t\t\t<div class=\"elementor-element elementor-element-6759822 elementor-widget elementor-widget-text-editor\" data-id=\"6759822\" data-element_type=\"widget\" data-widget_type=\"text-editor.default\">\n\t\t\t\t<div class=\"elementor-widget-container\">\n\t\t\t\t\t\t\t\t\t<p>Biographie\u00a0: Anthony Wan est vice-pr\u00e9sident au sein de l\u2019\u00e9quipe \u00c9valuation, mod\u00e9lisation et \u00e9conomie d\u2019Ernst &amp; Young. Anthony fournit des services d\u2019\u00e9valuation et de mod\u00e9lisation d\u2019entreprise \u00e0 un large \u00e9ventail d\u2019organisations publiques et priv\u00e9es et il dirige l\u2019\u00e9quipe de mod\u00e9lisation d\u2019entreprise en Colombie-Britannique. Il poss\u00e8de plus de 20 ans d\u2019exp\u00e9rience en pratique publique et plus de 15 ans d\u2019exp\u00e9rience en \u00e9valuation et en mod\u00e9lisation d\u2019entreprises chez Ernst &amp; Young. Avant de se joindre \u00e0 Ernst &amp; Young en 2006, Anthony a travaill\u00e9 dans un autre \u00ab\u00a0grand cabinet comptable\u00a0\u00bb, offrant des services de v\u00e9rification, de comptabilit\u00e9 et de consultation connexes \u00e0 des clients publics et priv\u00e9s dans divers secteurs de l\u2019industrie. Anthony est un comptable professionnel agr\u00e9\u00e9, un comptable agr\u00e9\u00e9, un \u00e9valuateur d\u2019entreprise agr\u00e9\u00e9, un analyste financier agr\u00e9\u00e9 et un expert-comptable agr\u00e9\u00e9 aux \u00c9tats-Unis Anthony est titulaire d\u2019une licence en administration des affaires, avec une mineure en informatique de l\u2019Universit\u00e9 Simon Fraser.<br \/><br \/>Communiquez avec Anthony\u00a0: <a href=\"https:\/\/www.linkedin.com\/in\/anthonycwan1\/\">https:\/\/www.linkedin.com\/in\/anthonycwan1\/<\/a><\/p>\t\t\t\t\t\t\t\t<\/div>\n\t\t\t\t<\/div>\n\t\t\t\t\t<\/div>\n\t\t<\/div>\n\t\t\t\t\t<\/div>\n\t\t<\/section>\n\t\t\t\t\t<\/div>\n\t\t<\/div>\n\t\t\t\t\t<\/div>\n\t\t<\/section>\n\t\t\t\t<\/div>\n\t\t","protected":false},"excerpt":{"rendered":"<p>Vice-Pr\u00e9sident Ex\u00e9cutif, Ascend Vancouver Biographie\u00a0: Anthony Wan est vice-pr\u00e9sident au sein de l\u2019\u00e9quipe \u00c9valuation, mod\u00e9lisation et \u00e9conomie d\u2019Ernst &amp; Young. Anthony fournit des services d\u2019\u00e9valuation et de mod\u00e9lisation d\u2019entreprise \u00e0 un large \u00e9ventail d\u2019organisations publiques et priv\u00e9es et il dirige l\u2019\u00e9quipe de mod\u00e9lisation d\u2019entreprise en Colombie-Britannique. Il poss\u00e8de plus de 20 ans d\u2019exp\u00e9rience en pratique [&hellip;]<\/p>\n","protected":false},"author":1,"featured_media":0,"parent":9967,"menu_order":0,"comment_status":"closed","ping_status":"closed","template":"template\/template-full-width.php","meta":{"footnotes":""},"class_list":["post-8848","page","type-page","status-publish","hentry"],"_links":{"self":[{"href":"https:\/\/ascendleadership.web3.anasource.com\/fr\/wp-json\/wp\/v2\/pages\/8848","targetHints":{"allow":["GET"]}}],"collection":[{"href":"https:\/\/ascendleadership.web3.anasource.com\/fr\/wp-json\/wp\/v2\/pages"}],"about":[{"href":"https:\/\/ascendleadership.web3.anasource.com\/fr\/wp-json\/wp\/v2\/types\/page"}],"author":[{"embeddable":true,"href":"https:\/\/ascendleadership.web3.anasource.com\/fr\/wp-json\/wp\/v2\/users\/1"}],"replies":[{"embeddable":true,"href":"https:\/\/ascendleadership.web3.anasource.com\/fr\/wp-json\/wp\/v2\/comments?post=8848"}],"version-history":[{"count":3,"href":"https:\/\/ascendleadership.web3.anasource.com\/fr\/wp-json\/wp\/v2\/pages\/8848\/revisions"}],"predecessor-version":[{"id":13053,"href":"https:\/\/ascendleadership.web3.anasource.com\/fr\/wp-json\/wp\/v2\/pages\/8848\/revisions\/13053"}],"up":[{"embeddable":true,"href":"https:\/\/ascendleadership.web3.anasource.com\/fr\/wp-json\/wp\/v2\/pages\/9967"}],"wp:attachment":[{"href":"https:\/\/ascendleadership.web3.anasource.com\/fr\/wp-json\/wp\/v2\/media?parent=8848"}],"curies":[{"name":"wp","href":"https:\/\/api.w.org\/{rel}","templated":true}]}}