{"id":8830,"date":"2018-04-20T08:43:34","date_gmt":"2018-04-20T12:43:34","guid":{"rendered":"https:\/\/ascendleadership.ca\/about-us\/"},"modified":"2025-07-14T12:27:11","modified_gmt":"2025-07-14T16:27:11","slug":"a-propos-de-nous","status":"publish","type":"page","link":"https:\/\/ascendleadership.web3.anasource.com\/fr\/page\/a-propos-de-nous\/","title":{"rendered":"\u00c0 propos de nous"},"content":{"rendered":"\t\t<div data-elementor-type=\"wp-post\" data-elementor-id=\"8830\" class=\"elementor elementor-8830 elementor-388\">\n\t\t\t\t\t\t<section class=\"elementor-section elementor-top-section elementor-element elementor-element-1f37d92e ascend-about-video-section elementor-section-boxed elementor-section-height-default elementor-section-height-default\" data-id=\"1f37d92e\" data-element_type=\"section\">\n\t\t\t\t\t\t<div class=\"elementor-container elementor-column-gap-default\">\n\t\t\t\t\t<div class=\"elementor-column elementor-col-100 elementor-top-column elementor-element elementor-element-126d53e\" data-id=\"126d53e\" data-element_type=\"column\">\n\t\t\t<div class=\"elementor-widget-wrap elementor-element-populated\">\n\t\t\t\t\t\t<div class=\"elementor-element elementor-element-66fc7b70 elementor-widget elementor-widget-xs-video\" data-id=\"66fc7b70\" data-element_type=\"widget\" data-widget_type=\"xs-video.default\">\n\t\t\t\t<div class=\"elementor-widget-container\">\n\t\t\t\t\t\n        <div class=\"xs-video-popup-section\">\n            <div class=\"container\">\n                <div class=\"row\">\n                    <div class=\"col-lg-8 content-center\">\n                        <div class=\"xs-video-popup-wraper\">\n                            <img fetchpriority=\"high\" decoding=\"async\" width=\"1536\" height=\"1024\" src=\"https:\/\/ascendleadership.web3.anasource.com\/wp-content\/uploads\/2023\/05\/2022-Volunteer-Award-Winners-2-1536x1024-1.jpg\" class=\"attachment-full size-full wp-image-8012\" alt=\"\" srcset=\"https:\/\/ascendleadership.web3.anasource.com\/wp-content\/uploads\/2023\/05\/2022-Volunteer-Award-Winners-2-1536x1024-1.jpg 1536w, https:\/\/ascendleadership.web3.anasource.com\/wp-content\/uploads\/2023\/05\/2022-Volunteer-Award-Winners-2-1536x1024-1-300x200.jpg 300w, https:\/\/ascendleadership.web3.anasource.com\/wp-content\/uploads\/2023\/05\/2022-Volunteer-Award-Winners-2-1536x1024-1-1024x683.jpg 1024w, https:\/\/ascendleadership.web3.anasource.com\/wp-content\/uploads\/2023\/05\/2022-Volunteer-Award-Winners-2-1536x1024-1-768x512.jpg 768w, https:\/\/ascendleadership.web3.anasource.com\/wp-content\/uploads\/2023\/05\/2022-Volunteer-Award-Winners-2-1536x1024-1-600x400.jpg 600w\" sizes=\"(max-width: 1536px) 100vw, 1536px\" \/>                            <div class=\"xs-video-popup-content\">\n                                <a href=\"https:\/\/player.vimeo.com\/video\/729395965?h=e85e8b9d56\" class=\"xs-video-popup xs-round-btn\">\n                                    <i class=\"fa fa-play\"><\/i>\n                                <\/a>\n                            <\/div>\n                        <\/div>\n                    <\/div>\n                <\/div>\n            <\/div>\n        <\/div>\n\n\n        \t\t\t\t<\/div>\n\t\t\t\t<\/div>\n\t\t\t\t\t<\/div>\n\t\t<\/div>\n\t\t\t\t\t<\/div>\n\t\t<\/section>\n\t\t\t\t<section class=\"elementor-section elementor-top-section elementor-element elementor-element-a5e6f1d ascend-cms-section elementor-section-boxed elementor-section-height-default elementor-section-height-default\" data-id=\"a5e6f1d\" data-element_type=\"section\">\n\t\t\t\t\t\t<div class=\"elementor-container elementor-column-gap-default\">\n\t\t\t\t\t<div class=\"elementor-column elementor-col-100 elementor-top-column elementor-element elementor-element-1123a9be\" data-id=\"1123a9be\" data-element_type=\"column\">\n\t\t\t<div class=\"elementor-widget-wrap elementor-element-populated\">\n\t\t\t\t\t\t<div class=\"elementor-element elementor-element-d84d1c9 elementor-widget elementor-widget-heading\" data-id=\"d84d1c9\" data-element_type=\"widget\" data-widget_type=\"heading.default\">\n\t\t\t\t<div class=\"elementor-widget-container\">\n\t\t\t\t\t<h4 class=\"elementor-heading-title elementor-size-default\">Notre histoire\n<\/h4>\t\t\t\t<\/div>\n\t\t\t\t<\/div>\n\t\t\t\t<div class=\"elementor-element elementor-element-35ff625b elementor-widget elementor-widget-text-editor\" data-id=\"35ff625b\" data-element_type=\"widget\" data-widget_type=\"text-editor.default\">\n\t\t\t\t<div class=\"elementor-widget-container\">\n\t\t\t\t\t\t\t\t\t<p><span data-contrast=\"auto\">Ascend Canada a \u00e9t\u00e9 fond\u00e9e en 2012 afin d\u2019am\u00e9liorer la pr\u00e9sence, la visibilit\u00e9 et l\u2019influence des chefs d\u2019entreprise d\u2019origine panasiatique actuels et futurs. Gr\u00e2ce au soutien de nos nombreux partenaires commerciaux, nos objectifs sont de d\u00e9velopper le plein potentiel d\u2019un peu plus de 3\u202f000\u202fmembres en tirant parti de nos r\u00e9seaux et en offrant des programmes et des \u00e9v\u00e9nements qui inspirent tout en les \u00e9duquant.<\/span><span data-ccp-props=\"{&quot;201341983&quot;:0,&quot;335559739&quot;:0,&quot;335559740&quot;:276}\">\u00a0<\/span><\/p><p><span data-contrast=\"auto\">Ascend est l\u2019organisation panasiatique \u00e0 but non lucratif la plus importante pour les professionnels des affaires en Am\u00e9rique du Nord. Ascend touche 60\u202f000\u202fpersonnes avec plus de 40\u202fsections \u00e9tudiantes et 18\u202fsections professionnelles aux \u00c9tats-Unis et au Canada situ\u00e9es \u00e0 proximit\u00e9 des principaux centres d\u2019affaires et \u00e9tablissements d\u2019enseignement.<\/span><span data-ccp-props=\"{&quot;201341983&quot;:0,&quot;335559739&quot;:0,&quot;335559740&quot;:276}\">\u00a0<\/span><\/p>\t\t\t\t\t\t\t\t<\/div>\n\t\t\t\t<\/div>\n\t\t\t\t\t<\/div>\n\t\t<\/div>\n\t\t\t\t\t<\/div>\n\t\t<\/section>\n\t\t\t\t<section class=\"elementor-section elementor-top-section elementor-element elementor-element-3915eb8b our-mission-vision-section ascend-cms-section elementor-section-boxed elementor-section-height-default elementor-section-height-default\" data-id=\"3915eb8b\" data-element_type=\"section\">\n\t\t\t\t\t\t<div class=\"elementor-container elementor-column-gap-default\">\n\t\t\t\t\t<div class=\"elementor-column elementor-col-50 elementor-top-column elementor-element elementor-element-246e2813\" data-id=\"246e2813\" data-element_type=\"column\">\n\t\t\t<div class=\"elementor-widget-wrap elementor-element-populated\">\n\t\t\t\t\t\t<div class=\"elementor-element elementor-element-7cecdd08 elementor-widget elementor-widget-heading\" data-id=\"7cecdd08\" data-element_type=\"widget\" data-widget_type=\"heading.default\">\n\t\t\t\t<div class=\"elementor-widget-container\">\n\t\t\t\t\t<h4 class=\"elementor-heading-title elementor-size-default\">Mission<\/h4>\t\t\t\t<\/div>\n\t\t\t\t<\/div>\n\t\t\t\t<div class=\"elementor-element elementor-element-63cfb122 elementor-widget elementor-widget-text-editor\" data-id=\"63cfb122\" data-element_type=\"widget\" data-widget_type=\"text-editor.default\">\n\t\t\t\t<div class=\"elementor-widget-container\">\n\t\t\t\t\t\t\t\t\tCollaborer et progresser avec les organisations canadiennes afin de perfectionner et faire progresser les talents d\u2019origine panasiatique.\t\t\t\t\t\t\t\t<\/div>\n\t\t\t\t<\/div>\n\t\t\t\t\t<\/div>\n\t\t<\/div>\n\t\t\t\t<div class=\"elementor-column elementor-col-50 elementor-top-column elementor-element elementor-element-6b03337a\" data-id=\"6b03337a\" data-element_type=\"column\">\n\t\t\t<div class=\"elementor-widget-wrap elementor-element-populated\">\n\t\t\t\t\t\t<div class=\"elementor-element elementor-element-616dc14f elementor-widget elementor-widget-heading\" data-id=\"616dc14f\" data-element_type=\"widget\" data-widget_type=\"heading.default\">\n\t\t\t\t<div class=\"elementor-widget-container\">\n\t\t\t\t\t<h4 class=\"elementor-heading-title elementor-size-default\">Vision<\/h4>\t\t\t\t<\/div>\n\t\t\t\t<\/div>\n\t\t\t\t<div class=\"elementor-element elementor-element-7bdbe7d6 elementor-widget elementor-widget-text-editor\" data-id=\"7bdbe7d6\" data-element_type=\"widget\" data-widget_type=\"text-editor.default\">\n\t\t\t\t<div class=\"elementor-widget-container\">\n\t\t\t\t\t\t\t\t\tAvoir un Canada diversifi\u00e9 et inclusif o\u00f9 les talents d\u2019origine panasiatique peuvent atteindre leurs pleines capacit\u00e9s.\t\t\t\t\t\t\t\t<\/div>\n\t\t\t\t<\/div>\n\t\t\t\t\t<\/div>\n\t\t<\/div>\n\t\t\t\t\t<\/div>\n\t\t<\/section>\n\t\t\t\t<section class=\"elementor-section elementor-top-section elementor-element elementor-element-23328dde our-objective-section-listing ascend-cms-section elementor-section-boxed elementor-section-height-default elementor-section-height-default\" data-id=\"23328dde\" data-element_type=\"section\">\n\t\t\t\t\t\t<div class=\"elementor-container elementor-column-gap-default\">\n\t\t\t\t\t<div class=\"elementor-column elementor-col-100 elementor-top-column elementor-element elementor-element-115ba286\" data-id=\"115ba286\" data-element_type=\"column\">\n\t\t\t<div class=\"elementor-widget-wrap elementor-element-populated\">\n\t\t\t\t\t\t<div class=\"elementor-element elementor-element-17724af elementor-widget elementor-widget-heading\" data-id=\"17724af\" data-element_type=\"widget\" data-widget_type=\"heading.default\">\n\t\t\t\t<div class=\"elementor-widget-container\">\n\t\t\t\t\t<h4 class=\"elementor-heading-title elementor-size-default\">NOS OBJECTIFS<\/h4>\t\t\t\t<\/div>\n\t\t\t\t<\/div>\n\t\t\t\t<div class=\"elementor-element elementor-element-cb329e5 elementor-widget elementor-widget-text-editor\" data-id=\"cb329e5\" data-element_type=\"widget\" data-widget_type=\"text-editor.default\">\n\t\t\t\t<div class=\"elementor-widget-container\">\n\t\t\t\t\t\t\t\t\t<ul>\n<li>Offrir des programmes et des \u00e9v\u00e9nements afin d\u2019aider au perfectionnement et \u00e0 la r\u00e9alisation du plein potentiel de notre base de membres.<\/li>\n<li>Cultiver l\u2019entreprise, le leadership et la croissance professionnelle des membres.<\/li>\n<li>Renforcer nos relations d\u2019affaires gr\u00e2ce \u00e0 nos programmes planifi\u00e9s, \u00e0 nos possibilit\u00e9s de croissance et \u00e0 notre leadership \u00e9clair\u00e9.<\/li>\n<li>Combler l\u2019\u00e9cart de \u00ab\u202fdiff\u00e9rence culturelle\u202f\u00bb entre la main-d\u2019\u0153uvre panasiatique et le grand public.<\/li>\n<li>Mobiliser les individus panasiatiques comme actif mondial d\u2019entreprises canadiennes.<\/li>\n<li>\u00c9tablir de meilleures relations avec la communaut\u00e9 panasiatique et redonner \u00e0 la communaut\u00e9 panasiatique.<\/li>\n<\/ul>\t\t\t\t\t\t\t\t<\/div>\n\t\t\t\t<\/div>\n\t\t\t\t\t<\/div>\n\t\t<\/div>\n\t\t\t\t\t<\/div>\n\t\t<\/section>\n\t\t\t\t<section class=\"elementor-section elementor-top-section elementor-element elementor-element-77b098a3 ascend-section has-gray-bg  elementor-section-boxed elementor-section-height-default elementor-section-height-default\" data-id=\"77b098a3\" data-element_type=\"section\" data-settings=\"{&quot;background_background&quot;:&quot;classic&quot;}\">\n\t\t\t\t\t\t<div class=\"elementor-container elementor-column-gap-default\">\n\t\t\t\t\t<div class=\"elementor-column elementor-col-100 elementor-top-column elementor-element elementor-element-33f3397f\" data-id=\"33f3397f\" data-element_type=\"column\">\n\t\t\t<div class=\"elementor-widget-wrap elementor-element-populated\">\n\t\t\t\t\t\t<section class=\"elementor-section elementor-inner-section elementor-element elementor-element-66dfc0aa elementor-section-boxed elementor-section-height-default elementor-section-height-default\" data-id=\"66dfc0aa\" data-element_type=\"section\">\n\t\t\t\t\t\t<div class=\"elementor-container elementor-column-gap-default\">\n\t\t\t\t\t<div class=\"elementor-column elementor-col-50 elementor-inner-column elementor-element elementor-element-119977e8\" data-id=\"119977e8\" data-element_type=\"column\">\n\t\t\t<div class=\"elementor-widget-wrap elementor-element-populated\">\n\t\t\t\t\t\t<div class=\"elementor-element elementor-element-5952562e elementor-mobile-align-left section-title-block elementor-widget elementor-widget-xs-heading\" data-id=\"5952562e\" data-element_type=\"widget\" data-widget_type=\"xs-heading.default\">\n\t\t\t\t<div class=\"elementor-widget-container\">\n\t\t\t\t\t<div class=\"xs-heading heading-v2 v4\">\n            <h2 class=\"xs-title\" data-title=\"\">Rencontrez les membres de notre conseil d'administration<\/h2>\n                <span class=\"xs-separetor\"><\/span>\n        <\/div>\t\t\t\t<\/div>\n\t\t\t\t<\/div>\n\t\t\t\t\t<\/div>\n\t\t<\/div>\n\t\t\t\t<div class=\"elementor-column elementor-col-50 elementor-inner-column elementor-element elementor-element-26627224\" data-id=\"26627224\" data-element_type=\"column\">\n\t\t\t<div class=\"elementor-widget-wrap\">\n\t\t\t\t\t\t\t<\/div>\n\t\t<\/div>\n\t\t\t\t\t<\/div>\n\t\t<\/section>\n\t\t\t\t<div class=\"elementor-element elementor-element-41694df4 elementor-align-right elementor-mobile-align-left elementor-widget elementor-widget-xs-button\" data-id=\"41694df4\" data-element_type=\"widget\" data-widget_type=\"xs-button.default\">\n\t\t\t\t<div class=\"elementor-widget-container\">\n\t\t\t\t\t        \n        <a href=\"\/fr\/page\/qui-nous-sommes\/\" target=\"_self\" class=\"xs-cp-btn btn btn-primary\">\n            <span class=\"badge\"><i class=\"\"><\/i><\/span>  Voir toutes les        <\/a>\n\n        \t\t\t\t<\/div>\n\t\t\t\t<\/div>\n\t\t\t\t<section class=\"elementor-section elementor-inner-section elementor-element elementor-element-bb25381 team-listing-block elementor-section-boxed elementor-section-height-default elementor-section-height-default\" data-id=\"bb25381\" data-element_type=\"section\">\n\t\t\t\t\t\t<div class=\"elementor-container elementor-column-gap-default\">\n\t\t\t\t\t<div class=\"elementor-column elementor-col-25 elementor-inner-column elementor-element elementor-element-10f20f8\" data-id=\"10f20f8\" data-element_type=\"column\">\n\t\t\t<div class=\"elementor-widget-wrap elementor-element-populated\">\n\t\t\t\t\t\t<div class=\"elementor-element elementor-element-e6665c9 elementor-widget elementor-widget-xs-team\" data-id=\"e6665c9\" data-element_type=\"widget\" data-widget_type=\"xs-team.default\">\n\t\t\t\t<div class=\"elementor-widget-container\">\n\t\t\t\t\t\n        <div class=\"xs-single-team\">\n            <div class=\"image\">\n                <img decoding=\"async\" width=\"250\" height=\"250\" src=\"https:\/\/ascendleadership.web3.anasource.com\/wp-content\/uploads\/2023\/04\/Alex-Peh.jpg\" class=\"attachment-full size-full wp-image-3932\" alt=\"Alexander Peh\" srcset=\"https:\/\/ascendleadership.web3.anasource.com\/wp-content\/uploads\/2023\/04\/Alex-Peh.jpg 250w, https:\/\/ascendleadership.web3.anasource.com\/wp-content\/uploads\/2023\/04\/Alex-Peh-150x150.jpg 150w, https:\/\/ascendleadership.web3.anasource.com\/wp-content\/uploads\/2023\/04\/Alex-Peh-100x100.jpg 100w\" sizes=\"(max-width: 250px) 100vw, 250px\" \/>                <div class=\"hover-content\">\n                                            <ul class=\"xs-social-list-v2\">\n                                                            <li><a href=\"http:\/\/linkedin.com\/in\/alexanderpeh\" target=\"_blank\"><i class=\"fa fa-linkedin\"><\/i><\/a><\/li>\n                                                            <li><a href=\"https:\/\/twitter.com\/alexanderpeh\" target=\"_blank\"><i class=\"fa fa-twitter\"><\/i><\/a><\/li>\n                                                            <li><a href=\"http:\/\/www.alexanderpeh.com\" target=\"_blank\"><i class=\"fa fa-globe\"><\/i><\/a><\/li>\n                                                            <li><a href=\"\/fr\/people\/alexander-peh\/\" target=\"_blank\"><i class=\"fa fa-hand-o-right\"><\/i><\/a><\/li>\n                                                    <\/ul>\n                                    <\/div>\n            <\/div>\n            <div class=\"xs-team-content\">\n                <h5>Alexander Peh<\/h5>\n                <small>Pr\u00e9sident du conseil, Ascend Canada<\/small>\n                <svg class=\"xs-svgs\" preserveAspectRatio=\"none\" xmlns=\"http:\/\/www.w3.org\/2000\/svg\" viewBox=\"0 0 270 138\">\n                    <path class=\"fill-color\" d=\"M375,3294H645v128a10,10,0,0,1-10,10l-250-20a10,10,0,0,1-10-10V3294Z\" transform=\"translate(-375 -3294)\"\/>\n                <\/svg>\n            <\/div>\n        <\/div>\n\n        \t\t\t\t<\/div>\n\t\t\t\t<\/div>\n\t\t\t\t\t<\/div>\n\t\t<\/div>\n\t\t\t\t<div class=\"elementor-column elementor-col-25 elementor-inner-column elementor-element elementor-element-5342b74\" data-id=\"5342b74\" data-element_type=\"column\">\n\t\t\t<div class=\"elementor-widget-wrap elementor-element-populated\">\n\t\t\t\t\t\t<div class=\"elementor-element elementor-element-43dc53e elementor-widget elementor-widget-xs-team\" data-id=\"43dc53e\" data-element_type=\"widget\" data-widget_type=\"xs-team.default\">\n\t\t\t\t<div class=\"elementor-widget-container\">\n\t\t\t\t\t\n        <div class=\"xs-single-team\">\n            <div class=\"image\">\n                <img decoding=\"async\" width=\"250\" height=\"250\" src=\"https:\/\/ascendleadership.web3.anasource.com\/wp-content\/uploads\/2023\/04\/Kathleen-butterfield-toronto-lawyer-3_Option-1.jpg\" class=\"attachment-full size-full wp-image-3950\" alt=\"\" srcset=\"https:\/\/ascendleadership.web3.anasource.com\/wp-content\/uploads\/2023\/04\/Kathleen-butterfield-toronto-lawyer-3_Option-1.jpg 250w, https:\/\/ascendleadership.web3.anasource.com\/wp-content\/uploads\/2023\/04\/Kathleen-butterfield-toronto-lawyer-3_Option-1-150x150.jpg 150w, https:\/\/ascendleadership.web3.anasource.com\/wp-content\/uploads\/2023\/04\/Kathleen-butterfield-toronto-lawyer-3_Option-1-100x100.jpg 100w\" sizes=\"(max-width: 250px) 100vw, 250px\" \/>                <div class=\"hover-content\">\n                                            <ul class=\"xs-social-list-v2\">\n                                                            <li><a href=\"\/fr\/people\/kathleen-e-butterfield\" target=\"_blank\"><i class=\"fa fa-hand-o-right\"><\/i><\/a><\/li>\n                                                    <\/ul>\n                                    <\/div>\n            <\/div>\n            <div class=\"xs-team-content\">\n                <h5>Kathleen E. Butterfield (\u59da\u5609\u654f)<\/h5>\n                <small>Avocat g\u00e9n\u00e9ral \u2013 Loyaut\u00e9, Air Canada<\/small>\n                <svg class=\"xs-svgs\" preserveAspectRatio=\"none\" xmlns=\"http:\/\/www.w3.org\/2000\/svg\" viewBox=\"0 0 270 138\">\n                    <path class=\"fill-color\" d=\"M375,3294H645v128a10,10,0,0,1-10,10l-250-20a10,10,0,0,1-10-10V3294Z\" transform=\"translate(-375 -3294)\"\/>\n                <\/svg>\n            <\/div>\n        <\/div>\n\n        \t\t\t\t<\/div>\n\t\t\t\t<\/div>\n\t\t\t\t\t<\/div>\n\t\t<\/div>\n\t\t\t\t<div class=\"elementor-column elementor-col-25 elementor-inner-column elementor-element elementor-element-a40a656\" data-id=\"a40a656\" data-element_type=\"column\">\n\t\t\t<div class=\"elementor-widget-wrap elementor-element-populated\">\n\t\t\t\t\t\t<div class=\"elementor-element elementor-element-5884337 elementor-widget elementor-widget-xs-team\" data-id=\"5884337\" data-element_type=\"widget\" data-widget_type=\"xs-team.default\">\n\t\t\t\t<div class=\"elementor-widget-container\">\n\t\t\t\t\t\n        <div class=\"xs-single-team\">\n            <div class=\"image\">\n                <img loading=\"lazy\" decoding=\"async\" width=\"250\" height=\"250\" src=\"https:\/\/ascendleadership.web3.anasource.com\/wp-content\/uploads\/2023\/04\/Andrew-Kwong-ascend-canada.jpg\" class=\"attachment-full size-full wp-image-3933\" alt=\"Andrew Kwong\" srcset=\"https:\/\/ascendleadership.web3.anasource.com\/wp-content\/uploads\/2023\/04\/Andrew-Kwong-ascend-canada.jpg 250w, https:\/\/ascendleadership.web3.anasource.com\/wp-content\/uploads\/2023\/04\/Andrew-Kwong-ascend-canada-150x150.jpg 150w, https:\/\/ascendleadership.web3.anasource.com\/wp-content\/uploads\/2023\/04\/Andrew-Kwong-ascend-canada-100x100.jpg 100w\" sizes=\"(max-width: 250px) 100vw, 250px\" \/>                <div class=\"hover-content\">\n                                            <ul class=\"xs-social-list-v2\">\n                                                            <li><a href=\"\/fr\/people\/andrew-kwong\/\" target=\"_blank\"><i class=\"fa fa-hand-o-right\"><\/i><\/a><\/li>\n                                                    <\/ul>\n                                    <\/div>\n            <\/div>\n            <div class=\"xs-team-content\">\n                <h5>Andrew Kwong<\/h5>\n                <small>Membre du conseil d\u2019administration\/Associ\u00e9 \u00e0 Deloitte \u2013 Leader du march\u00e9 de l\u2019Ontario en conseil en gestion des risques<\/small>\n                <svg class=\"xs-svgs\" preserveAspectRatio=\"none\" xmlns=\"http:\/\/www.w3.org\/2000\/svg\" viewBox=\"0 0 270 138\">\n                    <path class=\"fill-color\" d=\"M375,3294H645v128a10,10,0,0,1-10,10l-250-20a10,10,0,0,1-10-10V3294Z\" transform=\"translate(-375 -3294)\"\/>\n                <\/svg>\n            <\/div>\n        <\/div>\n\n        \t\t\t\t<\/div>\n\t\t\t\t<\/div>\n\t\t\t\t\t<\/div>\n\t\t<\/div>\n\t\t\t\t<div class=\"elementor-column elementor-col-25 elementor-inner-column elementor-element elementor-element-eb76402\" data-id=\"eb76402\" data-element_type=\"column\">\n\t\t\t<div class=\"elementor-widget-wrap elementor-element-populated\">\n\t\t\t\t\t\t<div class=\"elementor-element elementor-element-8355d86 elementor-widget elementor-widget-xs-team\" data-id=\"8355d86\" data-element_type=\"widget\" data-widget_type=\"xs-team.default\">\n\t\t\t\t<div class=\"elementor-widget-container\">\n\t\t\t\t\t\n        <div class=\"xs-single-team\">\n            <div class=\"image\">\n                <img loading=\"lazy\" decoding=\"async\" width=\"221\" height=\"221\" src=\"https:\/\/ascendleadership.web3.anasource.com\/wp-content\/uploads\/2024\/07\/Samiha-Sachedina-221.png\" class=\"attachment-full size-full wp-image-12920\" alt=\"Samiha Sachedina\" srcset=\"https:\/\/ascendleadership.web3.anasource.com\/wp-content\/uploads\/2024\/07\/Samiha-Sachedina-221.png 221w, https:\/\/ascendleadership.web3.anasource.com\/wp-content\/uploads\/2024\/07\/Samiha-Sachedina-221-150x150.png 150w\" sizes=\"(max-width: 221px) 100vw, 221px\" \/>                <div class=\"hover-content\">\n                                            <ul class=\"xs-social-list-v2\">\n                                                            <li><a href=\"\/fr\/people\/samiha-sachedina\/\" target=\"_blank\"><i class=\"fa fa-hand-o-right\"><\/i><\/a><\/li>\n                                                    <\/ul>\n                                    <\/div>\n            <\/div>\n            <div class=\"xs-team-content\">\n                <h5>Samiha Sachedina<\/h5>\n                <small>Membre du Conseil d\u2019Administration \/ Vice-Pr\u00e9sident Principal, Gestion des Risques d\u2019Entreprise et Op\u00e9rationnels, Sun Life<\/small>\n                <svg class=\"xs-svgs\" preserveAspectRatio=\"none\" xmlns=\"http:\/\/www.w3.org\/2000\/svg\" viewBox=\"0 0 270 138\">\n                    <path class=\"fill-color\" d=\"M375,3294H645v128a10,10,0,0,1-10,10l-250-20a10,10,0,0,1-10-10V3294Z\" transform=\"translate(-375 -3294)\"\/>\n                <\/svg>\n            <\/div>\n        <\/div>\n\n        \t\t\t\t<\/div>\n\t\t\t\t<\/div>\n\t\t\t\t\t<\/div>\n\t\t<\/div>\n\t\t\t\t\t<\/div>\n\t\t<\/section>\n\t\t\t\t\t<\/div>\n\t\t<\/div>\n\t\t\t\t\t<\/div>\n\t\t<\/section>\n\t\t\t\t<\/div>\n\t\t","protected":false},"excerpt":{"rendered":"<p>Notre histoire Ascend Canada a \u00e9t\u00e9 fond\u00e9e en 2012 afin d\u2019am\u00e9liorer la pr\u00e9sence, la visibilit\u00e9 et l\u2019influence des chefs d\u2019entreprise d\u2019origine panasiatique actuels et futurs. Gr\u00e2ce au soutien de nos nombreux partenaires commerciaux, nos objectifs sont de d\u00e9velopper le plein potentiel d\u2019un peu plus de 3\u202f000\u202fmembres en tirant parti de nos r\u00e9seaux et en offrant [&hellip;]<\/p>\n","protected":false},"author":1,"featured_media":0,"parent":9980,"menu_order":0,"comment_status":"closed","ping_status":"closed","template":"template\/template-full-width.php","meta":{"footnotes":""},"class_list":["post-8830","page","type-page","status-publish","hentry"],"_links":{"self":[{"href":"https:\/\/ascendleadership.web3.anasource.com\/fr\/wp-json\/wp\/v2\/pages\/8830","targetHints":{"allow":["GET"]}}],"collection":[{"href":"https:\/\/ascendleadership.web3.anasource.com\/fr\/wp-json\/wp\/v2\/pages"}],"about":[{"href":"https:\/\/ascendleadership.web3.anasource.com\/fr\/wp-json\/wp\/v2\/types\/page"}],"author":[{"embeddable":true,"href":"https:\/\/ascendleadership.web3.anasource.com\/fr\/wp-json\/wp\/v2\/users\/1"}],"replies":[{"embeddable":true,"href":"https:\/\/ascendleadership.web3.anasource.com\/fr\/wp-json\/wp\/v2\/comments?post=8830"}],"version-history":[{"count":3,"href":"https:\/\/ascendleadership.web3.anasource.com\/fr\/wp-json\/wp\/v2\/pages\/8830\/revisions"}],"predecessor-version":[{"id":15865,"href":"https:\/\/ascendleadership.web3.anasource.com\/fr\/wp-json\/wp\/v2\/pages\/8830\/revisions\/15865"}],"up":[{"embeddable":true,"href":"https:\/\/ascendleadership.web3.anasource.com\/fr\/wp-json\/wp\/v2\/pages\/9980"}],"wp:attachment":[{"href":"https:\/\/ascendleadership.web3.anasource.com\/fr\/wp-json\/wp\/v2\/media?parent=8830"}],"curies":[{"name":"wp","href":"https:\/\/api.w.org\/{rel}","templated":true}]}}