{"id":16701,"date":"2025-10-03T12:10:35","date_gmt":"2025-10-03T16:10:35","guid":{"rendered":"https:\/\/ascendleadership.ca\/brad-wang\/"},"modified":"2025-10-03T12:20:04","modified_gmt":"2025-10-03T16:20:04","slug":"brad-wang","status":"publish","type":"page","link":"https:\/\/ascendleadership.web3.anasource.com\/fr\/people\/brad-wang\/","title":{"rendered":"Brad Wang"},"content":{"rendered":"\t\t<div data-elementor-type=\"wp-page\" data-elementor-id=\"16701\" class=\"elementor elementor-16701 elementor-16679\">\n\t\t\t\t\t\t<section class=\"elementor-section elementor-top-section elementor-element elementor-element-2a33937 elementor-section-boxed elementor-section-height-default elementor-section-height-default\" data-id=\"2a33937\" data-element_type=\"section\">\n\t\t\t\t\t\t<div class=\"elementor-container elementor-column-gap-default\">\n\t\t\t\t\t<div class=\"elementor-column elementor-col-100 elementor-top-column elementor-element elementor-element-c66ce49\" data-id=\"c66ce49\" data-element_type=\"column\">\n\t\t\t<div class=\"elementor-widget-wrap elementor-element-populated\">\n\t\t\t\t\t\t<section class=\"elementor-section elementor-inner-section elementor-element elementor-element-9b73e92 elementor-section-boxed elementor-section-height-default elementor-section-height-default\" data-id=\"9b73e92\" data-element_type=\"section\">\n\t\t\t\t\t\t<div class=\"elementor-container elementor-column-gap-default\">\n\t\t\t\t\t<div class=\"elementor-column elementor-col-50 elementor-inner-column elementor-element elementor-element-2a8d2d4\" data-id=\"2a8d2d4\" data-element_type=\"column\">\n\t\t\t<div class=\"elementor-widget-wrap elementor-element-populated\">\n\t\t\t\t\t\t<div class=\"elementor-element elementor-element-ad60f43 elementor-widget elementor-widget-image\" data-id=\"ad60f43\" data-element_type=\"widget\" data-widget_type=\"image.default\">\n\t\t\t\t<div class=\"elementor-widget-container\">\n\t\t\t\t\t\t\t\t\t\t\t\t\t\t\t<img fetchpriority=\"high\" decoding=\"async\" width=\"250\" height=\"250\" src=\"https:\/\/ascendleadership.web3.anasource.com\/wp-content\/uploads\/2025\/10\/Brad-Wang-1.jpg\" class=\"attachment-full size-full wp-image-16694\" alt=\"Brad Wang\" srcset=\"https:\/\/ascendleadership.web3.anasource.com\/wp-content\/uploads\/2025\/10\/Brad-Wang-1.jpg 250w, https:\/\/ascendleadership.web3.anasource.com\/wp-content\/uploads\/2025\/10\/Brad-Wang-1-150x150.jpg 150w\" sizes=\"(max-width: 250px) 100vw, 250px\" \/>\t\t\t\t\t\t\t\t\t\t\t\t\t\t\t<\/div>\n\t\t\t\t<\/div>\n\t\t\t\t\t<\/div>\n\t\t<\/div>\n\t\t\t\t<div class=\"elementor-column elementor-col-50 elementor-inner-column elementor-element elementor-element-1f62d73\" data-id=\"1f62d73\" data-element_type=\"column\">\n\t\t\t<div class=\"elementor-widget-wrap elementor-element-populated\">\n\t\t\t\t\t\t<div class=\"elementor-element elementor-element-4c4ce3a elementor-widget elementor-widget-heading\" data-id=\"4c4ce3a\" data-element_type=\"widget\" data-widget_type=\"heading.default\">\n\t\t\t\t<div class=\"elementor-widget-container\">\n\t\t\t\t\t<h5 class=\"elementor-heading-title elementor-size-default\">Vice-pr\u00e9sident adjoint, Parrainage \u00e0 Toronto<\/h5>\t\t\t\t<\/div>\n\t\t\t\t<\/div>\n\t\t\t\t<div class=\"elementor-element elementor-element-d8867e2 elementor-widget elementor-widget-text-editor\" data-id=\"d8867e2\" data-element_type=\"widget\" data-widget_type=\"text-editor.default\">\n\t\t\t\t<div class=\"elementor-widget-container\">\n\t\t\t\t\t\t\t\t\t<p style=\"margin-right: 0px; margin-bottom: 15px; margin-left: 0px; line-height: 28px; color: #000000; font-family: 'Fira Sans';\">Brad Wang est un leader chevronn\u00e9 qui compte plus de dix ans d&rsquo;exp\u00e9rience en conseil chez Deloitte et EY, o\u00f9 il a aid\u00e9 de grandes organisations \u00e0 naviguer dans des transformations num\u00e9riques complexes et des changements pilot\u00e9s par la technologie.<\/p><p style=\"margin-right: 0px; margin-bottom: 15px; margin-left: 0px; line-height: 28px; color: #000000; font-family: 'Fira Sans';\">Reconnu pour sa capacit\u00e9 \u00e0 \u00e9tablir des relations de confiance avec les clients et \u00e0 fournir une valeur strat\u00e9gique, Brad dirige des \u00e9quipes pluridisciplinaires pour atteindre des r\u00e9sultats commerciaux mesurables. Il est passionn\u00e9 par le d\u00e9veloppement d&rsquo;\u00e9quipes performantes, par l&rsquo;\u00e9panouissement des talents et par la stimulation de la croissance organisationnelle.<\/p><p style=\"margin-right: 0px; margin-bottom: 15px; margin-left: 0px; line-height: 28px; color: #000000; font-family: 'Fira Sans';\">Brad poss\u00e8de une expertise approfondie en gestion des relations, en planification strat\u00e9gique et en d\u00e9veloppement d&rsquo;activit\u00e9. Il est enthousiaste \u00e0 l&rsquo;id\u00e9e de mettre son leadership au service d&rsquo;Ascend Canada en renfor\u00e7ant son programme de parrainage et en faisant progresser sa mission qui est d&rsquo;autonomiser les professionnels pan-asiatiques.<\/p>\t\t\t\t\t\t\t\t<\/div>\n\t\t\t\t<\/div>\n\t\t\t\t\t<\/div>\n\t\t<\/div>\n\t\t\t\t\t<\/div>\n\t\t<\/section>\n\t\t\t\t\t<\/div>\n\t\t<\/div>\n\t\t\t\t\t<\/div>\n\t\t<\/section>\n\t\t\t\t<\/div>\n\t\t","protected":false},"excerpt":{"rendered":"<p>Vice-pr\u00e9sident adjoint, Parrainage \u00e0 Toronto Brad Wang est un leader chevronn\u00e9 qui compte plus de dix ans d&rsquo;exp\u00e9rience en conseil chez Deloitte et EY, o\u00f9 il a aid\u00e9 de grandes organisations \u00e0 naviguer dans des transformations num\u00e9riques complexes et des changements pilot\u00e9s par la technologie. Reconnu pour sa capacit\u00e9 \u00e0 \u00e9tablir des relations de confiance [&hellip;]<\/p>\n","protected":false},"author":21,"featured_media":0,"parent":9967,"menu_order":0,"comment_status":"closed","ping_status":"closed","template":"template\/template-full-width.php","meta":{"footnotes":""},"class_list":["post-16701","page","type-page","status-publish","hentry"],"_links":{"self":[{"href":"https:\/\/ascendleadership.web3.anasource.com\/fr\/wp-json\/wp\/v2\/pages\/16701","targetHints":{"allow":["GET"]}}],"collection":[{"href":"https:\/\/ascendleadership.web3.anasource.com\/fr\/wp-json\/wp\/v2\/pages"}],"about":[{"href":"https:\/\/ascendleadership.web3.anasource.com\/fr\/wp-json\/wp\/v2\/types\/page"}],"author":[{"embeddable":true,"href":"https:\/\/ascendleadership.web3.anasource.com\/fr\/wp-json\/wp\/v2\/users\/21"}],"replies":[{"embeddable":true,"href":"https:\/\/ascendleadership.web3.anasource.com\/fr\/wp-json\/wp\/v2\/comments?post=16701"}],"version-history":[{"count":3,"href":"https:\/\/ascendleadership.web3.anasource.com\/fr\/wp-json\/wp\/v2\/pages\/16701\/revisions"}],"predecessor-version":[{"id":16704,"href":"https:\/\/ascendleadership.web3.anasource.com\/fr\/wp-json\/wp\/v2\/pages\/16701\/revisions\/16704"}],"up":[{"embeddable":true,"href":"https:\/\/ascendleadership.web3.anasource.com\/fr\/wp-json\/wp\/v2\/pages\/9967"}],"wp:attachment":[{"href":"https:\/\/ascendleadership.web3.anasource.com\/fr\/wp-json\/wp\/v2\/media?parent=16701"}],"curies":[{"name":"wp","href":"https:\/\/api.w.org\/{rel}","templated":true}]}}