{"id":15936,"date":"2025-07-29T08:53:01","date_gmt":"2025-07-29T12:53:01","guid":{"rendered":"https:\/\/ascendleadership.ca\/hondy-hung\/"},"modified":"2025-08-16T10:27:14","modified_gmt":"2025-08-16T14:27:14","slug":"hondy-hung","status":"publish","type":"page","link":"https:\/\/ascendleadership.web3.anasource.com\/fr\/people\/hondy-hung\/","title":{"rendered":"Hondy Hung"},"content":{"rendered":"\t\t<div data-elementor-type=\"wp-page\" data-elementor-id=\"15936\" class=\"elementor elementor-15936 elementor-15927\">\n\t\t\t\t\t\t<section class=\"elementor-section elementor-top-section elementor-element elementor-element-b0fc59f elementor-section-boxed elementor-section-height-default elementor-section-height-default\" data-id=\"b0fc59f\" data-element_type=\"section\">\n\t\t\t\t\t\t<div class=\"elementor-container elementor-column-gap-default\">\n\t\t\t\t\t<div class=\"elementor-column elementor-col-100 elementor-top-column elementor-element elementor-element-4e183ac\" data-id=\"4e183ac\" data-element_type=\"column\">\n\t\t\t<div class=\"elementor-widget-wrap elementor-element-populated\">\n\t\t\t\t\t\t<section class=\"elementor-section elementor-inner-section elementor-element elementor-element-2c33274 elementor-section-boxed elementor-section-height-default elementor-section-height-default\" data-id=\"2c33274\" data-element_type=\"section\">\n\t\t\t\t\t\t<div class=\"elementor-container elementor-column-gap-default\">\n\t\t\t\t\t<div class=\"elementor-column elementor-col-50 elementor-inner-column elementor-element elementor-element-205c8f4\" data-id=\"205c8f4\" data-element_type=\"column\">\n\t\t\t<div class=\"elementor-widget-wrap elementor-element-populated\">\n\t\t\t\t\t\t<div class=\"elementor-element elementor-element-6eed08c elementor-widget elementor-widget-image\" data-id=\"6eed08c\" data-element_type=\"widget\" data-widget_type=\"image.default\">\n\t\t\t\t<div class=\"elementor-widget-container\">\n\t\t\t\t\t\t\t\t\t\t\t\t\t\t\t<img fetchpriority=\"high\" decoding=\"async\" width=\"250\" height=\"250\" src=\"https:\/\/ascendleadership.web3.anasource.com\/wp-content\/uploads\/2025\/08\/Hondy-Hung-t.jpg\" class=\"attachment-full size-full wp-image-16189\" alt=\"Hondy Hung\" srcset=\"https:\/\/ascendleadership.web3.anasource.com\/wp-content\/uploads\/2025\/08\/Hondy-Hung-t.jpg 250w, https:\/\/ascendleadership.web3.anasource.com\/wp-content\/uploads\/2025\/08\/Hondy-Hung-t-150x150.jpg 150w\" sizes=\"(max-width: 250px) 100vw, 250px\" \/>\t\t\t\t\t\t\t\t\t\t\t\t\t\t\t<\/div>\n\t\t\t\t<\/div>\n\t\t\t\t\t<\/div>\n\t\t<\/div>\n\t\t\t\t<div class=\"elementor-column elementor-col-50 elementor-inner-column elementor-element elementor-element-c48a611\" data-id=\"c48a611\" data-element_type=\"column\">\n\t\t\t<div class=\"elementor-widget-wrap elementor-element-populated\">\n\t\t\t\t\t\t<div class=\"elementor-element elementor-element-5e368d4 elementor-widget elementor-widget-heading\" data-id=\"5e368d4\" data-element_type=\"widget\" data-widget_type=\"heading.default\">\n\t\t\t\t<div class=\"elementor-widget-container\">\n\t\t\t\t\t<h5 class=\"elementor-heading-title elementor-size-default\">Vice-pr\u00e9sident adjoint \u00c9v\u00e9nements marquants<\/h5>\t\t\t\t<\/div>\n\t\t\t\t<\/div>\n\t\t\t\t<div class=\"elementor-element elementor-element-368cfca elementor-widget elementor-widget-text-editor\" data-id=\"368cfca\" data-element_type=\"widget\" data-widget_type=\"text-editor.default\">\n\t\t\t\t<div class=\"elementor-widget-container\">\n\t\t\t\t\t\t\t\t\t<p style=\"margin-right: 0px; margin-bottom: 15px; margin-left: 0px; line-height: 28px; color: #000000; font-family: 'Fira Sans';\">Hondy est un leader de la transformation des donn\u00e9es qui prosp\u00e8re \u00e0 l\u2019intersection de la strat\u00e9gie, de la technologie et de l\u2019inclusion. Avec une exp\u00e9rience de leadership dans la strat\u00e9gie d\u2019entreprise, le changement agile et la mise en \u0153uvre de programmes au sein de deux grandes banques, il apporte un esprit collaboratif et ax\u00e9 sur les r\u00e9sultats pour r\u00e9soudre des d\u00e9fis commerciaux complexes. Sa capacit\u00e9 \u00e0 naviguer dans les environnements commerciaux et techniques a permis des initiatives transformatrices dans le cloud, la gouvernance des donn\u00e9es, l\u2019analyse avanc\u00e9e et l\u2019IA. Il est particuli\u00e8rement stimul\u00e9 par l\u2019\u00e9volution de l\u2019avenir du travail, o\u00f9 les technologies \u00e9mergentes comme l\u2019IA g\u00e9n\u00e9rative, le leadership inclusif et la collaboration interg\u00e9n\u00e9rationnelle transforment la fa\u00e7on dont les organisations r\u00e9solvent des probl\u00e8mes, d\u00e9veloppent les talents et dirigent avec d\u00e9termination.<\/p><p style=\"margin-right: 0px; margin-bottom: 15px; margin-left: 0px; line-height: 28px; color: #000000; font-family: 'Fira Sans';\">Tout aussi important pour Hondy est de faire progresser l\u2019\u00e9quit\u00e9 et la repr\u00e9sentation. Il a assum\u00e9 des r\u00f4les progressifs dans diverses organisations pour d\u00e9fendre la diversit\u00e9 et cr\u00e9er des espaces inclusifs\u2014de contribuer \u00e0 un comit\u00e9 sur l\u2019\u00e9quit\u00e9 des employ\u00e9s \u00e0 codiriger un r\u00e9seau d\u2019employ\u00e9s asiatiques. Ces exp\u00e9riences refl\u00e8tent une conviction qu\u2019il tient profond\u00e9ment : que l\u2019inclusion n\u2019est pas seulement une valeur, mais un catalyseur pour l\u2019innovation, l\u2019appartenance et la construction d\u2019un avenir meilleur pour la prochaine g\u00e9n\u00e9ration.<\/p><p><span style=\"color: #333333;\"><strong>LinkedIn<\/strong>:\u00a0<a title=\"linkedin.com\/in\/hondy\/\" role=\"button\" href=\"https:\/\/www.linkedin.com\/in\/hondy\/\" target=\"_blank\" rel=\"noopener\" aria-label=\"linkedin.com\/in\/hondy\/\">linkedin.com\/in\/hondy\/<\/a><\/span><\/p>\t\t\t\t\t\t\t\t<\/div>\n\t\t\t\t<\/div>\n\t\t\t\t\t<\/div>\n\t\t<\/div>\n\t\t\t\t\t<\/div>\n\t\t<\/section>\n\t\t\t\t\t<\/div>\n\t\t<\/div>\n\t\t\t\t\t<\/div>\n\t\t<\/section>\n\t\t\t\t<\/div>\n\t\t","protected":false},"excerpt":{"rendered":"<p>Vice-pr\u00e9sident adjoint \u00c9v\u00e9nements marquants Hondy est un leader de la transformation des donn\u00e9es qui prosp\u00e8re \u00e0 l\u2019intersection de la strat\u00e9gie, de la technologie et de l\u2019inclusion. Avec une exp\u00e9rience de leadership dans la strat\u00e9gie d\u2019entreprise, le changement agile et la mise en \u0153uvre de programmes au sein de deux grandes banques, il apporte un esprit [&hellip;]<\/p>\n","protected":false},"author":20,"featured_media":0,"parent":9967,"menu_order":0,"comment_status":"closed","ping_status":"closed","template":"template\/template-full-width.php","meta":{"footnotes":""},"class_list":["post-15936","page","type-page","status-publish","hentry"],"_links":{"self":[{"href":"https:\/\/ascendleadership.web3.anasource.com\/fr\/wp-json\/wp\/v2\/pages\/15936","targetHints":{"allow":["GET"]}}],"collection":[{"href":"https:\/\/ascendleadership.web3.anasource.com\/fr\/wp-json\/wp\/v2\/pages"}],"about":[{"href":"https:\/\/ascendleadership.web3.anasource.com\/fr\/wp-json\/wp\/v2\/types\/page"}],"author":[{"embeddable":true,"href":"https:\/\/ascendleadership.web3.anasource.com\/fr\/wp-json\/wp\/v2\/users\/20"}],"replies":[{"embeddable":true,"href":"https:\/\/ascendleadership.web3.anasource.com\/fr\/wp-json\/wp\/v2\/comments?post=15936"}],"version-history":[{"count":7,"href":"https:\/\/ascendleadership.web3.anasource.com\/fr\/wp-json\/wp\/v2\/pages\/15936\/revisions"}],"predecessor-version":[{"id":16199,"href":"https:\/\/ascendleadership.web3.anasource.com\/fr\/wp-json\/wp\/v2\/pages\/15936\/revisions\/16199"}],"up":[{"embeddable":true,"href":"https:\/\/ascendleadership.web3.anasource.com\/fr\/wp-json\/wp\/v2\/pages\/9967"}],"wp:attachment":[{"href":"https:\/\/ascendleadership.web3.anasource.com\/fr\/wp-json\/wp\/v2\/media?parent=15936"}],"curies":[{"name":"wp","href":"https:\/\/api.w.org\/{rel}","templated":true}]}}