{"id":15921,"date":"2025-07-28T18:26:22","date_gmt":"2025-07-28T22:26:22","guid":{"rendered":"https:\/\/ascendleadership.ca\/justin-leung\/"},"modified":"2025-08-16T10:29:11","modified_gmt":"2025-08-16T14:29:11","slug":"justin-leung","status":"publish","type":"page","link":"https:\/\/ascendleadership.web3.anasource.com\/fr\/people\/justin-leung\/","title":{"rendered":"Justin Leung"},"content":{"rendered":"\t\t<div data-elementor-type=\"wp-page\" data-elementor-id=\"15921\" class=\"elementor elementor-15921 elementor-15907\">\n\t\t\t\t\t\t<section class=\"elementor-section elementor-top-section elementor-element elementor-element-b0fc59f elementor-section-boxed elementor-section-height-default elementor-section-height-default\" data-id=\"b0fc59f\" data-element_type=\"section\">\n\t\t\t\t\t\t<div class=\"elementor-container elementor-column-gap-default\">\n\t\t\t\t\t<div class=\"elementor-column elementor-col-100 elementor-top-column elementor-element elementor-element-4e183ac\" data-id=\"4e183ac\" data-element_type=\"column\">\n\t\t\t<div class=\"elementor-widget-wrap elementor-element-populated\">\n\t\t\t\t\t\t<section class=\"elementor-section elementor-inner-section elementor-element elementor-element-2c33274 elementor-section-boxed elementor-section-height-default elementor-section-height-default\" data-id=\"2c33274\" data-element_type=\"section\">\n\t\t\t\t\t\t<div class=\"elementor-container elementor-column-gap-default\">\n\t\t\t\t\t<div class=\"elementor-column elementor-col-50 elementor-inner-column elementor-element elementor-element-205c8f4\" data-id=\"205c8f4\" data-element_type=\"column\">\n\t\t\t<div class=\"elementor-widget-wrap elementor-element-populated\">\n\t\t\t\t\t\t<div class=\"elementor-element elementor-element-6eed08c elementor-widget elementor-widget-image\" data-id=\"6eed08c\" data-element_type=\"widget\" data-widget_type=\"image.default\">\n\t\t\t\t<div class=\"elementor-widget-container\">\n\t\t\t\t\t\t\t\t\t\t\t\t\t\t\t<img fetchpriority=\"high\" decoding=\"async\" width=\"250\" height=\"250\" src=\"https:\/\/ascendleadership.web3.anasource.com\/wp-content\/uploads\/2025\/08\/Justin-Leung-t.jpg\" class=\"attachment-full size-full wp-image-16187\" alt=\"Justin Leung\" srcset=\"https:\/\/ascendleadership.web3.anasource.com\/wp-content\/uploads\/2025\/08\/Justin-Leung-t.jpg 250w, https:\/\/ascendleadership.web3.anasource.com\/wp-content\/uploads\/2025\/08\/Justin-Leung-t-150x150.jpg 150w\" sizes=\"(max-width: 250px) 100vw, 250px\" \/>\t\t\t\t\t\t\t\t\t\t\t\t\t\t\t<\/div>\n\t\t\t\t<\/div>\n\t\t\t\t\t<\/div>\n\t\t<\/div>\n\t\t\t\t<div class=\"elementor-column elementor-col-50 elementor-inner-column elementor-element elementor-element-c48a611\" data-id=\"c48a611\" data-element_type=\"column\">\n\t\t\t<div class=\"elementor-widget-wrap elementor-element-populated\">\n\t\t\t\t\t\t<div class=\"elementor-element elementor-element-5e368d4 elementor-widget elementor-widget-heading\" data-id=\"5e368d4\" data-element_type=\"widget\" data-widget_type=\"heading.default\">\n\t\t\t\t<div class=\"elementor-widget-container\">\n\t\t\t\t\t<h5 class=\"elementor-heading-title elementor-size-default\">Vice-pr\u00e9sident adjoint \u00c9v\u00e9nements principaux<\/h5>\t\t\t\t<\/div>\n\t\t\t\t<\/div>\n\t\t\t\t<div class=\"elementor-element elementor-element-368cfca elementor-widget elementor-widget-text-editor\" data-id=\"368cfca\" data-element_type=\"widget\" data-widget_type=\"text-editor.default\">\n\t\t\t\t<div class=\"elementor-widget-container\">\n\t\t\t\t\t\t\t\t\t<p style=\"margin-right: 0px; margin-bottom: 15px; margin-left: 0px; line-height: 28px; color: #000000; font-family: 'Fira Sans';\">Justin est une personne curieuse, demandant constamment pourquoi, et ne s\u2019arr\u00eatant jamais \u00e0 une r\u00e9ponse superficielle. Cette curiosit\u00e9 l\u2019am\u00e8ne souvent \u00e0 de nouvelles perspectives, ou des id\u00e9es cr\u00e9atives qui l\u2019ont aid\u00e9 tout au long de son parcours professionnel. Avant de poursuivre son MBA, Justin a travaill\u00e9 dans l\u2019assurance collective en tant que souscripteur o\u00f9 il a dirig\u00e9 et form\u00e9 une petite \u00e9quipe en quelques ann\u00e9es seulement.<\/p><p style=\"margin-right: 0px; margin-bottom: 15px; margin-left: 0px; line-height: 28px; color: #000000; font-family: 'Fira Sans';\">Apr\u00e8s son MBA, il s\u2019est joint \u00e0 la CIBC dans le cadre du programme de rotation. Il a travaill\u00e9 au sein de diverses \u00e9quipes de la banque, dans plusieurs secteurs d\u2019activit\u00e9, et il occupe actuellement un poste de gestionnaire principal des services bancaires aux entreprises qui se concentre sur la facilitation des op\u00e9rations bancaires pour notre client\u00e8le de premi\u00e8re ligne et nos clients.<\/p><p style=\"margin-right: 0px; margin-bottom: 15px; margin-left: 0px; line-height: 28px; color: #000000; font-family: 'Fira Sans';\">Justin est passionn\u00e9 par le d\u00e9veloppement continu, \u00e0 la fois pour lui-m\u00eame et pour les autres, repoussant les limites de ce qui est possible, et trouvant un moyen d\u2019am\u00e9liorer le monde qui l\u2019entoure.<\/p><p><span style=\"color: #333333;\"><strong>LinkedIn<\/strong>:\u00a0<a title=\"linkedin.com\/in\/justinhleung\/\" role=\"button\" href=\"https:\/\/www.linkedin.com\/in\/justinhleung\/\" target=\"_blank\" rel=\"noopener\" aria-label=\"linkedin.com\/in\/justinhleung\/\">linkedin.com\/in\/justinhleung\/<\/a><\/span><\/p>\t\t\t\t\t\t\t\t<\/div>\n\t\t\t\t<\/div>\n\t\t\t\t\t<\/div>\n\t\t<\/div>\n\t\t\t\t\t<\/div>\n\t\t<\/section>\n\t\t\t\t\t<\/div>\n\t\t<\/div>\n\t\t\t\t\t<\/div>\n\t\t<\/section>\n\t\t\t\t<\/div>\n\t\t","protected":false},"excerpt":{"rendered":"<p>Vice-pr\u00e9sident adjoint \u00c9v\u00e9nements principaux Justin est une personne curieuse, demandant constamment pourquoi, et ne s\u2019arr\u00eatant jamais \u00e0 une r\u00e9ponse superficielle. Cette curiosit\u00e9 l\u2019am\u00e8ne souvent \u00e0 de nouvelles perspectives, ou des id\u00e9es cr\u00e9atives qui l\u2019ont aid\u00e9 tout au long de son parcours professionnel. Avant de poursuivre son MBA, Justin a travaill\u00e9 dans l\u2019assurance collective en tant [&hellip;]<\/p>\n","protected":false},"author":20,"featured_media":0,"parent":9967,"menu_order":0,"comment_status":"closed","ping_status":"closed","template":"template\/template-full-width.php","meta":{"footnotes":""},"class_list":["post-15921","page","type-page","status-publish","hentry"],"_links":{"self":[{"href":"https:\/\/ascendleadership.web3.anasource.com\/fr\/wp-json\/wp\/v2\/pages\/15921","targetHints":{"allow":["GET"]}}],"collection":[{"href":"https:\/\/ascendleadership.web3.anasource.com\/fr\/wp-json\/wp\/v2\/pages"}],"about":[{"href":"https:\/\/ascendleadership.web3.anasource.com\/fr\/wp-json\/wp\/v2\/types\/page"}],"author":[{"embeddable":true,"href":"https:\/\/ascendleadership.web3.anasource.com\/fr\/wp-json\/wp\/v2\/users\/20"}],"replies":[{"embeddable":true,"href":"https:\/\/ascendleadership.web3.anasource.com\/fr\/wp-json\/wp\/v2\/comments?post=15921"}],"version-history":[{"count":7,"href":"https:\/\/ascendleadership.web3.anasource.com\/fr\/wp-json\/wp\/v2\/pages\/15921\/revisions"}],"predecessor-version":[{"id":16202,"href":"https:\/\/ascendleadership.web3.anasource.com\/fr\/wp-json\/wp\/v2\/pages\/15921\/revisions\/16202"}],"up":[{"embeddable":true,"href":"https:\/\/ascendleadership.web3.anasource.com\/fr\/wp-json\/wp\/v2\/pages\/9967"}],"wp:attachment":[{"href":"https:\/\/ascendleadership.web3.anasource.com\/fr\/wp-json\/wp\/v2\/media?parent=15921"}],"curies":[{"name":"wp","href":"https:\/\/api.w.org\/{rel}","templated":true}]}}