{"id":15637,"date":"2025-06-30T21:22:07","date_gmt":"2025-07-01T01:22:07","guid":{"rendered":"https:\/\/ascendleadership.ca\/jennifer-lee\/"},"modified":"2025-07-01T17:04:02","modified_gmt":"2025-07-01T17:04:02","slug":"jennifer-lee","status":"publish","type":"page","link":"https:\/\/ascendleadership.web3.anasource.com\/fr\/people\/jennifer-lee\/","title":{"rendered":"Jennifer Lee"},"content":{"rendered":"\t\t<div data-elementor-type=\"wp-page\" data-elementor-id=\"15637\" class=\"elementor elementor-15637 elementor-15630\">\n\t\t\t\t\t\t<section class=\"elementor-section elementor-top-section elementor-element elementor-element-b0fc59f elementor-section-boxed elementor-section-height-default elementor-section-height-default\" data-id=\"b0fc59f\" data-element_type=\"section\">\n\t\t\t\t\t\t<div class=\"elementor-container elementor-column-gap-default\">\n\t\t\t\t\t<div class=\"elementor-column elementor-col-100 elementor-top-column elementor-element elementor-element-4e183ac\" data-id=\"4e183ac\" data-element_type=\"column\">\n\t\t\t<div class=\"elementor-widget-wrap elementor-element-populated\">\n\t\t\t\t\t\t<section class=\"elementor-section elementor-inner-section elementor-element elementor-element-2c33274 elementor-section-boxed elementor-section-height-default elementor-section-height-default\" data-id=\"2c33274\" data-element_type=\"section\">\n\t\t\t\t\t\t<div class=\"elementor-container elementor-column-gap-default\">\n\t\t\t\t\t<div class=\"elementor-column elementor-col-50 elementor-inner-column elementor-element elementor-element-205c8f4\" data-id=\"205c8f4\" data-element_type=\"column\">\n\t\t\t<div class=\"elementor-widget-wrap elementor-element-populated\">\n\t\t\t\t\t\t<div class=\"elementor-element elementor-element-6eed08c elementor-widget elementor-widget-image\" data-id=\"6eed08c\" data-element_type=\"widget\" data-widget_type=\"image.default\">\n\t\t\t\t<div class=\"elementor-widget-container\">\n\t\t\t\t\t\t\t\t\t\t\t\t\t\t\t<img fetchpriority=\"high\" decoding=\"async\" width=\"764\" height=\"764\" src=\"https:\/\/ascendleadership.web3.anasource.com\/wp-content\/uploads\/2025\/06\/Jennifer-Y-Lee.jpg\" class=\"attachment-full size-full wp-image-15628\" alt=\"Jennifer Y Lee\" srcset=\"https:\/\/ascendleadership.web3.anasource.com\/wp-content\/uploads\/2025\/06\/Jennifer-Y-Lee.jpg 764w, https:\/\/ascendleadership.web3.anasource.com\/wp-content\/uploads\/2025\/06\/Jennifer-Y-Lee-300x300.jpg 300w, https:\/\/ascendleadership.web3.anasource.com\/wp-content\/uploads\/2025\/06\/Jennifer-Y-Lee-150x150.jpg 150w, https:\/\/ascendleadership.web3.anasource.com\/wp-content\/uploads\/2025\/06\/Jennifer-Y-Lee-400x400.jpg 400w\" sizes=\"(max-width: 764px) 100vw, 764px\" \/>\t\t\t\t\t\t\t\t\t\t\t\t\t\t\t<\/div>\n\t\t\t\t<\/div>\n\t\t\t\t\t<\/div>\n\t\t<\/div>\n\t\t\t\t<div class=\"elementor-column elementor-col-50 elementor-inner-column elementor-element elementor-element-c48a611\" data-id=\"c48a611\" data-element_type=\"column\">\n\t\t\t<div class=\"elementor-widget-wrap elementor-element-populated\">\n\t\t\t\t\t\t<div class=\"elementor-element elementor-element-5e368d4 elementor-widget elementor-widget-heading\" data-id=\"5e368d4\" data-element_type=\"widget\" data-widget_type=\"heading.default\">\n\t\t\t\t<div class=\"elementor-widget-container\">\n\t\t\t\t\t<h5 class=\"elementor-heading-title elementor-size-default\">Vice-pr\u00e9sidente de l\u2019engagement b\u00e9n\u00e9vole et du marketing<\/h5>\t\t\t\t<\/div>\n\t\t\t\t<\/div>\n\t\t\t\t<div class=\"elementor-element elementor-element-368cfca elementor-widget elementor-widget-text-editor\" data-id=\"368cfca\" data-element_type=\"widget\" data-widget_type=\"text-editor.default\">\n\t\t\t\t<div class=\"elementor-widget-container\">\n\t\t\t\t\t\t\t\t\t<p style=\"margin-right: 0px; margin-bottom: 15px; margin-left: 0px; line-height: 28px; color: #000000; font-family: 'Fira Sans';\">Au c\u0153ur de mon travail se trouve une croyance en la construction de relations durables et de confiance\u2014avec les clients, les \u00e9quipes et les communaut\u00e9s.\n<\/p>\n<p style=\"margin-right: 0px; margin-bottom: 15px; margin-left: 0px; line-height: 28px; color: #000000; font-family: 'Fira Sans';\">\nJe suis un leader au sein de l\u2019\u00e9quipe des produits clients de Deloitte Digital avec plus de 13 ans d\u2019exp\u00e9rience en conseil, ax\u00e9e sur la conduite de programmes de transformation complexes dans les secteurs de la consommation, des services financiers et de l\u2019assurance.\n<\/p>\n<p style=\"margin-right: 0px; margin-bottom: 15px; margin-left: 0px; line-height: 28px; color: #000000; font-family: 'Fira Sans';\">\nJe rassemble des \u00e9quipes interfonctionnelles pour concevoir des exp\u00e9riences client de nouvelle g\u00e9n\u00e9ration, en appliquant l\u2019IA et les technologies \u00e9mergentes pour r\u00e9soudre des probl\u00e8mes r\u00e9els et cr\u00e9er des produits num\u00e9riques centr\u00e9s sur l\u2019humain. En tant que leader de l\u2019alliance OneTrust chez Deloitte Canada, j\u2019aide \u00e9galement les clients \u00e0 g\u00e9rer le parcours de gestion du consentement et des pr\u00e9f\u00e9rences de bout en bout\u2014en permettant des exp\u00e9riences num\u00e9riques personnalis\u00e9es et fiables qui renforcent la confiance et la fid\u00e9lit\u00e9 des clients.\n<\/p>\n<p style=\"margin-right: 0px; margin-bottom: 15px; margin-left: 0px; line-height: 28px; color: #000000; font-family: 'Fira Sans';\">\nAu-del\u00e0 du travail client, je suis profond\u00e9ment engag\u00e9 \u00e0 construire des \u00e9quipes inclusives et performantes. Je suis vice-pr\u00e9sident d\u2019Ascend Canada, dirigeant notre \u00e9quipe de parrainage pour soutenir les talents panasiatiques et promouvoir l\u2019\u00e9quit\u00e9 dans le leadership. Je suis \u00e9galement un mentor au sein du r\u00e9seau asiatique canadien de Deloitte, soutenant la croissance et le d\u00e9veloppement des professionnels asiatiques \u00e0 l\u2019\u00e9chelle du cabinet.\n<\/p>\n<span style=\"color: #333333;\"><strong>LinkedIn<\/strong>:\u00a0<a title=\"linkedin.com\/in\/jenniferjylee\/\" role=\"button\" href=\"https:\/\/www.linkedin.com\/in\/jenniferjylee\/\" target=\"_blank\" rel=\"noopener\" aria-label=\"linkedin.com\/in\/jenniferjylee\/\">linkedin.com\/in\/jenniferjylee\/<\/a>\n<\/span>\t\t\t\t\t\t\t\t<\/div>\n\t\t\t\t<\/div>\n\t\t\t\t\t<\/div>\n\t\t<\/div>\n\t\t\t\t\t<\/div>\n\t\t<\/section>\n\t\t\t\t\t<\/div>\n\t\t<\/div>\n\t\t\t\t\t<\/div>\n\t\t<\/section>\n\t\t\t\t<\/div>\n\t\t","protected":false},"excerpt":{"rendered":"<p>Vice-pr\u00e9sidente de l\u2019engagement b\u00e9n\u00e9vole et du marketing Au c\u0153ur de mon travail se trouve une croyance en la construction de relations durables et de confiance\u2014avec les clients, les \u00e9quipes et les communaut\u00e9s. Je suis un leader au sein de l\u2019\u00e9quipe des produits clients de Deloitte Digital avec plus de 13 ans d\u2019exp\u00e9rience en conseil, ax\u00e9e [&hellip;]<\/p>\n","protected":false},"author":20,"featured_media":0,"parent":9967,"menu_order":0,"comment_status":"closed","ping_status":"closed","template":"template\/template-full-width.php","meta":{"footnotes":""},"class_list":["post-15637","page","type-page","status-publish","hentry"],"_links":{"self":[{"href":"https:\/\/ascendleadership.web3.anasource.com\/fr\/wp-json\/wp\/v2\/pages\/15637","targetHints":{"allow":["GET"]}}],"collection":[{"href":"https:\/\/ascendleadership.web3.anasource.com\/fr\/wp-json\/wp\/v2\/pages"}],"about":[{"href":"https:\/\/ascendleadership.web3.anasource.com\/fr\/wp-json\/wp\/v2\/types\/page"}],"author":[{"embeddable":true,"href":"https:\/\/ascendleadership.web3.anasource.com\/fr\/wp-json\/wp\/v2\/users\/20"}],"replies":[{"embeddable":true,"href":"https:\/\/ascendleadership.web3.anasource.com\/fr\/wp-json\/wp\/v2\/comments?post=15637"}],"version-history":[{"count":7,"href":"https:\/\/ascendleadership.web3.anasource.com\/fr\/wp-json\/wp\/v2\/pages\/15637\/revisions"}],"predecessor-version":[{"id":15728,"href":"https:\/\/ascendleadership.web3.anasource.com\/fr\/wp-json\/wp\/v2\/pages\/15637\/revisions\/15728"}],"up":[{"embeddable":true,"href":"https:\/\/ascendleadership.web3.anasource.com\/fr\/wp-json\/wp\/v2\/pages\/9967"}],"wp:attachment":[{"href":"https:\/\/ascendleadership.web3.anasource.com\/fr\/wp-json\/wp\/v2\/media?parent=15637"}],"curies":[{"name":"wp","href":"https:\/\/api.w.org\/{rel}","templated":true}]}}