{"id":15392,"date":"2025-06-02T23:57:54","date_gmt":"2025-06-02T23:57:54","guid":{"rendered":"https:\/\/ascendleadership.ca\/gopala-gops-narayanan\/"},"modified":"2025-06-21T22:34:34","modified_gmt":"2025-06-21T22:34:34","slug":"gopala-gops-narayanan","status":"publish","type":"page","link":"https:\/\/ascendleadership.web3.anasource.com\/fr\/people\/gopala-gops-narayanan\/","title":{"rendered":"Gopala Narayanan"},"content":{"rendered":"\t\t<div data-elementor-type=\"wp-page\" data-elementor-id=\"15392\" class=\"elementor elementor-15392 elementor-15377\">\n\t\t\t\t\t\t<section class=\"elementor-section elementor-top-section elementor-element elementor-element-6bca336 ascend-detail-page-section ascend-cms-section elementor-section-boxed elementor-section-height-default elementor-section-height-default\" data-id=\"6bca336\" data-element_type=\"section\">\n\t\t\t\t\t\t<div class=\"elementor-container elementor-column-gap-default\">\n\t\t\t\t\t<div class=\"elementor-column elementor-col-100 elementor-top-column elementor-element elementor-element-3d3fdef\" data-id=\"3d3fdef\" data-element_type=\"column\">\n\t\t\t<div class=\"elementor-widget-wrap elementor-element-populated\">\n\t\t\t\t\t\t<section class=\"elementor-section elementor-inner-section elementor-element elementor-element-98a4c4d elementor-section-boxed elementor-section-height-default elementor-section-height-default\" data-id=\"98a4c4d\" data-element_type=\"section\">\n\t\t\t\t\t\t<div class=\"elementor-container elementor-column-gap-default\">\n\t\t\t\t\t<div class=\"elementor-column elementor-col-50 elementor-inner-column elementor-element elementor-element-8b9e607\" data-id=\"8b9e607\" data-element_type=\"column\">\n\t\t\t<div class=\"elementor-widget-wrap elementor-element-populated\">\n\t\t\t\t\t\t<div class=\"elementor-element elementor-element-85185b2 elementor-widget elementor-widget-image\" data-id=\"85185b2\" data-element_type=\"widget\" data-widget_type=\"image.default\">\n\t\t\t\t<div class=\"elementor-widget-container\">\n\t\t\t\t\t\t\t\t\t\t\t\t\t\t\t<img fetchpriority=\"high\" decoding=\"async\" width=\"250\" height=\"250\" src=\"https:\/\/ascendleadership.web3.anasource.com\/wp-content\/uploads\/2025\/06\/Gopala-Narayanan.jpg\" class=\"attachment-full size-full wp-image-15514\" alt=\"Gopala Narayanan\" srcset=\"https:\/\/ascendleadership.web3.anasource.com\/wp-content\/uploads\/2025\/06\/Gopala-Narayanan.jpg 250w, https:\/\/ascendleadership.web3.anasource.com\/wp-content\/uploads\/2025\/06\/Gopala-Narayanan-150x150.jpg 150w\" sizes=\"(max-width: 250px) 100vw, 250px\" \/>\t\t\t\t\t\t\t\t\t\t\t\t\t\t\t<\/div>\n\t\t\t\t<\/div>\n\t\t\t\t\t<\/div>\n\t\t<\/div>\n\t\t\t\t<div class=\"elementor-column elementor-col-50 elementor-inner-column elementor-element elementor-element-c90ca28\" data-id=\"c90ca28\" data-element_type=\"column\">\n\t\t\t<div class=\"elementor-widget-wrap elementor-element-populated\">\n\t\t\t\t\t\t<div class=\"elementor-element elementor-element-1eafafc elementor-widget elementor-widget-heading\" data-id=\"1eafafc\" data-element_type=\"widget\" data-widget_type=\"heading.default\">\n\t\t\t\t<div class=\"elementor-widget-container\">\n\t\t\t\t\t<h5 class=\"elementor-heading-title elementor-size-default\">Premier vice-pr\u00e9sident, Risque de d\u00e9tail et chef de l'exploitation, Gestion du risque de groupe, RBC<\/h5>\t\t\t\t<\/div>\n\t\t\t\t<\/div>\n\t\t\t\t<div class=\"elementor-element elementor-element-357fa4a elementor-widget elementor-widget-text-editor\" data-id=\"357fa4a\" data-element_type=\"widget\" data-widget_type=\"text-editor.default\">\n\t\t\t\t<div class=\"elementor-widget-container\">\n\t\t\t\t\t\t\t\t\t<p class=\"ds-markdown-paragraph\">En tant que vice-pr\u00e9sident principal, Risque de d\u00e9tail et chef de l&rsquo;exploitation pour GRM, Gopala Narayanan (Gops) dirige des \u00e9quipes au Canada, aux \u00c9tats-Unis et dans les Cara\u00efbes, supervisant la gestion des risques pour les activit\u00e9s de Banque Personnelle et Banque des Cara\u00efbes de RBC. Ce r\u00f4le est un moteur cl\u00e9 des strat\u00e9gies de gestion des risques align\u00e9es sur les objectifs commerciaux et la vision de croissance \u00e0 long terme de RBC. Il est membre du Comit\u00e9 d&rsquo;exploitation de la gestion des risques du groupe, ainsi que du Comit\u00e9 d&rsquo;exploitation de la banque personnelle, en plus de divers autres comit\u00e9s et conseils d&rsquo;administration filiales chez RBC.<\/p><p class=\"ds-markdown-paragraph\">Gops a rejoint RBC en 2010. Au cours de son mandat, il a occup\u00e9 des postes de plus en plus seniors dans les domaines des op\u00e9rations, des ventes et de la gestion des risques, y compris des responsabilit\u00e9s de direction au sein de la Banque Personnelle et de la Gestion des Risques du Groupe. Avant de rejoindre RBC, Gops a travaill\u00e9 pendant plusieurs ann\u00e9es dans des entreprises du Fortune 500 aux \u00c9tats-Unis et en Inde.<\/p><p class=\"ds-markdown-paragraph\">Gops est titulaire d&rsquo;un MBA de l&rsquo;Indian Institute of Management, ainsi que d&rsquo;une ma\u00eetrise en biosciences et d&rsquo;un baccalaur\u00e9at en g\u00e9nie. Gops est un champion de la diversit\u00e9 et de l&rsquo;inclusion et occupe le poste de copr\u00e9sident ex\u00e9cutif du Conseil de la diversit\u00e9 et du leadership (DLC) de GRM, en plus d&rsquo;\u00eatre membre du Conseil du leadership en mati\u00e8re de diversit\u00e9 de RBC.<\/p><p class=\"ds-markdown-paragraph\">Au sein de la communaut\u00e9, Gops si\u00e8ge au conseil d&rsquo;administration d&rsquo;EveryMind (anciennement Peel Children&rsquo;s Centre), l&rsquo;un des plus grands organismes canadiens de sant\u00e9 mentale pour enfants et jeunes offrant une gamme compl\u00e8te de services de sant\u00e9 mentale aux enfants, aux jeunes et \u00e0 leurs familles dans la r\u00e9gion de Peel, ainsi qu&rsquo;au conseil d&rsquo;administration de la section torontoise de la Risk Management Association.<\/p>\t\t\t\t\t\t\t\t<\/div>\n\t\t\t\t<\/div>\n\t\t\t\t\t<\/div>\n\t\t<\/div>\n\t\t\t\t\t<\/div>\n\t\t<\/section>\n\t\t\t\t\t<\/div>\n\t\t<\/div>\n\t\t\t\t\t<\/div>\n\t\t<\/section>\n\t\t\t\t<\/div>\n\t\t","protected":false},"excerpt":{"rendered":"<p>Premier vice-pr\u00e9sident, Risque de d\u00e9tail et chef de l&rsquo;exploitation, Gestion du risque de groupe, RBC En tant que vice-pr\u00e9sident principal, Risque de d\u00e9tail et chef de l&rsquo;exploitation pour GRM, Gopala Narayanan (Gops) dirige des \u00e9quipes au Canada, aux \u00c9tats-Unis et dans les Cara\u00efbes, supervisant la gestion des risques pour les activit\u00e9s de Banque Personnelle et [&hellip;]<\/p>\n","protected":false},"author":21,"featured_media":0,"parent":9967,"menu_order":0,"comment_status":"closed","ping_status":"closed","template":"template\/template-full-width.php","meta":{"footnotes":""},"class_list":["post-15392","page","type-page","status-publish","hentry"],"_links":{"self":[{"href":"https:\/\/ascendleadership.web3.anasource.com\/fr\/wp-json\/wp\/v2\/pages\/15392","targetHints":{"allow":["GET"]}}],"collection":[{"href":"https:\/\/ascendleadership.web3.anasource.com\/fr\/wp-json\/wp\/v2\/pages"}],"about":[{"href":"https:\/\/ascendleadership.web3.anasource.com\/fr\/wp-json\/wp\/v2\/types\/page"}],"author":[{"embeddable":true,"href":"https:\/\/ascendleadership.web3.anasource.com\/fr\/wp-json\/wp\/v2\/users\/21"}],"replies":[{"embeddable":true,"href":"https:\/\/ascendleadership.web3.anasource.com\/fr\/wp-json\/wp\/v2\/comments?post=15392"}],"version-history":[{"count":23,"href":"https:\/\/ascendleadership.web3.anasource.com\/fr\/wp-json\/wp\/v2\/pages\/15392\/revisions"}],"predecessor-version":[{"id":15529,"href":"https:\/\/ascendleadership.web3.anasource.com\/fr\/wp-json\/wp\/v2\/pages\/15392\/revisions\/15529"}],"up":[{"embeddable":true,"href":"https:\/\/ascendleadership.web3.anasource.com\/fr\/wp-json\/wp\/v2\/pages\/9967"}],"wp:attachment":[{"href":"https:\/\/ascendleadership.web3.anasource.com\/fr\/wp-json\/wp\/v2\/media?parent=15392"}],"curies":[{"name":"wp","href":"https:\/\/api.w.org\/{rel}","templated":true}]}}