{"id":15338,"date":"2025-05-28T19:58:23","date_gmt":"2025-05-28T19:58:23","guid":{"rendered":"https:\/\/ascendleadership.ca\/cecilia-king\/"},"modified":"2025-05-30T20:14:57","modified_gmt":"2025-05-30T20:14:57","slug":"cecilia-king","status":"publish","type":"page","link":"https:\/\/ascendleadership.web3.anasource.com\/fr\/cecilia-king\/","title":{"rendered":"Cecilia King"},"content":{"rendered":"\t\t<div data-elementor-type=\"wp-page\" data-elementor-id=\"15338\" class=\"elementor elementor-15338 elementor-15320\">\n\t\t\t\t\t\t<section class=\"elementor-section elementor-top-section elementor-element elementor-element-28cccc7 elementor-section-boxed elementor-section-height-default elementor-section-height-default\" data-id=\"28cccc7\" data-element_type=\"section\">\n\t\t\t\t\t\t<div class=\"elementor-container elementor-column-gap-default\">\n\t\t\t\t\t<div class=\"elementor-column elementor-col-100 elementor-top-column elementor-element elementor-element-49db847\" data-id=\"49db847\" data-element_type=\"column\">\n\t\t\t<div class=\"elementor-widget-wrap elementor-element-populated\">\n\t\t\t\t\t\t<section class=\"elementor-section elementor-inner-section elementor-element elementor-element-1133eae elementor-section-boxed elementor-section-height-default elementor-section-height-default\" data-id=\"1133eae\" data-element_type=\"section\">\n\t\t\t\t\t\t<div class=\"elementor-container elementor-column-gap-default\">\n\t\t\t\t\t<div class=\"elementor-column elementor-col-50 elementor-inner-column elementor-element elementor-element-f057df5\" data-id=\"f057df5\" data-element_type=\"column\">\n\t\t\t<div class=\"elementor-widget-wrap elementor-element-populated\">\n\t\t\t\t\t\t<div class=\"elementor-element elementor-element-885a7ed elementor-widget elementor-widget-image\" data-id=\"885a7ed\" data-element_type=\"widget\" data-widget_type=\"image.default\">\n\t\t\t\t<div class=\"elementor-widget-container\">\n\t\t\t\t\t\t\t\t\t\t\t\t\t\t\t<img fetchpriority=\"high\" decoding=\"async\" width=\"300\" height=\"300\" src=\"https:\/\/ascendleadership.web3.anasource.com\/wp-content\/uploads\/2025\/05\/cecilia-king-300x300.jpg\" class=\"attachment-medium size-medium wp-image-15312\" alt=\"Cecilia King\" srcset=\"https:\/\/ascendleadership.web3.anasource.com\/wp-content\/uploads\/2025\/05\/cecilia-king-300x300.jpg 300w, https:\/\/ascendleadership.web3.anasource.com\/wp-content\/uploads\/2025\/05\/cecilia-king-1024x1024.jpg 1024w, https:\/\/ascendleadership.web3.anasource.com\/wp-content\/uploads\/2025\/05\/cecilia-king-150x150.jpg 150w, https:\/\/ascendleadership.web3.anasource.com\/wp-content\/uploads\/2025\/05\/cecilia-king-768x768.jpg 768w, https:\/\/ascendleadership.web3.anasource.com\/wp-content\/uploads\/2025\/05\/cecilia-king-1536x1536.jpg 1536w, https:\/\/ascendleadership.web3.anasource.com\/wp-content\/uploads\/2025\/05\/cecilia-king-2048x2048.jpg 2048w, https:\/\/ascendleadership.web3.anasource.com\/wp-content\/uploads\/2025\/05\/cecilia-king-400x400.jpg 400w\" sizes=\"(max-width: 300px) 100vw, 300px\" \/>\t\t\t\t\t\t\t\t\t\t\t\t\t\t\t<\/div>\n\t\t\t\t<\/div>\n\t\t\t\t\t<\/div>\n\t\t<\/div>\n\t\t\t\t<div class=\"elementor-column elementor-col-50 elementor-inner-column elementor-element elementor-element-9457ddd\" data-id=\"9457ddd\" data-element_type=\"column\">\n\t\t\t<div class=\"elementor-widget-wrap elementor-element-populated\">\n\t\t\t\t\t\t<div class=\"elementor-element elementor-element-bd78e74 elementor-widget elementor-widget-heading\" data-id=\"bd78e74\" data-element_type=\"widget\" data-widget_type=\"heading.default\">\n\t\t\t\t<div class=\"elementor-widget-container\">\n\t\t\t\t\t<h5 class=\"elementor-heading-title elementor-size-default\">Membre du conseil d\u2019administration\/vice-pr\u00e9sident, Finances et chef des services financiers, Services bancaires aux particuliers au Canada, Groupe Banque TD<\/h5>\t\t\t\t<\/div>\n\t\t\t\t<\/div>\n\t\t\t\t<div class=\"elementor-element elementor-element-14eaf07 elementor-widget elementor-widget-text-editor\" data-id=\"14eaf07\" data-element_type=\"widget\" data-widget_type=\"text-editor.default\">\n\t\t\t\t<div class=\"elementor-widget-container\">\n\t\t\t\t\t\t\t\t\t<p data-pm-slice=\"1 1 []\">Cecilia King est vice-pr\u00e9sidente, Finances et directrice financi\u00e8re, Services bancaires aux particuliers au Canada, chez Groupe Banque TD. Forte de 15 ans d\u2019exp\u00e9rience dans le secteur bancaire, elle travaille en \u00e9troite collaboration avec l\u2019\u00e9quipe de haute direction des Services bancaires aux particuliers au Canada afin d\u2019\u00e9laborer et d\u2019atteindre des objectifs strat\u00e9giques et financiers et de servir fi\u00e8rement nos 14 millions de clients.<\/p><p data-pm-slice=\"1 1 []\">Cecilia est passionn\u00e9e par la diversit\u00e9, l\u2019\u00e9quit\u00e9 et l\u2019inclusion. Elle pr\u00e9side le Comit\u00e9 du r\u00e9seau multiculturel des finances \u00e0 la TD et si\u00e8ge au Conseil de leadership sur l\u2019inclusion et la diversit\u00e9 dans les finances. Elle si\u00e8ge \u00e9galement au conseil d\u2019administration de First Book Canada.<\/p>\t\t\t\t\t\t\t\t<\/div>\n\t\t\t\t<\/div>\n\t\t\t\t\t<\/div>\n\t\t<\/div>\n\t\t\t\t\t<\/div>\n\t\t<\/section>\n\t\t\t\t\t<\/div>\n\t\t<\/div>\n\t\t\t\t\t<\/div>\n\t\t<\/section>\n\t\t\t\t<\/div>\n\t\t","protected":false},"excerpt":{"rendered":"<p>Membre du conseil d\u2019administration\/vice-pr\u00e9sident, Finances et chef des services financiers, Services bancaires aux particuliers au Canada, Groupe Banque TD Cecilia King est vice-pr\u00e9sidente, Finances et directrice financi\u00e8re, Services bancaires aux particuliers au Canada, chez Groupe Banque TD. Forte de 15 ans d\u2019exp\u00e9rience dans le secteur bancaire, elle travaille en \u00e9troite collaboration avec l\u2019\u00e9quipe de haute [&hellip;]<\/p>\n","protected":false},"author":20,"featured_media":0,"parent":0,"menu_order":0,"comment_status":"closed","ping_status":"closed","template":"template\/template-full-width.php","meta":{"footnotes":""},"class_list":["post-15338","page","type-page","status-publish","hentry"],"_links":{"self":[{"href":"https:\/\/ascendleadership.web3.anasource.com\/fr\/wp-json\/wp\/v2\/pages\/15338","targetHints":{"allow":["GET"]}}],"collection":[{"href":"https:\/\/ascendleadership.web3.anasource.com\/fr\/wp-json\/wp\/v2\/pages"}],"about":[{"href":"https:\/\/ascendleadership.web3.anasource.com\/fr\/wp-json\/wp\/v2\/types\/page"}],"author":[{"embeddable":true,"href":"https:\/\/ascendleadership.web3.anasource.com\/fr\/wp-json\/wp\/v2\/users\/20"}],"replies":[{"embeddable":true,"href":"https:\/\/ascendleadership.web3.anasource.com\/fr\/wp-json\/wp\/v2\/comments?post=15338"}],"version-history":[{"count":9,"href":"https:\/\/ascendleadership.web3.anasource.com\/fr\/wp-json\/wp\/v2\/pages\/15338\/revisions"}],"predecessor-version":[{"id":15354,"href":"https:\/\/ascendleadership.web3.anasource.com\/fr\/wp-json\/wp\/v2\/pages\/15338\/revisions\/15354"}],"wp:attachment":[{"href":"https:\/\/ascendleadership.web3.anasource.com\/fr\/wp-json\/wp\/v2\/media?parent=15338"}],"curies":[{"name":"wp","href":"https:\/\/api.w.org\/{rel}","templated":true}]}}