{"id":15015,"date":"2025-04-02T20:35:47","date_gmt":"2025-04-02T20:35:47","guid":{"rendered":"https:\/\/ascendleadership.ca\/laura-watkins\/"},"modified":"2025-04-04T20:16:22","modified_gmt":"2025-04-04T20:16:22","slug":"laura-watkins","status":"publish","type":"page","link":"https:\/\/ascendleadership.web3.anasource.com\/fr\/people\/laura-watkins\/","title":{"rendered":"Laura Watkins"},"content":{"rendered":"\t\t<div data-elementor-type=\"wp-page\" data-elementor-id=\"15015\" class=\"elementor elementor-15015 elementor-14973\">\n\t\t\t\t\t\t<section class=\"elementor-section elementor-top-section elementor-element elementor-element-b85e236 elementor-section-boxed elementor-section-height-default elementor-section-height-default\" data-id=\"b85e236\" data-element_type=\"section\">\n\t\t\t\t\t\t<div class=\"elementor-container elementor-column-gap-default\">\n\t\t\t\t\t<div class=\"elementor-column elementor-col-100 elementor-top-column elementor-element elementor-element-93104d3\" data-id=\"93104d3\" data-element_type=\"column\">\n\t\t\t<div class=\"elementor-widget-wrap elementor-element-populated\">\n\t\t\t\t\t\t<section class=\"elementor-section elementor-inner-section elementor-element elementor-element-f29165e elementor-section-boxed elementor-section-height-default elementor-section-height-default\" data-id=\"f29165e\" data-element_type=\"section\">\n\t\t\t\t\t\t<div class=\"elementor-container elementor-column-gap-default\">\n\t\t\t\t\t<div class=\"elementor-column elementor-col-50 elementor-inner-column elementor-element elementor-element-dd46b92\" data-id=\"dd46b92\" data-element_type=\"column\">\n\t\t\t<div class=\"elementor-widget-wrap elementor-element-populated\">\n\t\t\t\t\t\t<div class=\"elementor-element elementor-element-5fdc94e elementor-widget elementor-widget-image\" data-id=\"5fdc94e\" data-element_type=\"widget\" data-widget_type=\"image.default\">\n\t\t\t\t<div class=\"elementor-widget-container\">\n\t\t\t\t\t\t\t\t\t\t\t\t\t\t\t<img fetchpriority=\"high\" decoding=\"async\" width=\"2560\" height=\"2560\" src=\"https:\/\/ascendleadership.web3.anasource.com\/wp-content\/uploads\/2025\/04\/Laura-Watkins-scaled.jpg\" class=\"attachment-full size-full wp-image-14968\" alt=\"Laura Watkins\" srcset=\"https:\/\/ascendleadership.web3.anasource.com\/wp-content\/uploads\/2025\/04\/Laura-Watkins-scaled.jpg 2560w, https:\/\/ascendleadership.web3.anasource.com\/wp-content\/uploads\/2025\/04\/Laura-Watkins-300x300.jpg 300w, https:\/\/ascendleadership.web3.anasource.com\/wp-content\/uploads\/2025\/04\/Laura-Watkins-1024x1024.jpg 1024w, https:\/\/ascendleadership.web3.anasource.com\/wp-content\/uploads\/2025\/04\/Laura-Watkins-150x150.jpg 150w, https:\/\/ascendleadership.web3.anasource.com\/wp-content\/uploads\/2025\/04\/Laura-Watkins-768x768.jpg 768w, https:\/\/ascendleadership.web3.anasource.com\/wp-content\/uploads\/2025\/04\/Laura-Watkins-1536x1536.jpg 1536w, https:\/\/ascendleadership.web3.anasource.com\/wp-content\/uploads\/2025\/04\/Laura-Watkins-2048x2048.jpg 2048w, https:\/\/ascendleadership.web3.anasource.com\/wp-content\/uploads\/2025\/04\/Laura-Watkins-400x400.jpg 400w\" sizes=\"(max-width: 2560px) 100vw, 2560px\" \/>\t\t\t\t\t\t\t\t\t\t\t\t\t\t\t<\/div>\n\t\t\t\t<\/div>\n\t\t\t\t\t<\/div>\n\t\t<\/div>\n\t\t\t\t<div class=\"elementor-column elementor-col-50 elementor-inner-column elementor-element elementor-element-9a79d23\" data-id=\"9a79d23\" data-element_type=\"column\">\n\t\t\t<div class=\"elementor-widget-wrap elementor-element-populated\">\n\t\t\t\t\t\t<div class=\"elementor-element elementor-element-5d75a04 elementor-widget elementor-widget-heading\" data-id=\"5d75a04\" data-element_type=\"widget\" data-widget_type=\"heading.default\">\n\t\t\t\t<div class=\"elementor-widget-container\">\n\t\t\t\t\t<h5 class=\"elementor-heading-title elementor-size-default\">Vice-pr\u00e9sidente Communications<\/h5>\t\t\t\t<\/div>\n\t\t\t\t<\/div>\n\t\t\t\t<div class=\"elementor-element elementor-element-27c4013 elementor-widget elementor-widget-text-editor\" data-id=\"27c4013\" data-element_type=\"widget\" data-widget_type=\"text-editor.default\">\n\t\t\t\t<div class=\"elementor-widget-container\">\n\t\t\t\t\t\t\t\t\t<p><span style=\"color: #000000;\">Laura est directrice des communications \u00e0 Valeurs Mobili\u00e8res TD. En partenariat avec son \u00e9quipe, elle dirige la strat\u00e9gie de communication interne et travaille en \u00e9troite collaboration avec les intervenants de Valeurs Mobili\u00e8res TD et de la Banque TD pour appuyer les buts et objectifs du cabinet.<\/span><\/p><p><span style=\"color: #000000;\">Avant de se joindre \u00e0 la TD, Laura a travaill\u00e9 dans diverses entreprises et fonctions chez RBC, notamment les communications minist\u00e9rielles, les ressources humaines et l\u2019assurance. Elle a \u00e9galement travaill\u00e9 chez Trillium Health Partners, Cineplex Entertainment et Maple Leaf Sports and Entertainment.<\/span><\/p><p><span style=\"color: #000000;\">Laura est titulaire d\u2019un baccalaur\u00e9at en journalisme de l\u2019Universit\u00e9 m\u00e9tropolitaine de Toronto et d\u2019une ma\u00eetrise en gestion des communications de l\u2019Universit\u00e9 McMaster.<\/span><\/p><p><span style=\"color: #000000;\">Laura s\u2019est jointe \u00e0 Ascend Canada en 2020 et occupe actuellement le poste de vice-pr\u00e9sidente, Communications. \u00c0 ce titre, elle dirige une \u00e9quipe qui oriente la strat\u00e9gie de communication pour les membres et les b\u00e9n\u00e9voles d\u2019Ascend Canada, ainsi que la strat\u00e9gie des m\u00e9dias sociaux.<\/span><\/p>\t\t\t\t\t\t\t\t<\/div>\n\t\t\t\t<\/div>\n\t\t\t\t\t<\/div>\n\t\t<\/div>\n\t\t\t\t\t<\/div>\n\t\t<\/section>\n\t\t\t\t\t<\/div>\n\t\t<\/div>\n\t\t\t\t\t<\/div>\n\t\t<\/section>\n\t\t\t\t<\/div>\n\t\t","protected":false},"excerpt":{"rendered":"<p>Vice-pr\u00e9sidente Communications Laura est directrice des communications \u00e0 Valeurs Mobili\u00e8res TD. En partenariat avec son \u00e9quipe, elle dirige la strat\u00e9gie de communication interne et travaille en \u00e9troite collaboration avec les intervenants de Valeurs Mobili\u00e8res TD et de la Banque TD pour appuyer les buts et objectifs du cabinet. Avant de se joindre \u00e0 la TD, [&hellip;]<\/p>\n","protected":false},"author":20,"featured_media":0,"parent":9967,"menu_order":0,"comment_status":"closed","ping_status":"closed","template":"template\/template-full-width.php","meta":{"footnotes":""},"class_list":["post-15015","page","type-page","status-publish","hentry"],"_links":{"self":[{"href":"https:\/\/ascendleadership.web3.anasource.com\/fr\/wp-json\/wp\/v2\/pages\/15015","targetHints":{"allow":["GET"]}}],"collection":[{"href":"https:\/\/ascendleadership.web3.anasource.com\/fr\/wp-json\/wp\/v2\/pages"}],"about":[{"href":"https:\/\/ascendleadership.web3.anasource.com\/fr\/wp-json\/wp\/v2\/types\/page"}],"author":[{"embeddable":true,"href":"https:\/\/ascendleadership.web3.anasource.com\/fr\/wp-json\/wp\/v2\/users\/20"}],"replies":[{"embeddable":true,"href":"https:\/\/ascendleadership.web3.anasource.com\/fr\/wp-json\/wp\/v2\/comments?post=15015"}],"version-history":[{"count":9,"href":"https:\/\/ascendleadership.web3.anasource.com\/fr\/wp-json\/wp\/v2\/pages\/15015\/revisions"}],"predecessor-version":[{"id":15029,"href":"https:\/\/ascendleadership.web3.anasource.com\/fr\/wp-json\/wp\/v2\/pages\/15015\/revisions\/15029"}],"up":[{"embeddable":true,"href":"https:\/\/ascendleadership.web3.anasource.com\/fr\/wp-json\/wp\/v2\/pages\/9967"}],"wp:attachment":[{"href":"https:\/\/ascendleadership.web3.anasource.com\/fr\/wp-json\/wp\/v2\/media?parent=15015"}],"curies":[{"name":"wp","href":"https:\/\/api.w.org\/{rel}","templated":true}]}}