{"id":14645,"date":"2025-02-11T23:50:01","date_gmt":"2025-02-11T23:50:01","guid":{"rendered":"https:\/\/ascendleadership.ca\/?page_id=14645"},"modified":"2025-02-12T00:13:15","modified_gmt":"2025-02-12T00:13:15","slug":"programme-de-mentorat-pour-les-leaders-emergents-dascend-canada","status":"publish","type":"page","link":"https:\/\/ascendleadership.web3.anasource.com\/fr\/programme-de-mentorat-pour-les-leaders-emergents-dascend-canada\/","title":{"rendered":"Programme de mentorat pour les leaders \u00e9mergents d\u2019Ascend Canada"},"content":{"rendered":"\t\t<div data-elementor-type=\"wp-page\" data-elementor-id=\"14645\" class=\"elementor elementor-14645 elementor-14627\">\n\t\t\t\t\t\t<section class=\"elementor-section elementor-top-section elementor-element elementor-element-60e2979 elementor-section-boxed elementor-section-height-default elementor-section-height-default\" data-id=\"60e2979\" data-element_type=\"section\">\n\t\t\t\t\t\t<div class=\"elementor-container elementor-column-gap-default\">\n\t\t\t\t\t<div class=\"elementor-column elementor-col-100 elementor-top-column elementor-element elementor-element-1d345b5\" data-id=\"1d345b5\" data-element_type=\"column\">\n\t\t\t<div class=\"elementor-widget-wrap elementor-element-populated\">\n\t\t\t\t\t\t<div class=\"elementor-element elementor-element-a9e81a8 elementor-widget elementor-widget-text-editor\" data-id=\"a9e81a8\" data-element_type=\"widget\" data-widget_type=\"text-editor.default\">\n\t\t\t\t<div class=\"elementor-widget-container\">\n\t\t\t\t\t\t\t\t\t<p>Dans le cadre de notre mission visant \u00e0 soutenir les leaders panasiatiques dans la r\u00e9alisation de leur plein potentiel, nous sommes ravis de vous inviter \u00e0 poser votre candidature pour le programme de mentorat pour les leaders \u00e9mergents d\u2019Ascend Canada! Ce programme met en relation des leaders \u00e9mergents avec des mentors exp\u00e9riment\u00e9s qui peuvent offrir des conseils pr\u00e9cieux, partager leurs exp\u00e9riences professionnelles et aider avec la progression de votre carri\u00e8re.<\/p>\t\t\t\t\t\t\t\t<\/div>\n\t\t\t\t<\/div>\n\t\t\t\t\t<\/div>\n\t\t<\/div>\n\t\t\t\t\t<\/div>\n\t\t<\/section>\n\t\t\t\t<section class=\"elementor-section elementor-top-section elementor-element elementor-element-046f65b elementor-section-boxed elementor-section-height-default elementor-section-height-default\" data-id=\"046f65b\" data-element_type=\"section\">\n\t\t\t\t\t\t<div class=\"elementor-container elementor-column-gap-default\">\n\t\t\t\t\t<div class=\"elementor-column elementor-col-100 elementor-top-column elementor-element elementor-element-55f77b2\" data-id=\"55f77b2\" data-element_type=\"column\">\n\t\t\t<div class=\"elementor-widget-wrap elementor-element-populated\">\n\t\t\t\t\t\t<div class=\"elementor-element elementor-element-bd99222 elementor-widget elementor-widget-accordion\" data-id=\"bd99222\" data-element_type=\"widget\" data-widget_type=\"accordion.default\">\n\t\t\t\t<div class=\"elementor-widget-container\">\n\t\t\t\t\t\t\t<div class=\"elementor-accordion\">\n\t\t\t\t\t\t\t<div class=\"elementor-accordion-item\">\n\t\t\t\t\t<div id=\"elementor-tab-title-1981\" class=\"elementor-tab-title\" data-tab=\"1\" role=\"button\" aria-controls=\"elementor-tab-content-1981\" aria-expanded=\"false\">\n\t\t\t\t\t\t\t\t\t\t\t\t\t<span class=\"elementor-accordion-icon elementor-accordion-icon-right\" aria-hidden=\"true\">\n\t\t\t\t\t\t\t\t\t\t\t\t\t\t\t<span class=\"elementor-accordion-icon-closed\"><i class=\"fas fa-chevron-down\"><\/i><\/span>\n\t\t\t\t\t\t\t\t<span class=\"elementor-accordion-icon-opened\"><i class=\"fas fa-angle-up\"><\/i><\/span>\n\t\t\t\t\t\t\t\t\t\t\t\t\t\t<\/span>\n\t\t\t\t\t\t\t\t\t\t\t\t<a class=\"elementor-accordion-title\" tabindex=\"0\">Comment \u00e7a marche?<\/a>\n\t\t\t\t\t<\/div>\n\t\t\t\t\t<div id=\"elementor-tab-content-1981\" class=\"elementor-tab-content elementor-clearfix\" data-tab=\"1\" role=\"region\" aria-labelledby=\"elementor-tab-title-1981\"><ul type=\"disc\"><li>Les mentor\u00e9s seront jumel\u00e9s 1:1 ou en petits groupes avec des mentors qui se situent g\u00e9n\u00e9ralement un \u00e0 deux niveaux de carri\u00e8re au-dessus d\u2019eux.<\/li><li>Les jumelages seront bas\u00e9s sur les niveaux de carri\u00e8re, les objectifs et les int\u00e9r\u00eats professionnels.<\/li><li>Les mentor\u00e9s seront responsables de contacter leur mentor d\u00e9sign\u00e9 et d&rsquo;initier la relation. Vous b\u00e9n\u00e9ficierez d&rsquo;un soutien de Ten Thousand Coffees, une plateforme de mentorat de premier ordre.<\/li><li>Des sessions mensuelles de r\u00e9seautage et d&rsquo;apprentissage seront organis\u00e9es sur des sujets cl\u00e9s du leadership.\u00a0<\/li><\/ul><\/div>\n\t\t\t\t<\/div>\n\t\t\t\t\t\t\t<div class=\"elementor-accordion-item\">\n\t\t\t\t\t<div id=\"elementor-tab-title-1982\" class=\"elementor-tab-title\" data-tab=\"2\" role=\"button\" aria-controls=\"elementor-tab-content-1982\" aria-expanded=\"false\">\n\t\t\t\t\t\t\t\t\t\t\t\t\t<span class=\"elementor-accordion-icon elementor-accordion-icon-right\" aria-hidden=\"true\">\n\t\t\t\t\t\t\t\t\t\t\t\t\t\t\t<span class=\"elementor-accordion-icon-closed\"><i class=\"fas fa-chevron-down\"><\/i><\/span>\n\t\t\t\t\t\t\t\t<span class=\"elementor-accordion-icon-opened\"><i class=\"fas fa-angle-up\"><\/i><\/span>\n\t\t\t\t\t\t\t\t\t\t\t\t\t\t<\/span>\n\t\t\t\t\t\t\t\t\t\t\t\t<a class=\"elementor-accordion-title\" tabindex=\"0\">Comment poser votre candidature?<\/a>\n\t\t\t\t\t<\/div>\n\t\t\t\t\t<div id=\"elementor-tab-content-1982\" class=\"elementor-tab-content elementor-clearfix\" data-tab=\"2\" role=\"region\" aria-labelledby=\"elementor-tab-title-1982\"><ol start=\"1\" type=\"1\"><li>Connectez-vous \u00e0 votre compte Ascend Canada et soumettez le formulaire de candidature, en indiquant votre niveau de carri\u00e8re, vos objectifs et vos pr\u00e9f\u00e9rences en mati\u00e8re de mentorat.<\/li><li>Date limite de candidature : 10 mars 2025<\/li><li>Le jumelage aura lieu et les participants recevront leurs courriels de pr\u00e9sentation mentor-mentor\u00e9 le 25 mars 2025<\/li><\/ol><\/div>\n\t\t\t\t<\/div>\n\t\t\t\t\t\t\t<div class=\"elementor-accordion-item\">\n\t\t\t\t\t<div id=\"elementor-tab-title-1983\" class=\"elementor-tab-title\" data-tab=\"3\" role=\"button\" aria-controls=\"elementor-tab-content-1983\" aria-expanded=\"false\">\n\t\t\t\t\t\t\t\t\t\t\t\t\t<span class=\"elementor-accordion-icon elementor-accordion-icon-right\" aria-hidden=\"true\">\n\t\t\t\t\t\t\t\t\t\t\t\t\t\t\t<span class=\"elementor-accordion-icon-closed\"><i class=\"fas fa-chevron-down\"><\/i><\/span>\n\t\t\t\t\t\t\t\t<span class=\"elementor-accordion-icon-opened\"><i class=\"fas fa-angle-up\"><\/i><\/span>\n\t\t\t\t\t\t\t\t\t\t\t\t\t\t<\/span>\n\t\t\t\t\t\t\t\t\t\t\t\t<a class=\"elementor-accordion-title\" tabindex=\"0\">Acc\u00e8s au programme et attribution des si\u00e8ges<\/a>\n\t\t\t\t\t<\/div>\n\t\t\t\t\t<div id=\"elementor-tab-content-1983\" class=\"elementor-tab-content elementor-clearfix\" data-tab=\"3\" role=\"region\" aria-labelledby=\"elementor-tab-title-1983\"><ul><li>Ce programme est gratuit pour tous les membres d\u2019Ascend Canada.<\/li><li>Aucun si\u00e8ge n\u2019est attribu\u00e9 \u2013 les membres peuvent s\u2019inscrire volontairement \u00e0 titre de mentor ou de mentor\u00e9, et nous jumelerons les mentor\u00e9s avec des mentors disponibles en fonction de leurs niveaux de carri\u00e8re, de leurs objectifs et de leurs int\u00e9r\u00eats.<\/li><\/ul><\/div>\n\t\t\t\t<\/div>\n\t\t\t\t\t\t\t<div class=\"elementor-accordion-item\">\n\t\t\t\t\t<div id=\"elementor-tab-title-1984\" class=\"elementor-tab-title\" data-tab=\"4\" role=\"button\" aria-controls=\"elementor-tab-content-1984\" aria-expanded=\"false\">\n\t\t\t\t\t\t\t\t\t\t\t\t\t<span class=\"elementor-accordion-icon elementor-accordion-icon-right\" aria-hidden=\"true\">\n\t\t\t\t\t\t\t\t\t\t\t\t\t\t\t<span class=\"elementor-accordion-icon-closed\"><i class=\"fas fa-chevron-down\"><\/i><\/span>\n\t\t\t\t\t\t\t\t<span class=\"elementor-accordion-icon-opened\"><i class=\"fas fa-angle-up\"><\/i><\/span>\n\t\t\t\t\t\t\t\t\t\t\t\t\t\t<\/span>\n\t\t\t\t\t\t\t\t\t\t\t\t<a class=\"elementor-accordion-title\" tabindex=\"0\">co\u00fbt<\/a>\n\t\t\t\t\t<\/div>\n\t\t\t\t\t<div id=\"elementor-tab-content-1984\" class=\"elementor-tab-content elementor-clearfix\" data-tab=\"4\" role=\"region\" aria-labelledby=\"elementor-tab-title-1984\"><ul><li>Il n\u2019y a aucun co\u00fbt associ\u00e9 \u00e0 ce programme.<\/li><li>Il est offert comme un service \u00e0 valeur ajout\u00e9e pour soutenir la croissance professionnelle de nos membres.<\/li><\/ul><\/div>\n\t\t\t\t<\/div>\n\t\t\t\t\t\t\t<div class=\"elementor-accordion-item\">\n\t\t\t\t\t<div id=\"elementor-tab-title-1985\" class=\"elementor-tab-title\" data-tab=\"5\" role=\"button\" aria-controls=\"elementor-tab-content-1985\" aria-expanded=\"false\">\n\t\t\t\t\t\t\t\t\t\t\t\t\t<span class=\"elementor-accordion-icon elementor-accordion-icon-right\" aria-hidden=\"true\">\n\t\t\t\t\t\t\t\t\t\t\t\t\t\t\t<span class=\"elementor-accordion-icon-closed\"><i class=\"fas fa-chevron-down\"><\/i><\/span>\n\t\t\t\t\t\t\t\t<span class=\"elementor-accordion-icon-opened\"><i class=\"fas fa-angle-up\"><\/i><\/span>\n\t\t\t\t\t\t\t\t\t\t\t\t\t\t<\/span>\n\t\t\t\t\t\t\t\t\t\t\t\t<a class=\"elementor-accordion-title\" tabindex=\"0\">Exigences relatives aux participants<\/a>\n\t\t\t\t\t<\/div>\n\t\t\t\t\t<div id=\"elementor-tab-content-1985\" class=\"elementor-tab-content elementor-clearfix\" data-tab=\"5\" role=\"region\" aria-labelledby=\"elementor-tab-title-1985\"><ul><li>Il n\u2019y a pas d\u2019exigences suppl\u00e9mentaires.<\/li><li>Le programme dure six mois et, au cours de l\u2019inscription, les mentor\u00e9s peuvent indiquer leur niveau professionnel, leurs objectifs et leurs pr\u00e9f\u00e9rences pour \u00eatre jumel\u00e9s \u00e0 un mentor appropri\u00e9.<\/li><\/ul><\/div>\n\t\t\t\t<\/div>\n\t\t\t\t\t\t\t\t\t\t<script type=\"application\/ld+json\">{\"@context\":\"https:\\\/\\\/schema.org\",\"@type\":\"FAQPage\",\"mainEntity\":[{\"@type\":\"Question\",\"name\":\"Comment \\u00e7a marche?\",\"acceptedAnswer\":{\"@type\":\"Answer\",\"text\":\"<ul type=\\\"disc\\\"><li>Les mentor\\u00e9s seront jumel\\u00e9s 1:1 ou en petits groupes avec des mentors qui se situent g\\u00e9n\\u00e9ralement un \\u00e0 deux niveaux de carri\\u00e8re au-dessus d\\u2019eux.<\\\/li><li>Les jumelages seront bas\\u00e9s sur les niveaux de carri\\u00e8re, les objectifs et les int\\u00e9r\\u00eats professionnels.<\\\/li><li>Les mentor\\u00e9s seront responsables de contacter leur mentor d\\u00e9sign\\u00e9 et d&rsquo;initier la relation. Vous b\\u00e9n\\u00e9ficierez d&rsquo;un soutien de Ten Thousand Coffees, une plateforme de mentorat de premier ordre.<\\\/li><li>Des sessions mensuelles de r\\u00e9seautage et d&rsquo;apprentissage seront organis\\u00e9es sur des sujets cl\\u00e9s du leadership.\\u00a0<\\\/li><\\\/ul>\"}},{\"@type\":\"Question\",\"name\":\"Comment poser votre candidature?\",\"acceptedAnswer\":{\"@type\":\"Answer\",\"text\":\"<ol start=\\\"1\\\" type=\\\"1\\\"><li>Connectez-vous \\u00e0 votre compte Ascend Canada et soumettez le formulaire de candidature, en indiquant votre niveau de carri\\u00e8re, vos objectifs et vos pr\\u00e9f\\u00e9rences en mati\\u00e8re de mentorat.<\\\/li><li>Date limite de candidature : 10 mars 2025<\\\/li><li>Le jumelage aura lieu et les participants recevront leurs courriels de pr\\u00e9sentation mentor-mentor\\u00e9 le 25 mars 2025<\\\/li><\\\/ol>\"}},{\"@type\":\"Question\",\"name\":\"Acc\\u00e8s au programme et attribution des si\\u00e8ges\",\"acceptedAnswer\":{\"@type\":\"Answer\",\"text\":\"<ul><li>Ce programme est gratuit pour tous les membres d\\u2019Ascend Canada.<\\\/li><li>Aucun si\\u00e8ge n\\u2019est attribu\\u00e9 \\u2013 les membres peuvent s\\u2019inscrire volontairement \\u00e0 titre de mentor ou de mentor\\u00e9, et nous jumelerons les mentor\\u00e9s avec des mentors disponibles en fonction de leurs niveaux de carri\\u00e8re, de leurs objectifs et de leurs int\\u00e9r\\u00eats.<\\\/li><\\\/ul>\"}},{\"@type\":\"Question\",\"name\":\"co\\u00fbt\",\"acceptedAnswer\":{\"@type\":\"Answer\",\"text\":\"<ul><li>Il n\\u2019y a aucun co\\u00fbt associ\\u00e9 \\u00e0 ce programme.<\\\/li><li>Il est offert comme un service \\u00e0 valeur ajout\\u00e9e pour soutenir la croissance professionnelle de nos membres.<\\\/li><\\\/ul>\"}},{\"@type\":\"Question\",\"name\":\"Exigences relatives aux participants\",\"acceptedAnswer\":{\"@type\":\"Answer\",\"text\":\"<ul><li>Il n\\u2019y a pas d\\u2019exigences suppl\\u00e9mentaires.<\\\/li><li>Le programme dure six mois et, au cours de l\\u2019inscription, les mentor\\u00e9s peuvent indiquer leur niveau professionnel, leurs objectifs et leurs pr\\u00e9f\\u00e9rences pour \\u00eatre jumel\\u00e9s \\u00e0 un mentor appropri\\u00e9.<\\\/li><\\\/ul>\"}}]}<\/script>\n\t\t\t\t\t<\/div>\n\t\t\t\t\t\t<\/div>\n\t\t\t\t<\/div>\n\t\t\t\t\t<\/div>\n\t\t<\/div>\n\t\t\t\t\t<\/div>\n\t\t<\/section>\n\t\t\t\t<section class=\"elementor-section elementor-top-section elementor-element elementor-element-c43a4c1 elementor-section-boxed elementor-section-height-default elementor-section-height-default\" data-id=\"c43a4c1\" data-element_type=\"section\">\n\t\t\t\t\t\t<div class=\"elementor-container elementor-column-gap-default\">\n\t\t\t\t\t<div class=\"elementor-column elementor-col-100 elementor-top-column elementor-element elementor-element-acd9885\" data-id=\"acd9885\" data-element_type=\"column\">\n\t\t\t<div class=\"elementor-widget-wrap elementor-element-populated\">\n\t\t\t\t\t\t<div class=\"elementor-element elementor-element-47ffb18 elementor-widget elementor-widget-text-editor\" data-id=\"47ffb18\" data-element_type=\"widget\" data-widget_type=\"text-editor.default\">\n\t\t\t\t<div class=\"elementor-widget-container\">\n\t\t\t\t\t\t\t\t\t<p>Si vous ne recevez pas de courriel de jumelage \u00e0 cette date, cela signifie que nous n&rsquo;avons malheureusement pas pu vous jumeler pour cette cohorte. Toutefois, nous conserverons votre nom dans nos dossiers pour de futures opportunit\u00e9s de mentorat.<\/p><p style=\"text-align: center;\"><br \/>Nous avons h\u00e2te de vous compter parmi les membres de la communaut\u00e9 de mentorat d&rsquo;Ascend Canada!<\/p>\t\t\t\t\t\t\t\t<\/div>\n\t\t\t\t<\/div>\n\t\t\t\t<div class=\"elementor-element elementor-element-e9bafee elementor-align-center elementor-widget elementor-widget-xs-button\" data-id=\"e9bafee\" data-element_type=\"widget\" data-widget_type=\"xs-button.default\">\n\t\t\t\t<div class=\"elementor-widget-container\">\n\t\t\t\t\t        \n        <a href=\"https:\/\/app.ascendleadership.ca\/login\" target=\"_self\" class=\"xs-cp-btn btn btn-primary\">\n            <span class=\"badge\"><i class=\"\"><\/i><\/span> postulez maintenant        <\/a>\n\n        \t\t\t\t<\/div>\n\t\t\t\t<\/div>\n\t\t\t\t\t<\/div>\n\t\t<\/div>\n\t\t\t\t\t<\/div>\n\t\t<\/section>\n\t\t\t\t<\/div>\n\t\t","protected":false},"excerpt":{"rendered":"<p>Dans le cadre de notre mission visant \u00e0 soutenir les leaders panasiatiques dans la r\u00e9alisation de leur plein potentiel, nous sommes ravis de vous inviter \u00e0 poser votre candidature pour le programme de mentorat pour les leaders \u00e9mergents d\u2019Ascend Canada! Ce programme met en relation des leaders \u00e9mergents avec des mentors exp\u00e9riment\u00e9s qui peuvent offrir [&hellip;]<\/p>\n","protected":false},"author":3,"featured_media":0,"parent":0,"menu_order":0,"comment_status":"closed","ping_status":"closed","template":"template\/template-full-width.php","meta":{"footnotes":""},"class_list":["post-14645","page","type-page","status-publish","hentry"],"_links":{"self":[{"href":"https:\/\/ascendleadership.web3.anasource.com\/fr\/wp-json\/wp\/v2\/pages\/14645","targetHints":{"allow":["GET"]}}],"collection":[{"href":"https:\/\/ascendleadership.web3.anasource.com\/fr\/wp-json\/wp\/v2\/pages"}],"about":[{"href":"https:\/\/ascendleadership.web3.anasource.com\/fr\/wp-json\/wp\/v2\/types\/page"}],"author":[{"embeddable":true,"href":"https:\/\/ascendleadership.web3.anasource.com\/fr\/wp-json\/wp\/v2\/users\/3"}],"replies":[{"embeddable":true,"href":"https:\/\/ascendleadership.web3.anasource.com\/fr\/wp-json\/wp\/v2\/comments?post=14645"}],"version-history":[{"count":6,"href":"https:\/\/ascendleadership.web3.anasource.com\/fr\/wp-json\/wp\/v2\/pages\/14645\/revisions"}],"predecessor-version":[{"id":14651,"href":"https:\/\/ascendleadership.web3.anasource.com\/fr\/wp-json\/wp\/v2\/pages\/14645\/revisions\/14651"}],"wp:attachment":[{"href":"https:\/\/ascendleadership.web3.anasource.com\/fr\/wp-json\/wp\/v2\/media?parent=14645"}],"curies":[{"name":"wp","href":"https:\/\/api.w.org\/{rel}","templated":true}]}}