{"id":14604,"date":"2025-02-07T22:24:15","date_gmt":"2025-02-07T22:24:15","guid":{"rendered":"https:\/\/ascendleadership.ca\/?page_id=14604"},"modified":"2025-02-08T04:05:29","modified_gmt":"2025-02-08T04:05:29","slug":"bindhu-alvar-thiruvenkadathan","status":"publish","type":"page","link":"https:\/\/ascendleadership.web3.anasource.com\/fr\/people\/bindhu-alvar-thiruvenkadathan\/","title":{"rendered":"Bindhu Alvar Thiruvenkadathan"},"content":{"rendered":"\t\t<div data-elementor-type=\"wp-page\" data-elementor-id=\"14604\" class=\"elementor elementor-14604 elementor-14531\">\n\t\t\t\t\t\t<section class=\"elementor-section elementor-top-section elementor-element elementor-element-20cc6d4f elementor-section-boxed elementor-section-height-default elementor-section-height-default\" data-id=\"20cc6d4f\" data-element_type=\"section\">\n\t\t\t\t\t\t<div class=\"elementor-container elementor-column-gap-default\">\n\t\t\t\t\t<div class=\"elementor-column elementor-col-100 elementor-top-column elementor-element elementor-element-684c0170\" data-id=\"684c0170\" data-element_type=\"column\">\n\t\t\t<div class=\"elementor-widget-wrap elementor-element-populated\">\n\t\t\t\t\t\t<section class=\"elementor-section elementor-inner-section elementor-element elementor-element-72bf18b7 elementor-section-boxed elementor-section-height-default elementor-section-height-default\" data-id=\"72bf18b7\" data-element_type=\"section\">\n\t\t\t\t\t\t<div class=\"elementor-container elementor-column-gap-default\">\n\t\t\t\t\t<div class=\"elementor-column elementor-col-50 elementor-inner-column elementor-element elementor-element-6a72ed2a\" data-id=\"6a72ed2a\" data-element_type=\"column\">\n\t\t\t<div class=\"elementor-widget-wrap elementor-element-populated\">\n\t\t\t\t\t\t<div class=\"elementor-element elementor-element-373cb58c elementor-widget elementor-widget-image\" data-id=\"373cb58c\" data-element_type=\"widget\" data-widget_type=\"image.default\">\n\t\t\t\t<div class=\"elementor-widget-container\">\n\t\t\t\t\t\t\t\t\t\t\t\t\t\t\t<img fetchpriority=\"high\" decoding=\"async\" width=\"250\" height=\"250\" src=\"https:\/\/ascendleadership.web3.anasource.com\/wp-content\/uploads\/2025\/02\/Bindhu-Alvar-Thiruvenkadathan-1.jpg\" class=\"attachment-full size-full wp-image-14584\" alt=\"Bindhu Alvar Thiruvenkadathan\" srcset=\"https:\/\/ascendleadership.web3.anasource.com\/wp-content\/uploads\/2025\/02\/Bindhu-Alvar-Thiruvenkadathan-1.jpg 250w, https:\/\/ascendleadership.web3.anasource.com\/wp-content\/uploads\/2025\/02\/Bindhu-Alvar-Thiruvenkadathan-1-150x150.jpg 150w\" sizes=\"(max-width: 250px) 100vw, 250px\" \/>\t\t\t\t\t\t\t\t\t\t\t\t\t\t\t<\/div>\n\t\t\t\t<\/div>\n\t\t\t\t\t<\/div>\n\t\t<\/div>\n\t\t\t\t<div class=\"elementor-column elementor-col-50 elementor-inner-column elementor-element elementor-element-17e97eea\" data-id=\"17e97eea\" data-element_type=\"column\">\n\t\t\t<div class=\"elementor-widget-wrap elementor-element-populated\">\n\t\t\t\t\t\t<div class=\"elementor-element elementor-element-b465d0d elementor-widget elementor-widget-heading\" data-id=\"b465d0d\" data-element_type=\"widget\" data-widget_type=\"heading.default\">\n\t\t\t\t<div class=\"elementor-widget-container\">\n\t\t\t\t\t<h5 class=\"elementor-heading-title elementor-size-default\">Membre du conseil d\u2019administration \/ chef de l\u2019information, Banque de Montr\u00e9al<\/h5>\t\t\t\t<\/div>\n\t\t\t\t<\/div>\n\t\t\t\t<div class=\"elementor-element elementor-element-6ff90524 elementor-widget elementor-widget-text-editor\" data-id=\"6ff90524\" data-element_type=\"widget\" data-widget_type=\"text-editor.default\">\n\t\t\t\t<div class=\"elementor-widget-container\">\n\t\t\t\t\t\t\t\t\t<p>Je suis un leader d\u2019id\u00e9es passionn\u00e9 et audacieux qui aspire \u00e0 l\u2019excellence.<\/p><p>Avec plus de 20 ans d\u2019exp\u00e9rience dans le conseil, la vente, le num\u00e9rique et la technologie et dans la cr\u00e9ation d\u2019\u00e9quipes diversifi\u00e9es \u00e0 haut rendement, je suis un leader du changement transformationnel et un conseiller de confiance. Je dirige l\u2019\u00e9quipe de la Technologie de gestion de patrimoine, qui comprend les \u00e9quipes Gestion de patrimoine du Canada et des \u00c9tats-Unis. Je suis responsable d\u2019une grande \u00e9quipe mondiale qui assure la stabilit\u00e9, la s\u00e9curit\u00e9, la conformit\u00e9, le risque et la r\u00e9activit\u00e9 de nos syst\u00e8mes aux clients et aux parties prenantes internes. J\u2019apporte aux parties prenantes les technologies nouvelles et naissantes, leurs utilisations et leur applicabilit\u00e9.<\/p><p>Le soutien de points de vue et de personnes vari\u00e9s fait partie du succ\u00e8s de toute organisation, et je joue un r\u00f4le cl\u00e9 dans ce domaine en pr\u00e9voyant, en faisant la promotion, en encadrant, en encadrant et en dirigeant des programmes pour atteindre cet objectif.<\/p><p><span style=\"color: #333333;\"><strong>LinkedIn<\/strong>: <a style=\"color: #333333;\" title=\"linkedin.com\/in\/elaine-wong-toronto\" role=\"button\" href=\"https:\/\/www.linkedin.com\/in\/bindhu-at-201373b\/\" target=\"_blank\" rel=\"noopener\" aria-label=\"linkedin.com\/in\/lilliantummonds\"><span style=\"color: #993300;\">linkedin.com\/in\/bindhu-at-201373b<\/span><\/a><\/span><\/p><div class=\"wpb_text_column wpb_content_element \"><div class=\"wpb_wrapper\">\u00a0<\/div><\/div>\t\t\t\t\t\t\t\t<\/div>\n\t\t\t\t<\/div>\n\t\t\t\t\t<\/div>\n\t\t<\/div>\n\t\t\t\t\t<\/div>\n\t\t<\/section>\n\t\t\t\t\t<\/div>\n\t\t<\/div>\n\t\t\t\t\t<\/div>\n\t\t<\/section>\n\t\t\t\t<\/div>\n\t\t","protected":false},"excerpt":{"rendered":"<p>Membre du conseil d\u2019administration \/ chef de l\u2019information, Banque de Montr\u00e9al Je suis un leader d\u2019id\u00e9es passionn\u00e9 et audacieux qui aspire \u00e0 l\u2019excellence. Avec plus de 20 ans d\u2019exp\u00e9rience dans le conseil, la vente, le num\u00e9rique et la technologie et dans la cr\u00e9ation d\u2019\u00e9quipes diversifi\u00e9es \u00e0 haut rendement, je suis un leader du changement transformationnel [&hellip;]<\/p>\n","protected":false},"author":20,"featured_media":0,"parent":9967,"menu_order":0,"comment_status":"closed","ping_status":"closed","template":"template\/template-full-width.php","meta":{"footnotes":""},"class_list":["post-14604","page","type-page","status-publish","hentry"],"_links":{"self":[{"href":"https:\/\/ascendleadership.web3.anasource.com\/fr\/wp-json\/wp\/v2\/pages\/14604","targetHints":{"allow":["GET"]}}],"collection":[{"href":"https:\/\/ascendleadership.web3.anasource.com\/fr\/wp-json\/wp\/v2\/pages"}],"about":[{"href":"https:\/\/ascendleadership.web3.anasource.com\/fr\/wp-json\/wp\/v2\/types\/page"}],"author":[{"embeddable":true,"href":"https:\/\/ascendleadership.web3.anasource.com\/fr\/wp-json\/wp\/v2\/users\/20"}],"replies":[{"embeddable":true,"href":"https:\/\/ascendleadership.web3.anasource.com\/fr\/wp-json\/wp\/v2\/comments?post=14604"}],"version-history":[{"count":12,"href":"https:\/\/ascendleadership.web3.anasource.com\/fr\/wp-json\/wp\/v2\/pages\/14604\/revisions"}],"predecessor-version":[{"id":14625,"href":"https:\/\/ascendleadership.web3.anasource.com\/fr\/wp-json\/wp\/v2\/pages\/14604\/revisions\/14625"}],"up":[{"embeddable":true,"href":"https:\/\/ascendleadership.web3.anasource.com\/fr\/wp-json\/wp\/v2\/pages\/9967"}],"wp:attachment":[{"href":"https:\/\/ascendleadership.web3.anasource.com\/fr\/wp-json\/wp\/v2\/media?parent=14604"}],"curies":[{"name":"wp","href":"https:\/\/api.w.org\/{rel}","templated":true}]}}