{"id":14481,"date":"2024-12-19T01:46:21","date_gmt":"2024-12-19T01:46:21","guid":{"rendered":"https:\/\/ascendleadership.ca\/lillian-tummonds\/"},"modified":"2025-01-28T02:09:13","modified_gmt":"2025-01-28T02:09:13","slug":"lillian-tummonds","status":"publish","type":"page","link":"https:\/\/ascendleadership.web3.anasource.com\/fr\/lillian-tummonds\/","title":{"rendered":"Lillian Tummonds"},"content":{"rendered":"\t\t<div data-elementor-type=\"wp-page\" data-elementor-id=\"14481\" class=\"elementor elementor-14481 elementor-14427\">\n\t\t\t\t\t\t<section class=\"elementor-section elementor-top-section elementor-element elementor-element-20cc6d4f elementor-section-boxed elementor-section-height-default elementor-section-height-default\" data-id=\"20cc6d4f\" data-element_type=\"section\">\n\t\t\t\t\t\t<div class=\"elementor-container elementor-column-gap-default\">\n\t\t\t\t\t<div class=\"elementor-column elementor-col-100 elementor-top-column elementor-element elementor-element-684c0170\" data-id=\"684c0170\" data-element_type=\"column\">\n\t\t\t<div class=\"elementor-widget-wrap elementor-element-populated\">\n\t\t\t\t\t\t<section class=\"elementor-section elementor-inner-section elementor-element elementor-element-72bf18b7 elementor-section-boxed elementor-section-height-default elementor-section-height-default\" data-id=\"72bf18b7\" data-element_type=\"section\">\n\t\t\t\t\t\t<div class=\"elementor-container elementor-column-gap-default\">\n\t\t\t\t\t<div class=\"elementor-column elementor-col-50 elementor-inner-column elementor-element elementor-element-6a72ed2a\" data-id=\"6a72ed2a\" data-element_type=\"column\">\n\t\t\t<div class=\"elementor-widget-wrap elementor-element-populated\">\n\t\t\t\t\t\t<div class=\"elementor-element elementor-element-373cb58c elementor-widget elementor-widget-image\" data-id=\"373cb58c\" data-element_type=\"widget\" data-widget_type=\"image.default\">\n\t\t\t\t<div class=\"elementor-widget-container\">\n\t\t\t\t\t\t\t\t\t\t\t\t\t\t\t<img fetchpriority=\"high\" decoding=\"async\" width=\"250\" height=\"250\" src=\"https:\/\/ascendleadership.web3.anasource.com\/wp-content\/uploads\/2025\/01\/Lillian-Tummonds.jpg\" class=\"attachment-full size-full wp-image-14461\" alt=\"\" srcset=\"https:\/\/ascendleadership.web3.anasource.com\/wp-content\/uploads\/2025\/01\/Lillian-Tummonds.jpg 250w, https:\/\/ascendleadership.web3.anasource.com\/wp-content\/uploads\/2025\/01\/Lillian-Tummonds-150x150.jpg 150w\" sizes=\"(max-width: 250px) 100vw, 250px\" \/>\t\t\t\t\t\t\t\t\t\t\t\t\t\t\t<\/div>\n\t\t\t\t<\/div>\n\t\t\t\t\t<\/div>\n\t\t<\/div>\n\t\t\t\t<div class=\"elementor-column elementor-col-50 elementor-inner-column elementor-element elementor-element-17e97eea\" data-id=\"17e97eea\" data-element_type=\"column\">\n\t\t\t<div class=\"elementor-widget-wrap elementor-element-populated\">\n\t\t\t\t\t\t<div class=\"elementor-element elementor-element-788a221 elementor-widget elementor-widget-heading\" data-id=\"788a221\" data-element_type=\"widget\" data-widget_type=\"heading.default\">\n\t\t\t\t<div class=\"elementor-widget-container\">\n\t\t\t\t\t<h5 class=\"elementor-heading-title elementor-size-default\">Membre du conseil d'administration \/ Vice-pr\u00e9sidente principale des op\u00e9rations de d\u00e9tail, Cadillac Fairview<\/h5>\t\t\t\t<\/div>\n\t\t\t\t<\/div>\n\t\t\t\t<div class=\"elementor-element elementor-element-6ff90524 elementor-widget elementor-widget-text-editor\" data-id=\"6ff90524\" data-element_type=\"widget\" data-widget_type=\"text-editor.default\">\n\t\t\t\t<div class=\"elementor-widget-container\">\n\t\t\t\t\t\t\t\t\t<p style=\"margin-right: 0px; margin-bottom: 15px; margin-left: 0px; line-height: 28px; color: #000000; font-family: 'Fira Sans';\">Lillian occupe actuellement le poste de vice-pr\u00e9sidente principale des op\u00e9rations de d\u00e9tail chez Cadillac Fairview et supervise le portefeuille canadien de centres commerciaux. Elle travaille dans le domaine de la gestion immobili\u00e8re depuis plus de 29 ans, dont plus de 25 ans chez Cadillac Fairview, o\u00f9 elle a occup\u00e9 divers r\u00f4les, commen\u00e7ant par la comptabilit\u00e9, puis passant \u00e0 la location et \u00e0 des postes de directrice g\u00e9n\u00e9rale au complexe commercial\/bureaux CF Pacific Centre et aux propri\u00e9t\u00e9s Waterfront. En 2021, elle a pris le r\u00f4le de vice-pr\u00e9sidente des op\u00e9rations de bureau pour l&rsquo;Ouest canadien avant de passer \u00e0 un r\u00f4le national en janvier 2024.<\/p><p style=\"margin-right: 0px; margin-bottom: 15px; margin-left: 0px; line-height: 28px; color: #000000; font-family: 'Fira Sans';\">N\u00e9e et \u00e9lev\u00e9e \u00e0 Vancouver, Lillian est titulaire d&rsquo;un baccalaur\u00e9at en psychologie de l&rsquo;Universit\u00e9 de la Colombie-Britannique (UBC) et d&rsquo;une licence de courtage en gestion.<\/p><p style=\"margin-right: 0px; margin-bottom: 15px; margin-left: 0px; line-height: 28px; color: #000000; font-family: 'Fira Sans';\">En plus d&rsquo;avoir \u00e9t\u00e9 pr\u00e9sidente du conseil d&rsquo;administration de BOMA BC, de Downtown Van (DVBIA) et du Mus\u00e9e de Vancouver (MOV), Lillian si\u00e8ge actuellement aux conseils d&rsquo;administration du Conseil du b\u00e2timent durable du Canada (CaGBC) et de MRKH Canada. Lillian aime \u00e9galement faire du b\u00e9n\u00e9volat aupr\u00e8s d&rsquo;organisations de th\u00e9rapie par les animaux de compagnie avec son chien ador\u00e9, Daisy, et a d\u00e9sormais \u00e9lu domicile \u00e0 Toronto avec son mari Fred.<\/p><p><span style=\"color: #333333;\"><strong>LinkedIn<\/strong>: <a style=\"color: #333333;\" title=\"linkedin.com\/in\/elaine-wong-toronto\" role=\"button\" href=\"https:\/\/www.linkedin.com\/in\/lilliantummonds\/\" target=\"_blank\" rel=\"noopener\" aria-label=\"linkedin.com\/in\/lilliantummonds\"><span style=\"color: #993300;\">linkedin.com\/in\/lilliantummonds<\/span><\/a><\/span><\/p><div class=\"wpb_text_column wpb_content_element \"><div class=\"wpb_wrapper\">\u00a0<\/div><\/div>\t\t\t\t\t\t\t\t<\/div>\n\t\t\t\t<\/div>\n\t\t\t\t\t<\/div>\n\t\t<\/div>\n\t\t\t\t\t<\/div>\n\t\t<\/section>\n\t\t\t\t\t<\/div>\n\t\t<\/div>\n\t\t\t\t\t<\/div>\n\t\t<\/section>\n\t\t\t\t<\/div>\n\t\t","protected":false},"excerpt":{"rendered":"<p>Membre du conseil d&rsquo;administration \/ Vice-pr\u00e9sidente principale des op\u00e9rations de d\u00e9tail, Cadillac Fairview Lillian occupe actuellement le poste de vice-pr\u00e9sidente principale des op\u00e9rations de d\u00e9tail chez Cadillac Fairview et supervise le portefeuille canadien de centres commerciaux. Elle travaille dans le domaine de la gestion immobili\u00e8re depuis plus de 29 ans, dont plus de 25 ans [&hellip;]<\/p>\n","protected":false},"author":20,"featured_media":0,"parent":0,"menu_order":0,"comment_status":"closed","ping_status":"closed","template":"template\/template-full-width.php","meta":{"footnotes":""},"class_list":["post-14481","page","type-page","status-publish","hentry"],"_links":{"self":[{"href":"https:\/\/ascendleadership.web3.anasource.com\/fr\/wp-json\/wp\/v2\/pages\/14481","targetHints":{"allow":["GET"]}}],"collection":[{"href":"https:\/\/ascendleadership.web3.anasource.com\/fr\/wp-json\/wp\/v2\/pages"}],"about":[{"href":"https:\/\/ascendleadership.web3.anasource.com\/fr\/wp-json\/wp\/v2\/types\/page"}],"author":[{"embeddable":true,"href":"https:\/\/ascendleadership.web3.anasource.com\/fr\/wp-json\/wp\/v2\/users\/20"}],"replies":[{"embeddable":true,"href":"https:\/\/ascendleadership.web3.anasource.com\/fr\/wp-json\/wp\/v2\/comments?post=14481"}],"version-history":[{"count":25,"href":"https:\/\/ascendleadership.web3.anasource.com\/fr\/wp-json\/wp\/v2\/pages\/14481\/revisions"}],"predecessor-version":[{"id":14527,"href":"https:\/\/ascendleadership.web3.anasource.com\/fr\/wp-json\/wp\/v2\/pages\/14481\/revisions\/14527"}],"wp:attachment":[{"href":"https:\/\/ascendleadership.web3.anasource.com\/fr\/wp-json\/wp\/v2\/media?parent=14481"}],"curies":[{"name":"wp","href":"https:\/\/api.w.org\/{rel}","templated":true}]}}