{"id":14021,"date":"2024-09-06T14:10:56","date_gmt":"2024-09-06T14:10:56","guid":{"rendered":"https:\/\/ascendleadership.ca\/stephen-ng\/"},"modified":"2024-09-09T23:27:09","modified_gmt":"2024-09-09T23:27:09","slug":"stephen-ng","status":"publish","type":"page","link":"https:\/\/ascendleadership.web3.anasource.com\/fr\/stephen-ng\/","title":{"rendered":"Stephen Ng"},"content":{"rendered":"\t\t<div data-elementor-type=\"wp-page\" data-elementor-id=\"14021\" class=\"elementor elementor-14021 elementor-13982\">\n\t\t\t\t\t\t<section class=\"elementor-section elementor-top-section elementor-element elementor-element-5ded21f elementor-section-boxed elementor-section-height-default elementor-section-height-default\" data-id=\"5ded21f\" data-element_type=\"section\">\n\t\t\t\t\t\t<div class=\"elementor-container elementor-column-gap-default\">\n\t\t\t\t\t<div class=\"elementor-column elementor-col-100 elementor-top-column elementor-element elementor-element-d524d8c\" data-id=\"d524d8c\" data-element_type=\"column\">\n\t\t\t<div class=\"elementor-widget-wrap elementor-element-populated\">\n\t\t\t\t\t\t<section class=\"elementor-section elementor-inner-section elementor-element elementor-element-e06a488 elementor-section-boxed elementor-section-height-default elementor-section-height-default\" data-id=\"e06a488\" data-element_type=\"section\">\n\t\t\t\t\t\t<div class=\"elementor-container elementor-column-gap-default\">\n\t\t\t\t\t<div class=\"elementor-column elementor-col-50 elementor-inner-column elementor-element elementor-element-35db4e6\" data-id=\"35db4e6\" data-element_type=\"column\">\n\t\t\t<div class=\"elementor-widget-wrap elementor-element-populated\">\n\t\t\t\t\t\t<div class=\"elementor-element elementor-element-070159a elementor-widget elementor-widget-image\" data-id=\"070159a\" data-element_type=\"widget\" data-widget_type=\"image.default\">\n\t\t\t\t<div class=\"elementor-widget-container\">\n\t\t\t\t\t\t\t\t\t\t\t\t\t\t\t<img fetchpriority=\"high\" decoding=\"async\" width=\"250\" height=\"250\" src=\"https:\/\/ascendleadership.web3.anasource.com\/wp-content\/uploads\/2024\/09\/Stephen-Ng.jpg\" class=\"attachment-full size-full wp-image-13919\" alt=\"Stephen Ng\" srcset=\"https:\/\/ascendleadership.web3.anasource.com\/wp-content\/uploads\/2024\/09\/Stephen-Ng.jpg 250w, https:\/\/ascendleadership.web3.anasource.com\/wp-content\/uploads\/2024\/09\/Stephen-Ng-150x150.jpg 150w\" sizes=\"(max-width: 250px) 100vw, 250px\" \/>\t\t\t\t\t\t\t\t\t\t\t\t\t\t\t<\/div>\n\t\t\t\t<\/div>\n\t\t\t\t\t<\/div>\n\t\t<\/div>\n\t\t\t\t<div class=\"elementor-column elementor-col-50 elementor-inner-column elementor-element elementor-element-6ff160b\" data-id=\"6ff160b\" data-element_type=\"column\">\n\t\t\t<div class=\"elementor-widget-wrap elementor-element-populated\">\n\t\t\t\t\t\t<div class=\"elementor-element elementor-element-8233e5d elementor-widget elementor-widget-heading\" data-id=\"8233e5d\" data-element_type=\"widget\" data-widget_type=\"heading.default\">\n\t\t\t\t<div class=\"elementor-widget-container\">\n\t\t\t\t\t<h5 class=\"elementor-heading-title elementor-size-default\">VP Adjoint, Sections \u00c9tudiantes<\/h5>\t\t\t\t<\/div>\n\t\t\t\t<\/div>\n\t\t\t\t<div class=\"elementor-element elementor-element-f9f0e22 elementor-widget elementor-widget-text-editor\" data-id=\"f9f0e22\" data-element_type=\"widget\" data-widget_type=\"text-editor.default\">\n\t\t\t\t<div class=\"elementor-widget-container\">\n\t\t\t\t\t\t\t\t\t<p><span style=\"color: #333333;\">Stephen est un Canadien d&rsquo;origine chinoise de deuxi\u00e8me g\u00e9n\u00e9ration, n\u00e9 et \u00e9lev\u00e9 \u00e0 Vancouver. Il a obtenu un B.Com en marketing de l&rsquo;UBC avant de poursuivre un MBA \u00e0 l&rsquo;Universit\u00e9 York. Fort de plus de 8 ans d&rsquo;exp\u00e9rience en marketing de marque, d\u00e9veloppement commercial, planification d&rsquo;\u00e9v\u00e9nements, sponsoring et marketing sportif, analyse de donn\u00e9es et intelligence d&rsquo;affaires, Stephen est maintenant le responsable de la strat\u00e9gie et des op\u00e9rations pour le segment des march\u00e9s priv\u00e9s de PwC Canada. Passionn\u00e9 par le fait de redonner et d&rsquo;aider les autres, Stephen dirige actuellement le programme de mentorat pour le r\u00e9seau pan-asiatique interne de PwC.<\/span><\/p><p><span style=\"color: #333333;\"><strong>LinkedIn<\/strong>:<\/span>\u00a0<a title=\"linkedin.com\/in\/alexanderpeh\" role=\"button\" href=\"http:\/\/linkedin.com\/in\/stephenlokng\/\" target=\"_blank\" rel=\"noopener\" aria-label=\"linkedin.com\/in\/alexanderpeh\"><span style=\"color: #993300;\">linkedin.com\/in\/stephenlokng<\/span><\/a><\/p>\t\t\t\t\t\t\t\t<\/div>\n\t\t\t\t<\/div>\n\t\t\t\t\t<\/div>\n\t\t<\/div>\n\t\t\t\t\t<\/div>\n\t\t<\/section>\n\t\t\t\t\t<\/div>\n\t\t<\/div>\n\t\t\t\t\t<\/div>\n\t\t<\/section>\n\t\t\t\t<\/div>\n\t\t","protected":false},"excerpt":{"rendered":"<p>VP Adjoint, Sections \u00c9tudiantes Stephen est un Canadien d&rsquo;origine chinoise de deuxi\u00e8me g\u00e9n\u00e9ration, n\u00e9 et \u00e9lev\u00e9 \u00e0 Vancouver. Il a obtenu un B.Com en marketing de l&rsquo;UBC avant de poursuivre un MBA \u00e0 l&rsquo;Universit\u00e9 York. Fort de plus de 8 ans d&rsquo;exp\u00e9rience en marketing de marque, d\u00e9veloppement commercial, planification d&rsquo;\u00e9v\u00e9nements, sponsoring et marketing sportif, analyse [&hellip;]<\/p>\n","protected":false},"author":21,"featured_media":0,"parent":0,"menu_order":0,"comment_status":"closed","ping_status":"closed","template":"template\/template-full-width.php","meta":{"footnotes":""},"class_list":["post-14021","page","type-page","status-publish","hentry"],"_links":{"self":[{"href":"https:\/\/ascendleadership.web3.anasource.com\/fr\/wp-json\/wp\/v2\/pages\/14021","targetHints":{"allow":["GET"]}}],"collection":[{"href":"https:\/\/ascendleadership.web3.anasource.com\/fr\/wp-json\/wp\/v2\/pages"}],"about":[{"href":"https:\/\/ascendleadership.web3.anasource.com\/fr\/wp-json\/wp\/v2\/types\/page"}],"author":[{"embeddable":true,"href":"https:\/\/ascendleadership.web3.anasource.com\/fr\/wp-json\/wp\/v2\/users\/21"}],"replies":[{"embeddable":true,"href":"https:\/\/ascendleadership.web3.anasource.com\/fr\/wp-json\/wp\/v2\/comments?post=14021"}],"version-history":[{"count":24,"href":"https:\/\/ascendleadership.web3.anasource.com\/fr\/wp-json\/wp\/v2\/pages\/14021\/revisions"}],"predecessor-version":[{"id":14202,"href":"https:\/\/ascendleadership.web3.anasource.com\/fr\/wp-json\/wp\/v2\/pages\/14021\/revisions\/14202"}],"wp:attachment":[{"href":"https:\/\/ascendleadership.web3.anasource.com\/fr\/wp-json\/wp\/v2\/media?parent=14021"}],"curies":[{"name":"wp","href":"https:\/\/api.w.org\/{rel}","templated":true}]}}