{"id":14020,"date":"2024-09-06T14:12:48","date_gmt":"2024-09-06T14:12:48","guid":{"rendered":"https:\/\/ascendleadership.ca\/jason-yen\/"},"modified":"2024-09-09T23:33:36","modified_gmt":"2024-09-09T23:33:36","slug":"jason-yen","status":"publish","type":"page","link":"https:\/\/ascendleadership.web3.anasource.com\/fr\/jason-yen\/","title":{"rendered":"Jason Yen"},"content":{"rendered":"\t\t<div data-elementor-type=\"wp-page\" data-elementor-id=\"14020\" class=\"elementor elementor-14020 elementor-13987\">\n\t\t\t\t\t\t<section class=\"elementor-section elementor-top-section elementor-element elementor-element-5ded21f elementor-section-boxed elementor-section-height-default elementor-section-height-default\" data-id=\"5ded21f\" data-element_type=\"section\">\n\t\t\t\t\t\t<div class=\"elementor-container elementor-column-gap-default\">\n\t\t\t\t\t<div class=\"elementor-column elementor-col-100 elementor-top-column elementor-element elementor-element-d524d8c\" data-id=\"d524d8c\" data-element_type=\"column\">\n\t\t\t<div class=\"elementor-widget-wrap elementor-element-populated\">\n\t\t\t\t\t\t<section class=\"elementor-section elementor-inner-section elementor-element elementor-element-e06a488 elementor-section-boxed elementor-section-height-default elementor-section-height-default\" data-id=\"e06a488\" data-element_type=\"section\">\n\t\t\t\t\t\t<div class=\"elementor-container elementor-column-gap-default\">\n\t\t\t\t\t<div class=\"elementor-column elementor-col-50 elementor-inner-column elementor-element elementor-element-35db4e6\" data-id=\"35db4e6\" data-element_type=\"column\">\n\t\t\t<div class=\"elementor-widget-wrap elementor-element-populated\">\n\t\t\t\t\t\t<div class=\"elementor-element elementor-element-070159a elementor-widget elementor-widget-image\" data-id=\"070159a\" data-element_type=\"widget\" data-widget_type=\"image.default\">\n\t\t\t\t<div class=\"elementor-widget-container\">\n\t\t\t\t\t\t\t\t\t\t\t\t\t\t\t<img fetchpriority=\"high\" decoding=\"async\" width=\"250\" height=\"250\" src=\"https:\/\/ascendleadership.web3.anasource.com\/wp-content\/uploads\/2024\/09\/Jason-Yen.jpg\" class=\"attachment-full size-full wp-image-13921\" alt=\"Jason Yen\" srcset=\"https:\/\/ascendleadership.web3.anasource.com\/wp-content\/uploads\/2024\/09\/Jason-Yen.jpg 250w, https:\/\/ascendleadership.web3.anasource.com\/wp-content\/uploads\/2024\/09\/Jason-Yen-150x150.jpg 150w\" sizes=\"(max-width: 250px) 100vw, 250px\" \/>\t\t\t\t\t\t\t\t\t\t\t\t\t\t\t<\/div>\n\t\t\t\t<\/div>\n\t\t\t\t\t<\/div>\n\t\t<\/div>\n\t\t\t\t<div class=\"elementor-column elementor-col-50 elementor-inner-column elementor-element elementor-element-6ff160b\" data-id=\"6ff160b\" data-element_type=\"column\">\n\t\t\t<div class=\"elementor-widget-wrap elementor-element-populated\">\n\t\t\t\t\t\t<div class=\"elementor-element elementor-element-8233e5d elementor-widget elementor-widget-heading\" data-id=\"8233e5d\" data-element_type=\"widget\" data-widget_type=\"heading.default\">\n\t\t\t\t<div class=\"elementor-widget-container\">\n\t\t\t\t\t<h5 class=\"elementor-heading-title elementor-size-default\">Co-VP, Sections \u00c9tudiantes<\/h5>\t\t\t\t<\/div>\n\t\t\t\t<\/div>\n\t\t\t\t<div class=\"elementor-element elementor-element-f9f0e22 elementor-widget elementor-widget-text-editor\" data-id=\"f9f0e22\" data-element_type=\"widget\" data-widget_type=\"text-editor.default\">\n\t\t\t\t<div class=\"elementor-widget-container\">\n\t\t\t\t\t\t\t\t\t<p><span style=\"color: #333333;\">Jason est un AVP, Early Stage au sein de l&rsquo;\u00e9quipe bancaire de RBCx, le bras technologique et d&rsquo;innovation de RBC. Dans son r\u00f4le, il collabore avec des entreprises de haute technologie et des sciences de la vie dans l&rsquo;Ouest du Canada pour les aider \u00e0 acc\u00e9der au capital et \u00e0 cro\u00eetre. Il soutient ces entreprises avec une gamme de produits financiers, de services et d&rsquo;expertise adapt\u00e9s aux entreprises technologiques, de la startup \u00e0 l&rsquo;IPO. Avant de rejoindre RBCx, Jason a occup\u00e9 des postes chez Hootsuite et \u00e0 la Banque Toronto-Dominion, o\u00f9 il se concentrait sur le soutien aux clients entreprises et aux petites entreprises.<\/span><\/p>\n<p><span style=\"color: #333333;\">Jason est titulaire d&rsquo;un Bachelor of Science en Syst\u00e8mes Cognitifs de l&rsquo;Universit\u00e9 de la Colombie-Britannique.<br><\/span><\/p>\n<p><span style=\"color: #333333;\"><strong>LinkedIn<\/strong>:<\/span>&nbsp;<a title=\"linkedin.com\/in\/alexanderpeh\" role=\"button\" href=\"https:\/\/www.linkedin.com\/in\/jasonyen7\/\" target=\"_blank\" rel=\"noopener\" aria-label=\"linkedin.com\/in\/alexanderpeh\"><span style=\"color: #993300;\">linkedin.com\/in\/jasonyen7<\/span><\/a><\/p>\t\t\t\t\t\t\t\t<\/div>\n\t\t\t\t<\/div>\n\t\t\t\t\t<\/div>\n\t\t<\/div>\n\t\t\t\t\t<\/div>\n\t\t<\/section>\n\t\t\t\t\t<\/div>\n\t\t<\/div>\n\t\t\t\t\t<\/div>\n\t\t<\/section>\n\t\t\t\t<\/div>\n\t\t","protected":false},"excerpt":{"rendered":"<p>Co-VP, Sections \u00c9tudiantes Jason est un AVP, Early Stage au sein de l&rsquo;\u00e9quipe bancaire de RBCx, le bras technologique et d&rsquo;innovation de RBC. Dans son r\u00f4le, il collabore avec des entreprises de haute technologie et des sciences de la vie dans l&rsquo;Ouest du Canada pour les aider \u00e0 acc\u00e9der au capital et \u00e0 cro\u00eetre. Il [&hellip;]<\/p>\n","protected":false},"author":21,"featured_media":0,"parent":0,"menu_order":0,"comment_status":"closed","ping_status":"closed","template":"template\/template-full-width.php","meta":{"footnotes":""},"class_list":["post-14020","page","type-page","status-publish","hentry"],"_links":{"self":[{"href":"https:\/\/ascendleadership.web3.anasource.com\/fr\/wp-json\/wp\/v2\/pages\/14020","targetHints":{"allow":["GET"]}}],"collection":[{"href":"https:\/\/ascendleadership.web3.anasource.com\/fr\/wp-json\/wp\/v2\/pages"}],"about":[{"href":"https:\/\/ascendleadership.web3.anasource.com\/fr\/wp-json\/wp\/v2\/types\/page"}],"author":[{"embeddable":true,"href":"https:\/\/ascendleadership.web3.anasource.com\/fr\/wp-json\/wp\/v2\/users\/21"}],"replies":[{"embeddable":true,"href":"https:\/\/ascendleadership.web3.anasource.com\/fr\/wp-json\/wp\/v2\/comments?post=14020"}],"version-history":[{"count":30,"href":"https:\/\/ascendleadership.web3.anasource.com\/fr\/wp-json\/wp\/v2\/pages\/14020\/revisions"}],"predecessor-version":[{"id":14211,"href":"https:\/\/ascendleadership.web3.anasource.com\/fr\/wp-json\/wp\/v2\/pages\/14020\/revisions\/14211"}],"wp:attachment":[{"href":"https:\/\/ascendleadership.web3.anasource.com\/fr\/wp-json\/wp\/v2\/media?parent=14020"}],"curies":[{"name":"wp","href":"https:\/\/api.w.org\/{rel}","templated":true}]}}