{"id":13363,"date":"2024-07-30T21:42:26","date_gmt":"2024-07-30T21:42:26","guid":{"rendered":"https:\/\/ascendleadership.ca\/marie-helene-philippeaux\/"},"modified":"2024-07-31T19:50:45","modified_gmt":"2024-07-31T19:50:45","slug":"marie-helene-philippeaux","status":"publish","type":"page","link":"https:\/\/ascendleadership.web3.anasource.com\/fr\/people\/marie-helene-philippeaux\/","title":{"rendered":"Marie-Helene Philippeaux"},"content":{"rendered":"\t\t<div data-elementor-type=\"wp-page\" data-elementor-id=\"13363\" class=\"elementor elementor-13363 elementor-13219\">\n\t\t\t\t\t\t<section class=\"elementor-section elementor-top-section elementor-element elementor-element-6bca336 ascend-detail-page-section ascend-cms-section elementor-section-boxed elementor-section-height-default elementor-section-height-default\" data-id=\"6bca336\" data-element_type=\"section\">\n\t\t\t\t\t\t<div class=\"elementor-container elementor-column-gap-default\">\n\t\t\t\t\t<div class=\"elementor-column elementor-col-100 elementor-top-column elementor-element elementor-element-3d3fdef\" data-id=\"3d3fdef\" data-element_type=\"column\">\n\t\t\t<div class=\"elementor-widget-wrap elementor-element-populated\">\n\t\t\t\t\t\t<section class=\"elementor-section elementor-inner-section elementor-element elementor-element-98a4c4d elementor-section-boxed elementor-section-height-default elementor-section-height-default\" data-id=\"98a4c4d\" data-element_type=\"section\">\n\t\t\t\t\t\t<div class=\"elementor-container elementor-column-gap-default\">\n\t\t\t\t\t<div class=\"elementor-column elementor-col-50 elementor-inner-column elementor-element elementor-element-8b9e607\" data-id=\"8b9e607\" data-element_type=\"column\">\n\t\t\t<div class=\"elementor-widget-wrap elementor-element-populated\">\n\t\t\t\t\t\t<div class=\"elementor-element elementor-element-85185b2 elementor-widget elementor-widget-image\" data-id=\"85185b2\" data-element_type=\"widget\" data-widget_type=\"image.default\">\n\t\t\t\t<div class=\"elementor-widget-container\">\n\t\t\t\t\t\t\t\t\t\t\t\t\t\t\t<img fetchpriority=\"high\" decoding=\"async\" width=\"250\" height=\"250\" src=\"https:\/\/ascendleadership.web3.anasource.com\/wp-content\/uploads\/2024\/07\/Marie-Helene-Philippeaux.jpg\" class=\"attachment-full size-full wp-image-13172\" alt=\"Marie-Helene Philippeaux\" srcset=\"https:\/\/ascendleadership.web3.anasource.com\/wp-content\/uploads\/2024\/07\/Marie-Helene-Philippeaux.jpg 250w, https:\/\/ascendleadership.web3.anasource.com\/wp-content\/uploads\/2024\/07\/Marie-Helene-Philippeaux-150x150.jpg 150w\" sizes=\"(max-width: 250px) 100vw, 250px\" \/>\t\t\t\t\t\t\t\t\t\t\t\t\t\t\t<\/div>\n\t\t\t\t<\/div>\n\t\t\t\t\t<\/div>\n\t\t<\/div>\n\t\t\t\t<div class=\"elementor-column elementor-col-50 elementor-inner-column elementor-element elementor-element-c90ca28\" data-id=\"c90ca28\" data-element_type=\"column\">\n\t\t\t<div class=\"elementor-widget-wrap elementor-element-populated\">\n\t\t\t\t\t\t<div class=\"elementor-element elementor-element-1eafafc elementor-widget elementor-widget-heading\" data-id=\"1eafafc\" data-element_type=\"widget\" data-widget_type=\"heading.default\">\n\t\t\t\t<div class=\"elementor-widget-container\">\n\t\t\t\t\t<h5 class=\"elementor-heading-title elementor-size-default\">Ascend Montr\u00e9al \u2013 Vice-Pr\u00e9sident des \u00c9v\u00e9nements<\/h5>\t\t\t\t<\/div>\n\t\t\t\t<\/div>\n\t\t\t\t<div class=\"elementor-element elementor-element-357fa4a elementor-widget elementor-widget-text-editor\" data-id=\"357fa4a\" data-element_type=\"widget\" data-widget_type=\"text-editor.default\">\n\t\t\t\t<div class=\"elementor-widget-container\">\n\t\t\t\t\t\t\t\t\t<p>Marie-H\u00e9l\u00e8ne est une professionnelle financi\u00e8re accomplie qui a fait ses preuves en leadership et en strat\u00e9gie. Leader exp\u00e9riment\u00e9 et ax\u00e9 sur les objectifs offrant plus de 25 ans d\u2019accomplissement et une connaissance approfondie des services bancaires dans les domaines des ventes strat\u00e9giques, du coaching tactique, des op\u00e9rations, de la gestion de projet et de la gestion des relations. Elle a toujours d\u00e9montr\u00e9 un engagement envers l\u2019excellence et une passion pour l\u2019obtention de r\u00e9sultats exceptionnels. De plus, Marie-H\u00e9l\u00e8ne est une communicatrice \u00e9loquente et persuasive, habile \u00e0 pr\u00e9senter des expos\u00e9s de haut niveau et \u00e0 susciter l\u2019adh\u00e9sion au changement. \u00c0 ce titre, elle d\u00e9montre constamment sa capacit\u00e9 \u00e0 \u00e9tablir de solides relations avec les partenaires d\u2019affaires et les dirigeants, afin d\u2019appuyer la prestation de strat\u00e9gies de r\u00e9sultats d\u2019affaires tout en \u00e9laborant des renseignements strat\u00e9giques minist\u00e9riels. Elle d\u00e9tient un MBA pour cadres et est appr\u00e9ci\u00e9e pour son engagement communautaire qui refl\u00e8te son engagement \u00e0 la fois personnel et professionnel.<\/p>\t\t\t\t\t\t\t\t<\/div>\n\t\t\t\t<\/div>\n\t\t\t\t\t<\/div>\n\t\t<\/div>\n\t\t\t\t\t<\/div>\n\t\t<\/section>\n\t\t\t\t\t<\/div>\n\t\t<\/div>\n\t\t\t\t\t<\/div>\n\t\t<\/section>\n\t\t\t\t<\/div>\n\t\t","protected":false},"excerpt":{"rendered":"<p>Ascend Montr\u00e9al \u2013 Vice-Pr\u00e9sident des \u00c9v\u00e9nements Marie-H\u00e9l\u00e8ne est une professionnelle financi\u00e8re accomplie qui a fait ses preuves en leadership et en strat\u00e9gie. Leader exp\u00e9riment\u00e9 et ax\u00e9 sur les objectifs offrant plus de 25 ans d\u2019accomplissement et une connaissance approfondie des services bancaires dans les domaines des ventes strat\u00e9giques, du coaching tactique, des op\u00e9rations, de la [&hellip;]<\/p>\n","protected":false},"author":21,"featured_media":0,"parent":9967,"menu_order":0,"comment_status":"closed","ping_status":"closed","template":"template\/template-full-width.php","meta":{"footnotes":""},"class_list":["post-13363","page","type-page","status-publish","hentry"],"_links":{"self":[{"href":"https:\/\/ascendleadership.web3.anasource.com\/fr\/wp-json\/wp\/v2\/pages\/13363","targetHints":{"allow":["GET"]}}],"collection":[{"href":"https:\/\/ascendleadership.web3.anasource.com\/fr\/wp-json\/wp\/v2\/pages"}],"about":[{"href":"https:\/\/ascendleadership.web3.anasource.com\/fr\/wp-json\/wp\/v2\/types\/page"}],"author":[{"embeddable":true,"href":"https:\/\/ascendleadership.web3.anasource.com\/fr\/wp-json\/wp\/v2\/users\/21"}],"replies":[{"embeddable":true,"href":"https:\/\/ascendleadership.web3.anasource.com\/fr\/wp-json\/wp\/v2\/comments?post=13363"}],"version-history":[{"count":4,"href":"https:\/\/ascendleadership.web3.anasource.com\/fr\/wp-json\/wp\/v2\/pages\/13363\/revisions"}],"predecessor-version":[{"id":13367,"href":"https:\/\/ascendleadership.web3.anasource.com\/fr\/wp-json\/wp\/v2\/pages\/13363\/revisions\/13367"}],"up":[{"embeddable":true,"href":"https:\/\/ascendleadership.web3.anasource.com\/fr\/wp-json\/wp\/v2\/pages\/9967"}],"wp:attachment":[{"href":"https:\/\/ascendleadership.web3.anasource.com\/fr\/wp-json\/wp\/v2\/media?parent=13363"}],"curies":[{"name":"wp","href":"https:\/\/api.w.org\/{rel}","templated":true}]}}