{"id":13229,"date":"2024-07-30T21:48:49","date_gmt":"2024-07-30T21:48:49","guid":{"rendered":"https:\/\/ascendleadership.ca\/nisreen-kapasi\/"},"modified":"2024-07-30T22:05:01","modified_gmt":"2024-07-30T22:05:01","slug":"nisreen-kapasi","status":"publish","type":"page","link":"https:\/\/ascendleadership.web3.anasource.com\/fr\/people\/nisreen-kapasi\/","title":{"rendered":"Nisreen Kapasi"},"content":{"rendered":"\t\t<div data-elementor-type=\"wp-page\" data-elementor-id=\"13229\" class=\"elementor elementor-13229 elementor-13224\">\n\t\t\t\t\t\t<section class=\"elementor-section elementor-top-section elementor-element elementor-element-6bca336 ascend-detail-page-section ascend-cms-section elementor-section-boxed elementor-section-height-default elementor-section-height-default\" data-id=\"6bca336\" data-element_type=\"section\">\n\t\t\t\t\t\t<div class=\"elementor-container elementor-column-gap-default\">\n\t\t\t\t\t<div class=\"elementor-column elementor-col-100 elementor-top-column elementor-element elementor-element-3d3fdef\" data-id=\"3d3fdef\" data-element_type=\"column\">\n\t\t\t<div class=\"elementor-widget-wrap elementor-element-populated\">\n\t\t\t\t\t\t<section class=\"elementor-section elementor-inner-section elementor-element elementor-element-98a4c4d elementor-section-boxed elementor-section-height-default elementor-section-height-default\" data-id=\"98a4c4d\" data-element_type=\"section\">\n\t\t\t\t\t\t<div class=\"elementor-container elementor-column-gap-default\">\n\t\t\t\t\t<div class=\"elementor-column elementor-col-50 elementor-inner-column elementor-element elementor-element-8b9e607\" data-id=\"8b9e607\" data-element_type=\"column\">\n\t\t\t<div class=\"elementor-widget-wrap elementor-element-populated\">\n\t\t\t\t\t\t<div class=\"elementor-element elementor-element-85185b2 elementor-widget elementor-widget-image\" data-id=\"85185b2\" data-element_type=\"widget\" data-widget_type=\"image.default\">\n\t\t\t\t<div class=\"elementor-widget-container\">\n\t\t\t\t\t\t\t\t\t\t\t\t\t\t\t<img fetchpriority=\"high\" decoding=\"async\" width=\"250\" height=\"250\" src=\"https:\/\/ascendleadership.web3.anasource.com\/wp-content\/uploads\/2024\/07\/Nisreen-Kapasi.jpg\" class=\"attachment-full size-full wp-image-13174\" alt=\"Nisreen Kapasi\" srcset=\"https:\/\/ascendleadership.web3.anasource.com\/wp-content\/uploads\/2024\/07\/Nisreen-Kapasi.jpg 250w, https:\/\/ascendleadership.web3.anasource.com\/wp-content\/uploads\/2024\/07\/Nisreen-Kapasi-150x150.jpg 150w\" sizes=\"(max-width: 250px) 100vw, 250px\" \/>\t\t\t\t\t\t\t\t\t\t\t\t\t\t\t<\/div>\n\t\t\t\t<\/div>\n\t\t\t\t\t<\/div>\n\t\t<\/div>\n\t\t\t\t<div class=\"elementor-column elementor-col-50 elementor-inner-column elementor-element elementor-element-c90ca28\" data-id=\"c90ca28\" data-element_type=\"column\">\n\t\t\t<div class=\"elementor-widget-wrap elementor-element-populated\">\n\t\t\t\t\t\t<div class=\"elementor-element elementor-element-1eafafc elementor-widget elementor-widget-heading\" data-id=\"1eafafc\" data-element_type=\"widget\" data-widget_type=\"heading.default\">\n\t\t\t\t<div class=\"elementor-widget-container\">\n\t\t\t\t\t<h5 class=\"elementor-heading-title elementor-size-default\">Ascend Montr\u00e9al \u2013 Vice-Pr\u00e9sident du Marketing et des Communications<\/h5>\t\t\t\t<\/div>\n\t\t\t\t<\/div>\n\t\t\t\t<div class=\"elementor-element elementor-element-357fa4a elementor-widget elementor-widget-text-editor\" data-id=\"357fa4a\" data-element_type=\"widget\" data-widget_type=\"text-editor.default\">\n\t\t\t\t<div class=\"elementor-widget-container\">\n\t\t\t\t\t\t\t\t\t<p>Nisreen Kapasi occupe actuellement le poste de directrice principale, Strat\u00e9gie et int\u00e9gration des effectifs \u00e0 RBC. Avec pr\u00e8s de 2 d\u00e9cennies d\u2019exp\u00e9rience dans le secteur financier \u00e0 travers une douzaine de postes, Nisreen est un joueur d\u2019\u00e9quipe authentique avec des comp\u00e9tences de leadership exceptionnelles. Elle est profond\u00e9ment engag\u00e9e dans le d\u00e9veloppement des autres et a un talent pour faire avancer les choses. Elle est animatrice de l\u2019atelier #IAMRemarkable certifi\u00e9e par Google et copr\u00e9side le Conseil de la diversit\u00e9 et du leadership au sein de RBC. Elle d\u00e9tient une ma\u00eetrise en d\u00e9veloppement organisationnel et se passionne pour la culture organisationnelle, l\u2019efficacit\u00e9 des employ\u00e9s et la conduite de changements significatifs.<\/p>\t\t\t\t\t\t\t\t<\/div>\n\t\t\t\t<\/div>\n\t\t\t\t\t<\/div>\n\t\t<\/div>\n\t\t\t\t\t<\/div>\n\t\t<\/section>\n\t\t\t\t\t<\/div>\n\t\t<\/div>\n\t\t\t\t\t<\/div>\n\t\t<\/section>\n\t\t\t\t<\/div>\n\t\t","protected":false},"excerpt":{"rendered":"<p>Ascend Montr\u00e9al \u2013 Vice-Pr\u00e9sident du Marketing et des Communications Nisreen Kapasi occupe actuellement le poste de directrice principale, Strat\u00e9gie et int\u00e9gration des effectifs \u00e0 RBC. Avec pr\u00e8s de 2 d\u00e9cennies d\u2019exp\u00e9rience dans le secteur financier \u00e0 travers une douzaine de postes, Nisreen est un joueur d\u2019\u00e9quipe authentique avec des comp\u00e9tences de leadership exceptionnelles. Elle est [&hellip;]<\/p>\n","protected":false},"author":21,"featured_media":0,"parent":9967,"menu_order":0,"comment_status":"closed","ping_status":"closed","template":"template\/template-full-width.php","meta":{"footnotes":""},"class_list":["post-13229","page","type-page","status-publish","hentry"],"_links":{"self":[{"href":"https:\/\/ascendleadership.web3.anasource.com\/fr\/wp-json\/wp\/v2\/pages\/13229","targetHints":{"allow":["GET"]}}],"collection":[{"href":"https:\/\/ascendleadership.web3.anasource.com\/fr\/wp-json\/wp\/v2\/pages"}],"about":[{"href":"https:\/\/ascendleadership.web3.anasource.com\/fr\/wp-json\/wp\/v2\/types\/page"}],"author":[{"embeddable":true,"href":"https:\/\/ascendleadership.web3.anasource.com\/fr\/wp-json\/wp\/v2\/users\/21"}],"replies":[{"embeddable":true,"href":"https:\/\/ascendleadership.web3.anasource.com\/fr\/wp-json\/wp\/v2\/comments?post=13229"}],"version-history":[{"count":3,"href":"https:\/\/ascendleadership.web3.anasource.com\/fr\/wp-json\/wp\/v2\/pages\/13229\/revisions"}],"predecessor-version":[{"id":13232,"href":"https:\/\/ascendleadership.web3.anasource.com\/fr\/wp-json\/wp\/v2\/pages\/13229\/revisions\/13232"}],"up":[{"embeddable":true,"href":"https:\/\/ascendleadership.web3.anasource.com\/fr\/wp-json\/wp\/v2\/pages\/9967"}],"wp:attachment":[{"href":"https:\/\/ascendleadership.web3.anasource.com\/fr\/wp-json\/wp\/v2\/media?parent=13229"}],"curies":[{"name":"wp","href":"https:\/\/api.w.org\/{rel}","templated":true}]}}