{"id":13071,"date":"2023-09-01T19:17:19","date_gmt":"2023-09-01T19:17:19","guid":{"rendered":"https:\/\/ascendleadership.ca\/tazrian-alam\/"},"modified":"2024-09-07T14:06:45","modified_gmt":"2024-09-07T14:06:45","slug":"tazrian-alam","status":"publish","type":"page","link":"https:\/\/ascendleadership.web3.anasource.com\/fr\/tazrian-alam\/","title":{"rendered":"Tazrian Alam"},"content":{"rendered":"\t\t<div data-elementor-type=\"wp-page\" data-elementor-id=\"13071\" class=\"elementor elementor-13071 elementor-11009\">\n\t\t\t\t\t\t<section class=\"elementor-section elementor-top-section elementor-element elementor-element-1eb42d2 elementor-section-boxed elementor-section-height-default elementor-section-height-default\" data-id=\"1eb42d2\" data-element_type=\"section\">\n\t\t\t\t\t\t<div class=\"elementor-container elementor-column-gap-default\">\n\t\t\t\t\t<div class=\"elementor-column elementor-col-100 elementor-top-column elementor-element elementor-element-1cb3e33\" data-id=\"1cb3e33\" data-element_type=\"column\">\n\t\t\t<div class=\"elementor-widget-wrap elementor-element-populated\">\n\t\t\t\t\t\t<section class=\"elementor-section elementor-inner-section elementor-element elementor-element-e26ab28 elementor-section-boxed elementor-section-height-default elementor-section-height-default\" data-id=\"e26ab28\" data-element_type=\"section\">\n\t\t\t\t\t\t<div class=\"elementor-container elementor-column-gap-default\">\n\t\t\t\t\t<div class=\"elementor-column elementor-col-50 elementor-inner-column elementor-element elementor-element-e3ed1b2\" data-id=\"e3ed1b2\" data-element_type=\"column\">\n\t\t\t<div class=\"elementor-widget-wrap elementor-element-populated\">\n\t\t\t\t\t\t<div class=\"elementor-element elementor-element-b6f5dd6 elementor-widget elementor-widget-image\" data-id=\"b6f5dd6\" data-element_type=\"widget\" data-widget_type=\"image.default\">\n\t\t\t\t<div class=\"elementor-widget-container\">\n\t\t\t\t\t\t\t\t\t\t\t\t\t\t\t<img fetchpriority=\"high\" decoding=\"async\" width=\"250\" height=\"250\" src=\"https:\/\/ascendleadership.web3.anasource.com\/wp-content\/uploads\/2023\/09\/tazrianalam.jpg\" class=\"attachment-full size-full wp-image-10999\" alt=\"\" srcset=\"https:\/\/ascendleadership.web3.anasource.com\/wp-content\/uploads\/2023\/09\/tazrianalam.jpg 250w, https:\/\/ascendleadership.web3.anasource.com\/wp-content\/uploads\/2023\/09\/tazrianalam-150x150.jpg 150w, https:\/\/ascendleadership.web3.anasource.com\/wp-content\/uploads\/2023\/09\/tazrianalam-100x100.jpg 100w\" sizes=\"(max-width: 250px) 100vw, 250px\" \/>\t\t\t\t\t\t\t\t\t\t\t\t\t\t\t<\/div>\n\t\t\t\t<\/div>\n\t\t\t\t\t<\/div>\n\t\t<\/div>\n\t\t\t\t<div class=\"elementor-column elementor-col-50 elementor-inner-column elementor-element elementor-element-8473b9a\" data-id=\"8473b9a\" data-element_type=\"column\">\n\t\t\t<div class=\"elementor-widget-wrap elementor-element-populated\">\n\t\t\t\t\t\t<div class=\"elementor-element elementor-element-55be7da elementor-widget elementor-widget-heading\" data-id=\"55be7da\" data-element_type=\"widget\" data-widget_type=\"heading.default\">\n\t\t\t\t<div class=\"elementor-widget-container\">\n\t\t\t\t\t<h5 class=\"elementor-heading-title elementor-size-default\">Vice-Pr\u00e9sidente Adjointe de l\u2019Exploitation<\/h5>\t\t\t\t<\/div>\n\t\t\t\t<\/div>\n\t\t\t\t<div class=\"elementor-element elementor-element-d0e3210 elementor-widget elementor-widget-text-editor\" data-id=\"d0e3210\" data-element_type=\"widget\" data-widget_type=\"text-editor.default\">\n\t\t\t\t<div class=\"elementor-widget-container\">\n\t\t\t\t\t\t\t\t\t<p><span style=\"color: #333333;\">Tazrian est directrice principale au sein de l&rsquo;\u00e9quipe des crimes financiers de RBC, o\u00f9 elle dirige et g\u00e8re les rapports trimestriels destin\u00e9s au conseil d&rsquo;administration et aux comit\u00e9s des risques de RBC, fournissant ainsi une vue d&rsquo;ensemble du rendement et de l&rsquo;efficacit\u00e9 op\u00e9rationnelle du programme de lutte contre le blanchiment d&rsquo;argent et le terrorisme d&rsquo;entreprise de RBC. Programme FCT).<\/span><\/p>\n<p><span style=\"color: #333333;\">Avant d&rsquo;occuper son poste actuel, Tazrian a acquis des ann\u00e9es d&rsquo;exp\u00e9rience en gestion des risques \u00e0 RBC en travaillant au sein des premi\u00e8re et deuxi\u00e8me lignes de d\u00e9fense, en effectuant une diligence raisonnable renforc\u00e9e en mati\u00e8re de lutte contre le blanchiment d&rsquo;argent et des tests de surveillance mondiale en mati\u00e8re de lutte contre le blanchiment d&rsquo;argent. Elle est actuellement membre du conseil d\u2019administration du Conseil de l\u2019Universit\u00e9 Queen\u2019s et a \u00e9t\u00e9 membre du conseil d\u2019administration de l\u2019Association canadienne des professionnels de la finance urbaine (ACFFP). Tazrian a \u00e9t\u00e9 reconnu comme MVP d&rsquo;Ascend Canada pour avoir mod\u00e9r\u00e9 des panels lors des conf\u00e9rences annuelles Ascend, contribu\u00e9 aux livres blancs et r\u00e9dig\u00e9 des articles pour Ascend.<\/span><\/p>\n<p><span style=\"color: #333333;\">Tazrian est toujours un fan des Leafs.<br>\n<\/span><\/p>\n<p><span style=\"color: #333333;\"><strong>LinkedIn<\/strong>:<\/span>&nbsp;<a title=\"linkedin.com\/in\/alexanderpeh\" role=\"button\" href=\"https:\/\/www.linkedin.com\/in\/tazrianalam\/\" target=\"_blank\" rel=\"noopener\" aria-label=\"linkedin.com\/in\/alexanderpeh\"><span style=\"color: #993300;\">linkedin.com\/in\/tazrianalam<\/span><\/a><\/p>\t\t\t\t\t\t\t\t<\/div>\n\t\t\t\t<\/div>\n\t\t\t\t\t<\/div>\n\t\t<\/div>\n\t\t\t\t\t<\/div>\n\t\t<\/section>\n\t\t\t\t\t<\/div>\n\t\t<\/div>\n\t\t\t\t\t<\/div>\n\t\t<\/section>\n\t\t\t\t<\/div>\n\t\t","protected":false},"excerpt":{"rendered":"<p>Vice-Pr\u00e9sidente Adjointe de l\u2019Exploitation Tazrian est directrice principale au sein de l&rsquo;\u00e9quipe des crimes financiers de RBC, o\u00f9 elle dirige et g\u00e8re les rapports trimestriels destin\u00e9s au conseil d&rsquo;administration et aux comit\u00e9s des risques de RBC, fournissant ainsi une vue d&rsquo;ensemble du rendement et de l&rsquo;efficacit\u00e9 op\u00e9rationnelle du programme de lutte contre le blanchiment d&rsquo;argent [&hellip;]<\/p>\n","protected":false},"author":3,"featured_media":0,"parent":0,"menu_order":0,"comment_status":"closed","ping_status":"closed","template":"template\/template-full-width.php","meta":{"footnotes":""},"class_list":["post-13071","page","type-page","status-publish","hentry"],"_links":{"self":[{"href":"https:\/\/ascendleadership.web3.anasource.com\/fr\/wp-json\/wp\/v2\/pages\/13071","targetHints":{"allow":["GET"]}}],"collection":[{"href":"https:\/\/ascendleadership.web3.anasource.com\/fr\/wp-json\/wp\/v2\/pages"}],"about":[{"href":"https:\/\/ascendleadership.web3.anasource.com\/fr\/wp-json\/wp\/v2\/types\/page"}],"author":[{"embeddable":true,"href":"https:\/\/ascendleadership.web3.anasource.com\/fr\/wp-json\/wp\/v2\/users\/3"}],"replies":[{"embeddable":true,"href":"https:\/\/ascendleadership.web3.anasource.com\/fr\/wp-json\/wp\/v2\/comments?post=13071"}],"version-history":[{"count":31,"href":"https:\/\/ascendleadership.web3.anasource.com\/fr\/wp-json\/wp\/v2\/pages\/13071\/revisions"}],"predecessor-version":[{"id":14111,"href":"https:\/\/ascendleadership.web3.anasource.com\/fr\/wp-json\/wp\/v2\/pages\/13071\/revisions\/14111"}],"wp:attachment":[{"href":"https:\/\/ascendleadership.web3.anasource.com\/fr\/wp-json\/wp\/v2\/media?parent=13071"}],"curies":[{"name":"wp","href":"https:\/\/api.w.org\/{rel}","templated":true}]}}