{"id":13064,"date":"2023-09-01T19:13:30","date_gmt":"2023-09-01T19:13:30","guid":{"rendered":"https:\/\/ascendleadership.ca\/sarah-lau\/"},"modified":"2025-07-01T16:57:32","modified_gmt":"2025-07-01T16:57:32","slug":"sarah-lau","status":"publish","type":"page","link":"https:\/\/ascendleadership.web3.anasource.com\/fr\/sarah-lau\/","title":{"rendered":"Sarah Lau"},"content":{"rendered":"\t\t<div data-elementor-type=\"wp-page\" data-elementor-id=\"13064\" class=\"elementor elementor-13064 elementor-11004\">\n\t\t\t\t\t\t<section class=\"elementor-section elementor-top-section elementor-element elementor-element-1eb42d2 elementor-section-boxed elementor-section-height-default elementor-section-height-default\" data-id=\"1eb42d2\" data-element_type=\"section\">\n\t\t\t\t\t\t<div class=\"elementor-container elementor-column-gap-default\">\n\t\t\t\t\t<div class=\"elementor-column elementor-col-100 elementor-top-column elementor-element elementor-element-1cb3e33\" data-id=\"1cb3e33\" data-element_type=\"column\">\n\t\t\t<div class=\"elementor-widget-wrap elementor-element-populated\">\n\t\t\t\t\t\t<section class=\"elementor-section elementor-inner-section elementor-element elementor-element-e26ab28 elementor-section-boxed elementor-section-height-default elementor-section-height-default\" data-id=\"e26ab28\" data-element_type=\"section\">\n\t\t\t\t\t\t<div class=\"elementor-container elementor-column-gap-default\">\n\t\t\t\t\t<div class=\"elementor-column elementor-col-50 elementor-inner-column elementor-element elementor-element-e3ed1b2\" data-id=\"e3ed1b2\" data-element_type=\"column\">\n\t\t\t<div class=\"elementor-widget-wrap elementor-element-populated\">\n\t\t\t\t\t\t<div class=\"elementor-element elementor-element-b6f5dd6 elementor-widget elementor-widget-image\" data-id=\"b6f5dd6\" data-element_type=\"widget\" data-widget_type=\"image.default\">\n\t\t\t\t<div class=\"elementor-widget-container\">\n\t\t\t\t\t\t\t\t\t\t\t\t\t\t\t<img fetchpriority=\"high\" decoding=\"async\" width=\"250\" height=\"250\" src=\"https:\/\/ascendleadership.web3.anasource.com\/wp-content\/uploads\/2023\/09\/Sarah-Lau.png\" class=\"attachment-full size-full wp-image-10997\" alt=\"\" srcset=\"https:\/\/ascendleadership.web3.anasource.com\/wp-content\/uploads\/2023\/09\/Sarah-Lau.png 250w, https:\/\/ascendleadership.web3.anasource.com\/wp-content\/uploads\/2023\/09\/Sarah-Lau-150x150.png 150w, https:\/\/ascendleadership.web3.anasource.com\/wp-content\/uploads\/2023\/09\/Sarah-Lau-100x100.png 100w\" sizes=\"(max-width: 250px) 100vw, 250px\" \/>\t\t\t\t\t\t\t\t\t\t\t\t\t\t\t<\/div>\n\t\t\t\t<\/div>\n\t\t\t\t\t<\/div>\n\t\t<\/div>\n\t\t\t\t<div class=\"elementor-column elementor-col-50 elementor-inner-column elementor-element elementor-element-8473b9a\" data-id=\"8473b9a\" data-element_type=\"column\">\n\t\t\t<div class=\"elementor-widget-wrap elementor-element-populated\">\n\t\t\t\t\t\t<div class=\"elementor-element elementor-element-55be7da elementor-widget elementor-widget-heading\" data-id=\"55be7da\" data-element_type=\"widget\" data-widget_type=\"heading.default\">\n\t\t\t\t<div class=\"elementor-widget-container\">\n\t\t\t\t\t<h5 class=\"elementor-heading-title elementor-size-default\">VP, Governance<\/h5>\t\t\t\t<\/div>\n\t\t\t\t<\/div>\n\t\t\t\t<div class=\"elementor-element elementor-element-d0e3210 elementor-widget elementor-widget-text-editor\" data-id=\"d0e3210\" data-element_type=\"widget\" data-widget_type=\"text-editor.default\">\n\t\t\t\t<div class=\"elementor-widget-container\">\n\t\t\t\t\t\t\t\t\t<p style=\"margin-right: 0px; margin-bottom: 15px; margin-left: 0px; line-height: 28px; color: #000000; font-family: 'Fira Sans';\">Sarah Lau est vice-pr\u00e9sidente associ\u00e9e, Finances au sein du Groupe Banque TD et poss\u00e8de plus de 15 ans d\u2019exp\u00e9rience dans le secteur des services financiers. Dans le cadre de ses fonctions actuelles, elle supervise les contr\u00f4les des rapports financiers au sein du Service de la comptabilit\u00e9 en chef. Avant d\u2019occuper son poste actuel, Sarah dirigeait la planification et l\u2019analyse financi\u00e8res pour les fonctions de la Soci\u00e9t\u00e9, y compris les Biens immobiliers, les Finances et la Tr\u00e9sorerie, les RH, l\u2019approvisionnement et le D\u00e9veloppement durable et citoyennet\u00e9 d\u2019entreprise au sein du segment des Services aux entreprises de la TD. Sarah a commenc\u00e9 sa carri\u00e8re \u00e0 la TD au sein du groupe Politiques et conseils en comptabilit\u00e9 et a pass\u00e9 plusieurs ann\u00e9es \u00e0 conseiller sur des transactions comptables complexes et \u00e0 aider la banque \u00e0 effectuer la transition vers les nouvelles normes comptables IFRS.<\/p>\n<p style=\"margin-right: 0px; margin-bottom: 15px; margin-left: 0px; line-height: 28px; color: #000000; font-family: 'Fira Sans';\">Avant de se joindre \u00e0 la TD, Sarah a travaill\u00e9 chez PwC, o\u00f9 elle faisait partie du groupe V\u00e9rification et assurance ax\u00e9 sur les services financiers, les fonds communs de placement et les fonds sp\u00e9culatifs. Sarah est comptable professionnelle agr\u00e9\u00e9e (CPA, CA) et a obtenu sa ma\u00eetrise et son baccalaur\u00e9at \u00e0 l\u2019Universit\u00e9 de Waterloo.<\/p>\n<span style=\"color: #333333;\"><strong>LinkedIn<\/strong>:\u00a0<a title=\"linkedin.com\/in\/sarah-lau-cpa-ca-8b71a339\/\" role=\"button\" href=\"https:\/\/www.linkedin.com\/in\/sarah-lau-cpa-ca-8b71a339\/\" target=\"_blank\" rel=\"noopener\" aria-label=\"linkedin.com\/in\/sarah-lau-cpa-ca-8b71a339\/\">linkedin.com\/in\/sarah-lau-cpa-ca-8b71a339\/<\/a>\n<\/span>\t\t\t\t\t\t\t\t<\/div>\n\t\t\t\t<\/div>\n\t\t\t\t\t<\/div>\n\t\t<\/div>\n\t\t\t\t\t<\/div>\n\t\t<\/section>\n\t\t\t\t\t<\/div>\n\t\t<\/div>\n\t\t\t\t\t<\/div>\n\t\t<\/section>\n\t\t\t\t<\/div>\n\t\t","protected":false},"excerpt":{"rendered":"<p>VP, Governance Sarah Lau est vice-pr\u00e9sidente associ\u00e9e, Finances au sein du Groupe Banque TD et poss\u00e8de plus de 15 ans d\u2019exp\u00e9rience dans le secteur des services financiers. Dans le cadre de ses fonctions actuelles, elle supervise les contr\u00f4les des rapports financiers au sein du Service de la comptabilit\u00e9 en chef. Avant d\u2019occuper son poste actuel, [&hellip;]<\/p>\n","protected":false},"author":3,"featured_media":0,"parent":0,"menu_order":0,"comment_status":"closed","ping_status":"closed","template":"template\/template-full-width.php","meta":{"footnotes":""},"class_list":["post-13064","page","type-page","status-publish","hentry"],"_links":{"self":[{"href":"https:\/\/ascendleadership.web3.anasource.com\/fr\/wp-json\/wp\/v2\/pages\/13064","targetHints":{"allow":["GET"]}}],"collection":[{"href":"https:\/\/ascendleadership.web3.anasource.com\/fr\/wp-json\/wp\/v2\/pages"}],"about":[{"href":"https:\/\/ascendleadership.web3.anasource.com\/fr\/wp-json\/wp\/v2\/types\/page"}],"author":[{"embeddable":true,"href":"https:\/\/ascendleadership.web3.anasource.com\/fr\/wp-json\/wp\/v2\/users\/3"}],"replies":[{"embeddable":true,"href":"https:\/\/ascendleadership.web3.anasource.com\/fr\/wp-json\/wp\/v2\/comments?post=13064"}],"version-history":[{"count":37,"href":"https:\/\/ascendleadership.web3.anasource.com\/fr\/wp-json\/wp\/v2\/pages\/13064\/revisions"}],"predecessor-version":[{"id":15716,"href":"https:\/\/ascendleadership.web3.anasource.com\/fr\/wp-json\/wp\/v2\/pages\/13064\/revisions\/15716"}],"wp:attachment":[{"href":"https:\/\/ascendleadership.web3.anasource.com\/fr\/wp-json\/wp\/v2\/media?parent=13064"}],"curies":[{"name":"wp","href":"https:\/\/api.w.org\/{rel}","templated":true}]}}