{"id":12950,"date":"2024-05-29T14:58:36","date_gmt":"2024-05-29T14:58:36","guid":{"rendered":"https:\/\/ascendleadership.ca\/pamela-wong\/"},"modified":"2024-07-18T17:31:44","modified_gmt":"2024-07-18T17:31:44","slug":"pamela-wong","status":"publish","type":"page","link":"https:\/\/ascendleadership.web3.anasource.com\/fr\/pamela-wong\/","title":{"rendered":"Pamela Wong"},"content":{"rendered":"\t\t<div data-elementor-type=\"wp-page\" data-elementor-id=\"12950\" class=\"elementor elementor-12950 elementor-12464\">\n\t\t\t\t\t\t<section class=\"elementor-section elementor-top-section elementor-element elementor-element-5ded21f elementor-section-boxed elementor-section-height-default elementor-section-height-default\" data-id=\"5ded21f\" data-element_type=\"section\">\n\t\t\t\t\t\t<div class=\"elementor-container elementor-column-gap-default\">\n\t\t\t\t\t<div class=\"elementor-column elementor-col-100 elementor-top-column elementor-element elementor-element-d524d8c\" data-id=\"d524d8c\" data-element_type=\"column\">\n\t\t\t<div class=\"elementor-widget-wrap elementor-element-populated\">\n\t\t\t\t\t\t<section class=\"elementor-section elementor-inner-section elementor-element elementor-element-e06a488 elementor-section-boxed elementor-section-height-default elementor-section-height-default\" data-id=\"e06a488\" data-element_type=\"section\">\n\t\t\t\t\t\t<div class=\"elementor-container elementor-column-gap-default\">\n\t\t\t\t\t<div class=\"elementor-column elementor-col-50 elementor-inner-column elementor-element elementor-element-35db4e6\" data-id=\"35db4e6\" data-element_type=\"column\">\n\t\t\t<div class=\"elementor-widget-wrap elementor-element-populated\">\n\t\t\t\t\t\t<div class=\"elementor-element elementor-element-070159a elementor-widget elementor-widget-image\" data-id=\"070159a\" data-element_type=\"widget\" data-widget_type=\"image.default\">\n\t\t\t\t<div class=\"elementor-widget-container\">\n\t\t\t\t\t\t\t\t\t\t\t\t\t\t\t<img fetchpriority=\"high\" decoding=\"async\" width=\"2560\" height=\"2557\" src=\"https:\/\/ascendleadership.web3.anasource.com\/wp-content\/uploads\/2024\/05\/pamela-wong-sq-scaled.jpg\" class=\"attachment-full size-full wp-image-12501\" alt=\"pamela wong sq\" srcset=\"https:\/\/ascendleadership.web3.anasource.com\/wp-content\/uploads\/2024\/05\/pamela-wong-sq-scaled.jpg 2560w, https:\/\/ascendleadership.web3.anasource.com\/wp-content\/uploads\/2024\/05\/pamela-wong-sq-300x300.jpg 300w, https:\/\/ascendleadership.web3.anasource.com\/wp-content\/uploads\/2024\/05\/pamela-wong-sq-1024x1024.jpg 1024w, https:\/\/ascendleadership.web3.anasource.com\/wp-content\/uploads\/2024\/05\/pamela-wong-sq-150x150.jpg 150w, https:\/\/ascendleadership.web3.anasource.com\/wp-content\/uploads\/2024\/05\/pamela-wong-sq-768x767.jpg 768w, https:\/\/ascendleadership.web3.anasource.com\/wp-content\/uploads\/2024\/05\/pamela-wong-sq-1536x1534.jpg 1536w, https:\/\/ascendleadership.web3.anasource.com\/wp-content\/uploads\/2024\/05\/pamela-wong-sq-2048x2046.jpg 2048w, https:\/\/ascendleadership.web3.anasource.com\/wp-content\/uploads\/2024\/05\/pamela-wong-sq-400x400.jpg 400w\" sizes=\"(max-width: 2560px) 100vw, 2560px\" \/>\t\t\t\t\t\t\t\t\t\t\t\t\t\t\t<\/div>\n\t\t\t\t<\/div>\n\t\t\t\t\t<\/div>\n\t\t<\/div>\n\t\t\t\t<div class=\"elementor-column elementor-col-50 elementor-inner-column elementor-element elementor-element-6ff160b\" data-id=\"6ff160b\" data-element_type=\"column\">\n\t\t\t<div class=\"elementor-widget-wrap elementor-element-populated\">\n\t\t\t\t\t\t<div class=\"elementor-element elementor-element-8233e5d elementor-widget elementor-widget-heading\" data-id=\"8233e5d\" data-element_type=\"widget\" data-widget_type=\"heading.default\">\n\t\t\t\t<div class=\"elementor-widget-container\">\n\t\t\t\t\t<h5 class=\"elementor-heading-title elementor-size-default\">Membre du conseil d'administration \/ chef d'affinit\u00e9, Manuvie Canada<\/h5>\t\t\t\t<\/div>\n\t\t\t\t<\/div>\n\t\t\t\t<div class=\"elementor-element elementor-element-f9f0e22 elementor-widget elementor-widget-text-editor\" data-id=\"f9f0e22\" data-element_type=\"widget\" data-widget_type=\"text-editor.default\">\n\t\t\t\t<div class=\"elementor-widget-container\">\n\t\t\t\t\t\t\t\t\t<p style=\"margin-right: 0px; margin-bottom: 15px; margin-left: 0px; line-height: 28px; color: #000000; font-family: 'Fira Sans';\">Pamela Wong est responsable du secteur Affinit\u00e9 \u00e0 Manuvie Canada, o\u00f9 elle dirige la strat\u00e9gie des march\u00e9s d\u2019affinit\u00e9, y compris les produits d\u2019assurance sant\u00e9, voyage, invalidit\u00e9 et cr\u00e9dit.<\/p><p style=\"margin-right: 0px; margin-bottom: 15px; margin-left: 0px; line-height: 28px; color: #000000; font-family: 'Fira Sans';\">Elle est membre de l\u2019\u00e9quipe de direction canadienne et de l\u2019\u00e9quipe de direction mondiale de Manuvie. Plus r\u00e9cemment, Pamela \u00e9tait chef de la strat\u00e9gie et de la transformation pour Manuvie Canada, o\u00f9 elle a supervis\u00e9 la planification strat\u00e9gique, le portefeuille de transformation et les processus de gestion du changement pour Manuvie Canada.<\/p><p style=\"margin-right: 0px; margin-bottom: 15px; margin-left: 0px; line-height: 28px; color: #000000; font-family: 'Fira Sans';\">Pamela travaille chez Manuvie depuis pr\u00e8s de deux d\u00e9cennies, o\u00f9 elle a occup\u00e9 des postes de direction de plus en plus \u00e9lev\u00e9s dans les domaines du marketing, des services d\u2019audit, du d\u00e9veloppement de l\u2019entreprise et de la strat\u00e9gie. Avant de se joindre \u00e0 Manuvie, elle a travaill\u00e9 chez Kraft et Maple Leaf Foods.<\/p><p style=\"margin-right: 0px; margin-bottom: 15px; margin-left: 0px; line-height: 28px; color: #000000; font-family: 'Fira Sans';\">Pamela est titulaire d\u2019un baccalaur\u00e9at sp\u00e9cialis\u00e9 en \u00e9conomie et en sciences politiques de l\u2019Universit\u00e9 Western, d\u2019un MBA de l\u2019Ivey Business School et est CPA, CMA.<\/p>\t\t\t\t\t\t\t\t<\/div>\n\t\t\t\t<\/div>\n\t\t\t\t\t<\/div>\n\t\t<\/div>\n\t\t\t\t\t<\/div>\n\t\t<\/section>\n\t\t\t\t\t<\/div>\n\t\t<\/div>\n\t\t\t\t\t<\/div>\n\t\t<\/section>\n\t\t\t\t<\/div>\n\t\t","protected":false},"excerpt":{"rendered":"<p>Membre du conseil d&rsquo;administration \/ chef d&rsquo;affinit\u00e9, Manuvie Canada Pamela Wong est responsable du secteur Affinit\u00e9 \u00e0 Manuvie Canada, o\u00f9 elle dirige la strat\u00e9gie des march\u00e9s d\u2019affinit\u00e9, y compris les produits d\u2019assurance sant\u00e9, voyage, invalidit\u00e9 et cr\u00e9dit. Elle est membre de l\u2019\u00e9quipe de direction canadienne et de l\u2019\u00e9quipe de direction mondiale de Manuvie. Plus r\u00e9cemment, [&hellip;]<\/p>\n","protected":false},"author":3,"featured_media":0,"parent":0,"menu_order":0,"comment_status":"closed","ping_status":"closed","template":"template\/template-full-width.php","meta":{"footnotes":""},"class_list":["post-12950","page","type-page","status-publish","hentry"],"_links":{"self":[{"href":"https:\/\/ascendleadership.web3.anasource.com\/fr\/wp-json\/wp\/v2\/pages\/12950","targetHints":{"allow":["GET"]}}],"collection":[{"href":"https:\/\/ascendleadership.web3.anasource.com\/fr\/wp-json\/wp\/v2\/pages"}],"about":[{"href":"https:\/\/ascendleadership.web3.anasource.com\/fr\/wp-json\/wp\/v2\/types\/page"}],"author":[{"embeddable":true,"href":"https:\/\/ascendleadership.web3.anasource.com\/fr\/wp-json\/wp\/v2\/users\/3"}],"replies":[{"embeddable":true,"href":"https:\/\/ascendleadership.web3.anasource.com\/fr\/wp-json\/wp\/v2\/comments?post=12950"}],"version-history":[{"count":15,"href":"https:\/\/ascendleadership.web3.anasource.com\/fr\/wp-json\/wp\/v2\/pages\/12950\/revisions"}],"predecessor-version":[{"id":13121,"href":"https:\/\/ascendleadership.web3.anasource.com\/fr\/wp-json\/wp\/v2\/pages\/12950\/revisions\/13121"}],"wp:attachment":[{"href":"https:\/\/ascendleadership.web3.anasource.com\/fr\/wp-json\/wp\/v2\/media?parent=12950"}],"curies":[{"name":"wp","href":"https:\/\/api.w.org\/{rel}","templated":true}]}}