{"id":12946,"date":"2024-04-03T16:35:18","date_gmt":"2024-04-03T16:35:18","guid":{"rendered":"https:\/\/ascendleadership.ca\/elaine-wong\/"},"modified":"2024-09-09T15:08:22","modified_gmt":"2024-09-09T15:08:22","slug":"elaine-wong","status":"publish","type":"page","link":"https:\/\/ascendleadership.web3.anasource.com\/fr\/people\/elaine-wong\/","title":{"rendered":"Elaine Wong"},"content":{"rendered":"\t\t<div data-elementor-type=\"wp-page\" data-elementor-id=\"12946\" class=\"elementor elementor-12946 elementor-12207\">\n\t\t\t\t\t\t<section class=\"elementor-section elementor-top-section elementor-element elementor-element-6bca336 ascend-detail-page-section ascend-cms-section elementor-section-boxed elementor-section-height-default elementor-section-height-default\" data-id=\"6bca336\" data-element_type=\"section\">\n\t\t\t\t\t\t<div class=\"elementor-container elementor-column-gap-default\">\n\t\t\t\t\t<div class=\"elementor-column elementor-col-100 elementor-top-column elementor-element elementor-element-3d3fdef\" data-id=\"3d3fdef\" data-element_type=\"column\">\n\t\t\t<div class=\"elementor-widget-wrap elementor-element-populated\">\n\t\t\t\t\t\t<section class=\"elementor-section elementor-inner-section elementor-element elementor-element-98a4c4d elementor-section-boxed elementor-section-height-default elementor-section-height-default\" data-id=\"98a4c4d\" data-element_type=\"section\">\n\t\t\t\t\t\t<div class=\"elementor-container elementor-column-gap-default\">\n\t\t\t\t\t<div class=\"elementor-column elementor-col-50 elementor-inner-column elementor-element elementor-element-8b9e607\" data-id=\"8b9e607\" data-element_type=\"column\">\n\t\t\t<div class=\"elementor-widget-wrap elementor-element-populated\">\n\t\t\t\t\t\t<div class=\"elementor-element elementor-element-85185b2 elementor-widget elementor-widget-image\" data-id=\"85185b2\" data-element_type=\"widget\" data-widget_type=\"image.default\">\n\t\t\t\t<div class=\"elementor-widget-container\">\n\t\t\t\t\t\t\t\t\t\t\t\t\t\t\t<img fetchpriority=\"high\" decoding=\"async\" width=\"2197\" height=\"2195\" src=\"https:\/\/ascendleadership.web3.anasource.com\/wp-content\/uploads\/2024\/04\/Elaine-Wong-KPMG.jpg\" class=\"attachment-full size-full wp-image-12212\" alt=\"Elaine Wong KPMG\" srcset=\"https:\/\/ascendleadership.web3.anasource.com\/wp-content\/uploads\/2024\/04\/Elaine-Wong-KPMG.jpg 2197w, https:\/\/ascendleadership.web3.anasource.com\/wp-content\/uploads\/2024\/04\/Elaine-Wong-KPMG-300x300.jpg 300w, https:\/\/ascendleadership.web3.anasource.com\/wp-content\/uploads\/2024\/04\/Elaine-Wong-KPMG-1024x1024.jpg 1024w, https:\/\/ascendleadership.web3.anasource.com\/wp-content\/uploads\/2024\/04\/Elaine-Wong-KPMG-150x150.jpg 150w, https:\/\/ascendleadership.web3.anasource.com\/wp-content\/uploads\/2024\/04\/Elaine-Wong-KPMG-768x767.jpg 768w, https:\/\/ascendleadership.web3.anasource.com\/wp-content\/uploads\/2024\/04\/Elaine-Wong-KPMG-1536x1536.jpg 1536w, https:\/\/ascendleadership.web3.anasource.com\/wp-content\/uploads\/2024\/04\/Elaine-Wong-KPMG-2048x2046.jpg 2048w, https:\/\/ascendleadership.web3.anasource.com\/wp-content\/uploads\/2024\/04\/Elaine-Wong-KPMG-400x400.jpg 400w\" sizes=\"(max-width: 2197px) 100vw, 2197px\" \/>\t\t\t\t\t\t\t\t\t\t\t\t\t\t\t<\/div>\n\t\t\t\t<\/div>\n\t\t\t\t\t<\/div>\n\t\t<\/div>\n\t\t\t\t<div class=\"elementor-column elementor-col-50 elementor-inner-column elementor-element elementor-element-c90ca28\" data-id=\"c90ca28\" data-element_type=\"column\">\n\t\t\t<div class=\"elementor-widget-wrap elementor-element-populated\">\n\t\t\t\t\t\t<div class=\"elementor-element elementor-element-1eafafc elementor-widget elementor-widget-heading\" data-id=\"1eafafc\" data-element_type=\"widget\" data-widget_type=\"heading.default\">\n\t\t\t\t<div class=\"elementor-widget-container\">\n\t\t\t\t\t<h5 class=\"elementor-heading-title elementor-size-default\">Membre du conseil d\u2019administration \/ associ\u00e9, Conseil en gestion \u2013 KPMG<\/h5>\t\t\t\t<\/div>\n\t\t\t\t<\/div>\n\t\t\t\t<div class=\"elementor-element elementor-element-357fa4a elementor-widget elementor-widget-text-editor\" data-id=\"357fa4a\" data-element_type=\"widget\" data-widget_type=\"text-editor.default\">\n\t\t\t\t<div class=\"elementor-widget-container\">\n\t\t\t\t\t\t\t\t\t<p><span style=\"color: #333333;\">Elaine est associ\u00e9e au sein du groupe national de conseils en gestion de KPMG et compte plus de 20 ans d&rsquo;exp\u00e9rience de travail avec des clients des secteurs public et priv\u00e9. Elaine a travaill\u00e9 sur des programmes de transformation financi\u00e8re et technologique \u00e0 grande \u00e9chelle, y compris la mise en \u0153uvre mondiale d&rsquo;ERP, la gestion des actifs logiciels, la conformit\u00e9 r\u00e9glementaire et contractuelle, la gestion et la gouvernance des risques d&rsquo;entreprise et la planification de la continuit\u00e9 des activit\u00e9s. Elle a servi une vari\u00e9t\u00e9 de clients dans les domaines de la fabrication et de la distribution, des communications et des m\u00e9dias, de l&rsquo;\u00e9nergie et des services publics, de la consommation et de la vente au d\u00e9tail, du capital-investissement et de la gestion d&rsquo;actifs.<\/span><\/p><p><span style=\"color: #333333;\">Elaine est passionn\u00e9e par la diversit\u00e9 et est copr\u00e9sidente fondatrice du r\u00e9seau d\u2019Asie de l\u2019Est de KPMG et si\u00e8ge au Conseil ex\u00e9cutif national sur l\u2019inclusion, la diversit\u00e9 et l\u2019\u00e9quit\u00e9 (ID&amp;E) de KPMG. Elaine est une mentore et une coach active, tant de mani\u00e8re informelle que formelle, dans le cadre de plusieurs programmes de mentorat tels que le R\u00e9seau des femmes de KPMG, Women in Technology et le East Asian Network.<\/span><\/p><p><span style=\"color: #333333;\"><strong>LinkedIn<\/strong>:<\/span>\u00a0<a title=\"linkedin.com\/in\/elaine-wong-toronto\" role=\"button\" href=\"https:\/\/www.linkedin.com\/in\/elaine-wong-toronto\" target=\"_blank\" rel=\"noopener\" aria-label=\"linkedin.com\/in\/alexanderpeh\"><span style=\"color: #993300;\">linkedin.com\/in\/elaine-wong-toronto<\/span><\/a><\/p>\t\t\t\t\t\t\t\t<\/div>\n\t\t\t\t<\/div>\n\t\t\t\t\t<\/div>\n\t\t<\/div>\n\t\t\t\t\t<\/div>\n\t\t<\/section>\n\t\t\t\t\t<\/div>\n\t\t<\/div>\n\t\t\t\t\t<\/div>\n\t\t<\/section>\n\t\t\t\t<\/div>\n\t\t","protected":false},"excerpt":{"rendered":"<p>Membre du conseil d\u2019administration \/ associ\u00e9, Conseil en gestion \u2013 KPMG Elaine est associ\u00e9e au sein du groupe national de conseils en gestion de KPMG et compte plus de 20 ans d&rsquo;exp\u00e9rience de travail avec des clients des secteurs public et priv\u00e9. Elaine a travaill\u00e9 sur des programmes de transformation financi\u00e8re et technologique \u00e0 grande [&hellip;]<\/p>\n","protected":false},"author":3,"featured_media":0,"parent":9967,"menu_order":0,"comment_status":"closed","ping_status":"closed","template":"template\/template-full-width.php","meta":{"footnotes":""},"class_list":["post-12946","page","type-page","status-publish","hentry"],"_links":{"self":[{"href":"https:\/\/ascendleadership.web3.anasource.com\/fr\/wp-json\/wp\/v2\/pages\/12946","targetHints":{"allow":["GET"]}}],"collection":[{"href":"https:\/\/ascendleadership.web3.anasource.com\/fr\/wp-json\/wp\/v2\/pages"}],"about":[{"href":"https:\/\/ascendleadership.web3.anasource.com\/fr\/wp-json\/wp\/v2\/types\/page"}],"author":[{"embeddable":true,"href":"https:\/\/ascendleadership.web3.anasource.com\/fr\/wp-json\/wp\/v2\/users\/3"}],"replies":[{"embeddable":true,"href":"https:\/\/ascendleadership.web3.anasource.com\/fr\/wp-json\/wp\/v2\/comments?post=12946"}],"version-history":[{"count":27,"href":"https:\/\/ascendleadership.web3.anasource.com\/fr\/wp-json\/wp\/v2\/pages\/12946\/revisions"}],"predecessor-version":[{"id":14181,"href":"https:\/\/ascendleadership.web3.anasource.com\/fr\/wp-json\/wp\/v2\/pages\/12946\/revisions\/14181"}],"up":[{"embeddable":true,"href":"https:\/\/ascendleadership.web3.anasource.com\/fr\/wp-json\/wp\/v2\/pages\/9967"}],"wp:attachment":[{"href":"https:\/\/ascendleadership.web3.anasource.com\/fr\/wp-json\/wp\/v2\/media?parent=12946"}],"curies":[{"name":"wp","href":"https:\/\/api.w.org\/{rel}","templated":true}]}}