{"id":12939,"date":"2024-05-29T15:20:12","date_gmt":"2024-05-29T15:20:12","guid":{"rendered":"https:\/\/ascendleadership.ca\/samiha-sachedina\/"},"modified":"2024-07-18T17:18:09","modified_gmt":"2024-07-18T17:18:09","slug":"samiha-sachedina","status":"publish","type":"page","link":"https:\/\/ascendleadership.web3.anasource.com\/fr\/samiha-sachedina\/","title":{"rendered":"Samiha Sachedina"},"content":{"rendered":"\t\t<div data-elementor-type=\"wp-page\" data-elementor-id=\"12939\" class=\"elementor elementor-12939 elementor-12473\">\n\t\t\t\t\t\t<section class=\"elementor-section elementor-top-section elementor-element elementor-element-5ded21f elementor-section-boxed elementor-section-height-default elementor-section-height-default\" data-id=\"5ded21f\" data-element_type=\"section\">\n\t\t\t\t\t\t<div class=\"elementor-container elementor-column-gap-default\">\n\t\t\t\t\t<div class=\"elementor-column elementor-col-100 elementor-top-column elementor-element elementor-element-d524d8c\" data-id=\"d524d8c\" data-element_type=\"column\">\n\t\t\t<div class=\"elementor-widget-wrap elementor-element-populated\">\n\t\t\t\t\t\t<section class=\"elementor-section elementor-inner-section elementor-element elementor-element-e06a488 elementor-section-boxed elementor-section-height-default elementor-section-height-default\" data-id=\"e06a488\" data-element_type=\"section\">\n\t\t\t\t\t\t<div class=\"elementor-container elementor-column-gap-default\">\n\t\t\t\t\t<div class=\"elementor-column elementor-col-50 elementor-inner-column elementor-element elementor-element-35db4e6\" data-id=\"35db4e6\" data-element_type=\"column\">\n\t\t\t<div class=\"elementor-widget-wrap elementor-element-populated\">\n\t\t\t\t\t\t<div class=\"elementor-element elementor-element-070159a elementor-widget elementor-widget-image\" data-id=\"070159a\" data-element_type=\"widget\" data-widget_type=\"image.default\">\n\t\t\t\t<div class=\"elementor-widget-container\">\n\t\t\t\t\t\t\t\t\t\t\t\t\t\t\t<img fetchpriority=\"high\" decoding=\"async\" width=\"330\" height=\"348\" src=\"https:\/\/ascendleadership.web3.anasource.com\/wp-content\/uploads\/2024\/05\/Samiha-Sachedina-May-2024.png\" class=\"attachment-full size-full wp-image-12475\" alt=\"Samiha Sachedina - May 2024\" srcset=\"https:\/\/ascendleadership.web3.anasource.com\/wp-content\/uploads\/2024\/05\/Samiha-Sachedina-May-2024.png 330w, https:\/\/ascendleadership.web3.anasource.com\/wp-content\/uploads\/2024\/05\/Samiha-Sachedina-May-2024-284x300.png 284w\" sizes=\"(max-width: 330px) 100vw, 330px\" \/>\t\t\t\t\t\t\t\t\t\t\t\t\t\t\t<\/div>\n\t\t\t\t<\/div>\n\t\t\t\t\t<\/div>\n\t\t<\/div>\n\t\t\t\t<div class=\"elementor-column elementor-col-50 elementor-inner-column elementor-element elementor-element-6ff160b\" data-id=\"6ff160b\" data-element_type=\"column\">\n\t\t\t<div class=\"elementor-widget-wrap elementor-element-populated\">\n\t\t\t\t\t\t<div class=\"elementor-element elementor-element-8233e5d elementor-widget elementor-widget-heading\" data-id=\"8233e5d\" data-element_type=\"widget\" data-widget_type=\"heading.default\">\n\t\t\t\t<div class=\"elementor-widget-container\">\n\t\t\t\t\t<h5 class=\"elementor-heading-title elementor-size-default\">Membre du conseil d'administration \/ Vice-pr\u00e9sident principal, Gestion des risques d'entreprise et op\u00e9rationnels, Sun Life<\/h5>\t\t\t\t<\/div>\n\t\t\t\t<\/div>\n\t\t\t\t<div class=\"elementor-element elementor-element-f9f0e22 elementor-widget elementor-widget-text-editor\" data-id=\"f9f0e22\" data-element_type=\"widget\" data-widget_type=\"text-editor.default\">\n\t\t\t\t<div class=\"elementor-widget-container\">\n\t\t\t\t\t\t\t\t\t<p style=\"margin-right: 0px; margin-bottom: 15px; margin-left: 0px; line-height: 28px; color: #000000; font-family: 'Fira Sans';\">Samiha Sachedina est vice-pr\u00e9sidente principale, Gestion des risques d&rsquo;entreprise et op\u00e9rationnels \u00e0 la Sun Life. Samiha est une leader chevronn\u00e9e charg\u00e9e de travailler avec les fonctions commerciales et d&rsquo;entreprise pour piloter les initiatives de gestion des risques et superviser la gestion des risques d&rsquo;entreprise et op\u00e9rationnels dans l&rsquo;ensemble de l&rsquo;organisation gr\u00e2ce \u00e0 la conception et \u00e0 l&rsquo;ex\u00e9cution de programmes et de cadres de gestion des risques.<\/p><p style=\"margin-right: 0px; margin-bottom: 15px; margin-left: 0px; line-height: 28px; color: #000000; font-family: 'Fira Sans';\">En tant qu\u2019auditeur en chef de 2019 \u00e0 2024, Samiha a dirig\u00e9 la fonction mondiale d\u2019audit interne, aidant la direction \u00e0 am\u00e9liorer continuellement l\u2019environnement de gestion des risques et de contr\u00f4le de la Sun Life et fournissant au conseil d\u2019administration et aux autres parties prenantes une assurance sur l\u2019efficacit\u00e9 des contr\u00f4les internes. Cela comprenait la direction de plusieurs priorit\u00e9s strat\u00e9giques visant \u00e0 accro\u00eetre les capacit\u00e9s de l\u2019audit interne afin de r\u00e9pondre \u00e0 l\u2019\u00e9volution du paysage des risques dans l\u2019ensemble du secteur.<\/p><p style=\"margin-right: 0px; margin-bottom: 15px; margin-left: 0px; line-height: 28px; color: #000000; font-family: 'Fira Sans';\">Avant de rejoindre Sun Life, Samiha \u00e9tait associ\u00e9e associ\u00e9e au sein des groupes d&rsquo;audit informatique et de conseil en mati\u00e8re de risques chez EY, passant plus de 13 ans au service de clients du secteur des services financiers. Avec plus de 25 ans d&rsquo;exp\u00e9rience combin\u00e9e en services professionnels et dans l&rsquo;industrie, Samiha est une leader chevronn\u00e9e et une professionnelle comp\u00e9tente en mati\u00e8re d&rsquo;audit, de gestion des risques et de conformit\u00e9.<\/p><p style=\"margin-right: 0px; margin-bottom: 15px; margin-left: 0px; line-height: 28px; color: #000000; font-family: 'Fira Sans';\">Samiha est une ardente d\u00e9fenseure de la diversit\u00e9, de l\u2019\u00e9quit\u00e9 et de l\u2019inclusion. Elle est un mentor actif pour les jeunes professionnels des entreprises canadiennes et pr\u00eate son temps et ses talents \u00e0 des organisations, telles qu&rsquo;Ascend Canada, qui s&rsquo;engagent \u00e0 am\u00e9liorer la pr\u00e9sence, la visibilit\u00e9 et l&rsquo;influence des minorit\u00e9s sous-repr\u00e9sent\u00e9es. Elle est membre du conseil d&rsquo;administration du Shaw Festival, une compagnie de th\u00e9\u00e2tre contemporaine canadienne.<\/p><p style=\"margin-right: 0px; margin-bottom: 15px; margin-left: 0px; line-height: 28px; color: #000000; font-family: 'Fira Sans';\">Samiha est auditeur interne certifi\u00e9 et auditeur certifi\u00e9 des syst\u00e8mes d\u2019information. Elle est titulaire d&rsquo;un baccalaur\u00e9at en commerce de l&rsquo;Universit\u00e9 de Toronto.<\/p>\t\t\t\t\t\t\t\t<\/div>\n\t\t\t\t<\/div>\n\t\t\t\t\t<\/div>\n\t\t<\/div>\n\t\t\t\t\t<\/div>\n\t\t<\/section>\n\t\t\t\t\t<\/div>\n\t\t<\/div>\n\t\t\t\t\t<\/div>\n\t\t<\/section>\n\t\t\t\t<\/div>\n\t\t","protected":false},"excerpt":{"rendered":"<p>Membre du conseil d&rsquo;administration \/ Vice-pr\u00e9sident principal, Gestion des risques d&rsquo;entreprise et op\u00e9rationnels, Sun Life Samiha Sachedina est vice-pr\u00e9sidente principale, Gestion des risques d&rsquo;entreprise et op\u00e9rationnels \u00e0 la Sun Life. Samiha est une leader chevronn\u00e9e charg\u00e9e de travailler avec les fonctions commerciales et d&rsquo;entreprise pour piloter les initiatives de gestion des risques et superviser la [&hellip;]<\/p>\n","protected":false},"author":3,"featured_media":0,"parent":0,"menu_order":0,"comment_status":"closed","ping_status":"closed","template":"template\/template-full-width.php","meta":{"footnotes":""},"class_list":["post-12939","page","type-page","status-publish","hentry"],"_links":{"self":[{"href":"https:\/\/ascendleadership.web3.anasource.com\/fr\/wp-json\/wp\/v2\/pages\/12939","targetHints":{"allow":["GET"]}}],"collection":[{"href":"https:\/\/ascendleadership.web3.anasource.com\/fr\/wp-json\/wp\/v2\/pages"}],"about":[{"href":"https:\/\/ascendleadership.web3.anasource.com\/fr\/wp-json\/wp\/v2\/types\/page"}],"author":[{"embeddable":true,"href":"https:\/\/ascendleadership.web3.anasource.com\/fr\/wp-json\/wp\/v2\/users\/3"}],"replies":[{"embeddable":true,"href":"https:\/\/ascendleadership.web3.anasource.com\/fr\/wp-json\/wp\/v2\/comments?post=12939"}],"version-history":[{"count":18,"href":"https:\/\/ascendleadership.web3.anasource.com\/fr\/wp-json\/wp\/v2\/pages\/12939\/revisions"}],"predecessor-version":[{"id":13097,"href":"https:\/\/ascendleadership.web3.anasource.com\/fr\/wp-json\/wp\/v2\/pages\/12939\/revisions\/13097"}],"wp:attachment":[{"href":"https:\/\/ascendleadership.web3.anasource.com\/fr\/wp-json\/wp\/v2\/media?parent=12939"}],"curies":[{"name":"wp","href":"https:\/\/api.w.org\/{rel}","templated":true}]}}