{"id":12932,"date":"2024-05-21T02:13:22","date_gmt":"2024-05-21T02:13:22","guid":{"rendered":"https:\/\/ascendleadership.ca\/tiffane-mak\/"},"modified":"2024-07-14T08:53:31","modified_gmt":"2024-07-14T08:53:31","slug":"tiffane-mak","status":"publish","type":"page","link":"https:\/\/ascendleadership.web3.anasource.com\/fr\/people\/tiffane-mak\/","title":{"rendered":"Tiffane Mak"},"content":{"rendered":"\t\t<div data-elementor-type=\"wp-page\" data-elementor-id=\"12932\" class=\"elementor elementor-12932 elementor-12400\">\n\t\t\t\t\t\t<section class=\"elementor-section elementor-top-section elementor-element elementor-element-5ded21f elementor-section-boxed elementor-section-height-default elementor-section-height-default\" data-id=\"5ded21f\" data-element_type=\"section\">\n\t\t\t\t\t\t<div class=\"elementor-container elementor-column-gap-default\">\n\t\t\t\t\t<div class=\"elementor-column elementor-col-100 elementor-top-column elementor-element elementor-element-d524d8c\" data-id=\"d524d8c\" data-element_type=\"column\">\n\t\t\t<div class=\"elementor-widget-wrap elementor-element-populated\">\n\t\t\t\t\t\t<section class=\"elementor-section elementor-inner-section elementor-element elementor-element-e06a488 elementor-section-boxed elementor-section-height-default elementor-section-height-default\" data-id=\"e06a488\" data-element_type=\"section\">\n\t\t\t\t\t\t<div class=\"elementor-container elementor-column-gap-default\">\n\t\t\t\t\t<div class=\"elementor-column elementor-col-50 elementor-inner-column elementor-element elementor-element-35db4e6\" data-id=\"35db4e6\" data-element_type=\"column\">\n\t\t\t<div class=\"elementor-widget-wrap elementor-element-populated\">\n\t\t\t\t\t\t<div class=\"elementor-element elementor-element-070159a elementor-widget elementor-widget-image\" data-id=\"070159a\" data-element_type=\"widget\" data-widget_type=\"image.default\">\n\t\t\t\t<div class=\"elementor-widget-container\">\n\t\t\t\t\t\t\t\t\t\t\t\t\t\t\t<img fetchpriority=\"high\" decoding=\"async\" width=\"250\" height=\"250\" src=\"https:\/\/ascendleadership.web3.anasource.com\/wp-content\/uploads\/2024\/05\/Tiffane-Mak-250.jpg\" class=\"attachment-full size-full wp-image-12420\" alt=\"Tiffane Mak\" srcset=\"https:\/\/ascendleadership.web3.anasource.com\/wp-content\/uploads\/2024\/05\/Tiffane-Mak-250.jpg 250w, https:\/\/ascendleadership.web3.anasource.com\/wp-content\/uploads\/2024\/05\/Tiffane-Mak-250-150x150.jpg 150w\" sizes=\"(max-width: 250px) 100vw, 250px\" \/>\t\t\t\t\t\t\t\t\t\t\t\t\t\t\t<\/div>\n\t\t\t\t<\/div>\n\t\t\t\t\t<\/div>\n\t\t<\/div>\n\t\t\t\t<div class=\"elementor-column elementor-col-50 elementor-inner-column elementor-element elementor-element-6ff160b\" data-id=\"6ff160b\" data-element_type=\"column\">\n\t\t\t<div class=\"elementor-widget-wrap elementor-element-populated\">\n\t\t\t\t\t\t<div class=\"elementor-element elementor-element-8233e5d elementor-widget elementor-widget-heading\" data-id=\"8233e5d\" data-element_type=\"widget\" data-widget_type=\"heading.default\">\n\t\t\t\t<div class=\"elementor-widget-container\">\n\t\t\t\t\t<h5 class=\"elementor-heading-title elementor-size-default\">Vice-pr\u00e9sident, Mentorat<\/h5>\t\t\t\t<\/div>\n\t\t\t\t<\/div>\n\t\t\t\t<div class=\"elementor-element elementor-element-f9f0e22 elementor-widget elementor-widget-text-editor\" data-id=\"f9f0e22\" data-element_type=\"widget\" data-widget_type=\"text-editor.default\">\n\t\t\t\t<div class=\"elementor-widget-container\">\n\t\t\t\t\t\t\t\t\t<div><div><div><div><div><p>Tiffane Mak est directrice au sein du groupe March\u00e9s des capitaux et services-conseils en comptabilit\u00e9 de Pwc \u00e0 Vancouver. Tiffane poss\u00e8de plus de 8 ans d&rsquo;exp\u00e9rience professionnelle acquise en pratique publique \u00e0 Vancouver et \u00e0 Toronto. Son exp\u00e9rience comprend des services-conseils externes en mati\u00e8re de certification et de comptabilit\u00e9 aupr\u00e8s de clients publics et priv\u00e9s dans divers secteurs au Canada et aux \u00c9tats-Unis. Actuellement, Tiffane fournit des conseils comptables \u00e0 des clients dans le cadre d&rsquo;acquisitions et de cessions, de modifications comptables (comptabilit\u00e9 complexe, mise en \u0153uvre de nouvelles normes, conversions aux PCGR). ) et les transactions en capital (telles que les introductions en bourse), \u00e9value \u00e9galement les contr\u00f4les internes en mati\u00e8re d&rsquo;information financi\u00e8re. Tiffane est comptable professionnelle agr\u00e9\u00e9e et titulaire d&rsquo;un baccalaur\u00e9at en commerce (avec distinction) de l&rsquo;Universit\u00e9 de la Colombie-Britannique. Tiffane est passionn\u00e9e par la diversit\u00e9 et l\u2019inclusion sur le lieu de travail et croit en la valeur du mentorat et du parrainage dans la carri\u00e8re.<\/p><p>Connectez-vous sur LinkedIn: <a href=\"https:\/\/www.linkedin.com\/in\/tiffanemak\/\" target=\"_blank\" rel=\"noopener\">https:\/\/www.linkedin.com\/in\/tiffanemak\/<\/a><\/p><\/div><\/div><\/div><\/div><\/div>\t\t\t\t\t\t\t\t<\/div>\n\t\t\t\t<\/div>\n\t\t\t\t\t<\/div>\n\t\t<\/div>\n\t\t\t\t\t<\/div>\n\t\t<\/section>\n\t\t\t\t\t<\/div>\n\t\t<\/div>\n\t\t\t\t\t<\/div>\n\t\t<\/section>\n\t\t\t\t<\/div>\n\t\t","protected":false},"excerpt":{"rendered":"<p>Vice-pr\u00e9sident, Mentorat Tiffane Mak est directrice au sein du groupe March\u00e9s des capitaux et services-conseils en comptabilit\u00e9 de Pwc \u00e0 Vancouver. Tiffane poss\u00e8de plus de 8 ans d&rsquo;exp\u00e9rience professionnelle acquise en pratique publique \u00e0 Vancouver et \u00e0 Toronto. Son exp\u00e9rience comprend des services-conseils externes en mati\u00e8re de certification et de comptabilit\u00e9 aupr\u00e8s de clients publics [&hellip;]<\/p>\n","protected":false},"author":3,"featured_media":0,"parent":9967,"menu_order":0,"comment_status":"closed","ping_status":"closed","template":"template\/template-full-width.php","meta":{"footnotes":""},"class_list":["post-12932","page","type-page","status-publish","hentry"],"_links":{"self":[{"href":"https:\/\/ascendleadership.web3.anasource.com\/fr\/wp-json\/wp\/v2\/pages\/12932","targetHints":{"allow":["GET"]}}],"collection":[{"href":"https:\/\/ascendleadership.web3.anasource.com\/fr\/wp-json\/wp\/v2\/pages"}],"about":[{"href":"https:\/\/ascendleadership.web3.anasource.com\/fr\/wp-json\/wp\/v2\/types\/page"}],"author":[{"embeddable":true,"href":"https:\/\/ascendleadership.web3.anasource.com\/fr\/wp-json\/wp\/v2\/users\/3"}],"replies":[{"embeddable":true,"href":"https:\/\/ascendleadership.web3.anasource.com\/fr\/wp-json\/wp\/v2\/comments?post=12932"}],"version-history":[{"count":12,"href":"https:\/\/ascendleadership.web3.anasource.com\/fr\/wp-json\/wp\/v2\/pages\/12932\/revisions"}],"predecessor-version":[{"id":13032,"href":"https:\/\/ascendleadership.web3.anasource.com\/fr\/wp-json\/wp\/v2\/pages\/12932\/revisions\/13032"}],"up":[{"embeddable":true,"href":"https:\/\/ascendleadership.web3.anasource.com\/fr\/wp-json\/wp\/v2\/pages\/9967"}],"wp:attachment":[{"href":"https:\/\/ascendleadership.web3.anasource.com\/fr\/wp-json\/wp\/v2\/media?parent=12932"}],"curies":[{"name":"wp","href":"https:\/\/api.w.org\/{rel}","templated":true}]}}