{"id":10517,"date":"2023-06-05T06:37:38","date_gmt":"2023-06-05T06:37:38","guid":{"rendered":"https:\/\/ascendleadership.ca\/michael-ku\/"},"modified":"2024-07-15T02:13:48","modified_gmt":"2024-07-15T02:13:48","slug":"michael-ku","status":"publish","type":"page","link":"https:\/\/ascendleadership.web3.anasource.com\/fr\/people\/michael-ku\/","title":{"rendered":"Michael Ku"},"content":{"rendered":"\t\t<div data-elementor-type=\"wp-page\" data-elementor-id=\"10517\" class=\"elementor elementor-10517 elementor-10496\">\n\t\t\t\t\t\t<section class=\"elementor-section elementor-top-section elementor-element elementor-element-28cccc7 elementor-section-boxed elementor-section-height-default elementor-section-height-default\" data-id=\"28cccc7\" data-element_type=\"section\">\n\t\t\t\t\t\t<div class=\"elementor-container elementor-column-gap-default\">\n\t\t\t\t\t<div class=\"elementor-column elementor-col-100 elementor-top-column elementor-element elementor-element-49db847\" data-id=\"49db847\" data-element_type=\"column\">\n\t\t\t<div class=\"elementor-widget-wrap elementor-element-populated\">\n\t\t\t\t\t\t<section class=\"elementor-section elementor-inner-section elementor-element elementor-element-1133eae elementor-section-boxed elementor-section-height-default elementor-section-height-default\" data-id=\"1133eae\" data-element_type=\"section\">\n\t\t\t\t\t\t<div class=\"elementor-container elementor-column-gap-default\">\n\t\t\t\t\t<div class=\"elementor-column elementor-col-50 elementor-inner-column elementor-element elementor-element-f057df5\" data-id=\"f057df5\" data-element_type=\"column\">\n\t\t\t<div class=\"elementor-widget-wrap elementor-element-populated\">\n\t\t\t\t\t\t<div class=\"elementor-element elementor-element-885a7ed elementor-widget elementor-widget-image\" data-id=\"885a7ed\" data-element_type=\"widget\" data-widget_type=\"image.default\">\n\t\t\t\t<div class=\"elementor-widget-container\">\n\t\t\t\t\t\t\t\t\t\t\t\t\t\t\t<img fetchpriority=\"high\" decoding=\"async\" width=\"250\" height=\"250\" src=\"https:\/\/ascendleadership.web3.anasource.com\/wp-content\/uploads\/2023\/06\/michael_ku.jpg\" class=\"attachment-full size-full wp-image-10492\" alt=\"\" srcset=\"https:\/\/ascendleadership.web3.anasource.com\/wp-content\/uploads\/2023\/06\/michael_ku.jpg 250w, https:\/\/ascendleadership.web3.anasource.com\/wp-content\/uploads\/2023\/06\/michael_ku-150x150.jpg 150w, https:\/\/ascendleadership.web3.anasource.com\/wp-content\/uploads\/2023\/06\/michael_ku-100x100.jpg 100w\" sizes=\"(max-width: 250px) 100vw, 250px\" \/>\t\t\t\t\t\t\t\t\t\t\t\t\t\t\t<\/div>\n\t\t\t\t<\/div>\n\t\t\t\t\t<\/div>\n\t\t<\/div>\n\t\t\t\t<div class=\"elementor-column elementor-col-50 elementor-inner-column elementor-element elementor-element-9457ddd\" data-id=\"9457ddd\" data-element_type=\"column\">\n\t\t\t<div class=\"elementor-widget-wrap elementor-element-populated\">\n\t\t\t\t\t\t<div class=\"elementor-element elementor-element-bd78e74 elementor-widget elementor-widget-heading\" data-id=\"bd78e74\" data-element_type=\"widget\" data-widget_type=\"heading.default\">\n\t\t\t\t<div class=\"elementor-widget-container\">\n\t\t\t\t\t<h5 class=\"elementor-heading-title elementor-size-default\">PharmD, MBA Responsable de l'Approvisionnement Clinique Mondial<\/h5>\t\t\t\t<\/div>\n\t\t\t\t<\/div>\n\t\t\t\t<div class=\"elementor-element elementor-element-14eaf07 elementor-widget elementor-widget-text-editor\" data-id=\"14eaf07\" data-element_type=\"widget\" data-widget_type=\"text-editor.default\">\n\t\t\t\t<div class=\"elementor-widget-container\">\n\t\t\t\t\t\t\t\t\t<p>Le Dr Michael Ku est vice-pr\u00e9sident de l\u2019approvisionnement clinique mondial (GCS) au sein de l\u2019organisation des sciences m\u00e9dicales de la division mondiale de recherche, de d\u00e9veloppement et m\u00e9dicale de Pfizer. Michael poss\u00e8de plus de 25 ans d\u2019exp\u00e9rience dans le secteur biopharmaceutique et assure actuellement la direction strat\u00e9gique des fonctions de la cha\u00eene d\u2019approvisionnement clinique \u00e0 l\u2019appui des essais cliniques de Pfizer dans plus de 70 pays. Sa curiosit\u00e9 intellectuelle et son int\u00e9r\u00eat pour la technologie et l&rsquo;innovation nourrissent sa passion pour diriger la cha\u00eene d&rsquo;approvisionnement clinique mondiale afin d&rsquo;apporter des perc\u00e9es aux patients, en particulier avec le vaccin Comirnaty\u00ae et les programmes antiviraux Paxlovid\u00ae.<\/p><p>Avant de rejoindre Pfizer, Michael \u00e9tait responsable mondial et vice-pr\u00e9sident des services de recherche en pharmacie clinique (CPRS) chez Genzyme Corporation (actuellement Sanofi). Il a \u00e9galement occup\u00e9 plusieurs postes \u00e0 responsabilit\u00e9 croissante chez Astra Pharmaceuticals (actuellement AstraZeneca) et Novopharm Limited (actuellement Teva Canada Limited) dans les domaines de la recherche clinique, de la pharmacovigilance, des affaires r\u00e9glementaires et de la qualit\u00e9.<br \/>Assurance.<\/p><p>Inspir\u00e9 par sa contribution \u00e0 lib\u00e9rer le potentiel des pharmaciens du monde entier chez Pfizer, Michael est \u00e9galement sponsor ex\u00e9cutif de la Pfizer Pharmacy Association (PPA) et a fond\u00e9 le programme de bourses biopharmaceutiques Pfizer\/MCPHS en tant que directeur de programme et professeur adjoint de pratique pharmaceutique \u00e0 l&rsquo;Universit\u00e9 MCPHS. .<\/p><p>Ayant une profonde appr\u00e9ciation pour le d\u00e9veloppement des talents et motiv\u00e9 \u00e0 aider ses coll\u00e8gues de Pfizer \u00e0 s&rsquo;\u00e9panouir, Michael partage ses comp\u00e9tences en leadership en mettant l&rsquo;accent sur la diversit\u00e9, l&rsquo;\u00e9quit\u00e9 et l&rsquo;inclusion en tant que leader ex\u00e9cutif du Global Asian Alliance Enterprise Colleague Resource Group (GAA ECRG).<\/p><p>En 2018, il a re\u00e7u le prestigieux prix Outstanding 50 Asian Americans in Business. Michael a \u00e9galement \u00e9t\u00e9 honor\u00e9 en tant que r\u00e9cipiendaire du prix Ascend A-List 2022, qui c\u00e9l\u00e8bre les dirigeants et dirigeants d&rsquo;entreprises asiatiques r\u00e9silients et courageux pour leurs r\u00e9alisations professionnelles et leur engagement envers leurs communaut\u00e9s.<\/p><p>La formation de Michael comprend un doctorat en pharmacie et un baccalaur\u00e9at en pharmacie de l&rsquo;Universit\u00e9 MCPHS ainsi qu&rsquo;une ma\u00eetrise en administration des affaires du Anna Maria College. Il est \u00e9galement titulaire d&rsquo;un baccalaur\u00e9at \u00e8s sciences en toxicologie de l&rsquo;Universit\u00e9 de Toronto et est dipl\u00f4m\u00e9 de le programme de gestion g\u00e9n\u00e9rale de la Harvard Business School.<\/p>\t\t\t\t\t\t\t\t<\/div>\n\t\t\t\t<\/div>\n\t\t\t\t\t<\/div>\n\t\t<\/div>\n\t\t\t\t\t<\/div>\n\t\t<\/section>\n\t\t\t\t\t<\/div>\n\t\t<\/div>\n\t\t\t\t\t<\/div>\n\t\t<\/section>\n\t\t\t\t<\/div>\n\t\t","protected":false},"excerpt":{"rendered":"<p>PharmD, MBA Responsable de l&rsquo;Approvisionnement Clinique Mondial Le Dr Michael Ku est vice-pr\u00e9sident de l\u2019approvisionnement clinique mondial (GCS) au sein de l\u2019organisation des sciences m\u00e9dicales de la division mondiale de recherche, de d\u00e9veloppement et m\u00e9dicale de Pfizer. Michael poss\u00e8de plus de 25 ans d\u2019exp\u00e9rience dans le secteur biopharmaceutique et assure actuellement la direction strat\u00e9gique des [&hellip;]<\/p>\n","protected":false},"author":1,"featured_media":0,"parent":9967,"menu_order":0,"comment_status":"closed","ping_status":"closed","template":"template\/template-full-width.php","meta":{"footnotes":""},"class_list":["post-10517","page","type-page","status-publish","hentry"],"_links":{"self":[{"href":"https:\/\/ascendleadership.web3.anasource.com\/fr\/wp-json\/wp\/v2\/pages\/10517","targetHints":{"allow":["GET"]}}],"collection":[{"href":"https:\/\/ascendleadership.web3.anasource.com\/fr\/wp-json\/wp\/v2\/pages"}],"about":[{"href":"https:\/\/ascendleadership.web3.anasource.com\/fr\/wp-json\/wp\/v2\/types\/page"}],"author":[{"embeddable":true,"href":"https:\/\/ascendleadership.web3.anasource.com\/fr\/wp-json\/wp\/v2\/users\/1"}],"replies":[{"embeddable":true,"href":"https:\/\/ascendleadership.web3.anasource.com\/fr\/wp-json\/wp\/v2\/comments?post=10517"}],"version-history":[{"count":6,"href":"https:\/\/ascendleadership.web3.anasource.com\/fr\/wp-json\/wp\/v2\/pages\/10517\/revisions"}],"predecessor-version":[{"id":13063,"href":"https:\/\/ascendleadership.web3.anasource.com\/fr\/wp-json\/wp\/v2\/pages\/10517\/revisions\/13063"}],"up":[{"embeddable":true,"href":"https:\/\/ascendleadership.web3.anasource.com\/fr\/wp-json\/wp\/v2\/pages\/9967"}],"wp:attachment":[{"href":"https:\/\/ascendleadership.web3.anasource.com\/fr\/wp-json\/wp\/v2\/media?parent=10517"}],"curies":[{"name":"wp","href":"https:\/\/api.w.org\/{rel}","templated":true}]}}